{"id":496,"date":"2018-02-07T11:33:02","date_gmt":"2018-02-07T10:33:02","guid":{"rendered":"http:\/\/semmelweis.hu\/szolgaltatas\/?page_id=496"},"modified":"2025-08-29T13:54:30","modified_gmt":"2025-08-29T11:54:30","slug":"udulok","status":"publish","type":"page","link":"https:\/\/semmelweis.hu\/szolgaltatas\/udulok\/","title":{"rendered":"\u00dcd\u00fcl\u0151k"},"content":{"rendered":"<div class=\"keretes w-100\">\n<h6>A Semmelweis Egyetem munkat\u00e1rsai h\u00e1rom balatoni \u00e9s egy Dunakanyarban \u00e1ll\u00f3 \u00fcd\u00fcl\u0151ben pihenhetnek a ny\u00e1ri id\u0151szakban. Az int\u00e9zm\u00e9ny vezet\u00e9s\u00e9nek c\u00e9lja, hogy az egyetemi polg\u00e1rok lehet\u0151 legsz\u00e9lesebb k\u00f6re tudja ig\u00e9nybe venni az Als\u00f3\u00f6rs\u00f6n, Balatonf\u00f6ldv\u00e1ron, Balatonvil\u00e1goson \u00e9s Hor\u00e1nyban \u00e1ll\u00f3 \u00fcd\u00fcl\u0151ket.<\/h6>\n<h6><strong>Az <\/strong><span style=\"font-weight: bolder; font-size: 1rem;\">\u00fcd\u00fcl\u0151kben a <\/span><strong>2025. \u00e9vi szezon m\u00e1jus 31-t\u0151l (szombat) szeptember 13-ig tart.<\/strong><\/h6>\n<h6><strong>A foglal\u00e1si id\u0151szak kezdete:\u00a0 2025. m\u00e1jus 19-\u00e9n 10.00<span style=\"font-size: 14pt; color: #ff0000;\"><em>*<\/em><\/span><\/strong><\/h6>\n<h6>Az \u00e1rak az el\u0151z\u0151 \u00e9vhez k\u00e9pest nem v\u00e1ltoztak.<\/h6>\n<h6><strong>Inform\u00e1ci\u00f3:<\/strong> <br \/>\nh\u00e9tf\u0151t\u0151l p\u00e9ntekig 8.00-14.00<br \/>\n<a href=\"tel:+36 20 825 8462\">+36 20 825 8462<\/a><br \/>\nudulok@semmelweis.hu<\/h6>\n<\/div>\n<h6><span style=\"font-size: 12pt;\"><em><strong><span style=\"color: #ff0000;\">*<\/span><\/strong>Az es\u00e9lyegyenl\u0151s\u00e9g \u00e9rdek\u00e9ben az idei \u00e9vben el\u0151sz\u00f6r a foglal\u00e1s els\u0151 het\u00e9ben a heti turnust biztos\u00edt\u00f3 als\u00f3\u00f6rsi \u00e9s f\u00f6ldv\u00e1ri \u00fcd\u00fcl\u0151nket csak azok az egyetemi polg\u00e1rok foglalhatj\u00e1k, akik az ezt megel\u0151z\u0151 h\u00e1rom \u00e9vben nem sz\u00e1lltak meg a fent megnevezett nyaral\u00f3kban.<\/em><\/span><\/h6>\n<p style=\"text-align: center;\"><a class=\"btn btn-secondary\" href=\"https:\/\/udulofoglalas.semmelweis.hu\/\" target=\"_blank\" rel=\"noopener\">Online \u00fcd\u00fcl\u0151foglal\u00e1s<\/a><\/p>\n<p>Az alkalmaz\u00e1sba t\u00f6rt\u00e9n\u0151 bel\u00e9p\u00e9skor a \u201e<strong><em>Foglal\u00e1s menete \u00e9s \u00c1SZF<\/em><\/strong>\u201d leg\u00f6rd\u00fcl\u0151 men\u00fcben t\u00e1j\u00e9koz\u00f3dhatnak a felt\u00e9telekr\u0151l \u00e9s a rendszer haszn\u00e1lat\u00e1r\u00f3l.<\/p>\n<p>Felh\u00edvjuk figyelm\u00fcket, hogy a foglal\u00e1sok v\u00e9gleges\u00edt\u00e9se <strong><em>az ig\u00e9nyek be\u00e9rkez\u00e9se \u00e9s befizet\u00e9se sorrendj\u00e9ben, automatikusan <\/em><\/strong>t\u00f6rt\u00e9nik. K\u00e9rj\u00fck, hogy utal\u00e1s v\u00e1laszt\u00e1sa eset\u00e9n 2 napt\u00e1ri napon bel\u00fcl a <strong><em>befizet\u00e9st igazol\u00f3 dokumentumot<\/em><\/strong> a foglal\u00e1si fel\u00fcletre felt\u00f6lteni sz\u00edveskedjenek. A foglal\u00e1s \u00e9rv\u00e9ny\u00e9t veszti, amennyiben ez nem t\u00f6rt\u00e9nik meg!<\/p>\n<div class=\"fontos_div\">\n<p><strong>Figyelem!<\/strong> Az \u00fcd\u00fcl\u0151foglal\u00e1si fel\u00fcletr\u0151l k\u00f6zvetlen el\u00e9rhet\u0151 <strong>online bankk\u00e1rty\u00e1s \u00e9s SZ\u00c9P k\u00e1rty\u00e1s fizet\u00e9s<\/strong>, ezzel a R\u00f6kk Szil\u00e1rd utc\u00e1ban t\u00f6rt\u00e9n\u0151 <strong>szem\u00e9lyes befizet\u00e9si opci\u00f3 megsz\u0171nt<\/strong>.<\/p>\n<\/div>\n<style>\n           #page-grid .card-body > .line-clamp-box.excerpt{\n        width: inherit;\n        max-width: inherit;\n        display:flex;\n        min-height: 2.4em;\n        flex-direction: column;\n        justify-content: space-around;\n        background-color: #D6E4EA;\n        min-height: 3.4rem;\n        font-family: \"Montserrat\", sans-serif;\n    }\n\n    #page-grid a:hover .card-body > .line-clamp-box.excerpt {\n        background-color: #fff;\n        color: #313B40;\n    }\n\n    #page-grid .card-body .line-clamp-box.excerpt section{\n        max-width: inherit;\n        display: -webkit-box;\n        -webkit-line-clamp: 2;\n        -webkit-box-orient: vertical;\n        overflow: hidden;\n        text-overflow: ellipsis;\n        hyphens: auto;\n        margin: auto;\n        \n    }\n    .line-clamp-box.excerpt section, .line-clamp-box.excerpt section p{\n        font-size:0.8em;\n    }\n    \n<\/style>\n    <section id=\"page-grid\">\n        <section class=\"d-block d-md-flex title-row my-3 ml-0 ml-md-1\">\n<div class=\"section-title  mb-1 \">\n<h2>\n    \u00dcd\u00fcl\u0151ink\n<\/h2>\n<\/div>\n<\/section>\n        <div class=\"row row-cols-1 row-cols-md-2 row-cols-lg-4 no-gutters mx-0 \">    <div class =\"col  mb-2 card-wrapper\">\n        <a class=\"d-flex flex-fill card-link-warapper m-md-1\" href=\"https:\/\/semmelweis.hu\/szolgaltatas\/udulok\/alsoors\/\">\n            <div class=\"card border border-secondary se-border flex-fill\">\n                <div class=\"row no-gutters mx-0 d-flex flex-nowrap flex-md-wrap align-items-center\">\n                    <div class =\"  col-5 col-md-12   card-image justify-content-center\">\n                        <img loading=\"lazy\" decoding=\"async\" width=\"753\" height=\"492\" src=\"https:\/\/semmelweis.hu\/szolgaltatas\/files\/2025\/08\/alsoors-kiemelt-cropp.jpg\" class=\"landscape wp-post-image\" alt=\"\" srcset=\"https:\/\/semmelweis.hu\/szolgaltatas\/files\/2025\/08\/alsoors-kiemelt-cropp.jpg 977w, https:\/\/semmelweis.hu\/szolgaltatas\/files\/2025\/08\/alsoors-kiemelt-cropp-400x262.jpg 400w, https:\/\/semmelweis.hu\/szolgaltatas\/files\/2025\/08\/alsoors-kiemelt-cropp-768x502.jpg 768w, https:\/\/semmelweis.hu\/szolgaltatas\/files\/2025\/08\/alsoors-kiemelt-cropp-753x492.jpg 753w\" sizes=\"auto, (max-width: 753px) 100vw, 753px\" \/>\n                    <\/div>\n                    <div class=\"card-body  col flex-column  col-md-12 p-0\">\n                        <div class=\"line-clamp-box p-3\">\n                            <h5 class=\"ml-0 ml-sm-1 mt-2 align-items-center\"  >Als\u00f3\u00f6rsi \u00dcd\u00fcl\u0151<\/h5>\n                        <\/div>\n                            <div class= \"line-clamp-box excerpt m-0 p-2 pl-3\">\n        <section>\n            A h\u00e1romszintes \u00e9p\u00fcletben 15 vend\u00e9g sz\u00e1ll\u00e1solhat\u00f3 el.\n        <\/section>\n    <\/div>\n                    <\/div>\n                <\/div>\n\n            <\/div>\n        <\/a>\n    <\/div>    <div class =\"col  mb-2 card-wrapper\">\n        <a class=\"d-flex flex-fill card-link-warapper m-md-1\" href=\"https:\/\/semmelweis.hu\/szolgaltatas\/udulok\/foldvar\/\">\n            <div class=\"card border border-secondary se-border flex-fill\">\n                <div class=\"row no-gutters mx-0 d-flex flex-nowrap flex-md-wrap align-items-center\">\n                    <div class =\"  col-5 col-md-12   card-image justify-content-center\">\n                        <img loading=\"lazy\" decoding=\"async\" width=\"753\" height=\"552\" src=\"https:\/\/semmelweis.hu\/szolgaltatas\/files\/2025\/08\/foldvar-kiemelt-1024x750.jpg\" class=\"landscape wp-post-image\" alt=\"\" srcset=\"https:\/\/semmelweis.hu\/szolgaltatas\/files\/2025\/08\/foldvar-kiemelt-1024x750.jpg 1024w, https:\/\/semmelweis.hu\/szolgaltatas\/files\/2025\/08\/foldvar-kiemelt-400x293.jpg 400w, https:\/\/semmelweis.hu\/szolgaltatas\/files\/2025\/08\/foldvar-kiemelt-768x563.jpg 768w, https:\/\/semmelweis.hu\/szolgaltatas\/files\/2025\/08\/foldvar-kiemelt-753x552.jpg 753w, https:\/\/semmelweis.hu\/szolgaltatas\/files\/2025\/08\/foldvar-kiemelt.jpg 1200w\" sizes=\"auto, (max-width: 753px) 100vw, 753px\" \/>\n                    <\/div>\n                    <div class=\"card-body  col flex-column  col-md-12 p-0\">\n                        <div class=\"line-clamp-box p-3\">\n                            <h5 class=\"ml-0 ml-sm-1 mt-2 align-items-center\"  >Balatonf\u00f6ldv\u00e1ri \u00dcd\u00fcl\u0151<\/h5>\n                        <\/div>\n                            <div class= \"line-clamp-box excerpt m-0 p-2 pl-3\">\n        <section>\n            A k\u0151\u00e9p\u00fcletben 4+2 f\u0151 elsz\u00e1ll\u00e1sol\u00e1s\u00e1ra van lehet\u0151s\u00e9g.\n        <\/section>\n    <\/div>\n                    <\/div>\n                <\/div>\n\n            <\/div>\n        <\/a>\n    <\/div>    <div class =\"col  mb-2 card-wrapper\">\n        <a class=\"d-flex flex-fill card-link-warapper m-md-1\" href=\"https:\/\/semmelweis.hu\/szolgaltatas\/udulok\/balatonvilagos\/\">\n            <div class=\"card border border-secondary se-border flex-fill\">\n                <div class=\"row no-gutters mx-0 d-flex flex-nowrap flex-md-wrap align-items-center\">\n                    <div class =\"  col-5 col-md-12   card-image justify-content-center\">\n                        <img loading=\"lazy\" decoding=\"async\" width=\"753\" height=\"523\" src=\"https:\/\/semmelweis.hu\/szolgaltatas\/files\/2025\/08\/vilagos_1116-1024x711.jpg\" class=\"landscape wp-post-image\" alt=\"\" srcset=\"https:\/\/semmelweis.hu\/szolgaltatas\/files\/2025\/08\/vilagos_1116-1024x711.jpg 1024w, https:\/\/semmelweis.hu\/szolgaltatas\/files\/2025\/08\/vilagos_1116-400x278.jpg 400w, https:\/\/semmelweis.hu\/szolgaltatas\/files\/2025\/08\/vilagos_1116-768x534.jpg 768w, https:\/\/semmelweis.hu\/szolgaltatas\/files\/2025\/08\/vilagos_1116-753x523.jpg 753w, https:\/\/semmelweis.hu\/szolgaltatas\/files\/2025\/08\/vilagos_1116.jpg 1500w\" sizes=\"auto, (max-width: 753px) 100vw, 753px\" \/>\n                    <\/div>\n                    <div class=\"card-body  col flex-column  col-md-12 p-0\">\n                        <div class=\"line-clamp-box p-3\">\n                            <h5 class=\"ml-0 ml-sm-1 mt-2 align-items-center\"  >Balatonvil\u00e1gosi Kemping<\/h5>\n                        <\/div>\n                            <div class= \"line-clamp-box excerpt m-0 p-2 pl-3\">\n        <section>\n            A kempingben 6 \u00e9s 4 szem\u00e9lyes s\u00e1trakban max. 30 f\u0151 f\u00e9r el.\n        <\/section>\n    <\/div>\n                    <\/div>\n                <\/div>\n\n            <\/div>\n        <\/a>\n    <\/div>    <div class =\"col  mb-2 card-wrapper\">\n        <a class=\"d-flex flex-fill card-link-warapper m-md-1\" href=\"https:\/\/semmelweis.hu\/szolgaltatas\/udulok\/horany\/\">\n            <div class=\"card border border-secondary se-border flex-fill\">\n                <div class=\"row no-gutters mx-0 d-flex flex-nowrap flex-md-wrap align-items-center\">\n                    <div class =\"  col-5 col-md-12   card-image justify-content-center\">\n                        <img loading=\"lazy\" decoding=\"async\" width=\"753\" height=\"489\" src=\"https:\/\/semmelweis.hu\/szolgaltatas\/files\/2025\/08\/Horany-026-cropp.jpg\" class=\"landscape wp-post-image\" alt=\"\" srcset=\"https:\/\/semmelweis.hu\/szolgaltatas\/files\/2025\/08\/Horany-026-cropp.jpg 950w, https:\/\/semmelweis.hu\/szolgaltatas\/files\/2025\/08\/Horany-026-cropp-400x260.jpg 400w, https:\/\/semmelweis.hu\/szolgaltatas\/files\/2025\/08\/Horany-026-cropp-768x499.jpg 768w, https:\/\/semmelweis.hu\/szolgaltatas\/files\/2025\/08\/Horany-026-cropp-753x489.jpg 753w\" sizes=\"auto, (max-width: 753px) 100vw, 753px\" \/>\n                    <\/div>\n                    <div class=\"card-body  col flex-column  col-md-12 p-0\">\n                        <div class=\"line-clamp-box p-3\">\n                            <h5 class=\"ml-0 ml-sm-1 mt-2 align-items-center\"  >Hor\u00e1nyi \u00dcd\u00fcl\u0151<\/h5>\n                        <\/div>\n                            <div class= \"line-clamp-box excerpt m-0 p-2 pl-3\">\n        <section>\n            A k\u0151h\u00e1z \u00e9s a fah\u00e1z \u00f6sszesen 30 vend\u00e9gnek ny\u00fajt sz\u00e1ll\u00e1st.\n        <\/section>\n    <\/div>\n                    <\/div>\n                <\/div>\n\n            <\/div>\n        <\/a>\n    <\/div>        <\/div>\n    <\/section>\n<p>&nbsp;<\/p>\n<div class=\"container\">\n<div class=\"section-row row my-2 pr-1 mt-3\">\n<div class=\"col-md-auto px-md-4 section-title\">\n<h2 style=\"text-align: left;\">Csapat\u00e9p\u00edt\u0151 helysz\u00edn<\/h2>\n<\/div>\n<\/div>\n<\/div>\n<div class=\"keretes w-100\" style=\"background-color: #ffffff !important; border: 1px solid lightgray !important;\">\n<p><a href=\"https:\/\/semmelweis.hu\/szolgaltatas\/udulok\/csapatepitok\/\"><img loading=\"lazy\" decoding=\"async\" class=\"alignleft  wp-image-1664\" src=\"https:\/\/semmelweis.hu\/szolgaltatas\/files\/2025\/08\/csapat-epito-illustration-400x256.jpg\" alt=\"\" width=\"338\" height=\"216\" srcset=\"https:\/\/semmelweis.hu\/szolgaltatas\/files\/2025\/08\/csapat-epito-illustration-400x256.jpg 400w, https:\/\/semmelweis.hu\/szolgaltatas\/files\/2025\/08\/csapat-epito-illustration-768x491.jpg 768w, https:\/\/semmelweis.hu\/szolgaltatas\/files\/2025\/08\/csapat-epito-illustration-753x481.jpg 753w, https:\/\/semmelweis.hu\/szolgaltatas\/files\/2025\/08\/csapat-epito-illustration.jpg 950w\" sizes=\"auto, (max-width: 338px) 100vw, 338px\" \/><\/a><span style=\"font-size: 16pt;\">A Szolg\u00e1ltat\u00e1si Igazgat\u00f3s\u00e1g lehet\u0151s\u00e9get biztos\u00edt csapat\u00e9p\u00edt\u0151 programok szervez\u00e9s\u00e9re a hor\u00e1nyi \u00fcd\u00fcl\u0151ben \u00e9s a balatonvil\u00e1gosi kempingben. Mind a k\u00e9t \u00fcd\u00fcl\u0151 befogad\u00f3k\u00e9pess\u00e9ge maximum 30 f\u0151. Az \u00fcd\u00fcl\u0151k napid\u00edja \u00e1tutal\u00e1ssal egyenl\u00edthet\u0151 ki, a foglal\u00e1s e-mailen kereszt\u00fcl t\u00f6rt\u00e9nik.<\/span><\/p>\n<p><a class=\"btn btn-secondary\" href=\"https:\/\/semmelweis.hu\/szolgaltatas\/udulok\/csapatepitok\/\">R\u00e9szletek<\/a><\/p>\n<\/div>\n","protected":false},"excerpt":{"rendered":"<p>A Semmelweis Egyetem munkat\u00e1rsai h\u00e1rom balatoni \u00e9s egy Dunakanyarban \u00e1ll\u00f3 \u00fcd\u00fcl\u0151ben pihenhetnek a ny\u00e1ri id\u0151szakban. Az int\u00e9zm\u00e9ny vezet\u00e9s\u00e9nek c\u00e9lja, hogy az egyetemi polg\u00e1rok lehet\u0151 legsz\u00e9lesebb k\u00f6re tudja ig\u00e9nybe venni az Als\u00f3\u00f6rs\u00f6n, Balatonf\u00f6ldv\u00e1ron, Balatonvil\u00e1goson \u00e9s Hor\u00e1nyban \u00e1ll\u00f3 \u00fcd\u00fcl\u0151ket. Az \u00fcd\u00fcl\u0151kben a 2025. \u00e9vi szezon m\u00e1jus 31-t\u0151l (szombat) szeptember 13-ig tart. A foglal\u00e1si id\u0151szak kezdete:\u00a0 2025. m\u00e1jus &hellip;<\/p>\n","protected":false},"author":286,"featured_media":0,"parent":0,"menu_order":0,"comment_status":"closed","ping_status":"closed","template":"template-fullwidth.php","meta":{"_acf_changed":false,"footnotes":""},"categories":[],"tags":[],"class_list":["post-496","page","type-page","status-publish","hentry"],"acf":[],"_links":{"self":[{"href":"https:\/\/semmelweis.hu\/szolgaltatas\/wp-json\/wp\/v2\/pages\/496","targetHints":{"allow":["GET"]}}],"collection":[{"href":"https:\/\/semmelweis.hu\/szolgaltatas\/wp-json\/wp\/v2\/pages"}],"about":[{"href":"https:\/\/semmelweis.hu\/szolgaltatas\/wp-json\/wp\/v2\/types\/page"}],"author":[{"embeddable":true,"href":"https:\/\/semmelweis.hu\/szolgaltatas\/wp-json\/wp\/v2\/users\/286"}],"replies":[{"embeddable":true,"href":"https:\/\/semmelweis.hu\/szolgaltatas\/wp-json\/wp\/v2\/comments?post=496"}],"version-history":[{"count":12,"href":"https:\/\/semmelweis.hu\/szolgaltatas\/wp-json\/wp\/v2\/pages\/496\/revisions"}],"predecessor-version":[{"id":1666,"href":"https:\/\/semmelweis.hu\/szolgaltatas\/wp-json\/wp\/v2\/pages\/496\/revisions\/1666"}],"wp:attachment":[{"href":"https:\/\/semmelweis.hu\/szolgaltatas\/wp-json\/wp\/v2\/media?parent=496"}],"wp:term":[{"taxonomy":"category","embeddable":true,"href":"https:\/\/semmelweis.hu\/szolgaltatas\/wp-json\/wp\/v2\/categories?post=496"},{"taxonomy":"post_tag","embeddable":true,"href":"https:\/\/semmelweis.hu\/szolgaltatas\/wp-json\/wp\/v2\/tags?post=496"}],"curies":[{"name":"wp","href":"https:\/\/api.w.org\/{rel}","templated":true}]}}