{"id":1842,"date":"2026-04-07T10:51:59","date_gmt":"2026-04-07T08:51:59","guid":{"rendered":"https:\/\/semmelweis.hu\/szolgaltatas\/?page_id=1842"},"modified":"2026-04-07T10:51:59","modified_gmt":"2026-04-07T08:51:59","slug":"szolgaltatasminoseg-menedzsment","status":"publish","type":"page","link":"https:\/\/semmelweis.hu\/szolgaltatas\/szolgaltatasminoseg-menedzsment\/","title":{"rendered":"Szolg\u00e1ltat\u00e1smin\u0151s\u00e9g-menedzsment Oszt\u00e1ly"},"content":{"rendered":"<p style=\"font-weight: 400\">A Szolg\u00e1ltat\u00e1smin\u0151s\u00e9g-menedzsment Oszt\u00e1ly feladata a Semmelweis Egyetem \u00e1ltal biztos\u00edtott szolg\u00e1ltat\u00e1sok sz\u00ednvonal\u00e1nak folyamatos nyomon k\u00f6vet\u00e9se \u00e9s fejleszt\u00e9se. Tev\u00e9kenys\u00e9ge kiterjed a takar\u00edt\u00e1si \u00e9s \u00e9lelmez\u00e9si szolg\u00e1ltat\u00e1sok helysz\u00edni min\u0151s\u00e9gellen\u0151rz\u00e9s\u00e9re, a munkat\u00e1rsak visszajelz\u00e9seire \u00e9p\u00fcl\u0151 rendszeres el\u00e9gedetts\u00e9gm\u00e9r\u00e9sek lebonyol\u00edt\u00e1s\u00e1ra \u00e9s elemz\u00e9s\u00e9re, valamint a betegek \u00e9s l\u00e1togat\u00f3k QR-k\u00f3dos vev\u0151el\u00e9gedetts\u00e9gi visszajelz\u00e9seinek feldolgoz\u00e1s\u00e1ra. Az eredm\u00e9nyek alapj\u00e1n az oszt\u00e1ly szakmai javaslatokat fogalmaz meg, monitoring egyeztet\u00e9seket kezdem\u00e9nyez, \u00e9s jelent\u00e9sekkel t\u00e1mogatja az egyetemi vezet\u0151i d\u00f6nt\u00e9shozatalt. Feladatai k\u00f6z\u00e9 tartozik tov\u00e1bb\u00e1 az SZI \u00e1ltal biztos\u00edtott takar\u00edt\u00e1si tev\u00e9kenys\u00e9gek min\u0151s\u00e9gi m\u0171k\u00f6d\u00e9s\u00e9nek t\u00e1mogat\u00e1sa is.<\/p>\n","protected":false},"excerpt":{"rendered":"<p>A Szolg\u00e1ltat\u00e1smin\u0151s\u00e9g-menedzsment Oszt\u00e1ly feladata a Semmelweis Egyetem \u00e1ltal biztos\u00edtott szolg\u00e1ltat\u00e1sok sz\u00ednvonal\u00e1nak folyamatos nyomon k\u00f6vet\u00e9se \u00e9s fejleszt\u00e9se. Tev\u00e9kenys\u00e9ge kiterjed a takar\u00edt\u00e1si \u00e9s \u00e9lelmez\u00e9si szolg\u00e1ltat\u00e1sok helysz\u00edni min\u0151s\u00e9gellen\u0151rz\u00e9s\u00e9re, a munkat\u00e1rsak visszajelz\u00e9seire \u00e9p\u00fcl\u0151 rendszeres el\u00e9gedetts\u00e9gm\u00e9r\u00e9sek lebonyol\u00edt\u00e1s\u00e1ra \u00e9s elemz\u00e9s\u00e9re, valamint a betegek \u00e9s l\u00e1togat\u00f3k QR-k\u00f3dos vev\u0151el\u00e9gedetts\u00e9gi visszajelz\u00e9seinek feldolgoz\u00e1s\u00e1ra. Az eredm\u00e9nyek alapj\u00e1n az oszt\u00e1ly szakmai javaslatokat fogalmaz meg, monitoring egyeztet\u00e9seket kezdem\u00e9nyez, &hellip;<\/p>\n","protected":false},"author":102216,"featured_media":0,"parent":0,"menu_order":0,"comment_status":"closed","ping_status":"closed","template":"","meta":{"_acf_changed":false,"footnotes":""},"categories":[],"tags":[],"class_list":["post-1842","page","type-page","status-publish","hentry"],"acf":[],"_links":{"self":[{"href":"https:\/\/semmelweis.hu\/szolgaltatas\/wp-json\/wp\/v2\/pages\/1842","targetHints":{"allow":["GET"]}}],"collection":[{"href":"https:\/\/semmelweis.hu\/szolgaltatas\/wp-json\/wp\/v2\/pages"}],"about":[{"href":"https:\/\/semmelweis.hu\/szolgaltatas\/wp-json\/wp\/v2\/types\/page"}],"author":[{"embeddable":true,"href":"https:\/\/semmelweis.hu\/szolgaltatas\/wp-json\/wp\/v2\/users\/102216"}],"replies":[{"embeddable":true,"href":"https:\/\/semmelweis.hu\/szolgaltatas\/wp-json\/wp\/v2\/comments?post=1842"}],"version-history":[{"count":3,"href":"https:\/\/semmelweis.hu\/szolgaltatas\/wp-json\/wp\/v2\/pages\/1842\/revisions"}],"predecessor-version":[{"id":1845,"href":"https:\/\/semmelweis.hu\/szolgaltatas\/wp-json\/wp\/v2\/pages\/1842\/revisions\/1845"}],"wp:attachment":[{"href":"https:\/\/semmelweis.hu\/szolgaltatas\/wp-json\/wp\/v2\/media?parent=1842"}],"wp:term":[{"taxonomy":"category","embeddable":true,"href":"https:\/\/semmelweis.hu\/szolgaltatas\/wp-json\/wp\/v2\/categories?post=1842"},{"taxonomy":"post_tag","embeddable":true,"href":"https:\/\/semmelweis.hu\/szolgaltatas\/wp-json\/wp\/v2\/tags?post=1842"}],"curies":[{"name":"wp","href":"https:\/\/api.w.org\/{rel}","templated":true}]}}