{"id":1630,"date":"2025-06-12T15:59:01","date_gmt":"2025-06-12T13:59:01","guid":{"rendered":"https:\/\/semmelweis.hu\/szolgaltatas\/events\/"},"modified":"2026-04-07T12:14:54","modified_gmt":"2026-04-07T10:14:54","slug":"biztositas","status":"publish","type":"page","link":"https:\/\/semmelweis.hu\/szolgaltatas\/szervezeti-egysegek\/biztositas\/","title":{"rendered":"Biztos\u00edt\u00e1s"},"content":{"rendered":"<p>&nbsp;<\/p>\n<div class=\"keretes w-100\">\n<p><span style=\"font-family: Montserrat\">A Semmelweis Egyetemmel kapcsolatos biztos\u00edt\u00e1si k\u00e9rd\u00e9seikkel forduljanak hozz\u00e1nk bizalommal:<\/span><\/p>\n<p style=\"text-align: center\"><a href=\"mailto:biztositas@semmelweis.hu\">biztositas@semmelweis.hu<\/a><\/p>\n<p style=\"font-weight: 400\"><span style=\"font-family: Montserrat\"><strong>Helyei Minka (szolg\u00e1ltat\u00e1si szak\u00e9rt\u0151)<\/strong><\/span> <br \/>\n<a href=\"mailto:helyei.minka@semmelweis.hu\">helyei.minka@semmelweis.hu<\/a> <br \/>\n<a href=\"tel:+36308782102\">+36308782102<\/a><\/p>\n<p style=\"font-weight: 400\"><span style=\"font-family: Montserrat\"><strong>Pete Orsolya (szolg\u00e1ltat\u00e1si szak\u00e9rt\u0151)<\/strong><\/span> <br \/>\n<a href=\"mailto:pete.orsolya@semmelweis.hu\"><span data-markjs=\"true\">pete<\/span>.orsolya@semmelweis.hu<\/a> <br \/>\n<a href=\"tel:+36308774645\">+36308774645\u00a0<\/a><\/p>\n<\/div>\n","protected":false},"excerpt":{"rendered":"<p>&nbsp;<\/p>\n<p>A Semmelweis Egyetemmel kapcsolatos biztos\u00edt\u00e1si k\u00e9rd\u00e9seikkel forduljanak hozz\u00e1nk bizalommal:<br \/>\n<a href=\"mailto:biztositas@semmelweis.hu\">biztositas@semmelweis.hu<\/a><br \/>\nHelyei Minka (szolg\u00e1ltat\u00e1si szak\u00e9rt\u0151)<br \/>\n<a href=\"mailto:helyei.minka@semmelweis.hu\">helyei.minka@semmelweis.hu<\/a><br \/>\n<a href=\"tel:+36308782102\">+36308782102<\/a><br \/>\nPete Orsolya (szolg\u00e1ltat\u00e1si szak\u00e9rt\u0151)<br \/>\n<a href=\"mailto:pete.orsolya@semmelweis.hu\">pete.orsolya@semmelweis.hu<\/a><br \/>\n<a href=\"tel:+36308774645\">+36308774645\u00a0<\/a><\/p>\n","protected":false},"author":101934,"featured_media":0,"parent":7,"menu_order":0,"comment_status":"closed","ping_status":"closed","template":"","meta":{"_acf_changed":false,"footnotes":""},"categories":[],"tags":[],"class_list":["post-1630","page","type-page","status-publish","hentry"],"acf":[],"_links":{"self":[{"href":"https:\/\/semmelweis.hu\/szolgaltatas\/wp-json\/wp\/v2\/pages\/1630","targetHints":{"allow":["GET"]}}],"collection":[{"href":"https:\/\/semmelweis.hu\/szolgaltatas\/wp-json\/wp\/v2\/pages"}],"about":[{"href":"https:\/\/semmelweis.hu\/szolgaltatas\/wp-json\/wp\/v2\/types\/page"}],"author":[{"embeddable":true,"href":"https:\/\/semmelweis.hu\/szolgaltatas\/wp-json\/wp\/v2\/users\/101934"}],"replies":[{"embeddable":true,"href":"https:\/\/semmelweis.hu\/szolgaltatas\/wp-json\/wp\/v2\/comments?post=1630"}],"version-history":[{"count":6,"href":"https:\/\/semmelweis.hu\/szolgaltatas\/wp-json\/wp\/v2\/pages\/1630\/revisions"}],"predecessor-version":[{"id":1847,"href":"https:\/\/semmelweis.hu\/szolgaltatas\/wp-json\/wp\/v2\/pages\/1630\/revisions\/1847"}],"up":[{"embeddable":true,"href":"https:\/\/semmelweis.hu\/szolgaltatas\/wp-json\/wp\/v2\/pages\/7"}],"wp:attachment":[{"href":"https:\/\/semmelweis.hu\/szolgaltatas\/wp-json\/wp\/v2\/media?parent=1630"}],"wp:term":[{"taxonomy":"category","embeddable":true,"href":"https:\/\/semmelweis.hu\/szolgaltatas\/wp-json\/wp\/v2\/categories?post=1630"},{"taxonomy":"post_tag","embeddable":true,"href":"https:\/\/semmelweis.hu\/szolgaltatas\/wp-json\/wp\/v2\/tags?post=1630"}],"curies":[{"name":"wp","href":"https:\/\/api.w.org\/{rel}","templated":true}]}}