{"id":1560,"date":"2025-05-13T13:17:52","date_gmt":"2025-05-13T11:17:52","guid":{"rendered":"https:\/\/semmelweis.hu\/szolgaltatas\/?page_id=1560"},"modified":"2025-08-29T13:19:19","modified_gmt":"2025-08-29T11:19:19","slug":"csapatepitok","status":"publish","type":"page","link":"https:\/\/semmelweis.hu\/szolgaltatas\/udulok\/csapatepitok\/","title":{"rendered":"Csapat\u00e9p\u00edt\u0151k"},"content":{"rendered":"<div class=\"keretes w-100\">\n<h6>A Szolg\u00e1ltat\u00e1si Igazgat\u00f3s\u00e1g lehet\u0151s\u00e9get biztos\u00edt csapat\u00e9p\u00edt\u0151 programok (max. 30 f\u0151 erej\u00e9ig) szervez\u00e9s\u00e9re az al\u00e1bbi \u00fcd\u00fcl\u0151kben:<\/h6>\n<ul>\n<li>\n<h6><strong><a href=\"https:\/\/semmelweis.hu\/szolgaltatas\/udulok\/horany\/\" target=\"_blank\" rel=\"noopener\">Hor\u00e1nyi \u00fcd\u00fcl\u0151<\/a>\u00a0<\/strong><br \/>\naz \u00fcd\u00fcl\u0151 weblapj\u00e1n felt\u00fcntetett \u00e1rak (f\u0151\/nap) \u00e9rv\u00e9nyesek<\/h6>\n<\/li>\n<li>\n<h6><strong><a href=\"https:\/\/semmelweis.hu\/szolgaltatas\/udulok\/balatonvilagos\/\" target=\"_blank\" rel=\"noopener\">Balatonvil\u00e1gosi kemping<\/a>\u00a0<\/strong><br \/>\na teljes kemping foglal\u00e1s\u00e1val lehets\u00e9ges csapat\u00e9p\u00edt\u0151 megtart\u00e1sa: 29.000 Ft\/nap<\/h6>\n<\/li>\n<\/ul>\n<\/div>\n<p><strong>A foglal\u00e1si rendszert ezen foglal\u00e1sokra nem lehet haszn\u00e1lni, ig\u00e9nyeiket kiz\u00e1r\u00f3lag az al\u00e1bbi e-mail c\u00edmen fogadjuk: <\/strong><strong>udulok@semmelweis.hu<\/strong><\/p>\n<h5>Az ig\u00e9nyl\u00e9sben k\u00e9rj\u00fck felt\u00fcntetni:<\/h5>\n<ul>\n<li>a szervezeti egys\u00e9g vezet\u0151j\u00e9t<\/li>\n<li>a r\u00e9sztvev\u0151k l\u00e9tsz\u00e1m\u00e1t (max. 30 f\u0151)<\/li>\n<li>a r\u00e9sztvev\u0151k n\u00e9vsor\u00e1t<\/li>\n<li>a csapat\u00e9p\u00edt\u0151 program forr\u00e1s\u00e1nak PST k\u00f3dj\u00e1t<\/li>\n<li>az \u00e1tk\u00f6nyvel\u00e9si partner\u00fcgyint\u00e9z\u0151 nev\u00e9t<\/li>\n<li>a p\u00e9nz\u00fcgyi ellenjegyz\u0151 nev\u00e9t<\/li>\n<li>a k\u00f6telezetts\u00e9gv\u00e1llal\u00f3 nev\u00e9t<\/li>\n<\/ul>\n<p>K\u00e9rj\u00fck, hogy a t\u00e9ved\u00e9sek \u00e9s duplik\u00e1ci\u00f3k elker\u00fcl\u00e9se \u00e9rdek\u00e9ben egy csapat\u00e9p\u00edt\u0151 program szervez\u00e9s\u00e9t csak egy munkav\u00e1llal\u00f3 v\u00e9gezze.<\/p>\n","protected":false},"excerpt":{"rendered":"<p>Hor\u00e1nyban \u00e9s Balatonvil\u00e1goson &#8211; maximum 30 f\u0151 erej\u00e9ig. \u00c1tk\u00f6nyvel\u00e9ssel. <\/p>\n","protected":false},"author":101466,"featured_media":1664,"parent":496,"menu_order":9,"comment_status":"closed","ping_status":"closed","template":"","meta":{"_acf_changed":false,"footnotes":""},"categories":[],"tags":[],"class_list":["post-1560","page","type-page","status-publish","has-post-thumbnail","hentry"],"acf":[],"_links":{"self":[{"href":"https:\/\/semmelweis.hu\/szolgaltatas\/wp-json\/wp\/v2\/pages\/1560","targetHints":{"allow":["GET"]}}],"collection":[{"href":"https:\/\/semmelweis.hu\/szolgaltatas\/wp-json\/wp\/v2\/pages"}],"about":[{"href":"https:\/\/semmelweis.hu\/szolgaltatas\/wp-json\/wp\/v2\/types\/page"}],"author":[{"embeddable":true,"href":"https:\/\/semmelweis.hu\/szolgaltatas\/wp-json\/wp\/v2\/users\/101466"}],"replies":[{"embeddable":true,"href":"https:\/\/semmelweis.hu\/szolgaltatas\/wp-json\/wp\/v2\/comments?post=1560"}],"version-history":[{"count":10,"href":"https:\/\/semmelweis.hu\/szolgaltatas\/wp-json\/wp\/v2\/pages\/1560\/revisions"}],"predecessor-version":[{"id":1665,"href":"https:\/\/semmelweis.hu\/szolgaltatas\/wp-json\/wp\/v2\/pages\/1560\/revisions\/1665"}],"up":[{"embeddable":true,"href":"https:\/\/semmelweis.hu\/szolgaltatas\/wp-json\/wp\/v2\/pages\/496"}],"wp:featuredmedia":[{"embeddable":true,"href":"https:\/\/semmelweis.hu\/szolgaltatas\/wp-json\/wp\/v2\/media\/1664"}],"wp:attachment":[{"href":"https:\/\/semmelweis.hu\/szolgaltatas\/wp-json\/wp\/v2\/media?parent=1560"}],"wp:term":[{"taxonomy":"category","embeddable":true,"href":"https:\/\/semmelweis.hu\/szolgaltatas\/wp-json\/wp\/v2\/categories?post=1560"},{"taxonomy":"post_tag","embeddable":true,"href":"https:\/\/semmelweis.hu\/szolgaltatas\/wp-json\/wp\/v2\/tags?post=1560"}],"curies":[{"name":"wp","href":"https:\/\/api.w.org\/{rel}","templated":true}]}}