{"id":137,"date":"2015-04-30T10:17:32","date_gmt":"2015-04-30T10:17:32","guid":{"rendered":"http:\/\/semmelweis.hu\/szolgaltatas\/?page_id=137"},"modified":"2024-11-06T08:15:56","modified_gmt":"2024-11-06T07:15:56","slug":"textilellatasi-osztaly","status":"publish","type":"page","link":"https:\/\/semmelweis.hu\/szolgaltatas\/szervezeti-egysegek\/textilellatasi-osztaly\/","title":{"rendered":"Textilell\u00e1t\u00e1si Oszt\u00e1ly (Mosoda)"},"content":{"rendered":"<p><i class=\"fa fa-bed\" aria-hidden=\"true\"><\/i> A Textil Ell\u00e1t\u00e1si Oszt\u00e1ly feladata:<\/p>\n<ul>\n<li>az eg\u00e9szs\u00e9g\u00fcgyi int\u00e9zm\u00e9nyek tiszta text\u00edli\u00e1val t\u00f6rt\u00e9n\u0151 folyamatos ell\u00e1t\u00e1sa<\/li>\n<li>text\u00edlia jav\u00edt\u00e1s<\/li>\n<li>text\u00edlia beszerz\u00e9s, rakt\u00e1roz\u00e1s, csere \u00e9s selejtez\u00e9s<\/li>\n<\/ul>\n<p>Az \u00fczem higi\u00e9n\u00e9s biztons\u00e1g\u00e1t a Laborat\u00f3rium Kft. F\u0151v\u00e1rosi \u00e9s Pest Megyei Mikrobiol\u00f3giai Laborat\u00f3riuma f\u00e9l\u00e9vente ellen\u0151rzi.<\/p>\n<h2 style=\"text-align: center\"><a href=\"https:\/\/semmelweis.hu\/szolgaltatas\/files\/2021\/12\/Tajekoztato-szekrenyes-mosas.docx\" target=\"_blank\" rel=\"noopener\">T\u00e1j\u00e9koztat\u00f3<\/a><\/h2>\n<h2 style=\"text-align: center\"><a href=\"https:\/\/semmelweis.hu\/szolgaltatas\/files\/2021\/12\/Textilia-arak-es-cikkszamok.xls\" target=\"_blank\" rel=\"noopener\">Text\u00edlia \u00e1rak \u00e9s cikksz\u00e1mok<\/a><\/h2>\n<h2 style=\"text-align: center\"><a href=\"https:\/\/semmelweis.hu\/szolgaltatas\/files\/2021\/12\/Mosatasi-arak-textilia-fajtankent_3.xlsx\" target=\"_blank\" rel=\"noopener\">Mosat\u00e1si \u00e1rak text\u00edlia fajt\u00e1nk\u00e9nt<\/a><\/h2>\n<p>Szolg\u00e1ltat\u00e1sunkat az int\u00e9zm\u00e9nyek bels\u0151 elsz\u00e1mol\u00f3 \u00e1ron veszik ig\u00e9nybe, a t\u00e9nylegesen kiterhelt k\u00f6lts\u00e9gek lek\u00e9rdez\u00e9s\u00e9re az SAP Y_SEP_28000001 bels\u0151 elsz\u00e1mol\u00e1sok modulja haszn\u00e1lhat\u00f3.<\/p>\n<p><em>\u00a0<\/em><\/p>\n<p style=\"text-align: left\">\u00a0<\/p>\n","protected":false},"excerpt":{"rendered":"<p>A Textil Ell\u00e1t\u00e1si Oszt\u00e1ly feladata: az eg\u00e9szs\u00e9g\u00fcgyi int\u00e9zm\u00e9nyek tiszta text\u00edli\u00e1val t\u00f6rt\u00e9n\u0151 folyamatos ell\u00e1t\u00e1sa text\u00edlia jav\u00edt\u00e1s text\u00edlia beszerz\u00e9s, rakt\u00e1roz\u00e1s, csere \u00e9s selejtez\u00e9s Az \u00fczem higi\u00e9n\u00e9s biztons\u00e1g\u00e1t a Laborat\u00f3rium Kft. F\u0151v\u00e1rosi \u00e9s Pest Megyei Mikrobiol\u00f3giai Laborat\u00f3riuma f\u00e9l\u00e9vente ellen\u0151rzi. <a href=\"https:\/\/semmelweis.hu\/szolgaltatas\/files\/2021\/12\/Tajekoztato-szekrenyes-mosas.docx\" target=\"_blank\" rel=\"noopener\">T\u00e1j\u00e9koztat\u00f3<\/a> <a href=\"https:\/\/semmelweis.hu\/szolgaltatas\/files\/2021\/12\/Textilia-arak-es-cikkszamok.xls\" target=\"_blank\" rel=\"noopener\">Text\u00edlia \u00e1rak \u00e9s cikksz\u00e1mok<\/a> <a href=\"https:\/\/semmelweis.hu\/szolgaltatas\/files\/2021\/12\/Mosatasi-arak-textilia-fajtankent_3.xlsx\" target=\"_blank\" rel=\"noopener\">Mosat\u00e1si \u00e1rak text\u00edlia fajt\u00e1nk\u00e9nt<\/a> Szolg\u00e1ltat\u00e1sunkat az int\u00e9zm\u00e9nyek bels\u0151 elsz\u00e1mol\u00f3 \u00e1ron veszik ig\u00e9nybe, a t\u00e9nylegesen kiterhelt k\u00f6lts\u00e9gek lek\u00e9rdez\u00e9s\u00e9re az SAP Y_SEP_28000001 bels\u0151 elsz\u00e1mol\u00e1sok modulja &hellip;<\/p>\n","protected":false},"author":286,"featured_media":0,"parent":7,"menu_order":0,"comment_status":"closed","ping_status":"closed","template":"","meta":{"_acf_changed":false,"footnotes":""},"categories":[],"tags":[],"class_list":["post-137","page","type-page","status-publish","hentry"],"acf":[],"_links":{"self":[{"href":"https:\/\/semmelweis.hu\/szolgaltatas\/wp-json\/wp\/v2\/pages\/137","targetHints":{"allow":["GET"]}}],"collection":[{"href":"https:\/\/semmelweis.hu\/szolgaltatas\/wp-json\/wp\/v2\/pages"}],"about":[{"href":"https:\/\/semmelweis.hu\/szolgaltatas\/wp-json\/wp\/v2\/types\/page"}],"author":[{"embeddable":true,"href":"https:\/\/semmelweis.hu\/szolgaltatas\/wp-json\/wp\/v2\/users\/286"}],"replies":[{"embeddable":true,"href":"https:\/\/semmelweis.hu\/szolgaltatas\/wp-json\/wp\/v2\/comments?post=137"}],"version-history":[{"count":10,"href":"https:\/\/semmelweis.hu\/szolgaltatas\/wp-json\/wp\/v2\/pages\/137\/revisions"}],"predecessor-version":[{"id":1433,"href":"https:\/\/semmelweis.hu\/szolgaltatas\/wp-json\/wp\/v2\/pages\/137\/revisions\/1433"}],"up":[{"embeddable":true,"href":"https:\/\/semmelweis.hu\/szolgaltatas\/wp-json\/wp\/v2\/pages\/7"}],"wp:attachment":[{"href":"https:\/\/semmelweis.hu\/szolgaltatas\/wp-json\/wp\/v2\/media?parent=137"}],"wp:term":[{"taxonomy":"category","embeddable":true,"href":"https:\/\/semmelweis.hu\/szolgaltatas\/wp-json\/wp\/v2\/categories?post=137"},{"taxonomy":"post_tag","embeddable":true,"href":"https:\/\/semmelweis.hu\/szolgaltatas\/wp-json\/wp\/v2\/tags?post=137"}],"curies":[{"name":"wp","href":"https:\/\/api.w.org\/{rel}","templated":true}]}}