{"id":127,"date":"2015-04-30T10:07:54","date_gmt":"2015-04-30T08:07:54","guid":{"rendered":"http:\/\/semmelweis.hu\/szolgaltatas\/?page_id=127"},"modified":"2026-02-03T08:51:56","modified_gmt":"2026-02-03T07:51:56","slug":"magunkrol","status":"publish","type":"page","link":"https:\/\/semmelweis.hu\/szolgaltatas\/magunkrol\/","title":{"rendered":"A Szolg\u00e1ltat\u00e1si Igazgat\u00f3s\u00e1g bemutat\u00e1sa"},"content":{"rendered":"<p>A Szolg\u00e1ltat\u00e1si Igazgat\u00f3s\u00e1g c\u00e9lja, hogy min\u0151s\u00e9gi t\u00e1mogat\u00f3 szolg\u00e1ltat\u00e1sokat biztos\u00edtson a Semmelweis Egyetem szervezeti egys\u00e9geinek, mellyel hozz\u00e1j\u00e1rul az egyetemi \u00e9s a klinikai munkat\u00e1rsak, azaz a bels\u0151 \u00fcgyfeleinek az el\u00e9gedetts\u00e9g\u00e9hez, ez\u00e1ltal a betegek gy\u00f3gyul\u00e1s\u00e1hoz.<\/p>\n<p>Saj\u00e1t-, \u00e9s k\u00fcls\u0151 er\u0151forr\u00e1sok szervez\u00e9s\u00e9vel a k\u00f6vetkez\u0151 szolg\u00e1ltat\u00e1sokat m\u0171k\u00f6dteti:<\/p>\n<ul>\n<li>beteg- \u00e9s alkalmazotti \u00e9tkeztet\u00e9s, orvosi g\u00e1zok beszerz\u00e9se<\/li>\n<li>teljesk\u00f6r\u0171 mosodai szolg\u00e1ltat\u00e1s, textil\u00fczem<\/li>\n<li>takar\u00edt\u00e1si szolg\u00e1ltat\u00e1sok<\/li>\n<li>egyetemi \u00fcd\u00fcl\u0151k \u00fczemeltet\u00e9se, parkok fenntart\u00e1sa<\/li>\n<\/ul>\n<p>&nbsp;<\/p>\n","protected":false},"excerpt":{"rendered":"<p>A Szolg\u00e1ltat\u00e1si Igazgat\u00f3s\u00e1g c\u00e9lja, hogy min\u0151s\u00e9gi t\u00e1mogat\u00f3 szolg\u00e1ltat\u00e1sokat biztos\u00edtson a Semmelweis Egyetem szervezeti egys\u00e9geinek, mellyel hozz\u00e1j\u00e1rul az egyetemi \u00e9s a klinikai munkat\u00e1rsak, azaz a bels\u0151 \u00fcgyfeleinek az el\u00e9gedetts\u00e9g\u00e9hez, ez\u00e1ltal a betegek gy\u00f3gyul\u00e1s\u00e1hoz. Saj\u00e1t-, \u00e9s k\u00fcls\u0151 er\u0151forr\u00e1sok szervez\u00e9s\u00e9vel a k\u00f6vetkez\u0151 szolg\u00e1ltat\u00e1sokat m\u0171k\u00f6dteti: beteg- \u00e9s alkalmazotti \u00e9tkeztet\u00e9s, orvosi g\u00e1zok beszerz\u00e9se teljesk\u00f6r\u0171 mosodai szolg\u00e1ltat\u00e1s, textil\u00fczem takar\u00edt\u00e1si szolg\u00e1ltat\u00e1sok egyetemi &hellip;<\/p>\n","protected":false},"author":286,"featured_media":0,"parent":0,"menu_order":0,"comment_status":"closed","ping_status":"closed","template":"","meta":{"_acf_changed":false,"footnotes":""},"categories":[],"tags":[],"class_list":["post-127","page","type-page","status-publish","hentry"],"acf":[],"_links":{"self":[{"href":"https:\/\/semmelweis.hu\/szolgaltatas\/wp-json\/wp\/v2\/pages\/127","targetHints":{"allow":["GET"]}}],"collection":[{"href":"https:\/\/semmelweis.hu\/szolgaltatas\/wp-json\/wp\/v2\/pages"}],"about":[{"href":"https:\/\/semmelweis.hu\/szolgaltatas\/wp-json\/wp\/v2\/types\/page"}],"author":[{"embeddable":true,"href":"https:\/\/semmelweis.hu\/szolgaltatas\/wp-json\/wp\/v2\/users\/286"}],"replies":[{"embeddable":true,"href":"https:\/\/semmelweis.hu\/szolgaltatas\/wp-json\/wp\/v2\/comments?post=127"}],"version-history":[{"count":10,"href":"https:\/\/semmelweis.hu\/szolgaltatas\/wp-json\/wp\/v2\/pages\/127\/revisions"}],"predecessor-version":[{"id":1824,"href":"https:\/\/semmelweis.hu\/szolgaltatas\/wp-json\/wp\/v2\/pages\/127\/revisions\/1824"}],"wp:attachment":[{"href":"https:\/\/semmelweis.hu\/szolgaltatas\/wp-json\/wp\/v2\/media?parent=127"}],"wp:term":[{"taxonomy":"category","embeddable":true,"href":"https:\/\/semmelweis.hu\/szolgaltatas\/wp-json\/wp\/v2\/categories?post=127"},{"taxonomy":"post_tag","embeddable":true,"href":"https:\/\/semmelweis.hu\/szolgaltatas\/wp-json\/wp\/v2\/tags?post=127"}],"curies":[{"name":"wp","href":"https:\/\/api.w.org\/{rel}","templated":true}]}}