{"id":89,"date":"2019-10-29T13:13:51","date_gmt":"2019-10-29T12:13:51","guid":{"rendered":"http:\/\/semmelweis.hu\/szimulacios-kozpont\/?page_id=89"},"modified":"2019-10-29T13:13:51","modified_gmt":"2019-10-29T12:13:51","slug":"megjelenesek","status":"publish","type":"page","link":"https:\/\/semmelweis.hu\/szimulacios-kozpont\/media\/megjelenesek\/","title":{"rendered":"Megjelen\u00e9sek"},"content":{"rendered":"<p><a href=\"https:\/\/youtu.be\/V_Gp-ueiuh8\" target=\"_blank\" rel=\"noopener noreferrer\">AITK Szimul\u00e1ci\u00f3s K\u00f6zpont: az M5 &#8222;Novum&#8221; c\u00edm\u0171 m\u0171sor\u00e1nak 2019.06.15-i ad\u00e1sa<\/a><br \/>\n<a href=\"https:\/\/youtu.be\/V_Gp-ueiuh8\" target=\"_blank\" rel=\"noopener noreferrer\"><img loading=\"lazy\" decoding=\"async\" class=\"alignnone wp-image-7015 size-medium\" src=\"https:\/\/semmelweis.hu\/aneszteziologia\/files\/2019\/08\/Szim-Kp-Novum1-300x169.jpg\" alt=\"\" width=\"300\" height=\"169\" \/><\/a><\/p>\n<p>&nbsp;<\/p>\n<p><a href=\"https:\/\/www.youtube.com\/watch?v=3ZyLhv9d8yU\" target=\"_blank\" rel=\"noopener noreferrer\">Irie Maffia: Wake Up! &#8211; Ments\u00fcnk egy\u00fctt \u00e9letet! (2017)<br \/>\n(a tantermi k\u00e9pz\u00e9s a Semmelweis Szimul\u00e1ci\u00f3s K\u00f6zpontunkban t\u00f6rt\u00e9nt)<\/a><br \/>\n<a href=\"https:\/\/www.youtube.com\/watch?v=3ZyLhv9d8yU\" target=\"_blank\" rel=\"noopener noreferrer\"><img loading=\"lazy\" decoding=\"async\" class=\"alignnone size-medium wp-image-7546\" src=\"https:\/\/semmelweis.hu\/aneszteziologia\/files\/2019\/10\/Irie_Maffia-300x157.jpg\" alt=\"\" width=\"300\" height=\"157\" \/><\/a><\/p>\n<p>&nbsp;<\/p>\n<p><a href=\"https:\/\/www.youtube.com\/watch?v=UetRt6BFUh4\" target=\"_blank\" rel=\"noopener noreferrer\"><strong>Szimul\u00e1ci\u00f3s K\u00f6zpont Megnyit\u00f3 \u2013 HVG \/VIDE\u00d3\/<\/strong>(2013)<\/a><\/p>\n<p>&nbsp;<\/p>\n<p><a href=\"https:\/\/semmelweis.hu\/hirek\/2013\/02\/01\/elethu-babukon-gyakorolhatnak-atadtak-a-semmelweis-egyetem-egyedulallo-szimulacios-kozpontjat-video\/\" target=\"_blank\" rel=\"noopener noreferrer\"><strong>\u00c9leth\u0171 b\u00e1bukon gyakorolhatnak: \u00c1tadt\u00e1k a Semmelweis Egyetem egyed\u00fcl\u00e1ll\u00f3 szimul\u00e1ci\u00f3s k\u00f6zpontj\u00e1t \/VIDE\u00d3\/ <\/strong>(2013)<\/a><\/p>\n<p>&nbsp;<\/p>\n<p><a href=\"https:\/\/hvg.hu\/itthon\/20170404_Eletmentest_is_tanitananak_a_hazai_kozepiskolakban\" target=\"_blank\" rel=\"noopener noreferrer\"><strong>\u00c9letment\u00e9st is tan\u00edtan\u00e1nak a hazai k\u00f6z\u00e9piskol\u00e1kban<\/strong>(2017)<\/a><\/p>\n<p>&nbsp;<\/p>\n<p><a href=\"https:\/\/www.vg.hu\/vallalatok\/tantervben-oktatnak-az-ujraelesztest-523608\/\" target=\"_blank\" rel=\"noopener noreferrer\"><strong>Tantervben oktatn\u00e1k az \u00fajra\u00e9leszt\u00e9st<\/strong>(2017)<\/a><\/p>\n<p><strong>\u00a0<\/strong><\/p>\n<p><a href=\"https:\/\/www.bellacafe.hu\/2017\/06\/23\/az-irie-maffia-ebresztot-fuj\/\" target=\"_blank\" rel=\"noopener noreferrer\"><strong>Az Irie Maffia \u00e9breszt\u0151t f\u00faj<\/strong>(2017)<\/a><\/p>\n<p><strong>\u00a0<\/strong><\/p>\n<p><a href=\"https:\/\/weborvos.hu\/hirek\/otszaz-fiatalt-tanitanak-meg-az-eletmentesre-244326\" target=\"_blank\" rel=\"noopener noreferrer\"><strong>\u00d6tsz\u00e1z fiatalt tan\u00edtanak meg az \u00e9letment\u00e9sre<\/strong>(2017)<\/a><\/p>\n<p><strong>\u00a0<\/strong><\/p>\n<p><a href=\"https:\/\/semmelweis.hu\/hirek\/2016\/03\/25\/modellprogrammal-tanitjak-az-ujraelesztest\/\" target=\"_blank\" rel=\"noopener noreferrer\"><strong>Modellprogrammal tan\u00edtj\u00e1k az \u00fajra\u00e9leszt\u00e9st <\/strong>(2016)<\/a><\/p>\n<p><strong>\u00a0<\/strong><\/p>\n<p><a href=\"https:\/\/tenyek.hu\/tenyek\/80597_tenyek_reggel_teljes_adas_2011.09.09._pentek.html\" target=\"_blank\" rel=\"noopener noreferrer\"><strong>Els\u0151k\u00e9nt Eur\u00f3p\u00e1ban a K\u00fatv\u00f6lgyi k\u00f3rh\u00e1z szimul\u00e1ci\u00f3s k\u00f6zpontj\u00e1t v\u00e1lasztotta ki a NATO <\/strong>(19. perct\u0151l)(2011)<\/a><\/p>\n","protected":false},"excerpt":{"rendered":"<p><a href=\"https:\/\/youtu.be\/V_Gp-ueiuh8\" target=\"_blank\" rel=\"noopener noreferrer\">AITK Szimul\u00e1ci\u00f3s K\u00f6zpont: az M5 &#8222;Novum&#8221; c\u00edm\u0171 m\u0171sor\u00e1nak 2019.06.15-i ad\u00e1sa<\/a><br \/>\n<a href=\"https:\/\/youtu.be\/V_Gp-ueiuh8\" target=\"_blank\" rel=\"noopener noreferrer\"><\/a><br \/>\n&nbsp;<br \/>\n<a href=\"https:\/\/www.youtube.com\/watch?v=3ZyLhv9d8yU\" target=\"_blank\" rel=\"noopener noreferrer\">Irie Maffia: Wake Up! &#8211; Ments\u00fcnk egy\u00fctt \u00e9letet! (2017)<br \/>\n(a tantermi k\u00e9pz\u00e9s a Semmelweis Szimul\u00e1ci\u00f3s K\u00f6zpontunkban t\u00f6rt\u00e9nt)<\/a><br \/>\n<a href=\"https:\/\/www.youtube.com\/watch?v=3ZyLhv9d8yU\" target=\"_blank\" rel=\"noopener noreferrer\"><\/a><br \/>\n&nbsp;<br \/>\n<a href=\"https:\/\/www.youtube.com\/watch?v=UetRt6BFUh4\" target=\"_blank\" rel=\"noopener noreferrer\">Szimul\u00e1ci\u00f3s K\u00f6zpont Megnyit\u00f3 \u2013 HVG \/VIDE\u00d3\/(2013)<\/a><br \/>\n&nbsp;<br \/>\n<a href=\"https:\/\/semmelweis.hu\/hirek\/2013\/02\/01\/elethu-babukon-gyakorolhatnak-atadtak-a-semmelweis-egyetem-egyedulallo-szimulacios-kozpontjat-video\/\" target=\"_blank\" rel=\"noopener noreferrer\">\u00c9leth\u0171 b\u00e1bukon gyakorolhatnak: \u00c1tadt\u00e1k a Semmelweis Egyetem egyed\u00fcl\u00e1ll\u00f3 szimul\u00e1ci\u00f3s k\u00f6zpontj\u00e1t \/VIDE\u00d3\/ (2013)<\/a><br \/>\n&nbsp;<br \/>\n<a href=\"https:\/\/hvg.hu\/itthon\/20170404_Eletmentest_is_tanitananak_a_hazai_kozepiskolakban\" target=\"_blank\" rel=\"noopener noreferrer\">\u00c9letment\u00e9st is tan\u00edtan\u00e1nak a hazai k\u00f6z\u00e9piskol\u00e1kban(2017)<\/a><br \/>\n&nbsp;<br \/>\n<a href=\"https:\/\/www.vg.hu\/vallalatok\/tantervben-oktatnak-az-ujraelesztest-523608\/\" target=\"_blank\" rel=\"noopener noreferrer\">Tantervben oktatn\u00e1k az \u00fajra\u00e9leszt\u00e9st(2017)<\/a><br \/>\n\u00a0<br \/>\n<a href=\"https:\/\/www.bellacafe.hu\/2017\/06\/23\/az-irie-maffia-ebresztot-fuj\/\" target=\"_blank\" rel=\"noopener noreferrer\">Az Irie Maffia \u00e9breszt\u0151t f\u00faj(2017)<\/a><br \/>\n\u00a0<br \/>\n<a href=\"https:\/\/weborvos.hu\/hirek\/otszaz-fiatalt-tanitanak-meg-az-eletmentesre-244326\" target=\"_blank\" rel=\"noopener noreferrer\">\u00d6tsz\u00e1z fiatalt tan\u00edtanak meg az \u00e9letment\u00e9sre(2017)<\/a><br \/>\n\u00a0<br \/>\n<a href=\"https:\/\/semmelweis.hu\/hirek\/2016\/03\/25\/modellprogrammal-tanitjak-az-ujraelesztest\/\" target=\"_blank\" rel=\"noopener noreferrer\">Modellprogrammal tan\u00edtj\u00e1k az \u00fajra\u00e9leszt\u00e9st (2016)<\/a><br \/>\n\u00a0<br \/>\n<a href=\"https:\/\/tenyek.hu\/tenyek\/80597_tenyek_reggel_teljes_adas_2011.09.09._pentek.html\" target=\"_blank\" rel=\"noopener noreferrer\">Els\u0151k\u00e9nt Eur\u00f3p\u00e1ban a K\u00fatv\u00f6lgyi k\u00f3rh\u00e1z szimul\u00e1ci\u00f3s k\u00f6zpontj\u00e1t v\u00e1lasztotta ki a NATO (19. perct\u0151l)(2011)<\/a><\/p>\n","protected":false},"author":101484,"featured_media":0,"parent":29,"menu_order":1,"comment_status":"closed","ping_status":"closed","template":"","meta":{"_acf_changed":false,"footnotes":""},"categories":[],"tags":[],"class_list":["post-89","page","type-page","status-publish","hentry"],"acf":[],"_links":{"self":[{"href":"https:\/\/semmelweis.hu\/szimulacios-kozpont\/wp-json\/wp\/v2\/pages\/89","targetHints":{"allow":["GET"]}}],"collection":[{"href":"https:\/\/semmelweis.hu\/szimulacios-kozpont\/wp-json\/wp\/v2\/pages"}],"about":[{"href":"https:\/\/semmelweis.hu\/szimulacios-kozpont\/wp-json\/wp\/v2\/types\/page"}],"author":[{"embeddable":true,"href":"https:\/\/semmelweis.hu\/szimulacios-kozpont\/wp-json\/wp\/v2\/users\/101484"}],"replies":[{"embeddable":true,"href":"https:\/\/semmelweis.hu\/szimulacios-kozpont\/wp-json\/wp\/v2\/comments?post=89"}],"version-history":[{"count":1,"href":"https:\/\/semmelweis.hu\/szimulacios-kozpont\/wp-json\/wp\/v2\/pages\/89\/revisions"}],"predecessor-version":[{"id":90,"href":"https:\/\/semmelweis.hu\/szimulacios-kozpont\/wp-json\/wp\/v2\/pages\/89\/revisions\/90"}],"up":[{"embeddable":true,"href":"https:\/\/semmelweis.hu\/szimulacios-kozpont\/wp-json\/wp\/v2\/pages\/29"}],"wp:attachment":[{"href":"https:\/\/semmelweis.hu\/szimulacios-kozpont\/wp-json\/wp\/v2\/media?parent=89"}],"wp:term":[{"taxonomy":"category","embeddable":true,"href":"https:\/\/semmelweis.hu\/szimulacios-kozpont\/wp-json\/wp\/v2\/categories?post=89"},{"taxonomy":"post_tag","embeddable":true,"href":"https:\/\/semmelweis.hu\/szimulacios-kozpont\/wp-json\/wp\/v2\/tags?post=89"}],"curies":[{"name":"wp","href":"https:\/\/api.w.org\/{rel}","templated":true}]}}