{"id":83,"date":"2019-10-29T13:04:12","date_gmt":"2019-10-29T12:04:12","guid":{"rendered":"http:\/\/semmelweis.hu\/szimulacios-kozpont\/?page_id=83"},"modified":"2019-10-29T13:04:12","modified_gmt":"2019-10-29T12:04:12","slug":"fenntarthato-kozepiskolai-ujraelesztes-program","status":"publish","type":"page","link":"https:\/\/semmelweis.hu\/szimulacios-kozpont\/szolgaltatasok\/fenntarthato-kozepiskolai-ujraelesztes-program\/","title":{"rendered":"Fenntarthat\u00f3 K\u00f6z\u00e9piskolai \u00dajra\u00e9leszt\u00e9s Program"},"content":{"rendered":"<p>Az Aneszteziol\u00f3giai \u00e9s Intenz\u00edv Ter\u00e1pi\u00e1s Klinika \u00e9s a Klinikai Szimul\u00e1ci\u00f3s Tansz\u00e9ki Csoport \u2013 a Fenntarthat\u00f3 K\u00f6z\u00e9piskolai \u00dajra\u00e9leszt\u00e9s Program keret\u00e9ben \u2013 az \u00e9rdekl\u0151d\u0151 \u00e9s a felt\u00e9teleknek megfelel\u0151 k\u00f6z\u00e9piskol\u00e1k sz\u00e1m\u00e1ra alapszint\u0171 \u00fajra\u00e9leszt\u00e9s k\u00e9pz\u00e9st, illetve di\u00e1kinstruktor-k\u00e9pz\u00e9st szervez.<\/p>\n<p>A hossz\u00fa t\u00e1v\u00fa fenntarthat\u00f3s\u00e1g jegy\u00e9ben, a programban t\u00f6rt\u00e9n\u0151 r\u00e9szv\u00e9tel egyik alapfelt\u00e9tele, hogy a k\u00e9pzett di\u00e1kinstruktorok a r\u00e9sztvev\u0151 k\u00f6z\u00e9piskol\u00e1k di\u00e1kjainak alapszint\u0171 \u00fajra\u00e9leszt\u00e9s k\u00e9pz\u00e9s\u00e9t, mint oktat\u00f3k seg\u00edts\u00e9k.<\/p>\n<p>A programban eddig r\u00e9sztvev\u0151 k\u00f6z\u00e9piskol\u00e1k:<\/p>\n<ul>\n<li>ELTE Ap\u00e1czai Csere J\u00e1nos Gyakorl\u00f3 Gimn\u00e1zium<\/li>\n<li>Budapesti Fazekas Mih\u00e1ly Gyakorl\u00f3 \u00c1ltal\u00e1nos Iskola \u00e9s Gimn\u00e1zium<\/li>\n<li>ELTE Trefort \u00c1goston Gyakorl\u00f3 Gimn\u00e1zium<\/li>\n<\/ul>\n<p>A k\u00e9pz\u00e9ssel, illetve a r\u00e9szv\u00e9teli felt\u00e9telekkel kapcsolatos k\u00e9rd\u00e9s eset\u00e9n, keressen minket bizalommal a <a href=\"mailto:szimulacioskozpont@semmelweis-univ.hu\">szimulacioskozpont@semmelweis-univ.hu<\/a> e-mail c\u00edmen kereszt\u00fcl.<\/p>\n","protected":false},"excerpt":{"rendered":"<p>Az Aneszteziol\u00f3giai \u00e9s Intenz\u00edv Ter\u00e1pi\u00e1s Klinika \u00e9s a Klinikai Szimul\u00e1ci\u00f3s Tansz\u00e9ki Csoport \u2013 a Fenntarthat\u00f3 K\u00f6z\u00e9piskolai \u00dajra\u00e9leszt\u00e9s Program keret\u00e9ben \u2013 az \u00e9rdekl\u0151d\u0151 \u00e9s a felt\u00e9teleknek megfelel\u0151 k\u00f6z\u00e9piskol\u00e1k sz\u00e1m\u00e1ra alapszint\u0171 \u00fajra\u00e9leszt\u00e9s k\u00e9pz\u00e9st, illetve di\u00e1kinstruktor-k\u00e9pz\u00e9st szervez. A hossz\u00fa t\u00e1v\u00fa fenntarthat\u00f3s\u00e1g jegy\u00e9ben, a programban t\u00f6rt\u00e9n\u0151 r\u00e9szv\u00e9tel egyik alapfelt\u00e9tele, hogy a k\u00e9pzett di\u00e1kinstruktorok a r\u00e9sztvev\u0151 k\u00f6z\u00e9piskol\u00e1k di\u00e1kjainak alapszint\u0171 \u00fajra\u00e9leszt\u00e9s &hellip;<\/p>\n","protected":false},"author":101484,"featured_media":0,"parent":27,"menu_order":1,"comment_status":"closed","ping_status":"closed","template":"","meta":{"_acf_changed":false,"footnotes":""},"categories":[],"tags":[],"class_list":["post-83","page","type-page","status-publish","hentry"],"acf":[],"_links":{"self":[{"href":"https:\/\/semmelweis.hu\/szimulacios-kozpont\/wp-json\/wp\/v2\/pages\/83","targetHints":{"allow":["GET"]}}],"collection":[{"href":"https:\/\/semmelweis.hu\/szimulacios-kozpont\/wp-json\/wp\/v2\/pages"}],"about":[{"href":"https:\/\/semmelweis.hu\/szimulacios-kozpont\/wp-json\/wp\/v2\/types\/page"}],"author":[{"embeddable":true,"href":"https:\/\/semmelweis.hu\/szimulacios-kozpont\/wp-json\/wp\/v2\/users\/101484"}],"replies":[{"embeddable":true,"href":"https:\/\/semmelweis.hu\/szimulacios-kozpont\/wp-json\/wp\/v2\/comments?post=83"}],"version-history":[{"count":1,"href":"https:\/\/semmelweis.hu\/szimulacios-kozpont\/wp-json\/wp\/v2\/pages\/83\/revisions"}],"predecessor-version":[{"id":84,"href":"https:\/\/semmelweis.hu\/szimulacios-kozpont\/wp-json\/wp\/v2\/pages\/83\/revisions\/84"}],"up":[{"embeddable":true,"href":"https:\/\/semmelweis.hu\/szimulacios-kozpont\/wp-json\/wp\/v2\/pages\/27"}],"wp:attachment":[{"href":"https:\/\/semmelweis.hu\/szimulacios-kozpont\/wp-json\/wp\/v2\/media?parent=83"}],"wp:term":[{"taxonomy":"category","embeddable":true,"href":"https:\/\/semmelweis.hu\/szimulacios-kozpont\/wp-json\/wp\/v2\/categories?post=83"},{"taxonomy":"post_tag","embeddable":true,"href":"https:\/\/semmelweis.hu\/szimulacios-kozpont\/wp-json\/wp\/v2\/tags?post=83"}],"curies":[{"name":"wp","href":"https:\/\/api.w.org\/{rel}","templated":true}]}}