{"id":80,"date":"2019-10-29T13:02:43","date_gmt":"2019-10-29T12:02:43","guid":{"rendered":"http:\/\/semmelweis.hu\/szimulacios-kozpont\/?page_id=80"},"modified":"2019-10-29T13:02:43","modified_gmt":"2019-10-29T12:02:43","slug":"eszkozbeszerzesi-projekt","status":"publish","type":"page","link":"https:\/\/semmelweis.hu\/szimulacios-kozpont\/kutatas-fejlesztes\/eszkozbeszerzesi-projekt\/","title":{"rendered":"Eszk\u00f6zbeszerz\u00e9si projekt"},"content":{"rendered":"<p>A Semmelweis Szimul\u00e1ci\u00f3s K\u00f6zpont szkill- \u00e9s szimul\u00e1ci\u00f3s oktat\u00e1shoz haszn\u00e1lt eszk\u00f6zei a KMOP-4.2.1\/B-10-2011-0010 sz. <strong>Semmelweis Skill Centrum &#8211; projekt<\/strong> keret\u00e9ben ker\u00fcltek beszerz\u00e9sre.<\/p>\n<p><a href=\"https:\/\/semmelweis.hu\/innovacios-kozpont\/semmelweis-skill-centrum\/\" target=\"_blank\" rel=\"noopener noreferrer\"><img loading=\"lazy\" decoding=\"async\" class=\"alignnone wp-image-3113\" src=\"https:\/\/semmelweis.hu\/aneszteziologia\/files\/2014\/06\/Banner-Semmelweis_Skill_Centrum_projekt-300x210.jpg\" alt=\"USZT_logo_big\" width=\"502\" height=\"351\" \/><\/a><\/p>\n","protected":false},"excerpt":{"rendered":"<p>A Semmelweis Szimul\u00e1ci\u00f3s K\u00f6zpont szkill- \u00e9s szimul\u00e1ci\u00f3s oktat\u00e1shoz haszn\u00e1lt eszk\u00f6zei a KMOP-4.2.1\/B-10-2011-0010 sz. Semmelweis Skill Centrum &#8211; projekt keret\u00e9ben ker\u00fcltek beszerz\u00e9sre.<br \/>\n<a href=\"https:\/\/semmelweis.hu\/innovacios-kozpont\/semmelweis-skill-centrum\/\" target=\"_blank\" rel=\"noopener noreferrer\"><\/a><\/p>\n","protected":false},"author":101484,"featured_media":0,"parent":25,"menu_order":5,"comment_status":"closed","ping_status":"closed","template":"","meta":{"_acf_changed":false,"footnotes":""},"categories":[],"tags":[],"class_list":["post-80","page","type-page","status-publish","hentry"],"acf":[],"_links":{"self":[{"href":"https:\/\/semmelweis.hu\/szimulacios-kozpont\/wp-json\/wp\/v2\/pages\/80","targetHints":{"allow":["GET"]}}],"collection":[{"href":"https:\/\/semmelweis.hu\/szimulacios-kozpont\/wp-json\/wp\/v2\/pages"}],"about":[{"href":"https:\/\/semmelweis.hu\/szimulacios-kozpont\/wp-json\/wp\/v2\/types\/page"}],"author":[{"embeddable":true,"href":"https:\/\/semmelweis.hu\/szimulacios-kozpont\/wp-json\/wp\/v2\/users\/101484"}],"replies":[{"embeddable":true,"href":"https:\/\/semmelweis.hu\/szimulacios-kozpont\/wp-json\/wp\/v2\/comments?post=80"}],"version-history":[{"count":1,"href":"https:\/\/semmelweis.hu\/szimulacios-kozpont\/wp-json\/wp\/v2\/pages\/80\/revisions"}],"predecessor-version":[{"id":81,"href":"https:\/\/semmelweis.hu\/szimulacios-kozpont\/wp-json\/wp\/v2\/pages\/80\/revisions\/81"}],"up":[{"embeddable":true,"href":"https:\/\/semmelweis.hu\/szimulacios-kozpont\/wp-json\/wp\/v2\/pages\/25"}],"wp:attachment":[{"href":"https:\/\/semmelweis.hu\/szimulacios-kozpont\/wp-json\/wp\/v2\/media?parent=80"}],"wp:term":[{"taxonomy":"category","embeddable":true,"href":"https:\/\/semmelweis.hu\/szimulacios-kozpont\/wp-json\/wp\/v2\/categories?post=80"},{"taxonomy":"post_tag","embeddable":true,"href":"https:\/\/semmelweis.hu\/szimulacios-kozpont\/wp-json\/wp\/v2\/tags?post=80"}],"curies":[{"name":"wp","href":"https:\/\/api.w.org\/{rel}","templated":true}]}}