{"id":76,"date":"2019-10-29T13:00:12","date_gmt":"2019-10-29T12:00:12","guid":{"rendered":"http:\/\/semmelweis.hu\/szimulacios-kozpont\/?page_id=76"},"modified":"2019-10-29T13:00:12","modified_gmt":"2019-10-29T12:00:12","slug":"tantudsz-projekt","status":"publish","type":"page","link":"https:\/\/semmelweis.hu\/szimulacios-kozpont\/kutatas-fejlesztes\/tantudsz-projekt\/","title":{"rendered":"TANTUdSz-projekt"},"content":{"rendered":"<p>Az AITK \u00e9s a Klinikai Szimul\u00e1ci\u00f3s Tansz\u00e9ki Csoport 2017-ben csatlakozott az MTA Tant\u00e1rgypedag\u00f3giai Kutat\u00e1si Programj\u00e1nak keretein bel\u00fcl m\u0171k\u00f6d\u0151 MTA-SE Eg\u00e9szs\u00e9gnevel\u00e9s Kort\u00e1rs-oktat\u00e1ssal Kutat\u00f3csoport munk\u00e1j\u00e1hoz (kutat\u00f3csoport-vezet\u0151: Falus Andr\u00e1s). A kutat\u00f3munka f\u00f3kusz\u00e1ban a kort\u00e1rs-oktat\u00f3k bevon\u00e1s\u00e1val v\u00e9gzett alapszint\u0171 \u00fajra\u00e9leszt\u00e9si k\u00e9pz\u00e9s hat\u00e9konys\u00e1ga \u00e1ll.<\/p>\n","protected":false},"excerpt":{"rendered":"<p>Az AITK \u00e9s a Klinikai Szimul\u00e1ci\u00f3s Tansz\u00e9ki Csoport 2017-ben csatlakozott az MTA Tant\u00e1rgypedag\u00f3giai Kutat\u00e1si Programj\u00e1nak keretein bel\u00fcl m\u0171k\u00f6d\u0151 MTA-SE Eg\u00e9szs\u00e9gnevel\u00e9s Kort\u00e1rs-oktat\u00e1ssal Kutat\u00f3csoport munk\u00e1j\u00e1hoz (kutat\u00f3csoport-vezet\u0151: Falus Andr\u00e1s). A kutat\u00f3munka f\u00f3kusz\u00e1ban a kort\u00e1rs-oktat\u00f3k bevon\u00e1s\u00e1val v\u00e9gzett alapszint\u0171 \u00fajra\u00e9leszt\u00e9si k\u00e9pz\u00e9s hat\u00e9konys\u00e1ga \u00e1ll.<\/p>\n","protected":false},"author":101484,"featured_media":0,"parent":25,"menu_order":3,"comment_status":"closed","ping_status":"closed","template":"","meta":{"_acf_changed":false,"footnotes":""},"categories":[],"tags":[],"class_list":["post-76","page","type-page","status-publish","hentry"],"acf":[],"_links":{"self":[{"href":"https:\/\/semmelweis.hu\/szimulacios-kozpont\/wp-json\/wp\/v2\/pages\/76","targetHints":{"allow":["GET"]}}],"collection":[{"href":"https:\/\/semmelweis.hu\/szimulacios-kozpont\/wp-json\/wp\/v2\/pages"}],"about":[{"href":"https:\/\/semmelweis.hu\/szimulacios-kozpont\/wp-json\/wp\/v2\/types\/page"}],"author":[{"embeddable":true,"href":"https:\/\/semmelweis.hu\/szimulacios-kozpont\/wp-json\/wp\/v2\/users\/101484"}],"replies":[{"embeddable":true,"href":"https:\/\/semmelweis.hu\/szimulacios-kozpont\/wp-json\/wp\/v2\/comments?post=76"}],"version-history":[{"count":1,"href":"https:\/\/semmelweis.hu\/szimulacios-kozpont\/wp-json\/wp\/v2\/pages\/76\/revisions"}],"predecessor-version":[{"id":77,"href":"https:\/\/semmelweis.hu\/szimulacios-kozpont\/wp-json\/wp\/v2\/pages\/76\/revisions\/77"}],"up":[{"embeddable":true,"href":"https:\/\/semmelweis.hu\/szimulacios-kozpont\/wp-json\/wp\/v2\/pages\/25"}],"wp:attachment":[{"href":"https:\/\/semmelweis.hu\/szimulacios-kozpont\/wp-json\/wp\/v2\/media?parent=76"}],"wp:term":[{"taxonomy":"category","embeddable":true,"href":"https:\/\/semmelweis.hu\/szimulacios-kozpont\/wp-json\/wp\/v2\/categories?post=76"},{"taxonomy":"post_tag","embeddable":true,"href":"https:\/\/semmelweis.hu\/szimulacios-kozpont\/wp-json\/wp\/v2\/tags?post=76"}],"curies":[{"name":"wp","href":"https:\/\/api.w.org\/{rel}","templated":true}]}}