{"id":74,"date":"2019-10-29T12:59:40","date_gmt":"2019-10-29T11:59:40","guid":{"rendered":"http:\/\/semmelweis.hu\/szimulacios-kozpont\/?page_id=74"},"modified":"2019-10-29T12:59:40","modified_gmt":"2019-10-29T11:59:40","slug":"drama-and-simulationbasedmedical-education-dsbme","status":"publish","type":"page","link":"https:\/\/semmelweis.hu\/szimulacios-kozpont\/kutatas-fejlesztes\/drama-and-simulationbasedmedical-education-dsbme\/","title":{"rendered":"Drama and SimulationBasedMedical Education (DSBME)"},"content":{"rendered":"<p>Tansz\u00e9ki Csoportunk egyed\u00fcl\u00e1ll\u00f3 m\u00f3don fejlesztette tov\u00e1bb a vil\u00e1gszerte bevettszimul\u00e1ci\u00f3-alap\u00fa eg\u00e9szs\u00e9g\u00fcgyi k\u00e9pz\u00e9si modellt (SBME). A fejleszt\u00e9s eredm\u00e9nyess\u00e9g\u00e9nek vizsg\u00e1lata laborjainkban folyik.<\/p>\n<p>A kutat\u00e1sban partnerint\u00e9zm\u00e9nyek: BME Szociol\u00f3gia- \u00e9s Kommunik\u00e1ci\u00f3 Tansz\u00e9k \u00e9s ELTE PPK Affekt\u00edv Pszichol\u00f3gia Tansz\u00e9k<\/p>\n<p><u>Publik\u00e1ci\u00f3k a t\u00e9m\u00e1ban<\/u>:<\/p>\n<p>Blask\u00f3 \u00c1., Koml\u00f3s K.,Frit\u00faz G., G\u00e1l J.. (2017)Howtoenhancepsychologicalfidelity in simulation-basedmedicaleducation<em>. Medical Education; <\/em>51: 1179-1179. doi:<br \/>\n<a href=\"https:\/\/doi.org\/10.1111\/medu.13432\">https:\/\/doi.org\/10.1111\/medu.13432<\/a>;<\/p>\n<p>Frit\u00faz G., Blask\u00f3 \u00c1., Kasos K., Varga K., Eke Cs., G\u00e1l J. Comparision of psychologicalfidelity of drama and simulation-basedmedicaleducation (DSBME) and simulation-basedmedicaleducation (SBME) &#8211; a study design \u2013 <em>ERC Congress, 2018<\/em> (Poster Session)Bologna. doi:<br \/>\n<a href=\"https:\/\/doi.org\/10.1016\/j.resuscitation.2018.07.175\">https:\/\/doi.org\/10.1016\/j.resuscitation.2018.07.175<\/a><\/p>\n","protected":false},"excerpt":{"rendered":"<p>Tansz\u00e9ki Csoportunk egyed\u00fcl\u00e1ll\u00f3 m\u00f3don fejlesztette tov\u00e1bb a vil\u00e1gszerte bevettszimul\u00e1ci\u00f3-alap\u00fa eg\u00e9szs\u00e9g\u00fcgyi k\u00e9pz\u00e9si modellt (SBME). A fejleszt\u00e9s eredm\u00e9nyess\u00e9g\u00e9nek vizsg\u00e1lata laborjainkban folyik. A kutat\u00e1sban partnerint\u00e9zm\u00e9nyek: BME Szociol\u00f3gia- \u00e9s Kommunik\u00e1ci\u00f3 Tansz\u00e9k \u00e9s ELTE PPK Affekt\u00edv Pszichol\u00f3gia Tansz\u00e9k Publik\u00e1ci\u00f3k a t\u00e9m\u00e1ban: Blask\u00f3 \u00c1., Koml\u00f3s K.,Frit\u00faz G., G\u00e1l J.. (2017)Howtoenhancepsychologicalfidelity in simulation-basedmedicaleducation. Medical Education; 51: 1179-1179. doi: <a href=\"https:\/\/doi.org\/10.1111\/medu.13432\">https:\/\/doi.org\/10.1111\/medu.13432<\/a> ; Frit\u00faz G., Blask\u00f3 &hellip;<\/p>\n","protected":false},"author":101484,"featured_media":0,"parent":25,"menu_order":2,"comment_status":"closed","ping_status":"closed","template":"","meta":{"_acf_changed":false,"footnotes":""},"categories":[],"tags":[],"class_list":["post-74","page","type-page","status-publish","hentry"],"acf":[],"_links":{"self":[{"href":"https:\/\/semmelweis.hu\/szimulacios-kozpont\/wp-json\/wp\/v2\/pages\/74","targetHints":{"allow":["GET"]}}],"collection":[{"href":"https:\/\/semmelweis.hu\/szimulacios-kozpont\/wp-json\/wp\/v2\/pages"}],"about":[{"href":"https:\/\/semmelweis.hu\/szimulacios-kozpont\/wp-json\/wp\/v2\/types\/page"}],"author":[{"embeddable":true,"href":"https:\/\/semmelweis.hu\/szimulacios-kozpont\/wp-json\/wp\/v2\/users\/101484"}],"replies":[{"embeddable":true,"href":"https:\/\/semmelweis.hu\/szimulacios-kozpont\/wp-json\/wp\/v2\/comments?post=74"}],"version-history":[{"count":1,"href":"https:\/\/semmelweis.hu\/szimulacios-kozpont\/wp-json\/wp\/v2\/pages\/74\/revisions"}],"predecessor-version":[{"id":75,"href":"https:\/\/semmelweis.hu\/szimulacios-kozpont\/wp-json\/wp\/v2\/pages\/74\/revisions\/75"}],"up":[{"embeddable":true,"href":"https:\/\/semmelweis.hu\/szimulacios-kozpont\/wp-json\/wp\/v2\/pages\/25"}],"wp:attachment":[{"href":"https:\/\/semmelweis.hu\/szimulacios-kozpont\/wp-json\/wp\/v2\/media?parent=74"}],"wp:term":[{"taxonomy":"category","embeddable":true,"href":"https:\/\/semmelweis.hu\/szimulacios-kozpont\/wp-json\/wp\/v2\/categories?post=74"},{"taxonomy":"post_tag","embeddable":true,"href":"https:\/\/semmelweis.hu\/szimulacios-kozpont\/wp-json\/wp\/v2\/tags?post=74"}],"curies":[{"name":"wp","href":"https:\/\/api.w.org\/{rel}","templated":true}]}}