{"id":72,"date":"2019-10-29T12:58:43","date_gmt":"2019-10-29T11:58:43","guid":{"rendered":"http:\/\/semmelweis.hu\/szimulacios-kozpont\/?page_id=72"},"modified":"2021-09-28T13:20:58","modified_gmt":"2021-09-28T11:20:58","slug":"szituacios-szimulacios-kepzes-fejlesztese","status":"publish","type":"page","link":"https:\/\/semmelweis.hu\/szimulacios-kozpont\/kutatas-fejlesztes\/szituacios-szimulacios-kepzes-fejlesztese\/","title":{"rendered":"Szitu\u00e1ci\u00f3s Szimul\u00e1ci\u00f3s K\u00e9pz\u00e9s Fejleszt\u00e9se"},"content":{"rendered":"<p style=\"text-align: justify\">A szimul\u00e1ci\u00f3 alap\u00fa eg\u00e9szs\u00e9g\u00fcgyi k\u00e9pz\u00e9si modell (r\u00f6viden: SBME (Simulation-Based Medical Education)) m\u00f3dszertani szempontb\u00f3l vil\u00e1gszerte bevett saj\u00e1toss\u00e1gok ment\u00e9n, know-how jelleggel m\u0171k\u00f6dik. C\u00e9lja a klinikai h\u0171s\u00e9g &#8211; lehet\u0151s\u00e9g szerinti &#8211; maximaliz\u00e1l\u00e1s\u00e1val, magas-h\u0171s\u00e9g\u0171 szimul\u00e1torok, p\u00e1ciens szimul\u00e1torok \u00e9s val\u00f3s\u00e1gh\u0171 szcen\u00e1ri\u00f3k alkalmaz\u00e1s\u00e1val megteremteni a felt\u00e9telrendszerta medikusok, orvosok \u00e9s \u00e1pol\u00f3k sz\u00e1m\u00e1ra, hogy -a betegbiztons\u00e1g szem el\u0151tt tart\u00e1sa mellett -begyakorolhass\u00e1k az eg\u00e9szs\u00e9g\u00fcgyi szakm\u00e1hoz kapcsol\u00f3d\u00f3 k\u00e9szs\u00e9geket. \u00a0<\/p>\n<p style=\"text-align: justify\">A Klinikai Szimul\u00e1ci\u00f3s Tansz\u00e9ki Csoport egyik f\u0151 feladata a szimul\u00e1ci\u00f3 alap\u00fa oktat\u00e1s folyamatos fejleszt\u00e9se, a klinikai h\u0171s\u00e9g maximaliz\u00e1l\u00e1sa \u00e1ltal. A szimul\u00e1ci\u00f3s k\u00e9pz\u00e9s fejleszt\u00e9se sor\u00e1n kiemelt hangs\u00falyt fektet\u00fcnk a pszichol\u00f3giai h\u0171s\u00e9g megteremt\u00e9s\u00e9nek m\u00f3dszertan\u00e1ra, a nem-technikai k\u00e9szs\u00e9gek szitu\u00e1ci\u00f3ba \u00e9p\u00edtett fejleszt\u00e9s\u00e9re, azaz a szitu\u00e1ci\u00f3s szimul\u00e1ci\u00f3s k\u00e9pz\u00e9s felt\u00e9teleinek megteremt\u00e9s\u00e9re.<\/p>\n","protected":false},"excerpt":{"rendered":"<p>A szimul\u00e1ci\u00f3 alap\u00fa eg\u00e9szs\u00e9g\u00fcgyi k\u00e9pz\u00e9si modell (r\u00f6viden: SBME (Simulation-Based Medical Education)) m\u00f3dszertani szempontb\u00f3l vil\u00e1gszerte bevett saj\u00e1toss\u00e1gok ment\u00e9n, know-how jelleggel m\u0171k\u00f6dik. C\u00e9lja a klinikai h\u0171s\u00e9g &#8211; lehet\u0151s\u00e9g szerinti &#8211; maximaliz\u00e1l\u00e1s\u00e1val, magas-h\u0171s\u00e9g\u0171 szimul\u00e1torok, p\u00e1ciens szimul\u00e1torok \u00e9s val\u00f3s\u00e1gh\u0171 szcen\u00e1ri\u00f3k alkalmaz\u00e1s\u00e1val megteremteni a felt\u00e9telrendszerta medikusok, orvosok \u00e9s \u00e1pol\u00f3k sz\u00e1m\u00e1ra, hogy -a betegbiztons\u00e1g szem el\u0151tt tart\u00e1sa mellett -begyakorolhass\u00e1k az eg\u00e9szs\u00e9g\u00fcgyi &hellip;<\/p>\n","protected":false},"author":101484,"featured_media":0,"parent":25,"menu_order":1,"comment_status":"closed","ping_status":"closed","template":"","meta":{"_acf_changed":false,"footnotes":""},"categories":[],"tags":[],"class_list":["post-72","page","type-page","status-publish","hentry"],"acf":[],"_links":{"self":[{"href":"https:\/\/semmelweis.hu\/szimulacios-kozpont\/wp-json\/wp\/v2\/pages\/72","targetHints":{"allow":["GET"]}}],"collection":[{"href":"https:\/\/semmelweis.hu\/szimulacios-kozpont\/wp-json\/wp\/v2\/pages"}],"about":[{"href":"https:\/\/semmelweis.hu\/szimulacios-kozpont\/wp-json\/wp\/v2\/types\/page"}],"author":[{"embeddable":true,"href":"https:\/\/semmelweis.hu\/szimulacios-kozpont\/wp-json\/wp\/v2\/users\/101484"}],"replies":[{"embeddable":true,"href":"https:\/\/semmelweis.hu\/szimulacios-kozpont\/wp-json\/wp\/v2\/comments?post=72"}],"version-history":[{"count":4,"href":"https:\/\/semmelweis.hu\/szimulacios-kozpont\/wp-json\/wp\/v2\/pages\/72\/revisions"}],"predecessor-version":[{"id":223,"href":"https:\/\/semmelweis.hu\/szimulacios-kozpont\/wp-json\/wp\/v2\/pages\/72\/revisions\/223"}],"up":[{"embeddable":true,"href":"https:\/\/semmelweis.hu\/szimulacios-kozpont\/wp-json\/wp\/v2\/pages\/25"}],"wp:attachment":[{"href":"https:\/\/semmelweis.hu\/szimulacios-kozpont\/wp-json\/wp\/v2\/media?parent=72"}],"wp:term":[{"taxonomy":"category","embeddable":true,"href":"https:\/\/semmelweis.hu\/szimulacios-kozpont\/wp-json\/wp\/v2\/categories?post=72"},{"taxonomy":"post_tag","embeddable":true,"href":"https:\/\/semmelweis.hu\/szimulacios-kozpont\/wp-json\/wp\/v2\/tags?post=72"}],"curies":[{"name":"wp","href":"https:\/\/api.w.org\/{rel}","templated":true}]}}