{"id":65,"date":"2019-10-29T12:52:37","date_gmt":"2019-10-29T11:52:37","guid":{"rendered":"http:\/\/semmelweis.hu\/szimulacios-kozpont\/?page_id=65"},"modified":"2019-10-29T12:52:37","modified_gmt":"2019-10-29T11:52:37","slug":"a-klinikai-szimulacios-instruktori-palyazat-menete","status":"publish","type":"page","link":"https:\/\/semmelweis.hu\/szimulacios-kozpont\/oktatas\/gradualis-kepzes\/instruktorkepzes-az-aitk-demonstratorai-es-klinikai-szimulacios-instruktorai-reszere\/a-klinikai-szimulacios-instruktori-palyazat-menete\/","title":{"rendered":"A klinikai szimul\u00e1ci\u00f3s instruktori p\u00e1ly\u00e1zat menete"},"content":{"rendered":"<p><strong>A klinikai szimul\u00e1ci\u00f3s instruktori p\u00e1ly\u00e1zatnak<\/strong><strong> a k\u00f6vetkez\u0151ket kell tartalmaznia:<\/strong><\/p>\n<p><span style=\"color: #ff0000\">-1-<\/span> <strong><span style=\"color: #3366ff\">szem\u00e9lyi adatokat <\/span><\/strong><span style=\"color: #3366ff\">(n\u00e9v, Neptun-k\u00f3d, \u00e9vfolyam) <\/span><strong><span style=\"color: #3366ff\">\u00e9s emailes ill. mobiltelefonos el\u00e9rhet\u0151s\u00e9geket<\/span><\/strong>;<\/p>\n<p><span style=\"color: #ff0000\">-2-<\/span> <span style=\"color: #3366ff\"><strong>az egy\u00e9ni motiv\u00e1ci\u00f3k r\u00f6vid ismertet\u00e9s\u00e9t<\/strong> (10-12 sorban)<\/span><\/p>\n<p>A be\u00e9rkezett p\u00e1ly\u00e1zatok alapj\u00e1n egy inspirat\u00edv hangulat\u00fa szem\u00e9lyes vagy vide\u00f3besz\u00e9lget\u00e9sre h\u00edvunk minden p\u00e1ly\u00e1z\u00f3t.<\/p>\n","protected":false},"excerpt":{"rendered":"<p>A klinikai szimul\u00e1ci\u00f3s instruktori p\u00e1ly\u00e1zatnak a k\u00f6vetkez\u0151ket kell tartalmaznia:<br \/>\n-1- szem\u00e9lyi adatokat (n\u00e9v, Neptun-k\u00f3d, \u00e9vfolyam) \u00e9s emailes ill. mobiltelefonos el\u00e9rhet\u0151s\u00e9geket;<br \/>\n-2- az egy\u00e9ni motiv\u00e1ci\u00f3k r\u00f6vid ismertet\u00e9s\u00e9t (10-12 sorban)<br \/>\nA be\u00e9rkezett p\u00e1ly\u00e1zatok alapj\u00e1n egy inspirat\u00edv hangulat\u00fa szem\u00e9lyes vagy vide\u00f3besz\u00e9lget\u00e9sre h\u00edvunk minden p\u00e1ly\u00e1z\u00f3t.<\/p>\n","protected":false},"author":101484,"featured_media":0,"parent":59,"menu_order":3,"comment_status":"closed","ping_status":"closed","template":"","meta":{"_acf_changed":false,"footnotes":""},"categories":[],"tags":[],"class_list":["post-65","page","type-page","status-publish","hentry"],"acf":[],"_links":{"self":[{"href":"https:\/\/semmelweis.hu\/szimulacios-kozpont\/wp-json\/wp\/v2\/pages\/65","targetHints":{"allow":["GET"]}}],"collection":[{"href":"https:\/\/semmelweis.hu\/szimulacios-kozpont\/wp-json\/wp\/v2\/pages"}],"about":[{"href":"https:\/\/semmelweis.hu\/szimulacios-kozpont\/wp-json\/wp\/v2\/types\/page"}],"author":[{"embeddable":true,"href":"https:\/\/semmelweis.hu\/szimulacios-kozpont\/wp-json\/wp\/v2\/users\/101484"}],"replies":[{"embeddable":true,"href":"https:\/\/semmelweis.hu\/szimulacios-kozpont\/wp-json\/wp\/v2\/comments?post=65"}],"version-history":[{"count":1,"href":"https:\/\/semmelweis.hu\/szimulacios-kozpont\/wp-json\/wp\/v2\/pages\/65\/revisions"}],"predecessor-version":[{"id":66,"href":"https:\/\/semmelweis.hu\/szimulacios-kozpont\/wp-json\/wp\/v2\/pages\/65\/revisions\/66"}],"up":[{"embeddable":true,"href":"https:\/\/semmelweis.hu\/szimulacios-kozpont\/wp-json\/wp\/v2\/pages\/59"}],"wp:attachment":[{"href":"https:\/\/semmelweis.hu\/szimulacios-kozpont\/wp-json\/wp\/v2\/media?parent=65"}],"wp:term":[{"taxonomy":"category","embeddable":true,"href":"https:\/\/semmelweis.hu\/szimulacios-kozpont\/wp-json\/wp\/v2\/categories?post=65"},{"taxonomy":"post_tag","embeddable":true,"href":"https:\/\/semmelweis.hu\/szimulacios-kozpont\/wp-json\/wp\/v2\/tags?post=65"}],"curies":[{"name":"wp","href":"https:\/\/api.w.org\/{rel}","templated":true}]}}