{"id":57,"date":"2019-10-29T12:48:32","date_gmt":"2019-10-29T11:48:32","guid":{"rendered":"http:\/\/semmelweis.hu\/szimulacios-kozpont\/?page_id=57"},"modified":"2021-10-12T15:04:32","modified_gmt":"2021-10-12T13:04:32","slug":"perioperativ-medicina","status":"publish","type":"page","link":"https:\/\/semmelweis.hu\/szimulacios-kozpont\/oktatas\/gradualis-kepzes\/perioperativ-medicina\/","title":{"rendered":"Perioperat\u00edv medicina"},"content":{"rendered":"<p>A Gy\u00f3gyszer\u00e9sztudom\u00e1nyi Kar hallgat\u00f3i magash\u0171s\u00e9g\u0171 szimul\u00e1tor seg\u00edts\u00e9g\u00e9vel k\u00f6vethetik a beadott gy\u00f3gyszer v\u00e1ltoz\u00e1sait a beteg szervezet\u00e9ben. A gyakorlat probl\u00e9macentrikus megk\u00f6zel\u00edt\u00e9s\u00e9vel a d\u00f6nt\u00e9si helyzetek \u00e1tgondol\u00e1s\u00e1ra k\u00e9sz\u00edti fel a hallgat\u00f3kat. \u00a0 A t\u00e1rgyat felvett hallgat\u00f3k sz\u00e1m\u00e1ra pontos inform\u00e1ci\u00f3k itt:<\/p>\n<p><a class=\"button-big\" href=\"https:\/\/itc.semmelweis.hu\/moodle\/login\/index.php\" target=\"_blank\" rel=\"noopener noreferrer\"><strong>E-learning<\/strong><\/a><\/p>\n","protected":false},"excerpt":{"rendered":"<p>A Gy\u00f3gyszer\u00e9sztudom\u00e1nyi Kar hallgat\u00f3i magash\u0171s\u00e9g\u0171 szimul\u00e1tor seg\u00edts\u00e9g\u00e9vel k\u00f6vethetik a beadott gy\u00f3gyszer v\u00e1ltoz\u00e1sait a beteg szervezet\u00e9ben. A gyakorlat probl\u00e9macentrikus megk\u00f6zel\u00edt\u00e9s\u00e9vel a d\u00f6nt\u00e9si helyzetek \u00e1tgondol\u00e1s\u00e1ra k\u00e9sz\u00edti fel a hallgat\u00f3kat. \u00a0 A t\u00e1rgyat felvett hallgat\u00f3k sz\u00e1m\u00e1ra pontos inform\u00e1ci\u00f3k itt:<br \/>\n<a class=\"button-big\" href=\"https:\/\/itc.semmelweis.hu\/moodle\/login\/index.php\" target=\"_blank\" rel=\"noopener noreferrer\">E-learning<\/a><\/p>\n","protected":false},"author":101484,"featured_media":0,"parent":43,"menu_order":7,"comment_status":"closed","ping_status":"closed","template":"","meta":{"_acf_changed":false,"footnotes":""},"categories":[],"tags":[],"class_list":["post-57","page","type-page","status-publish","hentry"],"acf":[],"_links":{"self":[{"href":"https:\/\/semmelweis.hu\/szimulacios-kozpont\/wp-json\/wp\/v2\/pages\/57","targetHints":{"allow":["GET"]}}],"collection":[{"href":"https:\/\/semmelweis.hu\/szimulacios-kozpont\/wp-json\/wp\/v2\/pages"}],"about":[{"href":"https:\/\/semmelweis.hu\/szimulacios-kozpont\/wp-json\/wp\/v2\/types\/page"}],"author":[{"embeddable":true,"href":"https:\/\/semmelweis.hu\/szimulacios-kozpont\/wp-json\/wp\/v2\/users\/101484"}],"replies":[{"embeddable":true,"href":"https:\/\/semmelweis.hu\/szimulacios-kozpont\/wp-json\/wp\/v2\/comments?post=57"}],"version-history":[{"count":2,"href":"https:\/\/semmelweis.hu\/szimulacios-kozpont\/wp-json\/wp\/v2\/pages\/57\/revisions"}],"predecessor-version":[{"id":209,"href":"https:\/\/semmelweis.hu\/szimulacios-kozpont\/wp-json\/wp\/v2\/pages\/57\/revisions\/209"}],"up":[{"embeddable":true,"href":"https:\/\/semmelweis.hu\/szimulacios-kozpont\/wp-json\/wp\/v2\/pages\/43"}],"wp:attachment":[{"href":"https:\/\/semmelweis.hu\/szimulacios-kozpont\/wp-json\/wp\/v2\/media?parent=57"}],"wp:term":[{"taxonomy":"category","embeddable":true,"href":"https:\/\/semmelweis.hu\/szimulacios-kozpont\/wp-json\/wp\/v2\/categories?post=57"},{"taxonomy":"post_tag","embeddable":true,"href":"https:\/\/semmelweis.hu\/szimulacios-kozpont\/wp-json\/wp\/v2\/tags?post=57"}],"curies":[{"name":"wp","href":"https:\/\/api.w.org\/{rel}","templated":true}]}}