{"id":55,"date":"2019-10-29T12:46:41","date_gmt":"2019-10-29T11:46:41","guid":{"rendered":"http:\/\/semmelweis.hu\/szimulacios-kozpont\/?page_id=55"},"modified":"2021-10-12T15:05:59","modified_gmt":"2021-10-12T13:05:59","slug":"apolastani-keszseggyakorlat","status":"publish","type":"page","link":"https:\/\/semmelweis.hu\/szimulacios-kozpont\/oktatas\/gradualis-kepzes\/apolastani-keszseggyakorlat\/","title":{"rendered":"\u00c1pol\u00e1stani k\u00e9szs\u00e9ggyakorlat"},"content":{"rendered":"<p>A Klinikai Szimul\u00e1ci\u00f3s Tansz\u00e9ki Csoport \u00e9s a Csal\u00e1dorvosi Tansz\u00e9k egy\u00fcttm\u0171k\u00f6d\u00e9s\u00e9ben, az 1. \u00e9ves orvostanhallgat\u00f3knak lehet\u0151s\u00e9ge ny\u00edlik, hogy a 2. szemeszter v\u00e9g\u00e9n a Bevezet\u00e9s a Klinikumban tant\u00e1rgy keretei k\u00f6z\u00f6tt \u00e1pol\u00e1stani k\u00e9szs\u00e9geket saj\u00e1t\u00edtsanak el, alacsony h\u0171s\u00e9g\u0171 szimul\u00e1torok, pl. v\u00e9n\u00e1z\u00f3karok seg\u00edts\u00e9g\u00e9vel. Az alapvet\u0151 \u00e1pol\u00e1si technik\u00e1k elsaj\u00e1t\u00edt\u00e1s\u00e1val, mint pl. a v\u00e9nabiztos\u00edt\u00e1s, inf\u00fazi\u00f3 bek\u00f6t\u00e9s, bran\u00fcl behelyez\u00e9se \u00e9s az \u00a0injekci\u00f3z\u00e1s, a tov\u00e1bbi \u00e9vekben is hasznos\u00edthat\u00f3 alapvet\u0151 k\u00e9szs\u00e9geket szereznek. A szimul\u00e1ci\u00f3s gyakorlatokat a Klinikai Szimul\u00e1ci\u00f3s Tansz\u00e9ki Csoport munkat\u00e1rsai szervezik, az oktat\u00e1st \u00e1pol\u00f3 koll\u00e9g\u00e1k v\u00e9gzik. \u00a0 <a href=\"https:\/\/semmelweis.hu\/aneszteziologia\/oktatas\/szimulacios-oktatasi-kozpont\/gradualis-kepzeseink\/apolastani-gyakorlati-ismeretek-elsoeveseknek\/\" target=\"_blank\" rel=\"noopener noreferrer\">Inform\u00e1ci\u00f3 hallgat\u00f3inknak<\/a> \u00a0 A t\u00e1rgyat felvett hallgat\u00f3k sz\u00e1m\u00e1ra pontos inform\u00e1ci\u00f3k itt:<\/p>\n<p><a class=\"button-big\" href=\"https:\/\/itc.semmelweis.hu\/moodle\/login\/index.php\" target=\"_blank\" rel=\"noopener noreferrer\"><strong>E-learning<\/strong><\/a><\/p>\n","protected":false},"excerpt":{"rendered":"<p>A Klinikai Szimul\u00e1ci\u00f3s Tansz\u00e9ki Csoport \u00e9s a Csal\u00e1dorvosi Tansz\u00e9k egy\u00fcttm\u0171k\u00f6d\u00e9s\u00e9ben, az 1. \u00e9ves orvostanhallgat\u00f3knak lehet\u0151s\u00e9ge ny\u00edlik, hogy a 2. szemeszter v\u00e9g\u00e9n a Bevezet\u00e9s a Klinikumban tant\u00e1rgy keretei k\u00f6z\u00f6tt \u00e1pol\u00e1stani k\u00e9szs\u00e9geket saj\u00e1t\u00edtsanak el, alacsony h\u0171s\u00e9g\u0171 szimul\u00e1torok, pl. v\u00e9n\u00e1z\u00f3karok seg\u00edts\u00e9g\u00e9vel. Az alapvet\u0151 \u00e1pol\u00e1si technik\u00e1k elsaj\u00e1t\u00edt\u00e1s\u00e1val, mint pl. a v\u00e9nabiztos\u00edt\u00e1s, inf\u00fazi\u00f3 bek\u00f6t\u00e9s, bran\u00fcl behelyez\u00e9se \u00e9s az \u00a0injekci\u00f3z\u00e1s, a &hellip;<\/p>\n","protected":false},"author":101484,"featured_media":0,"parent":43,"menu_order":6,"comment_status":"closed","ping_status":"closed","template":"","meta":{"_acf_changed":false,"footnotes":""},"categories":[],"tags":[],"class_list":["post-55","page","type-page","status-publish","hentry"],"acf":[],"_links":{"self":[{"href":"https:\/\/semmelweis.hu\/szimulacios-kozpont\/wp-json\/wp\/v2\/pages\/55","targetHints":{"allow":["GET"]}}],"collection":[{"href":"https:\/\/semmelweis.hu\/szimulacios-kozpont\/wp-json\/wp\/v2\/pages"}],"about":[{"href":"https:\/\/semmelweis.hu\/szimulacios-kozpont\/wp-json\/wp\/v2\/types\/page"}],"author":[{"embeddable":true,"href":"https:\/\/semmelweis.hu\/szimulacios-kozpont\/wp-json\/wp\/v2\/users\/101484"}],"replies":[{"embeddable":true,"href":"https:\/\/semmelweis.hu\/szimulacios-kozpont\/wp-json\/wp\/v2\/comments?post=55"}],"version-history":[{"count":2,"href":"https:\/\/semmelweis.hu\/szimulacios-kozpont\/wp-json\/wp\/v2\/pages\/55\/revisions"}],"predecessor-version":[{"id":210,"href":"https:\/\/semmelweis.hu\/szimulacios-kozpont\/wp-json\/wp\/v2\/pages\/55\/revisions\/210"}],"up":[{"embeddable":true,"href":"https:\/\/semmelweis.hu\/szimulacios-kozpont\/wp-json\/wp\/v2\/pages\/43"}],"wp:attachment":[{"href":"https:\/\/semmelweis.hu\/szimulacios-kozpont\/wp-json\/wp\/v2\/media?parent=55"}],"wp:term":[{"taxonomy":"category","embeddable":true,"href":"https:\/\/semmelweis.hu\/szimulacios-kozpont\/wp-json\/wp\/v2\/categories?post=55"},{"taxonomy":"post_tag","embeddable":true,"href":"https:\/\/semmelweis.hu\/szimulacios-kozpont\/wp-json\/wp\/v2\/tags?post=55"}],"curies":[{"name":"wp","href":"https:\/\/api.w.org\/{rel}","templated":true}]}}