{"id":53,"date":"2019-10-29T12:44:33","date_gmt":"2019-10-29T11:44:33","guid":{"rendered":"http:\/\/semmelweis.hu\/szimulacios-kozpont\/?page_id=53"},"modified":"2021-10-12T15:28:27","modified_gmt":"2021-10-12T13:28:27","slug":"belgyogyaszati-propedeutika-abcde-sbar-gyakorlat","status":"publish","type":"page","link":"https:\/\/semmelweis.hu\/szimulacios-kozpont\/oktatas\/gradualis-kepzes\/belgyogyaszati-propedeutika-abcde-sbar-gyakorlat\/","title":{"rendered":"Belgy\u00f3gy\u00e1szati propedeutika \u2013 ABCDE-SBAR -gyakorlat"},"content":{"rendered":"<p>Az I. \u00e9s III. Belgy\u00f3gy\u00e1szati Klinik\u00e1val egy\u00fcttm\u0171k\u00f6d\u00e9sben a Belgy\u00f3gy\u00e1szati Propedeutika t\u00e1rgy keret\u00e9ben a 3. \u00e9s 4. \u00e9ves orvostanhallgat\u00f3k lehet\u0151s\u00e9get kapnak, hogy az ABCDE-betegvizsg\u00e1lati protokoll elsaj\u00e1t\u00edt\u00e1s\u00e1val felismerj\u00e9k a kritikus \u00e1llapot\u00fa betegeket \u00e9s teamk\u00e9nt egy\u00fcttm\u0171k\u00f6dve v\u00e9giggondolj\u00e1k a megfelel\u0151 ter\u00e1pia alkalmaz\u00e1s\u00e1t. Az ell\u00e1t\u00f3 egys\u00e9gek k\u00f6z\u00f6tti egy\u00e9rtelm\u0171 kommunik\u00e1ci\u00f3t t\u00e1mogatva elsaj\u00e1t\u00edtj\u00e1k az SBAR szerinti refer\u00e1l\u00e1st. \u00a0 A t\u00e1rgyat felvett hallgat\u00f3k sz\u00e1m\u00e1ra pontos inform\u00e1ci\u00f3k itt:<\/p>\n<p><a class=\"button-big\" href=\"https:\/\/itc.semmelweis.hu\/moodle\/login\/index.php\" target=\"_blank\" rel=\"noopener noreferrer\"><strong>E-learning<\/strong><\/a><\/p>\n<p>A harmad\u00e9ves orvostanhallgat\u00f3k a <b>Belgy\u00f3gy\u00e1szat I. <\/b>t\u00e1rgy keretein bel\u00fcl, belgy\u00f3gy\u00e1sz oktat\u00f3k vezet\u00e9s\u00e9vel ismerkednek meg az <b>ABCDE-gyorsvizsg\u00e1lat \u00e9s SBAR-refer\u00e1l\u00e1s<\/b> alapjaival. A k\u00e9pz\u00e9sre magash\u0171s\u00e9g\u0171 (HiFi) szimul\u00e1ci\u00f3s k\u00f6rnyezetben \u2013 ker\u00fcl sor.\u00a0\u00a0<\/p>\n<p><a href=\"https:\/\/semmelweis.hu\/aneszteziologia\/oktatas\/szimulacios-oktatasi-kozpont\/gradualis-kepzeseink\/belgyogyaszati-surgossegi-alapismeretek-harmadeveseknek\/belprop3-abcde-sbar-gyakorlat\/\" target=\"_blank\" rel=\"noopener noreferrer\">Az ABCDE-SBAR-gyakorlat <strong>szakmai l\u00e9nyege<\/strong> r\u00f6viden <\/a><\/p>\n<p><a href=\"https:\/\/semmelweis.hu\/aneszteziologia\/oktatas\/szimulacios-oktatasi-kozpont\/gradualis-kepzeseink\/belgyogyaszati-surgossegi-alapismeretek-harmadeveseknek\/a-hallgato-feladatai-az-abcde-sbar-gyakorlaton\/\" target=\"_blank\" rel=\"noopener noreferrer\"><strong>A Hallgat\u00f3 feladatai<\/strong> az ABCDE-SBAR-gyakorlaton<\/a><\/p>\n<p><a href=\"https:\/\/semmelweis.hu\/aneszteziologia\/felkeszules-az-abcde-sbar-gyakorlatra\/\" target=\"_blank\" rel=\"noopener noreferrer\"><strong>FELK\u00c9SZ\u00dcL\u00c9S<\/strong> az ABCDE-SBAR-gyakorlatra<\/a><\/p>\n<p>Az ABCDE-SBAR-gyakorlatok helysz\u00edne a magyar nyelv\u0171 k\u00e9pz\u00e9s\u00e9ben: Semmelweis Szimul\u00e1ci\u00f3s K\u00f6zpont, 1096 Budapest, Ern\u0151 u. 7. A <a href=\"https:\/\/semmelweis.hu\/aneszteziologia\/oktatas\/szimulacios-oktatasi-kozpont\/szimulacios-kozpont-hazirendje\/\">Szimul\u00e1ci\u00f3s K\u00f6zpont h\u00e1zirendj\u00e9nek<\/a> gyakorlat el\u0151tti gondos tanulm\u00e1nyoz\u00e1sa aj\u00e1nlott. <br \/>Kedves Harmad\u00e9ves Hallgat\u00f3!<\/p>\n<p><span style=\"color: #ff0000\">Rem\u00e9lj\u00fck, hogy a gyakorlatra t\u00f6rt\u00e9n\u0151 el\u0151zetes felk\u00e9sz\u00fcl\u00e9s r\u00e9v\u00e9n hasznosan telik az ABCDE-SBAR-gyakorlat!<\/span><\/p>\n<p>\u00c9lm\u00e9nyd\u00fasan hasznos gyakorlatot k\u00edv\u00e1nva,\u00a0<\/p>\n<p>\u00fcdv\u00f6zlettel,\u00a0<\/p>\n<p style=\"padding-left: 160px\">Dr. Frit\u00faz G\u00e1bor \u00a0 \u00a0<\/p>\n<p style=\"padding-left: 80px\">Semmelweis Szimul\u00e1ci\u00f3s K\u00f6zpont \u00a0 \u00a0<\/p>\n","protected":false},"excerpt":{"rendered":"<p>Az I. \u00e9s III. Belgy\u00f3gy\u00e1szati Klinik\u00e1val egy\u00fcttm\u0171k\u00f6d\u00e9sben a Belgy\u00f3gy\u00e1szati Propedeutika t\u00e1rgy keret\u00e9ben a 3. \u00e9s 4. \u00e9ves orvostanhallgat\u00f3k lehet\u0151s\u00e9get kapnak, hogy az ABCDE-betegvizsg\u00e1lati protokoll elsaj\u00e1t\u00edt\u00e1s\u00e1val felismerj\u00e9k a kritikus \u00e1llapot\u00fa betegeket \u00e9s teamk\u00e9nt egy\u00fcttm\u0171k\u00f6dve v\u00e9giggondolj\u00e1k a megfelel\u0151 ter\u00e1pia alkalmaz\u00e1s\u00e1t. Az ell\u00e1t\u00f3 egys\u00e9gek k\u00f6z\u00f6tti egy\u00e9rtelm\u0171 kommunik\u00e1ci\u00f3t t\u00e1mogatva elsaj\u00e1t\u00edtj\u00e1k az SBAR szerinti refer\u00e1l\u00e1st. \u00a0 A t\u00e1rgyat felvett hallgat\u00f3k &hellip;<\/p>\n","protected":false},"author":101484,"featured_media":0,"parent":43,"menu_order":5,"comment_status":"closed","ping_status":"closed","template":"","meta":{"_acf_changed":false,"footnotes":""},"categories":[],"tags":[],"class_list":["post-53","page","type-page","status-publish","hentry"],"acf":[],"_links":{"self":[{"href":"https:\/\/semmelweis.hu\/szimulacios-kozpont\/wp-json\/wp\/v2\/pages\/53","targetHints":{"allow":["GET"]}}],"collection":[{"href":"https:\/\/semmelweis.hu\/szimulacios-kozpont\/wp-json\/wp\/v2\/pages"}],"about":[{"href":"https:\/\/semmelweis.hu\/szimulacios-kozpont\/wp-json\/wp\/v2\/types\/page"}],"author":[{"embeddable":true,"href":"https:\/\/semmelweis.hu\/szimulacios-kozpont\/wp-json\/wp\/v2\/users\/101484"}],"replies":[{"embeddable":true,"href":"https:\/\/semmelweis.hu\/szimulacios-kozpont\/wp-json\/wp\/v2\/comments?post=53"}],"version-history":[{"count":5,"href":"https:\/\/semmelweis.hu\/szimulacios-kozpont\/wp-json\/wp\/v2\/pages\/53\/revisions"}],"predecessor-version":[{"id":216,"href":"https:\/\/semmelweis.hu\/szimulacios-kozpont\/wp-json\/wp\/v2\/pages\/53\/revisions\/216"}],"up":[{"embeddable":true,"href":"https:\/\/semmelweis.hu\/szimulacios-kozpont\/wp-json\/wp\/v2\/pages\/43"}],"wp:attachment":[{"href":"https:\/\/semmelweis.hu\/szimulacios-kozpont\/wp-json\/wp\/v2\/media?parent=53"}],"wp:term":[{"taxonomy":"category","embeddable":true,"href":"https:\/\/semmelweis.hu\/szimulacios-kozpont\/wp-json\/wp\/v2\/categories?post=53"},{"taxonomy":"post_tag","embeddable":true,"href":"https:\/\/semmelweis.hu\/szimulacios-kozpont\/wp-json\/wp\/v2\/tags?post=53"}],"curies":[{"name":"wp","href":"https:\/\/api.w.org\/{rel}","templated":true}]}}