{"id":529,"date":"2023-01-06T09:31:18","date_gmt":"2023-01-06T08:31:18","guid":{"rendered":"https:\/\/semmelweis.hu\/szimulacios-kozpont\/?page_id=529"},"modified":"2023-01-06T18:40:52","modified_gmt":"2023-01-06T17:40:52","slug":"klinikai-gyakorlati-eljarasok-ssc","status":"publish","type":"page","link":"https:\/\/semmelweis.hu\/szimulacios-kozpont\/klinikai-gyakorlati-eljarasok-ssc\/","title":{"rendered":"Klinikai gyakorlati elj\u00e1r\u00e1sok &#8211; SSC"},"content":{"rendered":"<h3><span style=\"color: #ff0000\">&#8222;A&#8221; &#8211; Airway (l\u00e9g\u00fat, l\u00e9g\u00fatbiztos\u00edt\u00e1s)<\/span><\/h3>\n<h3><span style=\"color: #3366ff\">&#8222;B&#8221; &#8211; Breathing (l\u00e9gz\u00e9s, vizsg\u00e1l\u00f3elj\u00e1r\u00e1sok, l\u00e9legeztet\u00e9s)<\/span><\/h3>\n<ul>\n<li><a href=\"https:\/\/semmelweis.hu\/szimulacios-kozpont\/files\/2023\/01\/kapnografia.pdf\">Kapnogr\u00e1fia, kapnometria<\/a><\/li>\n<li><a href=\"https:\/\/semmelweis.hu\/szimulacios-kozpont\/files\/2023\/01\/eloadas.pptx\">eloadas<\/a><\/li>\n<li>\n[slb_exclude]<div data-carousel-extra='{\"blog_id\":198,\"permalink\":\"https:\\\/\\\/semmelweis.hu\\\/szimulacios-kozpont\\\/klinikai-gyakorlati-eljarasok-ssc\\\/\"}' class=\"tiled-gallery type-square\" data-original-width=\"753\"><div class=\"tiled-gallery-item\"><a border=\"0\" href=\"https:\/\/semmelweis.hu\/szimulacios-kozpont\/files\/2023\/01\/kapnografia_jpg_Oldal_01.jpg\"><img decoding=\"async\" data-attachment-id=\"538\" data-orig-file=\"https:\/\/semmelweis.hu\/szimulacios-kozpont\/files\/2023\/01\/kapnografia_jpg_Oldal_01.jpg\" data-orig-size=\"1920,1080\" data-comments-opened=\"0\" data-image-meta=\"{&quot;aperture&quot;:&quot;0&quot;,&quot;credit&quot;:&quot;&quot;,&quot;camera&quot;:&quot;&quot;,&quot;caption&quot;:&quot;&quot;,&quot;created_timestamp&quot;:&quot;0&quot;,&quot;copyright&quot;:&quot;&quot;,&quot;focal_length&quot;:&quot;0&quot;,&quot;iso&quot;:&quot;0&quot;,&quot;shutter_speed&quot;:&quot;0&quot;,&quot;title&quot;:&quot;&quot;,&quot;orientation&quot;:&quot;0&quot;}\" data-image-title=\"kapnografia_jpg_Oldal_01\" data-image-description=\"\" data-medium-file=\"https:\/\/semmelweis.hu\/szimulacios-kozpont\/files\/2023\/01\/kapnografia_jpg_Oldal_01-400x225.jpg\" data-large-file=\"https:\/\/semmelweis.hu\/szimulacios-kozpont\/files\/2023\/01\/kapnografia_jpg_Oldal_01-1024x576.jpg\" style=\"margin: 2px;max-width:550px;max-height:550px;\" src=\"https:\/\/semmelweis.hu\/szimulacios-kozpont\/files\/2023\/01\/kapnografia_jpg_Oldal_01-184x184.jpg\" width=184 height=184 title=\"\" \/><\/a><\/div><div class=\"tiled-gallery-item\"><a border=\"0\" href=\"https:\/\/semmelweis.hu\/szimulacios-kozpont\/files\/2023\/01\/kapnografia_jpg_Oldal_02-scaled.jpg\"><img decoding=\"async\" data-attachment-id=\"539\" data-orig-file=\"https:\/\/semmelweis.hu\/szimulacios-kozpont\/files\/2023\/01\/kapnografia_jpg_Oldal_02-scaled.jpg\" data-orig-size=\"2560,1440\" data-comments-opened=\"0\" data-image-meta=\"{&quot;aperture&quot;:&quot;0&quot;,&quot;credit&quot;:&quot;&quot;,&quot;camera&quot;:&quot;&quot;,&quot;caption&quot;:&quot;&quot;,&quot;created_timestamp&quot;:&quot;0&quot;,&quot;copyright&quot;:&quot;&quot;,&quot;focal_length&quot;:&quot;0&quot;,&quot;iso&quot;:&quot;0&quot;,&quot;shutter_speed&quot;:&quot;0&quot;,&quot;title&quot;:&quot;&quot;,&quot;orientation&quot;:&quot;0&quot;}\" data-image-title=\"kapnografia_jpg_Oldal_02\" data-image-description=\"\" data-medium-file=\"https:\/\/semmelweis.hu\/szimulacios-kozpont\/files\/2023\/01\/kapnografia_jpg_Oldal_02-400x225.jpg\" data-large-file=\"https:\/\/semmelweis.hu\/szimulacios-kozpont\/files\/2023\/01\/kapnografia_jpg_Oldal_02-1024x576.jpg\" style=\"margin: 2px;max-width:550px;max-height:550px;\" src=\"https:\/\/semmelweis.hu\/szimulacios-kozpont\/files\/2023\/01\/kapnografia_jpg_Oldal_02-scaled-184x184.jpg\" width=184 height=184 title=\"\" \/><\/a><\/div><div class=\"tiled-gallery-item\"><a border=\"0\" href=\"https:\/\/semmelweis.hu\/szimulacios-kozpont\/files\/2023\/01\/kapnografia_jpg_Oldal_03-scaled.jpg\"><img decoding=\"async\" data-attachment-id=\"540\" data-orig-file=\"https:\/\/semmelweis.hu\/szimulacios-kozpont\/files\/2023\/01\/kapnografia_jpg_Oldal_03-scaled.jpg\" data-orig-size=\"2560,1440\" data-comments-opened=\"0\" data-image-meta=\"{&quot;aperture&quot;:&quot;0&quot;,&quot;credit&quot;:&quot;&quot;,&quot;camera&quot;:&quot;&quot;,&quot;caption&quot;:&quot;&quot;,&quot;created_timestamp&quot;:&quot;0&quot;,&quot;copyright&quot;:&quot;&quot;,&quot;focal_length&quot;:&quot;0&quot;,&quot;iso&quot;:&quot;0&quot;,&quot;shutter_speed&quot;:&quot;0&quot;,&quot;title&quot;:&quot;&quot;,&quot;orientation&quot;:&quot;0&quot;}\" data-image-title=\"kapnografia_jpg_Oldal_03\" data-image-description=\"\" data-medium-file=\"https:\/\/semmelweis.hu\/szimulacios-kozpont\/files\/2023\/01\/kapnografia_jpg_Oldal_03-400x225.jpg\" data-large-file=\"https:\/\/semmelweis.hu\/szimulacios-kozpont\/files\/2023\/01\/kapnografia_jpg_Oldal_03-1024x576.jpg\" style=\"margin: 2px;max-width:550px;max-height:550px;\" src=\"https:\/\/semmelweis.hu\/szimulacios-kozpont\/files\/2023\/01\/kapnografia_jpg_Oldal_03-scaled-184x184.jpg\" width=184 height=184 title=\"\" \/><\/a><\/div><div class=\"tiled-gallery-item\"><a border=\"0\" href=\"https:\/\/semmelweis.hu\/szimulacios-kozpont\/files\/2023\/01\/kapnografia_jpg_Oldal_04-scaled.jpg\"><img decoding=\"async\" data-attachment-id=\"541\" data-orig-file=\"https:\/\/semmelweis.hu\/szimulacios-kozpont\/files\/2023\/01\/kapnografia_jpg_Oldal_04-scaled.jpg\" data-orig-size=\"2560,1440\" data-comments-opened=\"0\" data-image-meta=\"{&quot;aperture&quot;:&quot;0&quot;,&quot;credit&quot;:&quot;&quot;,&quot;camera&quot;:&quot;&quot;,&quot;caption&quot;:&quot;&quot;,&quot;created_timestamp&quot;:&quot;0&quot;,&quot;copyright&quot;:&quot;&quot;,&quot;focal_length&quot;:&quot;0&quot;,&quot;iso&quot;:&quot;0&quot;,&quot;shutter_speed&quot;:&quot;0&quot;,&quot;title&quot;:&quot;&quot;,&quot;orientation&quot;:&quot;0&quot;}\" data-image-title=\"kapnografia_jpg_Oldal_04\" data-image-description=\"\" data-medium-file=\"https:\/\/semmelweis.hu\/szimulacios-kozpont\/files\/2023\/01\/kapnografia_jpg_Oldal_04-400x225.jpg\" data-large-file=\"https:\/\/semmelweis.hu\/szimulacios-kozpont\/files\/2023\/01\/kapnografia_jpg_Oldal_04-1024x576.jpg\" style=\"margin: 2px;max-width:550px;max-height:550px;\" src=\"https:\/\/semmelweis.hu\/szimulacios-kozpont\/files\/2023\/01\/kapnografia_jpg_Oldal_04-scaled-184x184.jpg\" width=184 height=184 title=\"\" \/><\/a><\/div><div class=\"tiled-gallery-item\"><a border=\"0\" href=\"https:\/\/semmelweis.hu\/szimulacios-kozpont\/files\/2023\/01\/kapnografia_jpg_Oldal_05-scaled.jpg\"><img decoding=\"async\" data-attachment-id=\"542\" data-orig-file=\"https:\/\/semmelweis.hu\/szimulacios-kozpont\/files\/2023\/01\/kapnografia_jpg_Oldal_05-scaled.jpg\" data-orig-size=\"2560,1440\" data-comments-opened=\"0\" data-image-meta=\"{&quot;aperture&quot;:&quot;0&quot;,&quot;credit&quot;:&quot;&quot;,&quot;camera&quot;:&quot;&quot;,&quot;caption&quot;:&quot;&quot;,&quot;created_timestamp&quot;:&quot;0&quot;,&quot;copyright&quot;:&quot;&quot;,&quot;focal_length&quot;:&quot;0&quot;,&quot;iso&quot;:&quot;0&quot;,&quot;shutter_speed&quot;:&quot;0&quot;,&quot;title&quot;:&quot;&quot;,&quot;orientation&quot;:&quot;0&quot;}\" data-image-title=\"kapnografia_jpg_Oldal_05\" data-image-description=\"\" data-medium-file=\"https:\/\/semmelweis.hu\/szimulacios-kozpont\/files\/2023\/01\/kapnografia_jpg_Oldal_05-400x225.jpg\" data-large-file=\"https:\/\/semmelweis.hu\/szimulacios-kozpont\/files\/2023\/01\/kapnografia_jpg_Oldal_05-1024x576.jpg\" style=\"margin: 2px;max-width:550px;max-height:550px;\" src=\"https:\/\/semmelweis.hu\/szimulacios-kozpont\/files\/2023\/01\/kapnografia_jpg_Oldal_05-scaled-184x184.jpg\" width=184 height=184 title=\"\" \/><\/a><\/div><div class=\"tiled-gallery-item\"><a border=\"0\" href=\"https:\/\/semmelweis.hu\/szimulacios-kozpont\/files\/2023\/01\/kapnografia_jpg_Oldal_06-scaled.jpg\"><img decoding=\"async\" data-attachment-id=\"543\" data-orig-file=\"https:\/\/semmelweis.hu\/szimulacios-kozpont\/files\/2023\/01\/kapnografia_jpg_Oldal_06-scaled.jpg\" data-orig-size=\"2560,1440\" data-comments-opened=\"0\" data-image-meta=\"{&quot;aperture&quot;:&quot;0&quot;,&quot;credit&quot;:&quot;&quot;,&quot;camera&quot;:&quot;&quot;,&quot;caption&quot;:&quot;&quot;,&quot;created_timestamp&quot;:&quot;0&quot;,&quot;copyright&quot;:&quot;&quot;,&quot;focal_length&quot;:&quot;0&quot;,&quot;iso&quot;:&quot;0&quot;,&quot;shutter_speed&quot;:&quot;0&quot;,&quot;title&quot;:&quot;&quot;,&quot;orientation&quot;:&quot;0&quot;}\" data-image-title=\"kapnografia_jpg_Oldal_06\" data-image-description=\"\" data-medium-file=\"https:\/\/semmelweis.hu\/szimulacios-kozpont\/files\/2023\/01\/kapnografia_jpg_Oldal_06-400x225.jpg\" data-large-file=\"https:\/\/semmelweis.hu\/szimulacios-kozpont\/files\/2023\/01\/kapnografia_jpg_Oldal_06-1024x576.jpg\" style=\"margin: 2px;max-width:550px;max-height:550px;\" src=\"https:\/\/semmelweis.hu\/szimulacios-kozpont\/files\/2023\/01\/kapnografia_jpg_Oldal_06-scaled-184x184.jpg\" width=184 height=184 title=\"\" \/><\/a><\/div><div class=\"tiled-gallery-item\"><a border=\"0\" href=\"https:\/\/semmelweis.hu\/szimulacios-kozpont\/files\/2023\/01\/kapnografia_jpg_Oldal_07-scaled.jpg\"><img decoding=\"async\" data-attachment-id=\"544\" data-orig-file=\"https:\/\/semmelweis.hu\/szimulacios-kozpont\/files\/2023\/01\/kapnografia_jpg_Oldal_07-scaled.jpg\" data-orig-size=\"2560,1440\" data-comments-opened=\"0\" data-image-meta=\"{&quot;aperture&quot;:&quot;0&quot;,&quot;credit&quot;:&quot;&quot;,&quot;camera&quot;:&quot;&quot;,&quot;caption&quot;:&quot;&quot;,&quot;created_timestamp&quot;:&quot;0&quot;,&quot;copyright&quot;:&quot;&quot;,&quot;focal_length&quot;:&quot;0&quot;,&quot;iso&quot;:&quot;0&quot;,&quot;shutter_speed&quot;:&quot;0&quot;,&quot;title&quot;:&quot;&quot;,&quot;orientation&quot;:&quot;0&quot;}\" data-image-title=\"kapnografia_jpg_Oldal_07\" data-image-description=\"\" data-medium-file=\"https:\/\/semmelweis.hu\/szimulacios-kozpont\/files\/2023\/01\/kapnografia_jpg_Oldal_07-400x225.jpg\" data-large-file=\"https:\/\/semmelweis.hu\/szimulacios-kozpont\/files\/2023\/01\/kapnografia_jpg_Oldal_07-1024x576.jpg\" style=\"margin: 2px;max-width:550px;max-height:550px;\" src=\"https:\/\/semmelweis.hu\/szimulacios-kozpont\/files\/2023\/01\/kapnografia_jpg_Oldal_07-scaled-184x184.jpg\" width=184 height=184 title=\"\" \/><\/a><\/div><div class=\"tiled-gallery-item\"><a border=\"0\" href=\"https:\/\/semmelweis.hu\/szimulacios-kozpont\/files\/2023\/01\/kapnografia_jpg_Oldal_08-scaled.jpg\"><img decoding=\"async\" data-attachment-id=\"545\" data-orig-file=\"https:\/\/semmelweis.hu\/szimulacios-kozpont\/files\/2023\/01\/kapnografia_jpg_Oldal_08-scaled.jpg\" data-orig-size=\"2560,1440\" data-comments-opened=\"0\" data-image-meta=\"{&quot;aperture&quot;:&quot;0&quot;,&quot;credit&quot;:&quot;&quot;,&quot;camera&quot;:&quot;&quot;,&quot;caption&quot;:&quot;&quot;,&quot;created_timestamp&quot;:&quot;0&quot;,&quot;copyright&quot;:&quot;&quot;,&quot;focal_length&quot;:&quot;0&quot;,&quot;iso&quot;:&quot;0&quot;,&quot;shutter_speed&quot;:&quot;0&quot;,&quot;title&quot;:&quot;&quot;,&quot;orientation&quot;:&quot;0&quot;}\" data-image-title=\"kapnografia_jpg_Oldal_08\" data-image-description=\"\" data-medium-file=\"https:\/\/semmelweis.hu\/szimulacios-kozpont\/files\/2023\/01\/kapnografia_jpg_Oldal_08-400x225.jpg\" data-large-file=\"https:\/\/semmelweis.hu\/szimulacios-kozpont\/files\/2023\/01\/kapnografia_jpg_Oldal_08-1024x576.jpg\" style=\"margin: 2px;max-width:550px;max-height:550px;\" src=\"https:\/\/semmelweis.hu\/szimulacios-kozpont\/files\/2023\/01\/kapnografia_jpg_Oldal_08-scaled-184x184.jpg\" width=184 height=184 title=\"\" \/><\/a><\/div><div class=\"tiled-gallery-item\"><a border=\"0\" href=\"https:\/\/semmelweis.hu\/szimulacios-kozpont\/files\/2023\/01\/kapnografia_jpg_Oldal_09-scaled.jpg\"><img decoding=\"async\" data-attachment-id=\"546\" data-orig-file=\"https:\/\/semmelweis.hu\/szimulacios-kozpont\/files\/2023\/01\/kapnografia_jpg_Oldal_09-scaled.jpg\" data-orig-size=\"2560,1440\" data-comments-opened=\"0\" data-image-meta=\"{&quot;aperture&quot;:&quot;0&quot;,&quot;credit&quot;:&quot;&quot;,&quot;camera&quot;:&quot;&quot;,&quot;caption&quot;:&quot;&quot;,&quot;created_timestamp&quot;:&quot;0&quot;,&quot;copyright&quot;:&quot;&quot;,&quot;focal_length&quot;:&quot;0&quot;,&quot;iso&quot;:&quot;0&quot;,&quot;shutter_speed&quot;:&quot;0&quot;,&quot;title&quot;:&quot;&quot;,&quot;orientation&quot;:&quot;0&quot;}\" data-image-title=\"kapnografia_jpg_Oldal_09\" data-image-description=\"\" data-medium-file=\"https:\/\/semmelweis.hu\/szimulacios-kozpont\/files\/2023\/01\/kapnografia_jpg_Oldal_09-400x225.jpg\" data-large-file=\"https:\/\/semmelweis.hu\/szimulacios-kozpont\/files\/2023\/01\/kapnografia_jpg_Oldal_09-1024x576.jpg\" style=\"margin: 2px;max-width:550px;max-height:550px;\" src=\"https:\/\/semmelweis.hu\/szimulacios-kozpont\/files\/2023\/01\/kapnografia_jpg_Oldal_09-scaled-184x184.jpg\" width=184 height=184 title=\"\" \/><\/a><\/div><div class=\"tiled-gallery-item\"><a border=\"0\" href=\"https:\/\/semmelweis.hu\/szimulacios-kozpont\/files\/2023\/01\/kapnografia_jpg_Oldal_10-scaled.jpg\"><img decoding=\"async\" data-attachment-id=\"547\" data-orig-file=\"https:\/\/semmelweis.hu\/szimulacios-kozpont\/files\/2023\/01\/kapnografia_jpg_Oldal_10-scaled.jpg\" data-orig-size=\"2560,1440\" data-comments-opened=\"0\" data-image-meta=\"{&quot;aperture&quot;:&quot;0&quot;,&quot;credit&quot;:&quot;&quot;,&quot;camera&quot;:&quot;&quot;,&quot;caption&quot;:&quot;&quot;,&quot;created_timestamp&quot;:&quot;0&quot;,&quot;copyright&quot;:&quot;&quot;,&quot;focal_length&quot;:&quot;0&quot;,&quot;iso&quot;:&quot;0&quot;,&quot;shutter_speed&quot;:&quot;0&quot;,&quot;title&quot;:&quot;&quot;,&quot;orientation&quot;:&quot;0&quot;}\" data-image-title=\"kapnografia_jpg_Oldal_10\" data-image-description=\"\" data-medium-file=\"https:\/\/semmelweis.hu\/szimulacios-kozpont\/files\/2023\/01\/kapnografia_jpg_Oldal_10-400x225.jpg\" data-large-file=\"https:\/\/semmelweis.hu\/szimulacios-kozpont\/files\/2023\/01\/kapnografia_jpg_Oldal_10-1024x576.jpg\" style=\"margin: 2px;max-width:550px;max-height:550px;\" src=\"https:\/\/semmelweis.hu\/szimulacios-kozpont\/files\/2023\/01\/kapnografia_jpg_Oldal_10-scaled-184x184.jpg\" width=184 height=184 title=\"\" \/><\/a><\/div><div class=\"tiled-gallery-item\"><a border=\"0\" href=\"https:\/\/semmelweis.hu\/szimulacios-kozpont\/files\/2023\/01\/kapnografia_jpg_Oldal_11-scaled.jpg\"><img decoding=\"async\" data-attachment-id=\"548\" data-orig-file=\"https:\/\/semmelweis.hu\/szimulacios-kozpont\/files\/2023\/01\/kapnografia_jpg_Oldal_11-scaled.jpg\" data-orig-size=\"2560,1440\" data-comments-opened=\"0\" data-image-meta=\"{&quot;aperture&quot;:&quot;0&quot;,&quot;credit&quot;:&quot;&quot;,&quot;camera&quot;:&quot;&quot;,&quot;caption&quot;:&quot;&quot;,&quot;created_timestamp&quot;:&quot;0&quot;,&quot;copyright&quot;:&quot;&quot;,&quot;focal_length&quot;:&quot;0&quot;,&quot;iso&quot;:&quot;0&quot;,&quot;shutter_speed&quot;:&quot;0&quot;,&quot;title&quot;:&quot;&quot;,&quot;orientation&quot;:&quot;0&quot;}\" data-image-title=\"kapnografia_jpg_Oldal_11\" data-image-description=\"\" data-medium-file=\"https:\/\/semmelweis.hu\/szimulacios-kozpont\/files\/2023\/01\/kapnografia_jpg_Oldal_11-400x225.jpg\" data-large-file=\"https:\/\/semmelweis.hu\/szimulacios-kozpont\/files\/2023\/01\/kapnografia_jpg_Oldal_11-1024x576.jpg\" style=\"margin: 2px;max-width:550px;max-height:550px;\" src=\"https:\/\/semmelweis.hu\/szimulacios-kozpont\/files\/2023\/01\/kapnografia_jpg_Oldal_11-scaled-184x184.jpg\" width=184 height=184 title=\"\" \/><\/a><\/div><div class=\"tiled-gallery-item\"><a border=\"0\" href=\"https:\/\/semmelweis.hu\/szimulacios-kozpont\/files\/2023\/01\/kapnografia_jpg_Oldal_12-scaled.jpg\"><img decoding=\"async\" data-attachment-id=\"549\" data-orig-file=\"https:\/\/semmelweis.hu\/szimulacios-kozpont\/files\/2023\/01\/kapnografia_jpg_Oldal_12-scaled.jpg\" data-orig-size=\"2560,1440\" data-comments-opened=\"0\" data-image-meta=\"{&quot;aperture&quot;:&quot;0&quot;,&quot;credit&quot;:&quot;&quot;,&quot;camera&quot;:&quot;&quot;,&quot;caption&quot;:&quot;&quot;,&quot;created_timestamp&quot;:&quot;0&quot;,&quot;copyright&quot;:&quot;&quot;,&quot;focal_length&quot;:&quot;0&quot;,&quot;iso&quot;:&quot;0&quot;,&quot;shutter_speed&quot;:&quot;0&quot;,&quot;title&quot;:&quot;&quot;,&quot;orientation&quot;:&quot;0&quot;}\" data-image-title=\"kapnografia_jpg_Oldal_12\" data-image-description=\"\" data-medium-file=\"https:\/\/semmelweis.hu\/szimulacios-kozpont\/files\/2023\/01\/kapnografia_jpg_Oldal_12-400x225.jpg\" data-large-file=\"https:\/\/semmelweis.hu\/szimulacios-kozpont\/files\/2023\/01\/kapnografia_jpg_Oldal_12-1024x576.jpg\" style=\"margin: 2px;max-width:550px;max-height:550px;\" src=\"https:\/\/semmelweis.hu\/szimulacios-kozpont\/files\/2023\/01\/kapnografia_jpg_Oldal_12-scaled-184x184.jpg\" width=184 height=184 title=\"\" \/><\/a><\/div><\/div>[\/slb_exclude]\n<\/li>\n<\/ul>\n<h3><span style=\"color: #ffcc00\">&#8222;C&#8221; &#8211; Circulation (kering\u00e9s, vizsg\u00e1l\u00f3elj\u00e1r\u00e1sok, monitoroz\u00e1s, t\u00e1mogat\u00e1s)<\/span><\/h3>\n","protected":false},"excerpt":{"rendered":"<p>&#8222;A&#8221; &#8211; Airway (l\u00e9g\u00fat, l\u00e9g\u00fatbiztos\u00edt\u00e1s)<br \/>\n&#8222;B&#8221; &#8211; Breathing (l\u00e9gz\u00e9s, vizsg\u00e1l\u00f3elj\u00e1r\u00e1sok, l\u00e9legeztet\u00e9s)<\/p>\n<p><a href=\"https:\/\/semmelweis.hu\/szimulacios-kozpont\/files\/2023\/01\/kapnografia.pdf\">Kapnogr\u00e1fia, kapnometria<\/a><br \/>\n<a href=\"https:\/\/semmelweis.hu\/szimulacios-kozpont\/files\/2023\/01\/eloadas.pptx\">eloadas<\/a><\/p>\n<p>&#8222;C&#8221; &#8211; Circulation (kering\u00e9s, vizsg\u00e1l\u00f3elj\u00e1r\u00e1sok, monitoroz\u00e1s, t\u00e1mogat\u00e1s)<\/p>\n","protected":false},"author":102053,"featured_media":0,"parent":0,"menu_order":0,"comment_status":"closed","ping_status":"closed","template":"","meta":{"_acf_changed":false,"footnotes":""},"categories":[],"tags":[],"class_list":["post-529","page","type-page","status-publish","hentry"],"acf":[],"_links":{"self":[{"href":"https:\/\/semmelweis.hu\/szimulacios-kozpont\/wp-json\/wp\/v2\/pages\/529","targetHints":{"allow":["GET"]}}],"collection":[{"href":"https:\/\/semmelweis.hu\/szimulacios-kozpont\/wp-json\/wp\/v2\/pages"}],"about":[{"href":"https:\/\/semmelweis.hu\/szimulacios-kozpont\/wp-json\/wp\/v2\/types\/page"}],"author":[{"embeddable":true,"href":"https:\/\/semmelweis.hu\/szimulacios-kozpont\/wp-json\/wp\/v2\/users\/102053"}],"replies":[{"embeddable":true,"href":"https:\/\/semmelweis.hu\/szimulacios-kozpont\/wp-json\/wp\/v2\/comments?post=529"}],"version-history":[{"count":7,"href":"https:\/\/semmelweis.hu\/szimulacios-kozpont\/wp-json\/wp\/v2\/pages\/529\/revisions"}],"predecessor-version":[{"id":551,"href":"https:\/\/semmelweis.hu\/szimulacios-kozpont\/wp-json\/wp\/v2\/pages\/529\/revisions\/551"}],"wp:attachment":[{"href":"https:\/\/semmelweis.hu\/szimulacios-kozpont\/wp-json\/wp\/v2\/media?parent=529"}],"wp:term":[{"taxonomy":"category","embeddable":true,"href":"https:\/\/semmelweis.hu\/szimulacios-kozpont\/wp-json\/wp\/v2\/categories?post=529"},{"taxonomy":"post_tag","embeddable":true,"href":"https:\/\/semmelweis.hu\/szimulacios-kozpont\/wp-json\/wp\/v2\/tags?post=529"}],"curies":[{"name":"wp","href":"https:\/\/api.w.org\/{rel}","templated":true}]}}