{"id":49,"date":"2019-10-29T12:39:41","date_gmt":"2019-10-29T11:39:41","guid":{"rendered":"http:\/\/semmelweis.hu\/szimulacios-kozpont\/?page_id=49"},"modified":"2021-10-12T15:07:48","modified_gmt":"2021-10-12T13:07:48","slug":"gyermek-es-csecsemogyogyaszati-szkill-gyakorlatok","status":"publish","type":"page","link":"https:\/\/semmelweis.hu\/szimulacios-kozpont\/oktatas\/gradualis-kepzes\/gyermek-es-csecsemogyogyaszati-szkill-gyakorlatok\/","title":{"rendered":"Gyermek- \u00e9s csecsem\u0151gy\u00f3gy\u00e1szati szkill-gyakorlatok"},"content":{"rendered":"<p>A Klinikai Szimul\u00e1ci\u00f3s Tansz\u00e9ki Csoport az I. \u00e9s II. sz. Gyermekgy\u00f3gy\u00e1szati Klinik\u00e1kkal egy\u00fcttm\u0171k\u00f6d\u00e9sben dolgozta ki a s\u00fcrg\u0151ss\u00e9gi gyermekgy\u00f3gy\u00e1szati ell\u00e1t\u00e1s szimul\u00e1ci\u00f3s oktat\u00e1s-m\u00f3dszertan\u00e1t; mindemellett folyamatos eszk\u00f6z-\u00e9s laborszint\u0171 t\u00e1mogat\u00e1st, valamint &#8211; k\u00e9r\u00e9s eset\u00e9n &#8211; konzult\u00e1ci\u00f3s seg\u00edts\u00e9get ny\u00fajt a klinik\u00e1k r\u00e9sz\u00e9re. \u00a0 A Gyermekgy\u00f3gy\u00e1szati szkill (P-Szkill) gyakorlat keret\u00e9ben az 5. \u00e9ves hallgat\u00f3k megtanulj\u00e1k ABCDE protokoll alkalmaz\u00e1sa ment\u00e9n felismerni a s\u00fcrg\u0151ss\u00e9gi \u00e1llapot\u00fa csecsem\u0151ket \u00e9s gyermekeket, gyakorolj\u00e1k a l\u00e9g\u00fati idegentest elt\u00e1vol\u00edt\u00e1s\u00e1t, a l\u00e9g\u00fatbiztos\u00edt\u00e1st \u00e9s a l\u00e9legeztet\u00e9st. A szkill-gyakorlat c\u00e9lja a csecsem\u0151 \u00e9s gyermek \u00fajra\u00e9leszt\u00e9s P-BLS (Pediatric Basic Life Support) ERC \u00e1ltal el\u0151\u00edrt protokoll szerinti megismer\u00e9se, k\u00e9szs\u00e9g szint\u0171 elsaj\u00e1t\u00edt\u00e1sa, l\u00e9g\u00fati idegentest szakszer\u0171 elt\u00e1vol\u00edt\u00e1sa \u00e9s az ABCDE protokoll szerinti betegvizsg\u00e1lat. A szkillek elsaj\u00e1t\u00edt\u00e1s\u00e1t a hallgat\u00f3k, csecsem\u0151 \u00e9s gyermek szimul\u00e1torokon v\u00e9gzik. \u00a0 A t\u00e1rgyat felvett hallgat\u00f3k sz\u00e1m\u00e1ra pontos inform\u00e1ci\u00f3k itt:<\/p>\n<p><a class=\"button-big\" href=\"https:\/\/itc.semmelweis.hu\/moodle\/login\/index.php\" target=\"_blank\" rel=\"noopener noreferrer\"><strong>E-learning<\/strong><\/a><\/p>\n","protected":false},"excerpt":{"rendered":"<p>A Klinikai Szimul\u00e1ci\u00f3s Tansz\u00e9ki Csoport az I. \u00e9s II. sz. Gyermekgy\u00f3gy\u00e1szati Klinik\u00e1kkal egy\u00fcttm\u0171k\u00f6d\u00e9sben dolgozta ki a s\u00fcrg\u0151ss\u00e9gi gyermekgy\u00f3gy\u00e1szati ell\u00e1t\u00e1s szimul\u00e1ci\u00f3s oktat\u00e1s-m\u00f3dszertan\u00e1t; mindemellett folyamatos eszk\u00f6z-\u00e9s laborszint\u0171 t\u00e1mogat\u00e1st, valamint &#8211; k\u00e9r\u00e9s eset\u00e9n &#8211; konzult\u00e1ci\u00f3s seg\u00edts\u00e9get ny\u00fajt a klinik\u00e1k r\u00e9sz\u00e9re. \u00a0 A Gyermekgy\u00f3gy\u00e1szati szkill (P-Szkill) gyakorlat keret\u00e9ben az 5. \u00e9ves hallgat\u00f3k megtanulj\u00e1k ABCDE protokoll alkalmaz\u00e1sa ment\u00e9n felismerni a &hellip;<\/p>\n","protected":false},"author":101484,"featured_media":0,"parent":43,"menu_order":3,"comment_status":"closed","ping_status":"closed","template":"","meta":{"_acf_changed":false,"footnotes":""},"categories":[],"tags":[],"class_list":["post-49","page","type-page","status-publish","hentry"],"acf":[],"_links":{"self":[{"href":"https:\/\/semmelweis.hu\/szimulacios-kozpont\/wp-json\/wp\/v2\/pages\/49","targetHints":{"allow":["GET"]}}],"collection":[{"href":"https:\/\/semmelweis.hu\/szimulacios-kozpont\/wp-json\/wp\/v2\/pages"}],"about":[{"href":"https:\/\/semmelweis.hu\/szimulacios-kozpont\/wp-json\/wp\/v2\/types\/page"}],"author":[{"embeddable":true,"href":"https:\/\/semmelweis.hu\/szimulacios-kozpont\/wp-json\/wp\/v2\/users\/101484"}],"replies":[{"embeddable":true,"href":"https:\/\/semmelweis.hu\/szimulacios-kozpont\/wp-json\/wp\/v2\/comments?post=49"}],"version-history":[{"count":2,"href":"https:\/\/semmelweis.hu\/szimulacios-kozpont\/wp-json\/wp\/v2\/pages\/49\/revisions"}],"predecessor-version":[{"id":213,"href":"https:\/\/semmelweis.hu\/szimulacios-kozpont\/wp-json\/wp\/v2\/pages\/49\/revisions\/213"}],"up":[{"embeddable":true,"href":"https:\/\/semmelweis.hu\/szimulacios-kozpont\/wp-json\/wp\/v2\/pages\/43"}],"wp:attachment":[{"href":"https:\/\/semmelweis.hu\/szimulacios-kozpont\/wp-json\/wp\/v2\/media?parent=49"}],"wp:term":[{"taxonomy":"category","embeddable":true,"href":"https:\/\/semmelweis.hu\/szimulacios-kozpont\/wp-json\/wp\/v2\/categories?post=49"},{"taxonomy":"post_tag","embeddable":true,"href":"https:\/\/semmelweis.hu\/szimulacios-kozpont\/wp-json\/wp\/v2\/tags?post=49"}],"curies":[{"name":"wp","href":"https:\/\/api.w.org\/{rel}","templated":true}]}}