{"id":47,"date":"2019-10-29T12:37:55","date_gmt":"2019-10-29T11:37:55","guid":{"rendered":"http:\/\/semmelweis.hu\/szimulacios-kozpont\/?page_id=47"},"modified":"2021-11-08T07:44:18","modified_gmt":"2021-11-08T06:44:18","slug":"aneszteziologia-es-intenziv-terapia-kotelezoen-valaszthato-targy-szkill-es-szimulacios-gyakorlatai","status":"publish","type":"page","link":"https:\/\/semmelweis.hu\/szimulacios-kozpont\/oktatas\/gradualis-kepzes\/aneszteziologia-es-intenziv-terapia-kotelezoen-valaszthato-targy-szkill-es-szimulacios-gyakorlatai\/","title":{"rendered":"Aneszteziol\u00f3gia \u00e9s Intenz\u00edv Ter\u00e1pia k\u00f6telez\u0151en v\u00e1laszthat\u00f3 t\u00e1rgy szkill-\u00e9s szimul\u00e1ci\u00f3s gyakorlatai"},"content":{"rendered":"<p><a class=\"button-big\" href=\"https:\/\/itc.semmelweis.hu\/moodle\/login\/index.php\" target=\"_blank\" rel=\"noopener noreferrer\"><strong>E-learning<\/strong><\/a><\/p>\n","protected":false},"excerpt":{"rendered":"<p><a class=\"button-big\" href=\"https:\/\/itc.semmelweis.hu\/moodle\/login\/index.php\" target=\"_blank\" rel=\"noopener noreferrer\">E-learning<\/a><\/p>\n","protected":false},"author":101484,"featured_media":0,"parent":43,"menu_order":2,"comment_status":"closed","ping_status":"closed","template":"","meta":{"_acf_changed":false,"footnotes":""},"categories":[],"tags":[],"class_list":["post-47","page","type-page","status-publish","hentry"],"acf":[],"_links":{"self":[{"href":"https:\/\/semmelweis.hu\/szimulacios-kozpont\/wp-json\/wp\/v2\/pages\/47","targetHints":{"allow":["GET"]}}],"collection":[{"href":"https:\/\/semmelweis.hu\/szimulacios-kozpont\/wp-json\/wp\/v2\/pages"}],"about":[{"href":"https:\/\/semmelweis.hu\/szimulacios-kozpont\/wp-json\/wp\/v2\/types\/page"}],"author":[{"embeddable":true,"href":"https:\/\/semmelweis.hu\/szimulacios-kozpont\/wp-json\/wp\/v2\/users\/101484"}],"replies":[{"embeddable":true,"href":"https:\/\/semmelweis.hu\/szimulacios-kozpont\/wp-json\/wp\/v2\/comments?post=47"}],"version-history":[{"count":3,"href":"https:\/\/semmelweis.hu\/szimulacios-kozpont\/wp-json\/wp\/v2\/pages\/47\/revisions"}],"predecessor-version":[{"id":219,"href":"https:\/\/semmelweis.hu\/szimulacios-kozpont\/wp-json\/wp\/v2\/pages\/47\/revisions\/219"}],"up":[{"embeddable":true,"href":"https:\/\/semmelweis.hu\/szimulacios-kozpont\/wp-json\/wp\/v2\/pages\/43"}],"wp:attachment":[{"href":"https:\/\/semmelweis.hu\/szimulacios-kozpont\/wp-json\/wp\/v2\/media?parent=47"}],"wp:term":[{"taxonomy":"category","embeddable":true,"href":"https:\/\/semmelweis.hu\/szimulacios-kozpont\/wp-json\/wp\/v2\/categories?post=47"},{"taxonomy":"post_tag","embeddable":true,"href":"https:\/\/semmelweis.hu\/szimulacios-kozpont\/wp-json\/wp\/v2\/tags?post=47"}],"curies":[{"name":"wp","href":"https:\/\/api.w.org\/{rel}","templated":true}]}}