{"id":45,"date":"2019-10-29T12:37:12","date_gmt":"2019-10-29T11:37:12","guid":{"rendered":"http:\/\/semmelweis.hu\/szimulacios-kozpont\/?page_id=45"},"modified":"2025-06-18T09:55:14","modified_gmt":"2025-06-18T07:55:14","slug":"intenziv-terapia-es-aneszteziologia-kotelezo-targy-szkill-es-szimulacios-gyakorlatai","status":"publish","type":"page","link":"https:\/\/semmelweis.hu\/szimulacios-kozpont\/oktatas\/gradualis-kepzes\/intenziv-terapia-es-aneszteziologia-kotelezo-targy-szkill-es-szimulacios-gyakorlatai\/","title":{"rendered":"Intenz\u00edv Ter\u00e1pia \u00e9s Aneszteziol\u00f3gia k\u00f6telez\u0151 t\u00e1rgy szkill-\u00e9s szimul\u00e1ci\u00f3s gyakorlatai"},"content":{"rendered":"<p>Az Intenz\u00edv Ter\u00e1pia \u00e9s Aneszteziol\u00f3gia k\u00f6telez\u0151 tant\u00e1rgy 1992-ben ker\u00fclt be az \u00e1ltal\u00e1nos orvosk\u00e9pz\u00e9s 5. \u00e9v\u00e9be, melynek szimul\u00e1ci\u00f3alap\u00fa gyakorlati k\u00e9pz\u00e9s\u00e9ben a Klinikai Szimul\u00e1ci\u00f3s Tansz\u00e9ki Csoport vesz r\u00e9szt. A gradu\u00e1lis oktat\u00e1s fel\u00e9p\u00edt\u00e9se sor\u00e1n t\u00f6rekedt\u00fcnk a gyakorlatorient\u00e1lt k\u00e9pz\u00e9s kialak\u00edt\u00e1s\u00e1ra, \u00edgy az Intenz\u00edv Ter\u00e1pia \u00e9s Aneszteziol\u00f3gia t\u00e1rgy kurrikulum\u00e1ba 4 f\u00e9le beteg\u00e1gy melletti \u00e9s 5 k\u00fcl\u00f6nb\u00f6z\u0151 t\u00edpus\u00fa szimul\u00e1ci\u00f3s gyakorlatot is be\u00e9p\u00edtett\u00fcnk. \u00a0 Szitu\u00e1ci\u00f3s szimul\u00e1ci\u00f3s \u00e9s szkill gyakorlatok az ITK Szimul\u00e1ci\u00f3s K\u00f6zpontj\u00e1ban kapnak helyet. A t\u00e1rgyat felvett hallgat\u00f3k sz\u00e1m\u00e1ra pontos inform\u00e1ci\u00f3k itt:<\/p>\n<p><a class=\"button-big\" href=\"https:\/\/itc.semmelweis.hu\/moodle\/login\/index.php\" target=\"_blank\" rel=\"noopener noreferrer\"><strong>E-learning<\/strong><\/a><\/p>\n<p>\u00a0 \u00a0 \u00a0 <strong>CPR-alap gyakorlat<\/strong>: Szimul\u00e1ci\u00f3s gyakorlati k\u00e9pz\u00e9s keret\u00e9ben a hallgat\u00f3k el\u0151sz\u00f6r megtanulj\u00e1k a szab\u00e1lyos, alapszint\u0171 k\u00f3rh\u00e1zi \u00fajra\u00e9leszt\u00e9st, (Basic-Life-Support), a f\u00e9lautomata defibrill\u00e1tor (AED k\u00e9sz\u00fcl\u00e9k) haszn\u00e1lat\u00e1t \u00e9s a biztons\u00e1gos manu\u00e1lis defibrill\u00e1l\u00e1st. \u00a0 <strong>CPR-szimul\u00e1ci\u00f3<\/strong>: A megalapozott alapszint\u0171 \u00fajra\u00e9leszt\u00e9si k\u00e9szs\u00e9get a CPR-szimul\u00e1ci\u00f3s gyakorlatok keret\u00e9ben emelt szinten is elsaj\u00e1t\u00edtj\u00e1k (Advanced Life Support), megismerve \u00e9s alkalmazva az Eur\u00f3pai Reszuszcit\u00e1ci\u00f3s T\u00e1rsas\u00e1g (ERC) legfrissebb emelt szint\u0171 \u00fajra\u00e9leszt\u00e9si protokollj\u00e1t. \u00a0 <strong>HiFi-szimul\u00e1ci\u00f3<\/strong>: A gyakorlat keret\u00e9ben a hallgat\u00f3k magas h\u0171s\u00e9g\u0171 (highfidelity=HiFi) szimul\u00e1torok alkalmaz\u00e1s\u00e1val, val\u00f3s\u00e1gh\u0171 szitu\u00e1ci\u00f3kon kereszt\u00fcl, biztons\u00e1gos k\u00f6rnyezetben tanulj\u00e1k meg a kritikus \u00e1llapot\u00fa betegek felismer\u00e9s\u00e9t, ell\u00e1t\u00e1s\u00e1t, a diagn\u00f3zis fel\u00e1ll\u00edt\u00e1s\u00e1t majd \u00a0az azt k\u00f6vet\u0151 ter\u00e1pi\u00e1k alkalmaz\u00e1s\u00e1t, mindek\u00f6zben lehet\u0151s\u00e9g\u00fck ny\u00edlik a nem-technikai k\u00e9szs\u00e9gek fejleszt\u00e9s\u00e9re is. A szitu\u00e1ci\u00f3s szimul\u00e1ci\u00f3s gyakorlatok alkalm\u00e1val a hallgat\u00f3k ell\u00e1t\u00f3 teamk\u00e9nt m\u0171k\u00f6dve alkalmazz\u00e1k a komplex s\u00fcrg\u0151ss\u00e9gi l\u00e1t\u00e1sm\u00f3dot ig\u00e9nyl\u0151 ABCDE (L\u00e9g\u00fat-L\u00e9gz\u00e9s-Kering\u00e9s-Neurol\u00f3gia-Eg\u00e9sz test\/eset) betegvizsg\u00e1lati ell\u00e1t\u00e1si strat\u00e9gi\u00e1t \u00e9s megtanulj\u00e1k az SBAR (Szitu\u00e1ci\u00f3-Betegs\u00e9gel\u0151zm\u00e9ny-Aktu\u00e1lis St\u00e1tusz-Javaslat\/K\u00e9r\u00e9s) szerinti refer\u00e1l\u00e1st. C\u00e9l az egy\u00e9rtelm\u0171 kommunik\u00e1ci\u00f3 a csapaton bel\u00fcl \u00e9s a tov\u00e1bbi ell\u00e1t\u00f3 egys\u00e9gek k\u00f6z\u00f6tt. \u00a0 <strong>Kh-BLS gyakorlati vizsga<\/strong>: A gyakorlati k\u00e9pz\u00e9st a hallgat\u00f3k k\u00f3rh\u00e1zi alapszint\u0171 \u00fajra\u00e9leszt\u00e9si k\u00e9szs\u00e9gek megfelel\u0151 elsaj\u00e1t\u00edt\u00e1s\u00e1t felm\u00e9r\u0151 gyakorlati vizsg\u00e1val z\u00e1rj\u00e1k.<\/p>\n","protected":false},"excerpt":{"rendered":"<p>Az Intenz\u00edv Ter\u00e1pia \u00e9s Aneszteziol\u00f3gia k\u00f6telez\u0151 tant\u00e1rgy 1992-ben ker\u00fclt be az \u00e1ltal\u00e1nos orvosk\u00e9pz\u00e9s 5. \u00e9v\u00e9be, melynek szimul\u00e1ci\u00f3alap\u00fa gyakorlati k\u00e9pz\u00e9s\u00e9ben a Klinikai Szimul\u00e1ci\u00f3s Tansz\u00e9ki Csoport vesz r\u00e9szt. A gradu\u00e1lis oktat\u00e1s fel\u00e9p\u00edt\u00e9se sor\u00e1n t\u00f6rekedt\u00fcnk a gyakorlatorient\u00e1lt k\u00e9pz\u00e9s kialak\u00edt\u00e1s\u00e1ra, \u00edgy az Intenz\u00edv Ter\u00e1pia \u00e9s Aneszteziol\u00f3gia t\u00e1rgy kurrikulum\u00e1ba 4 f\u00e9le beteg\u00e1gy melletti \u00e9s 5 k\u00fcl\u00f6nb\u00f6z\u0151 t\u00edpus\u00fa szimul\u00e1ci\u00f3s gyakorlatot is &hellip;<\/p>\n","protected":false},"author":101484,"featured_media":0,"parent":43,"menu_order":1,"comment_status":"closed","ping_status":"closed","template":"","meta":{"_acf_changed":false,"footnotes":""},"categories":[],"tags":[],"class_list":["post-45","page","type-page","status-publish","hentry"],"acf":[],"_links":{"self":[{"href":"https:\/\/semmelweis.hu\/szimulacios-kozpont\/wp-json\/wp\/v2\/pages\/45","targetHints":{"allow":["GET"]}}],"collection":[{"href":"https:\/\/semmelweis.hu\/szimulacios-kozpont\/wp-json\/wp\/v2\/pages"}],"about":[{"href":"https:\/\/semmelweis.hu\/szimulacios-kozpont\/wp-json\/wp\/v2\/types\/page"}],"author":[{"embeddable":true,"href":"https:\/\/semmelweis.hu\/szimulacios-kozpont\/wp-json\/wp\/v2\/users\/101484"}],"replies":[{"embeddable":true,"href":"https:\/\/semmelweis.hu\/szimulacios-kozpont\/wp-json\/wp\/v2\/comments?post=45"}],"version-history":[{"count":5,"href":"https:\/\/semmelweis.hu\/szimulacios-kozpont\/wp-json\/wp\/v2\/pages\/45\/revisions"}],"predecessor-version":[{"id":588,"href":"https:\/\/semmelweis.hu\/szimulacios-kozpont\/wp-json\/wp\/v2\/pages\/45\/revisions\/588"}],"up":[{"embeddable":true,"href":"https:\/\/semmelweis.hu\/szimulacios-kozpont\/wp-json\/wp\/v2\/pages\/43"}],"wp:attachment":[{"href":"https:\/\/semmelweis.hu\/szimulacios-kozpont\/wp-json\/wp\/v2\/media?parent=45"}],"wp:term":[{"taxonomy":"category","embeddable":true,"href":"https:\/\/semmelweis.hu\/szimulacios-kozpont\/wp-json\/wp\/v2\/categories?post=45"},{"taxonomy":"post_tag","embeddable":true,"href":"https:\/\/semmelweis.hu\/szimulacios-kozpont\/wp-json\/wp\/v2\/tags?post=45"}],"curies":[{"name":"wp","href":"https:\/\/api.w.org\/{rel}","templated":true}]}}