{"id":43,"date":"2019-10-29T12:31:43","date_gmt":"2019-10-29T11:31:43","guid":{"rendered":"http:\/\/semmelweis.hu\/szimulacios-kozpont\/?page_id=43"},"modified":"2025-06-18T09:57:14","modified_gmt":"2025-06-18T07:57:14","slug":"gradualis-kepzes","status":"publish","type":"page","link":"https:\/\/semmelweis.hu\/szimulacios-kozpont\/oktatas\/gradualis-kepzes\/","title":{"rendered":"Gradu\u00e1lis k\u00e9pz\u00e9s"},"content":{"rendered":"<p>Az Intenz\u00edv Ter\u00e1pi\u00e1s Klinika, Klinikai Szimul\u00e1ci\u00f3s Tansz\u00e9ki Csoportja r\u00e9szt vesz a gradu\u00e1lis\u00a0 orvosk\u00e9pz\u00e9sben. A Semmelweis Szimul\u00e1ci\u00f3s K\u00f6zpont els\u0151dleges feladata, hogy az orvostanhallgat\u00f3k r\u00e9sz\u00e9re min\u00e9l t\u00f6bb gyakorlati k\u00e9pz\u00e9st biztos\u00edtson technikai \u00e9s nem-technikai k\u00e9szs\u00e9gek oktat\u00e1s\u00e1val, valamint szimul\u00e1ci\u00f3s gyakorlatokkal a legkorszer\u0171bb orvostechnikai eszk\u00f6z\u00f6k \u00e9s oktat\u00e1sm\u00f3dszertan seg\u00edts\u00e9g\u00e9vel. C\u00e9lunk, hogy a gyakorlatokat, a gradu\u00e1lis szitu\u00e1ci\u00f3s szimul\u00e1ci\u00f3s oktat\u00e1st \u00e9s szimul\u00e1ci\u00f3 alap\u00fa szkill-fejleszt\u00e9st min\u00e9l sz\u00e9lesebb szakmai sk\u00e1l\u00e1n, mind a hat \u00e9vfolyam sz\u00e1m\u00e1ra el\u00e9rhet\u0151v\u00e9 tegy\u00fck magyar, angol \u00e9s n\u00e9met nyelven egyar\u00e1nt. \u00a0<\/p>\n<ul>\n<li>Intenz\u00edv ter\u00e1pia \u00e9s aneszteziol\u00f3gia (k\u00f6telez\u0151 t\u00e1rgy): szkill-\u00e9s szimul\u00e1ci\u00f3s gyakorlatai<\/li>\n<li>Aneszteziol\u00f3gia \u00e9s intenz\u00edv ter\u00e1pia (k\u00f6telez\u0151en v\u00e1laszthat\u00f3 t\u00e1rgy): szkill-\u00e9s szimul\u00e1ci\u00f3s gyakorlatai<\/li>\n<li>Gyermek- \u00e9s csecsem\u0151gy\u00f3gy\u00e1szat: szkill-gyakorlatok (\u00f6t\u00f6d\u00e9veseknek)<\/li>\n<li>Radiol\u00f3gia: ultrahangos szkill-gyakorlatok (negyed\u00e9veseknek)<\/li>\n<li>Belgy\u00f3gy\u00e1szati propedeutika: ABCDE-SBAR \u2013gyakorlat (harmad\u00e9veseknek)<\/li>\n<li>\u00c1pol\u00e1stani k\u00e9szs\u00e9ggyakorlat (els\u0151\u00e9veseknek)<\/li>\n<li>GyTK: Perioperat\u00edv medicina<\/li>\n<li>Instruktork\u00e9pz\u00e9s az AITK demonstr\u00e1torai \u00e9s klinikai szimul\u00e1ci\u00f3s instruktorai r\u00e9sz\u00e9re<\/li>\n<li>GYIK: Gyakran Ism\u00e9telt K\u00e9rd\u00e9sek<\/li>\n<\/ul>\n","protected":false},"excerpt":{"rendered":"<p>Az Intenz\u00edv Ter\u00e1pi\u00e1s Klinika, Klinikai Szimul\u00e1ci\u00f3s Tansz\u00e9ki Csoportja r\u00e9szt vesz a gradu\u00e1lis\u00a0 orvosk\u00e9pz\u00e9sben. A Semmelweis Szimul\u00e1ci\u00f3s K\u00f6zpont els\u0151dleges feladata, hogy az orvostanhallgat\u00f3k r\u00e9sz\u00e9re min\u00e9l t\u00f6bb gyakorlati k\u00e9pz\u00e9st biztos\u00edtson technikai \u00e9s nem-technikai k\u00e9szs\u00e9gek oktat\u00e1s\u00e1val, valamint szimul\u00e1ci\u00f3s gyakorlatokkal a legkorszer\u0171bb orvostechnikai eszk\u00f6z\u00f6k \u00e9s oktat\u00e1sm\u00f3dszertan seg\u00edts\u00e9g\u00e9vel. C\u00e9lunk, hogy a gyakorlatokat, a gradu\u00e1lis szitu\u00e1ci\u00f3s szimul\u00e1ci\u00f3s oktat\u00e1st \u00e9s szimul\u00e1ci\u00f3 alap\u00fa &hellip;<\/p>\n","protected":false},"author":101484,"featured_media":0,"parent":23,"menu_order":1,"comment_status":"closed","ping_status":"closed","template":"","meta":{"_acf_changed":false,"footnotes":""},"categories":[],"tags":[],"class_list":["post-43","page","type-page","status-publish","hentry"],"acf":[],"_links":{"self":[{"href":"https:\/\/semmelweis.hu\/szimulacios-kozpont\/wp-json\/wp\/v2\/pages\/43","targetHints":{"allow":["GET"]}}],"collection":[{"href":"https:\/\/semmelweis.hu\/szimulacios-kozpont\/wp-json\/wp\/v2\/pages"}],"about":[{"href":"https:\/\/semmelweis.hu\/szimulacios-kozpont\/wp-json\/wp\/v2\/types\/page"}],"author":[{"embeddable":true,"href":"https:\/\/semmelweis.hu\/szimulacios-kozpont\/wp-json\/wp\/v2\/users\/101484"}],"replies":[{"embeddable":true,"href":"https:\/\/semmelweis.hu\/szimulacios-kozpont\/wp-json\/wp\/v2\/comments?post=43"}],"version-history":[{"count":3,"href":"https:\/\/semmelweis.hu\/szimulacios-kozpont\/wp-json\/wp\/v2\/pages\/43\/revisions"}],"predecessor-version":[{"id":590,"href":"https:\/\/semmelweis.hu\/szimulacios-kozpont\/wp-json\/wp\/v2\/pages\/43\/revisions\/590"}],"up":[{"embeddable":true,"href":"https:\/\/semmelweis.hu\/szimulacios-kozpont\/wp-json\/wp\/v2\/pages\/23"}],"wp:attachment":[{"href":"https:\/\/semmelweis.hu\/szimulacios-kozpont\/wp-json\/wp\/v2\/media?parent=43"}],"wp:term":[{"taxonomy":"category","embeddable":true,"href":"https:\/\/semmelweis.hu\/szimulacios-kozpont\/wp-json\/wp\/v2\/categories?post=43"},{"taxonomy":"post_tag","embeddable":true,"href":"https:\/\/semmelweis.hu\/szimulacios-kozpont\/wp-json\/wp\/v2\/tags?post=43"}],"curies":[{"name":"wp","href":"https:\/\/api.w.org\/{rel}","templated":true}]}}