{"id":39,"date":"2019-10-29T12:27:24","date_gmt":"2019-10-29T11:27:24","guid":{"rendered":"http:\/\/semmelweis.hu\/szimulacios-kozpont\/?page_id=39"},"modified":"2024-11-26T14:10:58","modified_gmt":"2024-11-26T13:10:58","slug":"hazirend","status":"publish","type":"page","link":"https:\/\/semmelweis.hu\/szimulacios-kozpont\/oktatas\/hazirend\/","title":{"rendered":"H\u00e1zirend"},"content":{"rendered":"<p>&nbsp;<\/p>\n<p style=\"text-align: center\"><span style=\"font-family: georgia, palatino, serif\"><strong>H\u00e1zirend<\/strong><\/span><\/p>\n<p><span style=\"font-family: georgia, palatino, serif\"><strong>\u00a0<\/strong><\/span> <span style=\"font-family: georgia, palatino, serif\"><strong>\u00a0<\/strong><\/span> <span style=\"font-family: georgia, palatino, serif;font-size: 12pt\"><strong>Kedves Hallgat\u00f3nk, L\u00e1togat\u00f3nk, Koll\u00e9g\u00e1nk!<\/strong><\/span> <span style=\"font-family: georgia, palatino, serif;font-size: 12pt\"><strong>\u00dcdv\u00f6z\u00f6lj\u00fck a Semmelweis Szimul\u00e1ci\u00f3s K\u00f6zpontban!<\/strong><\/span> <span style=\"font-family: georgia, palatino, serif;font-size: 12pt\"><strong><em>A hat\u00e9kony \u00e9s vid\u00e1m hangulat\u00fa oktat\u00e1s \u00e9rdek\u00e9ben a k\u00f6vetkez\u0151kben sz\u00e1m\u00edtunk sz\u00edves egy\u00fcttm\u0171k\u00f6d\u00e9s\u00e9re:<\/em><\/strong><\/span> \u00a0<\/p>\n<ol>\n<li><span style=\"font-family: georgia, palatino, serif;font-size: 12pt\"><strong>\u00c9rkez\u00e9s a Semmelweis Szimul\u00e1ci\u00f3s K\u00f6zpontba<\/strong><\/span><\/li>\n<\/ol>\n<p><span style=\"font-family: georgia, palatino, serif;font-size: 12pt\">A Semmelweis Szimul\u00e1ci\u00f3s K\u00f6zpontba val\u00f3 \u00e9rkez\u00e9s sor\u00e1n a kapualjban m\u0171k\u00f6d\u0151 forg\u00f3vill\u00e1s bel\u00e9ptet\u0151kaput a k\u00f6vetkez\u0151k\u00e9ppen tudja nyitni:<\/span><\/p>\n<ul>\n<li><span style=\"font-family: georgia, palatino, serif;font-size: 12pt\">az ITK \u00e1ltal kibocs\u00e1tott hallgat\u00f3i vonalk\u00f3dos k\u00e1rty\u00e1val (Kantech-vonalk\u00f3d);<\/span><\/li>\n<li><span style=\"font-family: georgia, palatino, serif;font-size: 12pt\">egyetemi dolgoz\u00f3i proxy-k\u00e1rty\u00e1val.<\/span><\/li>\n<\/ul>\n<p><span style=\"font-family: georgia, palatino, serif;font-size: 12pt\">A Semmelweis Szimul\u00e1ci\u00f3s K\u00f6zpont ter\u00fclet\u00e9n korl\u00e1tozott sz\u00e1mban ker\u00e9kp\u00e1r elhelyez\u00e9s\u00e9re m\u00f3d van, saj\u00e1t lakattal. A ker\u00e9kp\u00e1r elhelyez\u00e9s\u00e9ben a portaszolg\u00e1lat ny\u00fajt seg\u00edts\u00e9get. Az elhelyezett ker\u00e9kp\u00e1rok\u00e9rt anyagi felel\u0151ss\u00e9get nem v\u00e1llalunk.<\/span> <span style=\"font-family: georgia, palatino, serif;font-size: 12pt\"><strong>K\u00f6sz\u00f6nj\u00fck, hogy pontosan \u00e9rkezik a gyakorlatra!<\/strong><\/span> <span style=\"font-family: georgia, palatino, serif;font-size: 12pt\">Tisztelettel k\u00e9rj\u00fck, hogy a gyakorlat el\u0151tt a f\u00f6ldszinti hallgat\u00f3i v\u00e1r\u00f3ban helyezze el t\u00e1sk\u00e1j\u00e1t, kab\u00e1tj\u00e1t egy erre a c\u00e9lra kialak\u00edtott \u00f6lt\u00f6z\u0151szekr\u00e9nyben. A z\u00e1rhat\u00f3 szekr\u00e9nyek 100 Ft-os p\u00e9nz\u00e9rm\u00e9vel m\u0171k\u00f6dnek, melyet a kulcs visszahelyez\u00e9sekor mindenki visszakap.<\/span> <span style=\"font-family: georgia, palatino, serif;font-size: 12pt\"><strong>\u00a0<\/strong><\/span><\/p>\n<ol start=\"2\">\n<li><span style=\"font-family: georgia, palatino, serif;font-size: 12pt\"><strong>V\u00e1rakoz\u00e1si lehet\u0151s\u00e9g hallgat\u00f3k r\u00e9sz\u00e9re<\/strong><\/span><\/li>\n<\/ol>\n<p><span style=\"font-family: georgia, palatino, serif;font-size: 12pt\">Az emeleti oktat\u00e1si ter\u00fcleten helysz\u0171ke miatt v\u00e1rakoz\u00e1sra nincs m\u00f3d, erre a c\u00e9lra a hallgat\u00f3i v\u00e1r\u00f3k szolg\u00e1lnak, ahol k\u00e9nyelmesen helyet foglalhat. A gyakorlatra val\u00f3 v\u00e1rakoz\u00e1s sor\u00e1n a SEUNI wifi-h\u00e1l\u00f3zaton kereszt\u00fcl lehet\u0151s\u00e9g van internethaszn\u00e1latra (pl. az Egyetemi vagy a Klinikai honlapon az adott gyakorlatra val\u00f3 felk\u00e9sz\u00fcl\u00e9shez sz\u00fcks\u00e9ges tananyagok b\u00f6ng\u00e9sz\u00e9s\u00e9re). Az aktu\u00e1lis wifi-jelsz\u00f3 a parafat\u00e1bl\u00e1n megtal\u00e1lhat\u00f3.<\/span> <span style=\"font-family: georgia, palatino, serif;font-size: 12pt\">A gyakorl\u00f3termekbe \u00e9telt-italt, illetve a gyakorlathoz k\u00f6zvetlen\u00fcl nem sz\u00fcks\u00e9ges holmit bevinni tilos, ezeket k\u00e9rj\u00fck, hogy hagyja a hallgat\u00f3i v\u00e1r\u00f3ban.<\/span> <span style=\"font-family: georgia, palatino, serif;font-size: 12pt\">Amennyiben rendelkezik az ITK \u00e1ltal kibocs\u00e1tott <em>hallgat\u00f3i vonalk\u00f3dos k\u00e1rty\u00e1val<\/em>, k\u00e9rj\u00fck, vigye a k\u00e1rty\u00e1t mag\u00e1val az emeleti oktat\u00e1si ter\u00fcletre, mivel a gyakorlati jelenl\u00e9t regisztr\u00e1ci\u00f3ja a k\u00e1rtya seg\u00edts\u00e9g\u00e9vel gyorsabban megt\u00f6rt\u00e9nhet.<\/span> <span style=\"font-family: georgia, palatino, serif;font-size: 12pt\"><strong>\u00a0<\/strong><\/span><\/p>\n<ol start=\"3\">\n<li><span style=\"font-family: georgia, palatino, serif;font-size: 12pt\"><strong>Bel\u00e9p\u00e9s az emeleti oktat\u00e1si ter\u00fcletre<\/strong><\/span><\/li>\n<\/ol>\n<p><span style=\"font-family: georgia, palatino, serif;font-size: 12pt\">Az els\u0151 emeletre \u00e9rkezve a Szimul\u00e1ci\u00f3s K\u00f6zpont oktat\u00e1si koordin\u00e1tora fogadja a hallgat\u00f3kat, aki a bel\u00e9p\u00e9skor az ITK \u00e1ltal kibocs\u00e1tott vonalk\u00f3dos k\u00e1rtya seg\u00edts\u00e9g\u00e9vel regisztr\u00e1lja a jelenl\u00e9tet.<\/span> <span style=\"font-family: georgia, palatino, serif;font-size: 12pt\">A jelenl\u00e9t regisztr\u00e1ci\u00f3j\u00e1t k\u00f6vet\u0151en az oktat\u00e1si koordin\u00e1tor a megfelel\u0151 gyakorl\u00f3terembe ir\u00e1ny\u00edtja az egyes csoportokat.\u00a0<\/span> <span style=\"font-family: georgia, palatino, serif;font-size: 12pt\">A Szimul\u00e1ci\u00f3s K\u00f6zpontban minden hallgat\u00f3 a sz\u00e1m\u00e1ra kijel\u00f6lt gyakorl\u00f3termen k\u00edv\u00fcl csak oktat\u00f3ja vezet\u00e9s\u00e9vel l\u00e9phet be m\u00e1s termekbe. A gyakorlathoz sz\u00fcks\u00e9ges, el\u0151re odak\u00e9sz\u00edtett eszk\u00f6z\u00f6k\u00f6n k\u00edv\u00fcl a gyakorl\u00f3teremben tal\u00e1lhat\u00f3 egy\u00e9b eszk\u00f6z\u00f6ket, k\u00e9rj\u00fck, hagyja \u00e9rintetlen\u00fcl (ezek a Szimul\u00e1ci\u00f3s K\u00f6zpontban foly\u00f3 m\u00e1s k\u00e9pz\u00e9sekhez tartoznak).\u00a0<\/span> <span style=\"font-family: georgia, palatino, serif;font-size: 12pt\">Tisztelettel k\u00e9rj\u00fck, tartsa szem el\u0151tt, hogy a vonatkoz\u00f3 jogszab\u00e1lyok szerint a doh\u00e1nyz\u00e1s a K\u00f6zpont eg\u00e9sz ter\u00fclet\u00e9n \u2013 bele\u00e9rtve a mell\u00e9khelyis\u00e9geket is \u2013 tilos.<\/span> \u00a0 <span style=\"font-family: georgia, palatino, serif;font-size: 12pt\"><strong>Kapcsolat<\/strong><\/span> \u00a0 <span style=\"font-family: georgia, palatino, serif;font-size: 12pt\">A Semmelweis Szimul\u00e1ci\u00f3s K\u00f6zponttal kapcsolatos v\u00e9lem\u00e9ny, tapasztalat a <a href=\"aitk.koordinator@gmail.com\">szimulacioskozpont@semmelweis-univ.hu\u00a0<\/a>e-mail c\u00edmen oszthat\u00f3 meg, illetve \u00e9rdekl\u0151d\u00e9s, k\u00e9r\u00e9s eset\u00e9n forduljon bizalommal a helysz\u00ednen Hornung Barbara \u00e9s Orgov\u00e1nyi Szilvia oktat\u00e1si koordin\u00e1torokhoz.<\/span> \u00a0 <span style=\"font-family: georgia, palatino, serif;font-size: 12pt\"><strong>Rem\u00e9lj\u00fck, hogy hasznos \u00e9lm\u00e9nyekben lesz r\u00e9sze a Semmelweis Szimul\u00e1ci\u00f3s K\u00f6zpontban!<\/strong><\/span> <span style=\"font-family: georgia, palatino, serif;font-size: 12pt\"><strong>\u00a0<\/strong><\/span><\/p>\n<p style=\"text-align: center\"><span style=\"font-family: georgia, palatino, serif;font-size: 12pt\"><strong>Dr. Frit\u00faz G\u00e1bor<\/strong><\/span><\/p>\n<p style=\"text-align: center\"><span style=\"font-family: georgia, palatino, serif;font-size: 12pt\">szakmai vezet\u0151<\/span><\/p>\n<p><span style=\"font-family: georgia, palatino, serif;font-size: 12pt\">Klinikai Szimul\u00e1ci\u00f3s Tansz\u00e9ki Csoport<\/span><\/p>\n<p><span style=\"font-family: georgia, palatino, serif;font-size: 12pt\">Intenz\u00edv Ter\u00e1pi\u00e1s Klinika<\/span><\/p>\n<p><span style=\"font-family: georgia, palatino, serif;font-size: 12pt\">Semmelweis Egyetem<\/span><\/p>\n","protected":false},"excerpt":{"rendered":"<p>&nbsp; H\u00e1zirend \u00a0 \u00a0 Kedves Hallgat\u00f3nk, L\u00e1togat\u00f3nk, Koll\u00e9g\u00e1nk! \u00dcdv\u00f6z\u00f6lj\u00fck a Semmelweis Szimul\u00e1ci\u00f3s K\u00f6zpontban! A hat\u00e9kony \u00e9s vid\u00e1m hangulat\u00fa oktat\u00e1s \u00e9rdek\u00e9ben a k\u00f6vetkez\u0151kben sz\u00e1m\u00edtunk sz\u00edves egy\u00fcttm\u0171k\u00f6d\u00e9s\u00e9re: \u00a0 \u00c9rkez\u00e9s a Semmelweis Szimul\u00e1ci\u00f3s K\u00f6zpontba A Semmelweis Szimul\u00e1ci\u00f3s K\u00f6zpontba val\u00f3 \u00e9rkez\u00e9s sor\u00e1n a kapualjban m\u0171k\u00f6d\u0151 forg\u00f3vill\u00e1s bel\u00e9ptet\u0151kaput a k\u00f6vetkez\u0151k\u00e9ppen tudja nyitni: az ITK \u00e1ltal kibocs\u00e1tott hallgat\u00f3i vonalk\u00f3dos k\u00e1rty\u00e1val (Kantech-vonalk\u00f3d); &hellip;<\/p>\n","protected":false},"author":101484,"featured_media":0,"parent":23,"menu_order":3,"comment_status":"closed","ping_status":"closed","template":"","meta":{"_acf_changed":false,"footnotes":""},"categories":[],"tags":[],"class_list":["post-39","page","type-page","status-publish","hentry"],"acf":[],"_links":{"self":[{"href":"https:\/\/semmelweis.hu\/szimulacios-kozpont\/wp-json\/wp\/v2\/pages\/39","targetHints":{"allow":["GET"]}}],"collection":[{"href":"https:\/\/semmelweis.hu\/szimulacios-kozpont\/wp-json\/wp\/v2\/pages"}],"about":[{"href":"https:\/\/semmelweis.hu\/szimulacios-kozpont\/wp-json\/wp\/v2\/types\/page"}],"author":[{"embeddable":true,"href":"https:\/\/semmelweis.hu\/szimulacios-kozpont\/wp-json\/wp\/v2\/users\/101484"}],"replies":[{"embeddable":true,"href":"https:\/\/semmelweis.hu\/szimulacios-kozpont\/wp-json\/wp\/v2\/comments?post=39"}],"version-history":[{"count":6,"href":"https:\/\/semmelweis.hu\/szimulacios-kozpont\/wp-json\/wp\/v2\/pages\/39\/revisions"}],"predecessor-version":[{"id":583,"href":"https:\/\/semmelweis.hu\/szimulacios-kozpont\/wp-json\/wp\/v2\/pages\/39\/revisions\/583"}],"up":[{"embeddable":true,"href":"https:\/\/semmelweis.hu\/szimulacios-kozpont\/wp-json\/wp\/v2\/pages\/23"}],"wp:attachment":[{"href":"https:\/\/semmelweis.hu\/szimulacios-kozpont\/wp-json\/wp\/v2\/media?parent=39"}],"wp:term":[{"taxonomy":"category","embeddable":true,"href":"https:\/\/semmelweis.hu\/szimulacios-kozpont\/wp-json\/wp\/v2\/categories?post=39"},{"taxonomy":"post_tag","embeddable":true,"href":"https:\/\/semmelweis.hu\/szimulacios-kozpont\/wp-json\/wp\/v2\/tags?post=39"}],"curies":[{"name":"wp","href":"https:\/\/api.w.org\/{rel}","templated":true}]}}