{"id":35,"date":"2019-10-29T12:25:06","date_gmt":"2019-10-29T11:25:06","guid":{"rendered":"http:\/\/semmelweis.hu\/szimulacios-kozpont\/?page_id=35"},"modified":"2024-08-28T09:17:50","modified_gmt":"2024-08-28T07:17:50","slug":"bemutatkozas","status":"publish","type":"page","link":"https:\/\/semmelweis.hu\/szimulacios-kozpont\/bemutatkozas\/","title":{"rendered":"Bemutatkoz\u00e1s"},"content":{"rendered":"<p style=\"text-align: justify\"><span style=\"font-family: georgia, palatino, serif\">Az Aneszteziol\u00f3giai \u00e9s Intenz\u00edv Ter\u00e1pi\u00e1s Tansz\u00e9k (AITT) szimul\u00e1ci\u00f3s oktat\u00e1si k\u00f6zpontj\u00e1nak m\u0171k\u00f6d\u00e9s\u00e9t a Klinikai Szimul\u00e1ci\u00f3s Tansz\u00e9ki Csoport biztos\u00edtja.<\/span><\/p>\n<p style=\"text-align: justify\"><span style=\"font-family: georgia, palatino, serif\">A Semmelweis Szimul\u00e1ci\u00f3s K\u00f6zpont els\u0151dleges feladata, hogy az orvostanhallgat\u00f3k r\u00e9sz\u00e9re min\u00e9l t\u00f6bb gyakorlati k\u00e9pz\u00e9st biztos\u00edtson technikai \u00e9s nem-technikai k\u00e9szs\u00e9gek oktat\u00e1s\u00e1val, valamint szimul\u00e1ci\u00f3s gyakorlatokkal a legkorszer\u0171bb orvostechnikai eszk\u00f6z\u00f6k \u00e9s oktat\u00e1sm\u00f3dszertan seg\u00edts\u00e9g\u00e9vel. C\u00e9lunk, hogy a gyakorlatokat min\u00e9l sz\u00e9lesebb szakmai sk\u00e1l\u00e1n, mind a hat \u00e9vfolyam sz\u00e1m\u00e1ra el\u00e9rhet\u0151v\u00e9 tegy\u00fck magyar, angol \u00e9s n\u00e9met nyelven egyar\u00e1nt.<\/span> <span style=\"font-family: georgia, palatino, serif\">Emellett a Semmelweis Szimul\u00e1ci\u00f3s K\u00f6zpontban helysz\u00ednt \u00e9s eszk\u00f6zhaszn\u00e1lati lehet\u0151s\u00e9get biztos\u00edtunk sz\u00e1mos orvosi \u00e9s szakdolgoz\u00f3i posztgradu\u00e1lis k\u00e9pz\u00e9s gyakorlati elemeinek oktat\u00e1s\u00e1ra a legkorszer\u0171bb orvostechnikai eszk\u00f6z\u00f6kkel.<\/span> <span style=\"font-family: georgia, palatino, serif\">Az AITT szimul\u00e1ci\u00f3s oktat\u00e1si k\u00f6zpontja:<\/span> <span style=\"font-family: georgia, palatino, serif\">Semmelweis Szimul\u00e1ci\u00f3s K\u00f6zpont (1096 Budapest, Ern\u0151 u. 7.)<\/span> <span style=\"font-family: georgia, palatino, serif\">A szimul\u00e1ci\u00f3s oktat\u00e1si k\u00f6zpont egys\u00e9ges koncepci\u00f3 alapj\u00e1n vesz r\u00e9szt a gradu\u00e1lis, a posztgradu\u00e1lis orvosi \u00e9s a szakasszisztens-k\u00e9pz\u00e9sben.<\/span><\/p>\n","protected":false},"excerpt":{"rendered":"<p>A Semmelweis Szimul\u00e1ci\u00f3s K\u00f6zpont els\u0151dleges feladata, hogy orvostanhallgat\u00f3k r\u00e9sz\u00e9re min\u00e9l t\u00f6bb gyakorlati k\u00e9pz\u00e9st biztos\u00edtson, szimul\u00e1ci\u00f3s gyakorlatokkal a legkorszer\u0171bb orvostechnikai eszk\u00f6z\u00f6k \u00e9s oktat\u00e1sm\u00f3dszertan seg\u00edts\u00e9g\u00e9vel. <br \/>\nEmellett helysz\u00ednt \u00e9s eszk\u00f6zhaszn\u00e1lati lehet\u0151s\u00e9get biztos\u00edtunk sz\u00e1mos orvosi \u00e9s szakdolgoz\u00f3i posztgradu\u00e1lis k\u00e9pz\u00e9s gyakorlati elemeinek oktat\u00e1s\u00e1ra a legkorszer\u0171bb orvostechnikai eszk\u00f6z\u00f6kkel.<\/p>\n","protected":false},"author":101484,"featured_media":186,"parent":0,"menu_order":1,"comment_status":"closed","ping_status":"closed","template":"","meta":{"_acf_changed":false,"footnotes":""},"categories":[],"tags":[],"class_list":["post-35","page","type-page","status-publish","has-post-thumbnail","hentry"],"acf":[],"_links":{"self":[{"href":"https:\/\/semmelweis.hu\/szimulacios-kozpont\/wp-json\/wp\/v2\/pages\/35","targetHints":{"allow":["GET"]}}],"collection":[{"href":"https:\/\/semmelweis.hu\/szimulacios-kozpont\/wp-json\/wp\/v2\/pages"}],"about":[{"href":"https:\/\/semmelweis.hu\/szimulacios-kozpont\/wp-json\/wp\/v2\/types\/page"}],"author":[{"embeddable":true,"href":"https:\/\/semmelweis.hu\/szimulacios-kozpont\/wp-json\/wp\/v2\/users\/101484"}],"replies":[{"embeddable":true,"href":"https:\/\/semmelweis.hu\/szimulacios-kozpont\/wp-json\/wp\/v2\/comments?post=35"}],"version-history":[{"count":10,"href":"https:\/\/semmelweis.hu\/szimulacios-kozpont\/wp-json\/wp\/v2\/pages\/35\/revisions"}],"predecessor-version":[{"id":568,"href":"https:\/\/semmelweis.hu\/szimulacios-kozpont\/wp-json\/wp\/v2\/pages\/35\/revisions\/568"}],"wp:featuredmedia":[{"embeddable":true,"href":"https:\/\/semmelweis.hu\/szimulacios-kozpont\/wp-json\/wp\/v2\/media\/186"}],"wp:attachment":[{"href":"https:\/\/semmelweis.hu\/szimulacios-kozpont\/wp-json\/wp\/v2\/media?parent=35"}],"wp:term":[{"taxonomy":"category","embeddable":true,"href":"https:\/\/semmelweis.hu\/szimulacios-kozpont\/wp-json\/wp\/v2\/categories?post=35"},{"taxonomy":"post_tag","embeddable":true,"href":"https:\/\/semmelweis.hu\/szimulacios-kozpont\/wp-json\/wp\/v2\/tags?post=35"}],"curies":[{"name":"wp","href":"https:\/\/api.w.org\/{rel}","templated":true}]}}