{"id":144,"date":"2019-11-20T01:18:48","date_gmt":"2019-11-20T00:18:48","guid":{"rendered":"http:\/\/semmelweis.hu\/szimulacios-kozpont\/?page_id=144"},"modified":"2019-11-20T01:18:48","modified_gmt":"2019-11-20T00:18:48","slug":"kozepiskolai-instruktorkepzes","status":"publish","type":"page","link":"https:\/\/semmelweis.hu\/szimulacios-kozpont\/oktatas\/egyeb-kepzes\/kozepiskolai-instruktorkepzes\/","title":{"rendered":"K\u00f6z\u00e9piskolai instruktork\u00e9pz\u00e9s"},"content":{"rendered":"<p>Az elm\u00falt \u00e9vekben kidolgoztuk a fenntarthat\u00f3 k\u00f6z\u00e9piskolai \u00fajra\u00e9leszt\u00e9s-oktat\u00e1s modellj\u00e9t.<\/p>\n<p>Az AITK m\u00e1r 2014-ben elkezdte a k\u00f6z\u00e9piskolai egy\u00fcttm\u0171k\u00f6d\u00e9st, amikor 200 gimn\u00e1ziumi tanul\u00f3 (a Semmelweis Egyetem Kerpel-Fronius tehets\u00e9ggondoz\u00f3 programj\u00e1ban r\u00e9szt vev\u0151 gimn\u00e1ziumok tanul\u00f3i) saj\u00e1t\u00edtotta el az \u00fajra\u00e9leszt\u00e9st a klinika egyik, rendszeresen megrendez\u00e9sre ker\u00fcl\u0151 kongresszus\u00e1n (SIASTOK).<\/p>\n<p>A 2015\/2016-os tan\u00e9vben indult a klinika k\u00f6z\u00e9piskolai instruktork\u00e9pz\u0151 projektje, melynek keret\u00e9ben els\u0151k\u00e9nt az ELTE Ap\u00e1czai Csere J\u00e1nos Gyakorl\u00f3gimn\u00e1zium \u00e9s Koll\u00e9giumban ker\u00fclt bevezet\u00e9sre rendszerszint\u0171 \u00fajra\u00e9leszt\u00e9s-oktat\u00e1s, kik\u00e9pzett di\u00e1kinstruktorok \u00e1ltal.<\/p>\n<p>Az\u00f3ta m\u00e1r tov\u00e1bbi k\u00e9t int\u00e9zm\u00e9ny, az ELTE Trefort \u00c1goston Gyakorl\u00f3gimn\u00e1zium \u00e9s a Budapesti Fazekas Mih\u00e1ly Gyakorl\u00f3 \u00c1ltal\u00e1nos Iskola \u00e9s Gimn\u00e1zium is csatlakozott, \u00e9s ez a h\u00e1rom int\u00e9zm\u00e9ny egym\u00e1ssal is egy\u00fcttm\u0171k\u00f6dve folytatja az AITK programj\u00e1t, melynek keret\u00e9ben imm\u00e1r k\u00f6zel 1000 di\u00e1k \u00fajra\u00e9leszt\u00e9s-oktat\u00e1sa t\u00f6rt\u00e9nt meg.<\/p>\n","protected":false},"excerpt":{"rendered":"<p>Az elm\u00falt \u00e9vekben kidolgoztuk a fenntarthat\u00f3 k\u00f6z\u00e9piskolai \u00fajra\u00e9leszt\u00e9s-oktat\u00e1s modellj\u00e9t. Az AITK m\u00e1r 2014-ben elkezdte a k\u00f6z\u00e9piskolai egy\u00fcttm\u0171k\u00f6d\u00e9st, amikor 200 gimn\u00e1ziumi tanul\u00f3 (a Semmelweis Egyetem Kerpel-Fronius tehets\u00e9ggondoz\u00f3 programj\u00e1ban r\u00e9szt vev\u0151 gimn\u00e1ziumok tanul\u00f3i) saj\u00e1t\u00edtotta el az \u00fajra\u00e9leszt\u00e9st a klinika egyik, rendszeresen megrendez\u00e9sre ker\u00fcl\u0151 kongresszus\u00e1n (SIASTOK). A 2015\/2016-os tan\u00e9vben indult a klinika k\u00f6z\u00e9piskolai instruktork\u00e9pz\u0151 projektje, melynek keret\u00e9ben els\u0151k\u00e9nt &hellip;<\/p>\n","protected":false},"author":101484,"featured_media":0,"parent":138,"menu_order":3,"comment_status":"closed","ping_status":"closed","template":"","meta":{"_acf_changed":false,"footnotes":""},"categories":[],"tags":[],"class_list":["post-144","page","type-page","status-publish","hentry"],"acf":[],"_links":{"self":[{"href":"https:\/\/semmelweis.hu\/szimulacios-kozpont\/wp-json\/wp\/v2\/pages\/144","targetHints":{"allow":["GET"]}}],"collection":[{"href":"https:\/\/semmelweis.hu\/szimulacios-kozpont\/wp-json\/wp\/v2\/pages"}],"about":[{"href":"https:\/\/semmelweis.hu\/szimulacios-kozpont\/wp-json\/wp\/v2\/types\/page"}],"author":[{"embeddable":true,"href":"https:\/\/semmelweis.hu\/szimulacios-kozpont\/wp-json\/wp\/v2\/users\/101484"}],"replies":[{"embeddable":true,"href":"https:\/\/semmelweis.hu\/szimulacios-kozpont\/wp-json\/wp\/v2\/comments?post=144"}],"version-history":[{"count":1,"href":"https:\/\/semmelweis.hu\/szimulacios-kozpont\/wp-json\/wp\/v2\/pages\/144\/revisions"}],"predecessor-version":[{"id":145,"href":"https:\/\/semmelweis.hu\/szimulacios-kozpont\/wp-json\/wp\/v2\/pages\/144\/revisions\/145"}],"up":[{"embeddable":true,"href":"https:\/\/semmelweis.hu\/szimulacios-kozpont\/wp-json\/wp\/v2\/pages\/138"}],"wp:attachment":[{"href":"https:\/\/semmelweis.hu\/szimulacios-kozpont\/wp-json\/wp\/v2\/media?parent=144"}],"wp:term":[{"taxonomy":"category","embeddable":true,"href":"https:\/\/semmelweis.hu\/szimulacios-kozpont\/wp-json\/wp\/v2\/categories?post=144"},{"taxonomy":"post_tag","embeddable":true,"href":"https:\/\/semmelweis.hu\/szimulacios-kozpont\/wp-json\/wp\/v2\/tags?post=144"}],"curies":[{"name":"wp","href":"https:\/\/api.w.org\/{rel}","templated":true}]}}