{"id":9,"date":"2024-09-09T14:34:42","date_gmt":"2024-09-09T12:34:42","guid":{"rendered":"https:\/\/semmelweis.hu\/szii\/?page_id=9"},"modified":"2025-11-22T18:55:10","modified_gmt":"2025-11-22T17:55:10","slug":"iskolak-kepzesi-programja","status":"publish","type":"page","link":"https:\/\/semmelweis.hu\/szii\/rolunk\/iskolak-kepzesi-programja\/","title":{"rendered":"Szervezeti egys\u00e9gek k\u00e9pz\u00e9si programja"},"content":{"rendered":"<p style=\"text-align: justify\"><strong>A Semmelweis Egyetem n\u00e9gy eg\u00e9szs\u00e9g\u00fcgyi k\u00f6z\u00e9pfok\u00fa szakk\u00e9pz\u0151 int\u00e9zm\u00e9nye\u00a0<\/strong><strong>ingyenes, iskolarendszer\u0171, illetve \u00e9retts\u00e9gire \u00e9p\u00fcl\u0151, technikumi, szakgimn\u00e1ziumi \u00e9s szakk\u00e9pz\u0151 iskolai k\u00e9pz\u00e9seket k\u00edn\u00e1lnak.<\/strong><\/p>\n<p style=\"text-align: justify\">A k\u00e9pz\u00e9seket\u00a0<strong>szakmai vizsga<\/strong>\u00a0z\u00e1rja, melynek sikeres teljes\u00edt\u00e9s\u00e9t k\u00f6vet\u0151en a v\u00e9gzettek\u00a0<strong>szakmai bizony\u00edtv\u00e1ny<\/strong>t, illetve\u00a0<strong>oklevelet<\/strong>\u00a0kapnak, amely \u00e1llamilag elismert\u00a0<strong>k\u00f6z\u00e9pfok\u00fa v\u00e9gzetts\u00e9get \u00e9s szakk\u00e9pzetts\u00e9get tan\u00fas\u00edt<\/strong>\u00a0\u00e9s egy vagy t\u00f6bb foglalkoz\u00e1s valamennyi munkak\u00f6r\u00e9nek bet\u00f6lt\u00e9s\u00e9re jogos\u00edt.<\/p>\n<h2 style=\"text-align: justify\">Ingyenes k\u00e9pz\u00e9s tanul\u00f3i jogviszonnyal, \u00f6szt\u00f6nd\u00edj lehet\u0151s\u00e9ggel:<\/h2>\n<p style=\"text-align: justify\"><strong>Legfeljebb k\u00e9t szakma megszerz\u00e9se az els\u0151 szakmai vizsga befejez\u00e9s\u00e9ig<\/strong>\u00a0\u2013 m\u00e1sodik szakma eset\u00e9n legfeljebb h\u00e1rom tan\u00e9ven kereszt\u00fcl \u2013\u00a0<strong>ingyenes<\/strong>. Szakk\u00e9pz\u0151 int\u00e9zm\u00e9nyben a szakmai k\u00e9pz\u00e9shez kapcsol\u00f3d\u00f3 els\u0151 szakk\u00e9pes\u00edt\u00e9s megszerz\u00e9se az els\u0151 k\u00e9pes\u00edt\u0151 vizsga befejez\u00e9s\u00e9ig ingyenes.\u00a0<strong>Aki 25. \u00e9let\u00e9v\u00e9t m\u00e9g nem t\u00f6lt\u00f6tte be, ak\u00e1r a m\u00e1sodik szakm\u00e1t is tanul\u00f3i jogviszonyban szerezheti meg<\/strong>.\u00a0<\/p>\n<p style=\"text-align: justify\"><strong>Minden technikumi vagy szakk\u00e9pz\u0151 iskolai szakk\u00e9pz\u00e9sben tanul\u00f3i jogviszonnyal r\u00e9sztvev\u0151, tanulm\u00e1nyi eredm\u00e9nyt\u0151l is f\u00fcgg\u0151 m\u00e9rt\u00e9k\u0171 \u00f6szt\u00f6nd\u00edjra jogosult.<\/strong>\u00a0Az \u00e1gazati alapvizsg\u00e1t k\u00f6vet\u0151en a du\u00e1lis k\u00e9pz\u00e9sben a k\u00e9pz\u0151hely a tanul\u00f3val szakk\u00e9pz\u00e9si munkaszerz\u0151d\u00e9st k\u00f6t, amely alapj\u00e1n a tanul\u00f3 a v\u00e9gzett munk\u00e1\u00e9rt munkab\u00e9rre lesz jogosult, \u00edgy ak\u00e1r a minim\u00e1lb\u00e9r \u00f6sszeg\u00e9t, de legal\u00e1bb a minim\u00e1lb\u00e9r 60%-\u00e1t is megkaphatja.\u00a0<strong>A tanul\u00f3i jogviszonyban \u00e1ll\u00f3k jogosultak di\u00e1kigazolv\u00e1nyra.<\/strong><\/p>\n<h2>Szakmai oktat\u00e1s 25 \u00e9ves kor felett:<\/h2>\n<p style=\"text-align: justify\"><strong>A 25 \u00e9v felettiek szakmai oktat\u00e1sa feln\u0151ttk\u00e9pz\u00e9si jogviszonyban t\u00f6rt\u00e9nik.<\/strong>\u00a0A feln\u0151ttk\u00e9pz\u00e9si jogviszonyban a k\u00e9pz\u00e9si id\u0151 \u2013 kor\u00e1bbi tanulm\u00e1nyai, el\u0151zetesen megszerzett tud\u00e1sa, illetve a hasonl\u00f3 munkak\u00f6rben, vagy m\u00e1r megl\u00e9v\u0151 k\u00e9pes\u00edt\u00e9s birtok\u00e1ban megszerzett gyakorlata figyelembev\u00e9tel\u00e9vel (azaz besz\u00e1m\u00edt\u00e1ssal) \u2013 sz\u00e1mottev\u0151en cs\u00f6kkenhet. A k\u00e9pz\u00e9st sikeresen befejez\u0151k a szakir\u00e1ny\u00fa v\u00e9gzetts\u00e9g\u00e9rt kapott t\u00f6bbletpontokkal el\u0151nyt szerezhetnek a fels\u0151fok\u00fa tanulm\u00e1nyaikhoz!<\/p>\n<p style=\"text-align: justify\">Annak, aki okleveles technikusi v\u00e9gzetts\u00e9get ad\u00f3 technikumi oktat\u00e1sban szerzett szakm\u00e1t (pl. \u00e1ltal\u00e1nos \u00e1pol\u00f3) \u2013 mivel a k\u00e9pz\u00e9st a Semmelweis Egyetem koordin\u00e1lja \u2013 a k\u00f6z\u00e9pfok\u00fa tanulm\u00e1nyok besz\u00e1m\u00edt\u00e1sra ker\u00fclnek a fels\u0151fok\u00fa tanulm\u00e1nyokba.<\/p>\n<h2>K\u00e9pz\u00e9seink:<\/h2>\n<h4><strong>Eg\u00e9szs\u00e9g\u00fcgyi \u00e1gazat<\/strong><\/h4>\n<h5>Eg\u00e9szs\u00e9g\u00fcgyi technikum<strong><br \/>\n<\/strong><\/h5>\n<p style=\"text-align: justify\">Az \u00e1gazati alapvizsga sikeres teljes\u00edt\u00e9s\u00e9t k\u00f6vet\u0151en ny\u00edlik lehet\u0151s\u00e9g a szakmair\u00e1ny v\u00e1laszt\u00e1s\u00e1ra. 10 szakk\u00e9pes\u00edt\u00e9s ter\u00fcleten ak\u00e1r 23 szakmair\u00e1nyban ny\u00fajt lehet\u0151s\u00e9get a szakk\u00e9pzetts\u00e9g megszerz\u00e9s\u00e9re. A 9-12.\u00e9vfolyamon valamennyi szakma ter\u00fclet\u00e9n azonos tartalommal zajlik a k\u00e9pz\u00e9s.<\/p>\n<h6 style=\"text-align: justify\"><strong>K\u00e9t tan\u00edt\u00e1si nyelv\u0171 Eg\u00e9szs\u00e9g\u00fcgyi technikum <\/strong><em>(kiz\u00e1r\u00f3lag a B\u00f3kay J\u00e1nos T\u00f6bbc\u00e9l\u00fa Szakk\u00e9pz\u0151 Int\u00e9zm\u00e9nyben)<\/em><\/h6>\n<p style=\"text-align: justify\">K\u00e9pz\u00e9si id\u0151: 1 + 5 + 1 \u00e9v. Az oktat\u00e1s a 0. \u00e9vfolyamon kezd\u0151dik, ahol a tan\u00edt\u00e1si \u00f3r\u00e1k t\u00f6bb mint fel\u00e9ben az angol nyelvi k\u00e9szs\u00e9gek alapoz\u00e1sa folyik. A k\u00e9pz\u00e9s tov\u00e1bbi r\u00e9sze megegyezik az el\u0151z\u0151ekben le\u00edrtakkal.<\/p>\n<h5>Megszerezhet\u0151 eg\u00e9szs\u00e9g\u00fcgyi szakm\u00e1k \u00e9s szakmair\u00e1nyok:<\/h5>\n<table class=\"middle-border\" border=\"1\" width=\"100%\">\n<tbody>\n<tr>\n<td rowspan=\"2\"><strong>Szakma<\/strong><\/td>\n<td rowspan=\"2\"><strong>Szakmair\u00e1ny<br \/>\n<\/strong>(nem teljes k\u00f6r\u0171 felsorol\u00e1s)<\/td>\n<td colspan=\"2\"><strong>K\u00e9pz\u00e9si id\u0151<\/strong><\/td>\n<\/tr>\n<tr>\n<td>Alapfok\u00fa v\u00e9gzetts\u00e9ggel<\/td>\n<td>\u00c9retts\u00e9gi v\u00e9gzetts\u00e9ggel<\/td>\n<\/tr>\n<tr>\n<td><strong>Eg\u00e9szs\u00e9g\u00fcgyi asszisztens<\/strong><\/td>\n<td>\n<ul>\n<li>Fog\u00e1szati asszisztens<\/li>\n<li>Gy\u00f3gyszert\u00e1ri asszisztens<\/li>\n<li>Kardiol\u00f3giai \u00e9s angiol\u00f3giai asszisztens<\/li>\n<li>Perioperat\u00edv asszisztens<\/li>\n<li>Radiogr\u00e1fiai asszisztens<\/li>\n<\/ul>\n<\/td>\n<td>5 \u00e9v<\/td>\n<td>2 \u00e9v<\/td>\n<\/tr>\n<tr>\n<td><strong>Eg\u00e9szs\u00e9g\u00fcgyi labor\u00e1ns<\/strong><\/td>\n<td>\n<ul>\n<li>Klinikai laborat\u00f3riumi asszisztens<\/li>\n<li>Sz\u00f6vettani asszisztens<\/li>\n<\/ul>\n<\/td>\n<td>5 \u00e9v<\/td>\n<td>2 \u00e9v<\/td>\n<\/tr>\n<tr>\n<td><strong>Ment\u0151\u00e1pol\u00f3<\/strong><\/td>\n<td>&nbsp;<\/td>\n<td>5 \u00e9v<\/td>\n<td>2 \u00e9v<\/td>\n<\/tr>\n<tr>\n<td><strong>Rehabilit\u00e1ci\u00f3s terapeuta<\/strong><\/td>\n<td>\n<ul>\n<li>Fizioter\u00e1pi\u00e1s asszisztens<\/li>\n<li>Gy\u00f3gymassz\u0151r<\/li>\n<\/ul>\n<\/td>\n<td>5 \u00e9v<\/td>\n<td>2 \u00e9v<\/td>\n<\/tr>\n<tr>\n<td><strong>\u00c1ltal\u00e1nos \u00e1pol\u00f3<\/strong><\/td>\n<td>&nbsp;<\/td>\n<td>6 \u00e9v<\/td>\n<td>3 \u00e9v<\/td>\n<\/tr>\n<tr>\n<td><strong>Klinikai laborat\u00f3riumi szakasszisztens<\/strong><\/td>\n<td>\n<ul>\n<li>Hematol\u00f3giai \u00e9s transzfuziol\u00f3giai szakasszisztens<\/li>\n<li>K\u00e9miai laborat\u00f3riumi szakasszisztens<\/li>\n<li>Mikrobiol\u00f3giai szakasszisztens<\/li>\n<\/ul>\n<\/td>\n<td>6 \u00e9v<\/td>\n<td>3 \u00e9v<\/td>\n<\/tr>\n<tr>\n<td><strong>Perioperat\u00edv szakasszisztens<\/strong><strong><br \/>\n<\/strong><\/td>\n<td>\n<ul>\n<li>Anaszteziol\u00f3giai szakasszisztens<\/li>\n<li>M\u0171t\u00e9ti szakasszisztens<\/li>\n<\/ul>\n<\/td>\n<td>6 \u00e9v<\/td>\n<td>3 \u00e9v<\/td>\n<\/tr>\n<tr>\n<td><strong>Radiogr\u00e1fiai szakasszisztens<\/strong><\/td>\n<td>\n<ul>\n<li>CT\/MR szakasszisztens<\/li>\n<li>Nukle\u00e1ris szakasszisztens<\/li>\n<li>Sug\u00e1rter\u00e1pi\u00e1s szakasszisztens<\/li>\n<li>Intervenci\u00f3s szakasszisztens<\/li>\n<\/ul>\n<\/td>\n<td>6 \u00e9v<\/td>\n<td>3 \u00e9v<\/td>\n<\/tr>\n<tr>\n<td><strong>Sz\u00f6vettani szakasszisztens<\/strong><\/td>\n<td>\n<ul>\n<li>Citol\u00f3giai szakasszisztens<\/li>\n<\/ul>\n<\/td>\n<td>6 \u00e9v<\/td>\n<td>3 \u00e9v<\/td>\n<\/tr>\n<tr>\n<td><strong>Alap\u00e1pol\u00e1si munkat\u00e1rs<\/strong><\/td>\n<td>&nbsp;<\/td>\n<td>3\u00e9v<\/td>\n<td>2\u00e9v<\/td>\n<\/tr>\n<tr>\n<td><strong>Csecsem\u0151 \u00e9s gyermek\u00e1pol\u00f3<\/strong><\/td>\n<td>&nbsp;<\/td>\n<td>5\u00e9v<\/td>\n<td>2\u00e9v<\/td>\n<\/tr>\n<\/tbody>\n<\/table>\n<h4>\u00a0<\/h4>\n<h4><strong>SZOCI\u00c1LIS \u00c1GAZAT<\/strong><\/h4>\n<h5>Szoci\u00e1lis technikum<\/h5>\n<p><strong>K\u00e9pz\u00e9si id\u0151:<\/strong>\u00a05 \u00e9v (alapfok\u00fa v\u00e9gzetts\u00e9ggel); 2 \u00e9v (\u00e9retts\u00e9gi v\u00e9gzetts\u00e9ggel)<br \/>\n<strong>Megszerezhet\u0151 v\u00e9gzetts\u00e9g:<\/strong>\u00a0\u00e9retts\u00e9gi vizsga illetve technikusi oklev\u00e9l:<\/p>\n<ul>\n<li>\n<ul>\n<li><strong>Kisgyermekgondoz\u00f3, -nevel\u0151<\/strong>\u00a0vagy<\/li>\n<li><strong>Szoci\u00e1lis \u00e9s gyermekv\u00e9delmi szakasszisztens\u00a0<\/strong>szakm\u00e1kban<\/li>\n<\/ul>\n<\/li>\n<\/ul>\n<h5>Szakk\u00e9pz\u0151 iskola<\/h5>\n<p><strong>K\u00e9pz\u00e9si id\u0151:<\/strong>\u00a03 \u00e9v (alapfok\u00fa v\u00e9gzetts\u00e9ggel); 2 \u00e9v (\u00e9retts\u00e9gi v\u00e9gzetts\u00e9ggel)<br \/>\n<strong>Megszerezhet\u0151 v\u00e9gzetts\u00e9g:<\/strong><\/p>\n<ul>\n<li>\n<ul>\n<li><strong>Gyermek- \u00e9s ifj\u00fas\u00e1gi fel\u00fcgyel\u0151<\/strong><\/li>\n<li><strong>Szoci\u00e1lis \u00e1pol\u00f3 \u00e9s gondoz\u00f3 szakk\u00e9pes\u00edt\u00e9s<\/strong><\/li>\n<\/ul>\n<\/li>\n<\/ul>\n<h4><strong>SPORT \u00c1GAZAT<\/strong><\/h4>\n<h6 style=\"text-align: justify\"><strong>Sport technikum <\/strong><em>(kiz\u00e1r\u00f3lag a SE B\u00f3kay J\u00e1nos T\u00f6bbc\u00e9l\u00fa Szakk\u00e9pz\u0151 Int\u00e9zm\u00e9ny\u00e9ben)<\/em><\/h6>\n<p style=\"text-align: justify\">A k\u00e9pz\u00e9s sor\u00e1n a k\u00f6zismereti t\u00e1rgyak mellett sport-szakmai k\u00e9pz\u00e9s (edz\u00e9selm\u00e9let, sport-anat\u00f3miai ismeretek, gimnasztika elm\u00e9let-gyakorlat, sport-els\u0151seg\u00e9ly) folyik.<br \/>\n<strong>K\u00e9pz\u00e9si id\u0151:<\/strong>\u00a05 \u00e9v (alapfok\u00fa v\u00e9gzetts\u00e9ggel); 2 \u00e9v (\u00e9retts\u00e9gi v\u00e9gzetts\u00e9ggel)<br \/>\n<strong>Megszerezhet\u0151 v\u00e9gzetts\u00e9g:<\/strong>\u00a0\u00e9retts\u00e9gi vizsga \u00e9s technikusi oklev\u00e9l:\u00a0<strong>Fitness-wellness instruktor<\/strong><\/p>\n<p><span style=\"color: #993300\">(A 2025-2026-os tan\u00e9vben ism\u00e9t meghirdet\u00e9sre ker\u00fclt az iskola sport \u00e1gazati k\u00e9pz\u00e9se.)<\/span><\/p>\n<h4><strong>OKTAT\u00c1S \u00c1GAZAT<\/strong><\/h4>\n<p><strong>K\u00e9pz\u00e9si id\u0151:<\/strong>\u00a05 \u00e9v (alapfok\u00fa v\u00e9gzetts\u00e9ggel); 2 \u00e9v (\u00e9retts\u00e9gi v\u00e9gzetts\u00e9ggel)<br \/>\n<strong>Megszerezhet\u0151 v\u00e9gzetts\u00e9g:<\/strong>\u00a0oktat\u00e1si szakasszisztens<\/p>\n<h4><strong>PEDAG\u00d3GIAI K\u00c9PZ\u00c9SEK<\/strong><\/h4>\n<h5>Pedag\u00f3gia szakgimn\u00e1zium<\/h5>\n<p><strong>K\u00e9pz\u00e9si id\u0151:<\/strong>\u00a04 + 1 \u00e9v (alapfok\u00fa v\u00e9gzetts\u00e9ggel); 2 \u00e9v (\u00e9retts\u00e9gi v\u00e9gzetts\u00e9ggel)<br \/>\n<strong>Megszerezhet\u0151 v\u00e9gzetts\u00e9g:<\/strong>\u00a0<strong>Pedag\u00f3giai munkat\u00e1rs<\/strong>; (negyedik \u00e9v ut\u00e1n v\u00e1laszthat\u00f3 gy\u00f3gypedag\u00f3giai asszisztens illetve pedag\u00f3giai asszisztens szakmair\u00e1ny)<\/p>\n<p><span style=\"color: #993300\">(A 2025-2026-os tan\u00e9vre nem ker\u00fclt meghirdet\u00e9sre az iskola pedag\u00f3gia \u00e1gazati k\u00e9pz\u00e9se.)<\/span><\/p>\n<h2>Inform\u00e1ci\u00f3 \u00e9s jelentkez\u00e9s:<\/h2>\n<p>Jelentkez\u00e9s szem\u00e9lyes egyeztet\u00e9sre a lehets\u00e9ges tanulm\u00e1nyi besz\u00e1m\u00edt\u00e1sok tekintet\u00e9ben \u00e9s tov\u00e1bbi r\u00e9szletek az iskol\u00e1k k\u00e9pz\u00e9seinek sokf\u00e9les\u00e9g\u00e9r\u0151l a szakk\u00e9pz\u0151 int\u00e9zm\u00e9nyek honlapjain kereszt\u00fcl t\u00f6rt\u00e9nhet.<\/p>\n<div class=\"keretes w-100\">\n<h2>Iskol\u00e1ink:<\/h2>\n<h5>Semmelweis Egyetem B\u00f3kay J\u00e1nos T\u00f6bbc\u00e9l\u00fa Szakk\u00e9pz\u0151 Int\u00e9zm\u00e9nye<\/h5>\n<p><strong>C\u00edm:<\/strong>\u00a01086 Budapest, Csob\u00e1nc utca 1.<br \/>\n<a href=\"https:\/\/semmelweis.hu\/bokay\/\" target=\"_blank\" rel=\"noopener noreferrer\">Tov\u00e1bb a honlapra \u2192<\/a><\/p>\n<h5>Semmelweis Egyetem Kanizsai Dorottya T\u00f6bbc\u00e9l\u00fa Szakk\u00e9pz\u0151 Int\u00e9zm\u00e9nye<\/h5>\n<p><strong>C\u00edm:<\/strong>\u00a03100 Salg\u00f3tarj\u00e1n, Ac\u00e9lgy\u00e1ri \u00fat 73.<br \/>\n<a href=\"https:\/\/semmelweis.hu\/kanizsaidorottya\" target=\"_blank\" rel=\"noopener noreferrer\">Tov\u00e1bb a honlapra \u2192<\/a><\/p>\n<h5>Semmelweis Egyetem Raoul Wallenberg T\u00f6bbc\u00e9l\u00fa Szakk\u00e9pz\u0151 Int\u00e9zm\u00e9nye<\/h5>\n<p><strong>C\u00edm:<\/strong>\u00a01068 Budapest, Rippl-R\u00f3nai utca 22-26.<br \/>\n<a href=\"https:\/\/semmelweis.hu\/raoulwallenberg\/\" target=\"_blank\" rel=\"noopener noreferrer\">Tov\u00e1bb a honlapra \u2192<\/a><\/p>\n<h5>Semmelweis Egyetem Semmelweis Ign\u00e1c T\u00f6bbc\u00e9l\u00fa Szakk\u00e9pz\u0151 Int\u00e9zm\u00e9nye<\/h5>\n<p><strong>C\u00edm:<\/strong>\u00a01194 Budapest, Cseng\u0151 u. 1.<br \/>\n<a href=\"https:\/\/semmelweis.hu\/semmelweisiskola\/\" target=\"_blank\" rel=\"noopener noreferrer\">Tov\u00e1bb a honlapra \u2192<\/a><\/p>\n<\/div>\n","protected":false},"excerpt":{"rendered":"<p>A Semmelweis Egyetem n\u00e9gy eg\u00e9szs\u00e9g\u00fcgyi k\u00f6z\u00e9pfok\u00fa szakk\u00e9pz\u0151 int\u00e9zm\u00e9nye\u00a0ingyenes, iskolarendszer\u0171, illetve \u00e9retts\u00e9gire \u00e9p\u00fcl\u0151, technikumi, szakgimn\u00e1ziumi \u00e9s szakk\u00e9pz\u0151 iskolai k\u00e9pz\u00e9seket k\u00edn\u00e1lnak. A k\u00e9pz\u00e9seket\u00a0szakmai vizsga\u00a0z\u00e1rja, melynek sikeres teljes\u00edt\u00e9s\u00e9t k\u00f6vet\u0151en a v\u00e9gzettek\u00a0szakmai bizony\u00edtv\u00e1nyt, illetve\u00a0oklevelet\u00a0kapnak, amely \u00e1llamilag elismert\u00a0k\u00f6z\u00e9pfok\u00fa v\u00e9gzetts\u00e9get \u00e9s szakk\u00e9pzetts\u00e9get tan\u00fas\u00edt\u00a0\u00e9s egy vagy t\u00f6bb foglalkoz\u00e1s valamennyi munkak\u00f6r\u00e9nek bet\u00f6lt\u00e9s\u00e9re jogos\u00edt. Ingyenes k\u00e9pz\u00e9s tanul\u00f3i jogviszonnyal, \u00f6szt\u00f6nd\u00edj lehet\u0151s\u00e9ggel: Legfeljebb k\u00e9t szakma megszerz\u00e9se &hellip;<\/p>\n","protected":false},"author":12,"featured_media":260,"parent":5,"menu_order":3,"comment_status":"closed","ping_status":"closed","template":"","meta":{"_acf_changed":false,"footnotes":""},"categories":[],"tags":[],"class_list":["post-9","page","type-page","status-publish","has-post-thumbnail","hentry"],"acf":[],"_links":{"self":[{"href":"https:\/\/semmelweis.hu\/szii\/wp-json\/wp\/v2\/pages\/9","targetHints":{"allow":["GET"]}}],"collection":[{"href":"https:\/\/semmelweis.hu\/szii\/wp-json\/wp\/v2\/pages"}],"about":[{"href":"https:\/\/semmelweis.hu\/szii\/wp-json\/wp\/v2\/types\/page"}],"author":[{"embeddable":true,"href":"https:\/\/semmelweis.hu\/szii\/wp-json\/wp\/v2\/users\/12"}],"replies":[{"embeddable":true,"href":"https:\/\/semmelweis.hu\/szii\/wp-json\/wp\/v2\/comments?post=9"}],"version-history":[{"count":10,"href":"https:\/\/semmelweis.hu\/szii\/wp-json\/wp\/v2\/pages\/9\/revisions"}],"predecessor-version":[{"id":395,"href":"https:\/\/semmelweis.hu\/szii\/wp-json\/wp\/v2\/pages\/9\/revisions\/395"}],"up":[{"embeddable":true,"href":"https:\/\/semmelweis.hu\/szii\/wp-json\/wp\/v2\/pages\/5"}],"wp:featuredmedia":[{"embeddable":true,"href":"https:\/\/semmelweis.hu\/szii\/wp-json\/wp\/v2\/media\/260"}],"wp:attachment":[{"href":"https:\/\/semmelweis.hu\/szii\/wp-json\/wp\/v2\/media?parent=9"}],"wp:term":[{"taxonomy":"category","embeddable":true,"href":"https:\/\/semmelweis.hu\/szii\/wp-json\/wp\/v2\/categories?post=9"},{"taxonomy":"post_tag","embeddable":true,"href":"https:\/\/semmelweis.hu\/szii\/wp-json\/wp\/v2\/tags?post=9"}],"curies":[{"name":"wp","href":"https:\/\/api.w.org\/{rel}","templated":true}]}}