{"id":5,"date":"2024-09-09T14:32:07","date_gmt":"2024-09-09T12:32:07","guid":{"rendered":"https:\/\/semmelweis.hu\/szii\/?page_id=5"},"modified":"2025-09-09T11:52:49","modified_gmt":"2025-09-09T09:52:49","slug":"rolunk","status":"publish","type":"page","link":"https:\/\/semmelweis.hu\/szii\/rolunk\/","title":{"rendered":"R\u00f3lunk"},"content":{"rendered":"<div class=\"keretes w-100\">\n<p><strong>A Szakk\u00e9pz\u0151 Int\u00e9zm\u00e9nyek Igazgat\u00f3s\u00e1ga (SZII) olyan k\u00f6zponti szervezeti egys\u00e9g, amely a rektor \u00e1ltal \u00e1truh\u00e1zott hat\u00e1sk\u00f6rben ell\u00e1tja az Egyetem fenntart\u00e1s\u00e1ban m\u0171k\u00f6d\u0151 szakk\u00e9pz\u0151 int\u00e9zm\u00e9nyek tekintet\u00e9ben a fenntart\u00f3i jogok gyakorl\u00e1s\u00e1val \u00e9s k\u00f6telezetts\u00e9gek teljes\u00edt\u00e9s\u00e9vel kapcsolatos feladatokat. Ell\u00e1tja tov\u00e1bb\u00e1 a Semmelweis Orsz\u00e1gos Eg\u00e9szs\u00e9g\u00fcgyi \u00e9s Szoci\u00e1lis Vizsgak\u00f6zpont m\u0171k\u00f6dtet\u00e9s\u00e9vel kapcsolatos feladatokat.<\/strong><\/p>\n<\/div>\n<p>A SZII tev\u00e9kenys\u00e9g\u00e9t a strat\u00e9giai \u00e9s fejleszt\u00e9si rektorhelyettes \u00e9s a klinikai rektorhelyettes k\u00f6z\u00f6s szakmai fel\u00fcgyelete mellett a rektor ir\u00e1ny\u00edtja.<\/p>\n<p>A SZII vezet\u0151je az igazgat\u00f3, aki ell\u00e1tja a szakk\u00e9pz\u0151 int\u00e9zm\u00e9nyek vezet\u0151in, az igazgat\u00f3kon kereszt\u00fcl a szakk\u00e9pz\u0151 int\u00e9zm\u00e9nyek szakmai ir\u00e1ny\u00edt\u00e1s\u00e1t, valamint a rektor \u00e1ltal deleg\u00e1lt hat\u00e1sk\u00f6rben &#8211; a szakk\u00e9pz\u0151 int\u00e9zm\u00e9nyek alap\u00edt\u00f3 okirata \u00e9s szervezeti \u00e9s m\u0171k\u00f6d\u00e9si szab\u00e1lyzata elfogad\u00e1s\u00e1t kiv\u00e9ve &#8211; gyakorolja a szakk\u00e9pz\u0151 int\u00e9zm\u00e9nyek felett az Egyetem fenntart\u00f3i jogait \u00e9s teljes\u00edti k\u00f6telezetts\u00e9geit azzal, hogy a fenntart\u00f3 sz\u00e1m\u00e1ra t\u00f6bbletk\u00f6telezetts\u00e9get jelent\u0151 d\u00f6nt\u00e9s meghozatala a Szen\u00e1tus hat\u00e1sk\u00f6re.<\/p>\n<h5>A SZII feladatk\u00f6r\u00e9ben:<\/h5>\n<ol style=\"list-style-type: lower-alpha\">\n<li>ell\u00e1tja az int\u00e9zm\u00e9nyek tev\u00e9kenys\u00e9g\u00e9vel, m\u0171k\u00f6dtet\u00e9s\u00e9vel kapcsolatos a nemzeti k\u00f6znevel\u00e9sr\u0151l sz\u00f3l\u00f3 2011. \u00e9vi CXC. t\u00f6rv\u00e9nyben (a tov\u00e1bbiakban. Nkt.) \u00e9s egy\u00e9b k\u00f6znevel\u00e9si t\u00e1rgy\u00fa jogszab\u00e1lyban, a szakk\u00e9pz\u00e9sr\u0151l sz\u00f3l\u00f3 2019. \u00e9vi LXXX. t\u00f6rv\u00e9nyben (a tov\u00e1bbiakban: szakk\u00e9pz\u00e9si t\u00f6rv\u00e9ny) valamint az Nftv-ben meghat\u00e1rozott fenntart\u00f3i feladatokat, illetve a rektor hat\u00e1sk\u00f6r\u00e9be tartoz\u00f3 feladatok tekintet\u00e9ben e d\u00f6nt\u00e9sek el\u0151k\u00e9sz\u00edt\u00e9s\u00e9t;<\/li>\n<li>ell\u00e1tja a fenntartott szakk\u00e9pz\u0151 int\u00e9zm\u00e9nyeken kereszt\u00fcl az Nkt-ban \u00e9s a szakk\u00e9pz\u00e9si t\u00f6rv\u00e9nyben meghat\u00e1rozott szakmai feladatokat,<\/li>\n<li>a szakk\u00e9pz\u0151 int\u00e9zm\u00e9nyekkel t\u00f6rt\u00e9nt egyeztet\u00e9st k\u00f6vet\u0151en \u2013 j\u00f3v\u00e1hagyja \u2013 a du\u00e1lisk\u00e9pz\u00e9shez kapcsol\u00f3d\u00f3an a tanul\u00f3k elm\u00e9leti \u00e9s gyakorlati \u00f3rasz\u00e1mainak kialak\u00edt\u00e1s\u00e1t, \u00e9s err\u0151l szakmai megfelel\u0151s\u00e9gi igazol\u00e1st ad, valamint adatot szolg\u00e1ltat a tanul\u00f3k\/k\u00e9pz\u00e9sben r\u00e9sztvev\u0151k foglalkoz\u00e1s eg\u00e9szs\u00e9g\u00fcgyi vizsg\u00e1latainak \u00e9rv\u00e9nyess\u00e9g\u00e9r\u0151l,<\/li>\n<li>a szakk\u00e9pz\u00e9s tekintet\u00e9ben a k\u00e9pz\u00e9sfejleszt\u00e9sben egy\u00fcttm\u0171k\u00f6dik a vonatkoz\u00f3 karokkal,\u00a0<\/li>\n<li>m\u0171k\u00f6d\u00e9se k\u00f6r\u00e9ben javaslatot tesz a szervezeti \u00e9s m\u0171k\u00f6d\u00e9si szab\u00e1lyok m\u00f3dos\u00edt\u00e1s\u00e1ra, szab\u00e1lyzatok megalkot\u00e1s\u00e1ra,\u00a0<\/li>\n<li>k\u00f6zrem\u0171k\u00f6dik a szakk\u00e9pz\u0151 int\u00e9zm\u00e9nyek szakmai ir\u00e1ny\u00edt\u00e1sa \u00e9s a gazd\u00e1lkod\u00e1suk fel\u00fcgyelete k\u00f6z\u00f6tti \u00f6sszhang megteremt\u00e9s\u00e9ben,<\/li>\n<li>koordin\u00e1ci\u00f3s tev\u00e9kenys\u00e9get l\u00e1t el a szakmai ir\u00e1ny\u00edt\u00e1st gyakorl\u00f3 vezet\u0151kkel,<\/li>\n<li>k\u00f6zrem\u0171k\u00f6dik a szakk\u00e9pz\u0151 int\u00e9zm\u00e9nyek k\u00f6lts\u00e9gvet\u00e9s\u00e9nek elk\u00e9sz\u00edt\u00e9se \u00e9s v\u00e9grehajt\u00e1sa tekintet\u00e9ben a szakmai feladatok meghat\u00e1roz\u00e1sa \u00e9s azok finansz\u00edroz\u00e1s\u00e1val kapcsolatos tev\u00e9kenys\u00e9g ell\u00e1t\u00e1s\u00e1ban,\u00a0sz\u00f3rv\u00e1nyoktat\u00f3i h\u00e1l\u00f3zatot m\u0171k\u00f6dtet \u00e9s fel\u00fcgyel, mely feladatk\u00f6r\u00e9ben ell\u00e1tja a gyakorlati oktat\u00e1s t\u00e1mogat\u00e1s\u00e1t, kiv\u00e9ve a 91. \u00a7 (2) bi) pontban meghat\u00e1rozott<br \/>\nfeladatokat,<\/li>\n<li>biztos\u00edtja a feln\u0151ttk\u00e9pz\u00e9s enged\u00e9lyeztet\u00e9si, adatszolg\u00e1ltat\u00e1si \u00e9s iratkezel\u00e9si feladatait a szakk\u00e9pz\u0151 int\u00e9zm\u00e9nyekben,<\/li>\n<li>a szakk\u00e9pz\u00e9si t\u00f6rv\u00e9ny szerinti akkredit\u00e1lt vizsgak\u00f6zpontot m\u0171k\u00f6dtet,<\/li>\n<li>ell\u00e1tja a Vizsgak\u00f6zpont tev\u00e9kenys\u00e9g\u00e9vel, m\u0171k\u00f6dtet\u00e9s\u00e9vel kapcsolatos a rektor hat\u00e1sk\u00f6r\u00e9be tartoz\u00f3 feladatok tekintet\u00e9ben e d\u00f6nt\u00e9sek el\u0151k\u00e9sz\u00edt\u00e9s\u00e9t,<\/li>\n<li>ell\u00e1tja a Vizsgak\u00f6zpont m\u0171k\u00f6dtet\u00e9s\u00e9vel kapcsolatos igazgat\u00e1si, szervez\u00e9si, adminisztr\u00e1ci\u00f3s feladatokat.<\/li>\n<\/ol>\n<h4><strong>A SZII szervezeti egys\u00e9gei:<\/strong><\/h4>\n<ul style=\"list-style-type: square\">\n<li>\n<p><a href=\"https:\/\/semmelweis.hu\/bokay\/\" target=\"_blank\" rel=\"noopener\">Semmelweis Egyetem B\u00f3kay J\u00e1nos T\u00f6bbc\u00e9l\u00fa Szakk\u00e9pz\u0151 Int\u00e9zm\u00e9nye<\/a>, Budapest<\/p>\n<\/li>\n<li>\n<p><a href=\"https:\/\/semmelweis.hu\/kanizsaidorottya\" target=\"_blank\" rel=\"noopener\">Semmelweis Egyetem Kanizsai Dorottya T\u00f6bbc\u00e9l\u00fa Szakk\u00e9pz\u0151 Int\u00e9zm\u00e9nye<\/a>, Salg\u00f3tarj\u00e1n<\/p>\n<\/li>\n<li>\n<p><a href=\"https:\/\/semmelweis.hu\/raoulwallenberg\/\" target=\"_blank\" rel=\"noopener\">Semmelweis Egyetem Raoul Wallenberg T\u00f6bbc\u00e9l\u00fa Szakk\u00e9pz\u0151 Int\u00e9zm\u00e9nye<\/a>, Budapest<\/p>\n<\/li>\n<li>\n<p><a href=\"https:\/\/semmelweis.hu\/semmelweisiskola\/\" target=\"_blank\" rel=\"noopener\">Semmelweis Egyetem Semmelweis Ign\u00e1c T\u00f6bbc\u00e9l\u00fa Szakk\u00e9pz\u0151 Int\u00e9zm\u00e9nye<\/a>, Budapest<\/p>\n<\/li>\n<li>\n<p><a href=\"https:\/\/semmelweis.hu\/vizsgakozpont\/\" target=\"_blank\" rel=\"noopener\">Semmelweis Orsz\u00e1gos Eg\u00e9szs\u00e9g\u00fcgyi \u00e9s Szoci\u00e1lis Vizsgak\u00f6zpont<\/a><\/p>\n<\/li>\n<\/ul>\n<p><strong>Forr\u00e1s<\/strong>: <a href=\"https:\/\/semmelweis.hu\/jogigfoig\/files\/2025\/09\/SZMSZ_SZMR_I_KONYV_I_1_RESZ_Altalanos_szervezeti_es_mukodesi_rendelkezesek_hatalyos_20250901-2.pdf\">SZMSZ_SZMR_I_KONYV_I_1_RESZ_Altalanos_szervezeti_es_mukodesi_rendelkezesek_hatalyos_20250901-2.pdf<\/a><\/p>\n","protected":false},"excerpt":{"rendered":"<p>A Szakk\u00e9pz\u0151 Int\u00e9zm\u00e9nyek Igazgat\u00f3s\u00e1ga (SZII) olyan k\u00f6zponti szervezeti egys\u00e9g, amely a rektor \u00e1ltal \u00e1truh\u00e1zott hat\u00e1sk\u00f6rben ell\u00e1tja az Egyetem fenntart\u00e1s\u00e1ban m\u0171k\u00f6d\u0151 szakk\u00e9pz\u0151 int\u00e9zm\u00e9nyek tekintet\u00e9ben a fenntart\u00f3i jogok gyakorl\u00e1s\u00e1val \u00e9s k\u00f6telezetts\u00e9gek teljes\u00edt\u00e9s\u00e9vel kapcsolatos feladatokat. Ell\u00e1tja tov\u00e1bb\u00e1 a Semmelweis Orsz\u00e1gos Eg\u00e9szs\u00e9g\u00fcgyi \u00e9s Szoci\u00e1lis Vizsgak\u00f6zpont m\u0171k\u00f6dtet\u00e9s\u00e9vel kapcsolatos feladatokat. A SZII tev\u00e9kenys\u00e9g\u00e9t a strat\u00e9giai \u00e9s fejleszt\u00e9si rektorhelyettes \u00e9s a klinikai &hellip;<\/p>\n","protected":false},"author":12,"featured_media":0,"parent":0,"menu_order":0,"comment_status":"closed","ping_status":"closed","template":"","meta":{"_acf_changed":false,"footnotes":""},"categories":[],"tags":[],"class_list":["post-5","page","type-page","status-publish","hentry"],"acf":[],"_links":{"self":[{"href":"https:\/\/semmelweis.hu\/szii\/wp-json\/wp\/v2\/pages\/5","targetHints":{"allow":["GET"]}}],"collection":[{"href":"https:\/\/semmelweis.hu\/szii\/wp-json\/wp\/v2\/pages"}],"about":[{"href":"https:\/\/semmelweis.hu\/szii\/wp-json\/wp\/v2\/types\/page"}],"author":[{"embeddable":true,"href":"https:\/\/semmelweis.hu\/szii\/wp-json\/wp\/v2\/users\/12"}],"replies":[{"embeddable":true,"href":"https:\/\/semmelweis.hu\/szii\/wp-json\/wp\/v2\/comments?post=5"}],"version-history":[{"count":4,"href":"https:\/\/semmelweis.hu\/szii\/wp-json\/wp\/v2\/pages\/5\/revisions"}],"predecessor-version":[{"id":382,"href":"https:\/\/semmelweis.hu\/szii\/wp-json\/wp\/v2\/pages\/5\/revisions\/382"}],"wp:attachment":[{"href":"https:\/\/semmelweis.hu\/szii\/wp-json\/wp\/v2\/media?parent=5"}],"wp:term":[{"taxonomy":"category","embeddable":true,"href":"https:\/\/semmelweis.hu\/szii\/wp-json\/wp\/v2\/categories?post=5"},{"taxonomy":"post_tag","embeddable":true,"href":"https:\/\/semmelweis.hu\/szii\/wp-json\/wp\/v2\/tags?post=5"}],"curies":[{"name":"wp","href":"https:\/\/api.w.org\/{rel}","templated":true}]}}