{"id":13,"date":"2024-09-09T14:35:43","date_gmt":"2024-09-09T12:35:43","guid":{"rendered":"https:\/\/semmelweis.hu\/szii\/?page_id=13"},"modified":"2025-04-01T08:35:36","modified_gmt":"2025-04-01T06:35:36","slug":"kapcsolat","status":"publish","type":"page","link":"https:\/\/semmelweis.hu\/szii\/rolunk\/kapcsolat\/","title":{"rendered":"Kapcsolat"},"content":{"rendered":"<p><strong>C\u00edm:<\/strong> 1068 Budapest, Rippl-R\u00f3nai u. 22-26. (III. emelet)<\/p>\n<p><em>(Megk\u00f6zel\u00edt\u00e9s t\u00f6megk\u00f6zleked\u00e9ssel: kisf\u00f6ldalatti, 1-es metr\u00f3val a H\u0151s\u00f6k ter\u00e9ig, 72-es trolibusszal a Szondi utc\u00e1ig vagy a Keleti p\u00e1lyaudvar fel\u0151l aut\u00f3busszal a H\u0151s\u00f6k ter\u00e9ig. Gyalog a meg\u00e1ll\u00f3kt\u00f3l 2-3 perc.)<\/em><\/p>\n<p><strong>Postac\u00edm:<\/strong> 1085 Budapest, \u00dcll\u0151i \u00fat 26.; 1428 Budapest, Pf.2.<\/p>\n<p><strong>Titk\u00e1rs\u00e1gi, k\u00f6zponti e-mail:<\/strong> <a href=\"mailto:titkarsag.szii@semmelweis.hu\">titkarsag.szii@semmelweis.hu<\/a><\/p>\n<p>(Kor\u00e1bban haszn\u00e1lt \u00e9s m\u00e9g akt\u00edv e-mail: <a href=\"titkarsag.szigki@semmelweis.hu\">titkarsag.szigki@semmelweis.hu<\/a>.)\u00a0<\/p>\n<p style=\"text-align: center\">***<\/p>\n<p><strong>A weboldal felel\u0151s szerkeszt\u0151je: <\/strong>Vend\u00e9gh Zsolt<\/p>\n<ul>\n<li>E-mail: vendegh.zsolt@semmelweis.hu<\/li>\n<li>Telefon: +36 20 670 1693<\/li>\n<\/ul>\n<p><iframe loading=\"lazy\" src=\"https:\/\/www.google.com\/maps\/embed?pb=!1m18!1m12!1m3!1d2694.7330350619295!2d19.070821475880305!3d47.514590094327474!2m3!1f0!2f0!3f0!3m2!1i1024!2i768!4f13.1!3m3!1m2!1s0x4741dc77cb158919%3A0xe751e9c680364f44!2sBudapest%2C%20Rippl%20R%C3%B3nai%20utca%2022%2C%201068!5e0!3m2!1sen!2shu!4v1728023086543!5m2!1sen!2shu\" width=\"100%\" height=\"350\"><\/iframe><\/p>\n","protected":false},"excerpt":{"rendered":"<p>C\u00edm: 1068 Budapest, Rippl-R\u00f3nai u. 22-26. (III. emelet) (Megk\u00f6zel\u00edt\u00e9s t\u00f6megk\u00f6zleked\u00e9ssel: kisf\u00f6ldalatti, 1-es metr\u00f3val a H\u0151s\u00f6k ter\u00e9ig, 72-es trolibusszal a Szondi utc\u00e1ig vagy a Keleti p\u00e1lyaudvar fel\u0151l aut\u00f3busszal a H\u0151s\u00f6k ter\u00e9ig. Gyalog a meg\u00e1ll\u00f3kt\u00f3l 2-3 perc.) Postac\u00edm: 1085 Budapest, \u00dcll\u0151i \u00fat 26.; 1428 Budapest, Pf.2. Titk\u00e1rs\u00e1gi, k\u00f6zponti e-mail: <a href=\"mailto:titkarsag.szii@semmelweis.hu\">titkarsag.szii@semmelweis.hu<\/a> (Kor\u00e1bban haszn\u00e1lt \u00e9s m\u00e9g akt\u00edv e-mail: <a href=\"titkarsag.szigki@semmelweis.hu\">titkarsag.szigki@semmelweis.hu<\/a> .)\u00a0 *** &hellip;<\/p>\n","protected":false},"author":12,"featured_media":0,"parent":5,"menu_order":4,"comment_status":"closed","ping_status":"closed","template":"","meta":{"_acf_changed":false,"footnotes":""},"categories":[],"tags":[],"class_list":["post-13","page","type-page","status-publish","hentry"],"acf":[],"_links":{"self":[{"href":"https:\/\/semmelweis.hu\/szii\/wp-json\/wp\/v2\/pages\/13","targetHints":{"allow":["GET"]}}],"collection":[{"href":"https:\/\/semmelweis.hu\/szii\/wp-json\/wp\/v2\/pages"}],"about":[{"href":"https:\/\/semmelweis.hu\/szii\/wp-json\/wp\/v2\/types\/page"}],"author":[{"embeddable":true,"href":"https:\/\/semmelweis.hu\/szii\/wp-json\/wp\/v2\/users\/12"}],"replies":[{"embeddable":true,"href":"https:\/\/semmelweis.hu\/szii\/wp-json\/wp\/v2\/comments?post=13"}],"version-history":[{"count":11,"href":"https:\/\/semmelweis.hu\/szii\/wp-json\/wp\/v2\/pages\/13\/revisions"}],"predecessor-version":[{"id":267,"href":"https:\/\/semmelweis.hu\/szii\/wp-json\/wp\/v2\/pages\/13\/revisions\/267"}],"up":[{"embeddable":true,"href":"https:\/\/semmelweis.hu\/szii\/wp-json\/wp\/v2\/pages\/5"}],"wp:attachment":[{"href":"https:\/\/semmelweis.hu\/szii\/wp-json\/wp\/v2\/media?parent=13"}],"wp:term":[{"taxonomy":"category","embeddable":true,"href":"https:\/\/semmelweis.hu\/szii\/wp-json\/wp\/v2\/categories?post=13"},{"taxonomy":"post_tag","embeddable":true,"href":"https:\/\/semmelweis.hu\/szii\/wp-json\/wp\/v2\/tags?post=13"}],"curies":[{"name":"wp","href":"https:\/\/api.w.org\/{rel}","templated":true}]}}