{"id":99769,"date":"2025-07-29T23:42:43","date_gmt":"2025-07-29T21:42:43","guid":{"rendered":"https:\/\/semmelweis.hu\/szervezetfejlesztes\/?page_id=99769"},"modified":"2025-11-25T13:32:10","modified_gmt":"2025-11-25T12:32:10","slug":"asszertiv-kommunikacio-a-gyakorlatban","status":"publish","type":"page","link":"https:\/\/semmelweis.hu\/szervezetfejlesztes\/kompetencia-kozpont\/asszertiv-kommunikacio-a-gyakorlatban\/","title":{"rendered":"Asszert\u00edv kommunik\u00e1ci\u00f3 a gyakorlatban"},"content":{"rendered":"<p><a href=\"https:\/\/semmelweis.hu\/szervezetfejlesztes\/files\/2025\/10\/1-kerekitett.png\"><img loading=\"lazy\" decoding=\"async\" class=\"alignright wp-image-99970 size-full\" src=\"https:\/\/semmelweis.hu\/szervezetfejlesztes\/files\/2025\/10\/1-kerekitett.png\" alt=\"\" width=\"1450\" height=\"120\" \/><\/a><\/p>\n<p>&nbsp;<\/p>\n<div class=\"fontos_div\">\n<p>Ide\u00e1lis l\u00e9tsz\u00e1m: 6-16 f\u0151<\/p>\n<p>Aj\u00e1nlott id\u0151tartam: 1&#215;7 \u00f3ra<\/p>\n<\/div>\n<p>Egynapos programunkat azoknak a koll\u00e9g\u00e1knak aj\u00e1nljuk, akik elv\u00e9gezt\u00e9k az asszert\u00edv kommunik\u00e1ci\u00f3 tr\u00e9ninget, \u00e9s szeretn\u00e9k meger\u0151s\u00edteni, ism\u00e9telni \u00e9s elm\u00e9ly\u00edteni az ott megszerzett tud\u00e1st.<\/p>\n<p>Ez a tr\u00e9ning kiv\u00e1l\u00f3 alkalom arra is, hogy a r\u00e9sztvev\u0151k besz\u00e1moljanak arr\u00f3l, hogyan tudt\u00e1k alkalmazni a tanultakat, \u00e9s milyen sikereket vagy neh\u00e9zs\u00e9geket tapasztaltak a gyakorlatban. Nemcsak a tr\u00e9nerek, hanem a csoporttagok pozit\u00edv tapasztalatai, tanuls\u00e1gai \u00e9s reflexi\u00f3i is seg\u00edtenek a kih\u00edv\u00e1sok lek\u00fczd\u00e9s\u00e9ben. Ezen alkalommal m\u00e9ly\u00edtj\u00fck \u00e9s b\u0151v\u00edtj\u00fck a m\u00e1r ismert technik\u00e1kat.<\/p>\n<hr \/>\n<h5>K\u00e9rem, gondolja \u00e1t az al\u00e1bbi k\u00e9rd\u00e9seket!<\/h5>\n<ul>\n<li>Pozit\u00edvan \u00e9lt\u00e9k meg koll\u00e9g\u00e1i az asszertivit\u00e1s tr\u00e9ninget?<\/li>\n<li>\u00c9szrevett\u00e9k a k\u00f6z\u00f6ss\u00e9gben a tr\u00e9ning hat\u00e1s\u00e1ra bek\u00f6vetkezett pozit\u00edv v\u00e1ltoz\u00e1sokat?<\/li>\n<li>Fontosnak tartja, hogy koll\u00e9g\u00e1i megism\u00e9telhess\u00e9k \u00e9s elm\u00e9ly\u00edthess\u00e9k az el\u0151z\u0151 tr\u00e9ningen megszerzett tud\u00e1st?<\/li>\n<li>Szeretn\u00e9, hogy azok is profit\u00e1ljanak a tr\u00e9ningb\u0151l, akiknek az els\u0151 alkalom ut\u00e1n nem volt siker\u00e9lm\u00e9ny\u00fck?<\/li>\n<li>Szeretn\u00e9, ha koll\u00e9g\u00e1i kommunik\u00e1ci\u00f3ja ny\u00edltabb\u00e1 v\u00e1lna, \u00e9s t\u00e1mogat\u00f3bb l\u00e9gk\u00f6rben m\u0171k\u00f6dn\u00e9nek egy\u00fctt?<\/li>\n<\/ul>\n<p>Amennyiben egy vagy t\u00f6bb k\u00e9rd\u00e9sre igennel v\u00e1laszolt, k\u00e9rj\u00fck, a MySemmelweis fel\u00fclet\u00e9n \u2013 <a href=\"https:\/\/mysemmelweis.hu\/issue-tracker\/17\/categories\/54\/tickets\" target=\"_blank\" rel=\"noopener\">az al\u00e1bbi linken<\/a> \u2013 ny\u00fajtsa be a szervezeti egys\u00e9g tr\u00e9ningig\u00e9nyl\u00e9s\u00e9re vonatkoz\u00f3 \u0171rlapot.<\/p>\n","protected":false},"excerpt":{"rendered":"<p><a href=\"https:\/\/semmelweis.hu\/szervezetfejlesztes\/files\/2025\/10\/1-kerekitett.png\"><\/a> &nbsp; Ide\u00e1lis l\u00e9tsz\u00e1m: 6-16 f\u0151 Aj\u00e1nlott id\u0151tartam: 1&#215;7 \u00f3ra Egynapos programunkat azoknak a koll\u00e9g\u00e1knak aj\u00e1nljuk, akik elv\u00e9gezt\u00e9k az asszert\u00edv kommunik\u00e1ci\u00f3 tr\u00e9ninget, \u00e9s szeretn\u00e9k meger\u0151s\u00edteni, ism\u00e9telni \u00e9s elm\u00e9ly\u00edteni az ott megszerzett tud\u00e1st. Ez a tr\u00e9ning kiv\u00e1l\u00f3 alkalom arra is, hogy a r\u00e9sztvev\u0151k besz\u00e1moljanak arr\u00f3l, hogyan tudt\u00e1k alkalmazni a tanultakat, \u00e9s milyen sikereket vagy neh\u00e9zs\u00e9geket tapasztaltak a &hellip;<\/p>\n","protected":false},"author":101405,"featured_media":99897,"parent":33,"menu_order":6,"comment_status":"closed","ping_status":"closed","template":"template-fullwidth.php","meta":{"_acf_changed":false,"footnotes":""},"categories":[23],"tags":[26],"class_list":["post-99769","page","type-page","status-publish","has-post-thumbnail","hentry","category-trening","tag-munkavallaloi-trening"],"acf":[],"_links":{"self":[{"href":"https:\/\/semmelweis.hu\/szervezetfejlesztes\/wp-json\/wp\/v2\/pages\/99769","targetHints":{"allow":["GET"]}}],"collection":[{"href":"https:\/\/semmelweis.hu\/szervezetfejlesztes\/wp-json\/wp\/v2\/pages"}],"about":[{"href":"https:\/\/semmelweis.hu\/szervezetfejlesztes\/wp-json\/wp\/v2\/types\/page"}],"author":[{"embeddable":true,"href":"https:\/\/semmelweis.hu\/szervezetfejlesztes\/wp-json\/wp\/v2\/users\/101405"}],"replies":[{"embeddable":true,"href":"https:\/\/semmelweis.hu\/szervezetfejlesztes\/wp-json\/wp\/v2\/comments?post=99769"}],"version-history":[{"count":7,"href":"https:\/\/semmelweis.hu\/szervezetfejlesztes\/wp-json\/wp\/v2\/pages\/99769\/revisions"}],"predecessor-version":[{"id":100115,"href":"https:\/\/semmelweis.hu\/szervezetfejlesztes\/wp-json\/wp\/v2\/pages\/99769\/revisions\/100115"}],"up":[{"embeddable":true,"href":"https:\/\/semmelweis.hu\/szervezetfejlesztes\/wp-json\/wp\/v2\/pages\/33"}],"wp:featuredmedia":[{"embeddable":true,"href":"https:\/\/semmelweis.hu\/szervezetfejlesztes\/wp-json\/wp\/v2\/media\/99897"}],"wp:attachment":[{"href":"https:\/\/semmelweis.hu\/szervezetfejlesztes\/wp-json\/wp\/v2\/media?parent=99769"}],"wp:term":[{"taxonomy":"category","embeddable":true,"href":"https:\/\/semmelweis.hu\/szervezetfejlesztes\/wp-json\/wp\/v2\/categories?post=99769"},{"taxonomy":"post_tag","embeddable":true,"href":"https:\/\/semmelweis.hu\/szervezetfejlesztes\/wp-json\/wp\/v2\/tags?post=99769"}],"curies":[{"name":"wp","href":"https:\/\/api.w.org\/{rel}","templated":true}]}}