{"id":99242,"date":"2023-09-19T10:01:32","date_gmt":"2023-09-19T08:01:32","guid":{"rendered":"https:\/\/semmelweis.hu\/human\/?page_id=99242"},"modified":"2025-11-25T14:05:36","modified_gmt":"2025-11-25T13:05:36","slug":"csapatepito-trening","status":"publish","type":"page","link":"https:\/\/semmelweis.hu\/szervezetfejlesztes\/kompetencia-kozpont\/csapatepito-trening\/","title":{"rendered":"Csapat\u00e9p\u00edt\u0151"},"content":{"rendered":"<p>&nbsp;<\/p>\n<div class=\"keretes w-100\" style=\"border: 0px solid !important;background-color: #e3d496 !important\">\n<h6 style=\"font-size: 18.6667px;text-align: center\"><strong><span style=\"color: #ff0000\">Figyelem!<\/span> A Kompetencia K\u00f6zpont szolg\u00e1ltat\u00e1sai \u00e9s tr\u00e9ningjei kiz\u00e1r\u00f3lag a Semmelweis Egyetem munkat\u00e1rsai sz\u00e1m\u00e1ra \u00e9rhet\u0151k el<\/strong> a szervezeti egys\u00e9gek vezet\u0151ivel t\u00f6rt\u00e9nt egyeztet\u00e9s alapj\u00e1n.<\/h6>\n<\/div>\n\n<div class=\"fontos_div\">\n<p>Ide\u00e1lis l\u00e9tsz\u00e1m: 6-20 f\u0151<\/p>\n<p>Aj\u00e1nlott id\u0151tartam: 1\u00d77 \u00f3ra<\/p>\n<\/div>\n<p>Csapat\u00e9p\u00edt\u0151 tr\u00e9ning\u00fcnk remek lehet\u0151s\u00e9get k\u00edn\u00e1l arra, hogy \u00faj lend\u00fcletet adjunk a mindennapi egy\u00fcttm\u0171k\u00f6d\u00e9snek, elm\u00e9ly\u00edts\u00fck a kapcsolatokat, \u00e9s er\u0151s\u00edts\u00fck a csapatkoh\u00e9zi\u00f3t.<\/p>\n<p>A program sor\u00e1n j\u00e1t\u00e9kos, \u00e9lm\u00e9nyalap\u00fa gyakorlatokon kereszt\u00fcl a r\u00e9sztvev\u0151k kil\u00e9phetnek a megszokott szerepeikb\u0151l, \u00e9s \u00faj oldalr\u00f3l ismerhetik meg egym\u00e1st. Ez\u00e1ltal felsz\u00ednre ker\u00fclhetnek olyan rejtett er\u0151ss\u00e9gek \u00e9s k\u00e9pess\u00e9gek, amelyek tov\u00e1bb gazdag\u00edtj\u00e1k a k\u00f6z\u00f6s munk\u00e1t \u00e9s inspir\u00e1lj\u00e1k a csapatot a j\u00f6v\u0151beni kih\u00edv\u00e1sok sor\u00e1n.<\/p>\n<hr \/>\n<h5>K\u00e9rem, gondolja \u00e1t az al\u00e1bbi k\u00e9rd\u00e9seket!<\/h5>\n<ul>\n<li>Szeretn\u00e9, hogy csapattagjai \u00faj lend\u00fcletet kapjanak, \u00e9s friss energi\u00e1val v\u00e1gjanak bele a k\u00f6z\u00f6s munk\u00e1ba?<\/li>\n<li>Szeretn\u00e9, ha koll\u00e9g\u00e1i egy napra kiszakadn\u00e1nak a mindennapokb\u00f3l, \u00e9s felt\u00f6lt\u0151dn\u00e9nek \u00e9lm\u00e9nyekkel?<\/li>\n<li>Szeretn\u00e9, hogy munkat\u00e1rsai k\u00f6zelebb ker\u00fcljenek egym\u00e1shoz \u00e9s er\u0151sebb kapcsolatokat \u00e9p\u00edtsenek?<\/li>\n<li>Szeretn\u00e9 megtapasztalni, milyen er\u0151t ad a val\u00f3di egy\u00fcttm\u0171k\u00f6d\u00e9s \u00e9s a csapatban rejl\u0151 szinergia?<\/li>\n<li>Szeretn\u00e9, hogy koll\u00e9g\u00e1i mosollyal az arcukon, k\u00f6z\u00f6s \u00e9lm\u00e9nyekkel gazdagodva t\u00e9rjenek vissza a munkahelyre?<\/li>\n<\/ul>\n<p>Amennyiben legal\u00e1bb h\u00e1rom k\u00e9rd\u00e9sre igennel v\u00e1laszolt, k\u00e9rj\u00fck, a MySemmelweis fel\u00fclet\u00e9n \u2013 <a href=\"https:\/\/mysemmelweis.hu\/issue-tracker\/17\/categories\/62\/tickets\" target=\"_blank\" rel=\"noopener\">az al\u00e1bbi linken<\/a> \u2013 ny\u00fajtsa be a szervezeti egys\u00e9g tr\u00e9ningig\u00e9nyl\u00e9s\u00e9re vonatkoz\u00f3 \u0171rlapot.<\/p>\n<p><em>Forr\u00e1s: Canva<\/em><\/p>\n","protected":false},"excerpt":{"rendered":"<p>&nbsp; Ide\u00e1lis l\u00e9tsz\u00e1m: 6-20 f\u0151 Aj\u00e1nlott id\u0151tartam: 1\u00d77 \u00f3ra Csapat\u00e9p\u00edt\u0151 tr\u00e9ning\u00fcnk remek lehet\u0151s\u00e9get k\u00edn\u00e1l arra, hogy \u00faj lend\u00fcletet adjunk a mindennapi egy\u00fcttm\u0171k\u00f6d\u00e9snek, elm\u00e9ly\u00edts\u00fck a kapcsolatokat, \u00e9s er\u0151s\u00edts\u00fck a csapatkoh\u00e9zi\u00f3t. A program sor\u00e1n j\u00e1t\u00e9kos, \u00e9lm\u00e9nyalap\u00fa gyakorlatokon kereszt\u00fcl a r\u00e9sztvev\u0151k kil\u00e9phetnek a megszokott szerepeikb\u0151l, \u00e9s \u00faj oldalr\u00f3l ismerhetik meg egym\u00e1st. Ez\u00e1ltal felsz\u00ednre ker\u00fclhetnek olyan rejtett er\u0151ss\u00e9gek \u00e9s &hellip;<\/p>\n","protected":false},"author":102321,"featured_media":99822,"parent":33,"menu_order":15,"comment_status":"closed","ping_status":"closed","template":"template-fullwidth.php","meta":{"_acf_changed":false,"footnotes":""},"categories":[23],"tags":[26],"class_list":["post-99242","page","type-page","status-publish","has-post-thumbnail","hentry","category-trening","tag-munkavallaloi-trening"],"acf":[],"_links":{"self":[{"href":"https:\/\/semmelweis.hu\/szervezetfejlesztes\/wp-json\/wp\/v2\/pages\/99242","targetHints":{"allow":["GET"]}}],"collection":[{"href":"https:\/\/semmelweis.hu\/szervezetfejlesztes\/wp-json\/wp\/v2\/pages"}],"about":[{"href":"https:\/\/semmelweis.hu\/szervezetfejlesztes\/wp-json\/wp\/v2\/types\/page"}],"author":[{"embeddable":true,"href":"https:\/\/semmelweis.hu\/szervezetfejlesztes\/wp-json\/wp\/v2\/users\/102321"}],"replies":[{"embeddable":true,"href":"https:\/\/semmelweis.hu\/szervezetfejlesztes\/wp-json\/wp\/v2\/comments?post=99242"}],"version-history":[{"count":7,"href":"https:\/\/semmelweis.hu\/szervezetfejlesztes\/wp-json\/wp\/v2\/pages\/99242\/revisions"}],"predecessor-version":[{"id":100132,"href":"https:\/\/semmelweis.hu\/szervezetfejlesztes\/wp-json\/wp\/v2\/pages\/99242\/revisions\/100132"}],"up":[{"embeddable":true,"href":"https:\/\/semmelweis.hu\/szervezetfejlesztes\/wp-json\/wp\/v2\/pages\/33"}],"wp:featuredmedia":[{"embeddable":true,"href":"https:\/\/semmelweis.hu\/szervezetfejlesztes\/wp-json\/wp\/v2\/media\/99822"}],"wp:attachment":[{"href":"https:\/\/semmelweis.hu\/szervezetfejlesztes\/wp-json\/wp\/v2\/media?parent=99242"}],"wp:term":[{"taxonomy":"category","embeddable":true,"href":"https:\/\/semmelweis.hu\/szervezetfejlesztes\/wp-json\/wp\/v2\/categories?post=99242"},{"taxonomy":"post_tag","embeddable":true,"href":"https:\/\/semmelweis.hu\/szervezetfejlesztes\/wp-json\/wp\/v2\/tags?post=99242"}],"curies":[{"name":"wp","href":"https:\/\/api.w.org\/{rel}","templated":true}]}}