{"id":99073,"date":"2023-09-19T10:05:51","date_gmt":"2023-09-19T08:05:51","guid":{"rendered":"https:\/\/semmelweis.hu\/human\/?page_id=99073"},"modified":"2026-04-18T16:40:32","modified_gmt":"2026-04-18T14:40:32","slug":"helyzetfuggo-vezetes-trening","status":"publish","type":"page","link":"https:\/\/semmelweis.hu\/szervezetfejlesztes\/kompetencia-kozpont\/helyzetfuggo-vezetes-trening\/","title":{"rendered":"Helyzetf\u00fcgg\u0151 vezet\u00e9s"},"content":{"rendered":"<div class=\"keretes w-100\" style=\"border: 0px solid !important;background-color: #e3d496 !important\">\n<h6 style=\"font-size: 18.6667px;text-align: center\"><strong><span style=\"color: #ff0000\">Figyelem!<\/span> A Kompetencia K\u00f6zpont szolg\u00e1ltat\u00e1sai \u00e9s tr\u00e9ningjei kiz\u00e1r\u00f3lag a Semmelweis Egyetem munkat\u00e1rsai sz\u00e1m\u00e1ra \u00e9rhet\u0151k el<\/strong> a szervezeti egys\u00e9gek vezet\u0151ivel t\u00f6rt\u00e9nt egyeztet\u00e9s alapj\u00e1n.<\/h6>\n<\/div>\n\n<div class=\"fontos_div\">\n<p style=\"text-align: left\">Ide\u00e1lis l\u00e9tsz\u00e1m: 6-16 f\u0151<\/p>\n<p style=\"text-align: left\">Aj\u00e1nlott id\u0151tartam: 2\u00d77 \u00f3ra<\/p>\n<\/div>\n<h5>Mi\u00e9rt \u00e9rdemes r\u00e9szt venni a tr\u00e9ningen?<\/h5>\n<p style=\"text-align: justify\">A helyzetf\u00fcgg\u0151 vezet\u00e9s egy vil\u00e1gszerte elismert modell, amely szerint a vezet\u00e9s hat\u00e9konys\u00e1ga azon m\u00falik, hogy a vezet\u0151 mennyire k\u00e9pes igazodni a k\u00fcl\u00f6nb\u00f6z\u0151 helyzetekhez, \u00e9s a beosztottak fejletts\u00e9gi szintj\u00e9nek megfelel\u0151 st\u00edlust alkalmazni. <br \/>\nEz a k\u00e9pess\u00e9g fejleszthet\u0151 \u00e9s lehet\u0151v\u00e9 teszi, hogy a vezet\u0151 magabiztosan felismerje a munkat\u00e1rsak \u00e9retts\u00e9gi szintj\u00e9t, rugalmasan alkalmazza vezet\u0151i st\u00edlusait, \u00e9s hat\u00e9konyan t\u00e1mogassa a csapat c\u00e9ljainak el\u00e9r\u00e9s\u00e9t.<\/p>\n<div class=\"keretes w-100\">\n<p><strong>A tr\u00e9ning t\u00e1mogatja a vezet\u0151ket abban, hogy<\/strong><br \/>\n\u00a0&#8211; egy egyszer\u0171 modell seg\u00edts\u00e9g\u00e9vel felismerj\u00e9k, mire van sz\u00fcks\u00e9ge a munkat\u00e1rsaknak c\u00e9ljaik el\u00e9r\u00e9s\u00e9hez<br \/>\n\u00a0&#8211; megismerj\u00e9k a k\u00fcl\u00f6nb\u00f6z\u0151 vezet\u0151i st\u00edlusok el\u0151nyeit \u00e9s h\u00e1tr\u00e1nyait<br \/>\n\u00a0&#8211; tudatos\u00edts\u00e1k, mely vezet\u0151i st\u00edlusokat r\u00e9szes\u00edtik el\u0151nyben a mindennapi gyakorlatban<br \/>\n\u00a0&#8211; rugalmasan, a helyzetnek megfelel\u0151en alkalmazz\u00e1k a k\u00fcl\u00f6nb\u00f6z\u0151 vezet\u0151i st\u00edlusokat<\/p>\n<\/div>\n<hr \/>\n<h5>Fejlesztett kompetenci\u00e1k<\/h5>\n<ul>\n<li>Egy\u00fcttm\u0171k\u00f6d\u00e9si k\u00e9szs\u00e9g<\/li>\n<li>Kommunik\u00e1ci\u00f3<\/li>\n<li>D\u00f6nt\u00e9shozatal<\/li>\n<li>Motiv\u00e1l\u00e1s<\/li>\n<li>Ir\u00e1ny\u00edt\u00e1s \u00e9s deleg\u00e1l\u00e1s<\/li>\n<li>V\u00e1ltoz\u00e1smenedzsment<\/li>\n<li>M\u00e1sok fejleszt\u00e9si k\u00e9pess\u00e9ge<\/li>\n<li>Alkalmazkod\u00f3k\u00e9pess\u00e9g<\/li>\n<li>Emp\u00e1tia<\/li>\n<li>Coaching szeml\u00e9let<\/li>\n<li>Bizalom\u00e9p\u00edt\u00e9s<\/li>\n<\/ul>\n<h5>V\u00e1rhat\u00f3 eredm\u00e9ny<\/h5>\n<ul>\n<li>n\u00f6vekszik a vezet\u0151i m\u0171k\u00f6d\u00e9s rugalmass\u00e1ga \u00e9s a helyzethez val\u00f3 illeszked\u00e9se<\/li>\n<li>er\u0151s\u00f6dik a vezet\u0151k k\u00e9pess\u00e9ge munkat\u00e1rsaik fejleszt\u00e9s\u00e9nek \u00e9s megtart\u00e1s\u00e1nak t\u00e1mogat\u00e1s\u00e1ra<\/li>\n<li>n\u00f6vekszik a magabiztoss\u00e1g a komplex, v\u00e1ltoz\u00f3 k\u00f6rnyezetben meghozott vezet\u0151i d\u00f6nt\u00e9sekben<\/li>\n<\/ul>\n<hr \/>\n<h1>Kapcsolatfelv\u00e9tel<\/h1>\n<p>Ha szeretn\u00e9 ig\u00e9nybe venni a Kompetencia K\u00f6zpont szolg\u00e1ltat\u00e1sait, k\u00e9rj\u00fck, vegye fel a kapcsolatot munkat\u00e1rsainkkal a MySemmelweis fel\u00fclet\u00e9n \u2013 <a href=\"https:\/\/mysemmelweis.hu\/auth\/login?redirect=%2Fissue-tracker%2F17%2Fcategories%2F53%2Ftickets\">az al\u00e1bbi linken<\/a>.<\/p>\n","protected":false},"excerpt":{"rendered":"<p>Ide\u00e1lis l\u00e9tsz\u00e1m: 6-16 f\u0151 Aj\u00e1nlott id\u0151tartam: 2\u00d77 \u00f3ra Mi\u00e9rt \u00e9rdemes r\u00e9szt venni a tr\u00e9ningen? A helyzetf\u00fcgg\u0151 vezet\u00e9s egy vil\u00e1gszerte elismert modell, amely szerint a vezet\u00e9s hat\u00e9konys\u00e1ga azon m\u00falik, hogy a vezet\u0151 mennyire k\u00e9pes igazodni a k\u00fcl\u00f6nb\u00f6z\u0151 helyzetekhez, \u00e9s a beosztottak fejletts\u00e9gi szintj\u00e9nek megfelel\u0151 st\u00edlust alkalmazni. Ez a k\u00e9pess\u00e9g fejleszthet\u0151 \u00e9s lehet\u0151v\u00e9 teszi, hogy a vezet\u0151 &hellip;<\/p>\n","protected":false},"author":102321,"featured_media":99839,"parent":33,"menu_order":2,"comment_status":"closed","ping_status":"closed","template":"template-fullwidth.php","meta":{"_acf_changed":false,"footnotes":""},"categories":[23],"tags":[25],"class_list":["post-99073","page","type-page","status-publish","has-post-thumbnail","hentry","category-trening","tag-vezetoi-trening"],"acf":[],"_links":{"self":[{"href":"https:\/\/semmelweis.hu\/szervezetfejlesztes\/wp-json\/wp\/v2\/pages\/99073","targetHints":{"allow":["GET"]}}],"collection":[{"href":"https:\/\/semmelweis.hu\/szervezetfejlesztes\/wp-json\/wp\/v2\/pages"}],"about":[{"href":"https:\/\/semmelweis.hu\/szervezetfejlesztes\/wp-json\/wp\/v2\/types\/page"}],"author":[{"embeddable":true,"href":"https:\/\/semmelweis.hu\/szervezetfejlesztes\/wp-json\/wp\/v2\/users\/102321"}],"replies":[{"embeddable":true,"href":"https:\/\/semmelweis.hu\/szervezetfejlesztes\/wp-json\/wp\/v2\/comments?post=99073"}],"version-history":[{"count":11,"href":"https:\/\/semmelweis.hu\/szervezetfejlesztes\/wp-json\/wp\/v2\/pages\/99073\/revisions"}],"predecessor-version":[{"id":100225,"href":"https:\/\/semmelweis.hu\/szervezetfejlesztes\/wp-json\/wp\/v2\/pages\/99073\/revisions\/100225"}],"up":[{"embeddable":true,"href":"https:\/\/semmelweis.hu\/szervezetfejlesztes\/wp-json\/wp\/v2\/pages\/33"}],"wp:featuredmedia":[{"embeddable":true,"href":"https:\/\/semmelweis.hu\/szervezetfejlesztes\/wp-json\/wp\/v2\/media\/99839"}],"wp:attachment":[{"href":"https:\/\/semmelweis.hu\/szervezetfejlesztes\/wp-json\/wp\/v2\/media?parent=99073"}],"wp:term":[{"taxonomy":"category","embeddable":true,"href":"https:\/\/semmelweis.hu\/szervezetfejlesztes\/wp-json\/wp\/v2\/categories?post=99073"},{"taxonomy":"post_tag","embeddable":true,"href":"https:\/\/semmelweis.hu\/szervezetfejlesztes\/wp-json\/wp\/v2\/tags?post=99073"}],"curies":[{"name":"wp","href":"https:\/\/api.w.org\/{rel}","templated":true}]}}