{"id":6,"date":"2024-11-07T08:37:42","date_gmt":"2024-11-07T07:37:42","guid":{"rendered":"https:\/\/semmelweis.hu\/szervezetfejlesztes\/?page_id=6"},"modified":"2025-01-20T16:09:16","modified_gmt":"2025-01-20T15:09:16","slug":"rolunk","status":"publish","type":"page","link":"https:\/\/semmelweis.hu\/szervezetfejlesztes\/rolunk\/","title":{"rendered":"R\u00f3lunk"},"content":{"rendered":"","protected":false},"excerpt":{"rendered":"<p>Ide tehet\u0151 egy r\u00f6vid \u00f6sszefoglal\u00f3 sz\u00f6veg annak az oldalnak a t\u00e9m\u00e1j\u00e1ban, ami al\u00e1bb a &#8222;Tov\u00e1bb olvasom&#8221; linkre kattintva \u00e9rhet\u0151 el. Ezt a sz\u00f6veget \u00e9s a megjelen\u0151 k\u00e9pet szint\u00e9n a &#8222;Tov\u00e1bb olvasom&#8221; link seg\u00edts\u00e9g\u00e9vel el\u00e9rhet\u0151 <b>oldal szerkeszt\u00e9s\u00e9vel<\/b>, az \u00fan. kivonat mez\u0151 ill. a kiemelt k\u00e9p m\u00f3dos\u00edt\u00e1s\u00e1val tudjuk szerkeszteni. Ugyanakkor a doboz c\u00edme viszont a Vez\u00e9rl\u0151pult \/ SE18Be\u00e1ll\u00edt\u00e1sok szakaszban v\u00e1ltoztathat\u00f3 meg.<\/p>\n","protected":false},"author":102321,"featured_media":0,"parent":0,"menu_order":0,"comment_status":"closed","ping_status":"closed","template":"","meta":{"_acf_changed":false,"footnotes":""},"categories":[],"tags":[],"class_list":["post-6","page","type-page","status-publish","hentry"],"acf":[],"_links":{"self":[{"href":"https:\/\/semmelweis.hu\/szervezetfejlesztes\/wp-json\/wp\/v2\/pages\/6","targetHints":{"allow":["GET"]}}],"collection":[{"href":"https:\/\/semmelweis.hu\/szervezetfejlesztes\/wp-json\/wp\/v2\/pages"}],"about":[{"href":"https:\/\/semmelweis.hu\/szervezetfejlesztes\/wp-json\/wp\/v2\/types\/page"}],"author":[{"embeddable":true,"href":"https:\/\/semmelweis.hu\/szervezetfejlesztes\/wp-json\/wp\/v2\/users\/102321"}],"replies":[{"embeddable":true,"href":"https:\/\/semmelweis.hu\/szervezetfejlesztes\/wp-json\/wp\/v2\/comments?post=6"}],"version-history":[{"count":3,"href":"https:\/\/semmelweis.hu\/szervezetfejlesztes\/wp-json\/wp\/v2\/pages\/6\/revisions"}],"predecessor-version":[{"id":109,"href":"https:\/\/semmelweis.hu\/szervezetfejlesztes\/wp-json\/wp\/v2\/pages\/6\/revisions\/109"}],"wp:attachment":[{"href":"https:\/\/semmelweis.hu\/szervezetfejlesztes\/wp-json\/wp\/v2\/media?parent=6"}],"wp:term":[{"taxonomy":"category","embeddable":true,"href":"https:\/\/semmelweis.hu\/szervezetfejlesztes\/wp-json\/wp\/v2\/categories?post=6"},{"taxonomy":"post_tag","embeddable":true,"href":"https:\/\/semmelweis.hu\/szervezetfejlesztes\/wp-json\/wp\/v2\/tags?post=6"}],"curies":[{"name":"wp","href":"https:\/\/api.w.org\/{rel}","templated":true}]}}