{"id":100054,"date":"2025-11-12T11:11:11","date_gmt":"2025-11-12T10:11:11","guid":{"rendered":"https:\/\/semmelweis.hu\/szervezetfejlesztes\/?page_id=100054"},"modified":"2025-11-19T13:14:57","modified_gmt":"2025-11-19T12:14:57","slug":"adatvedelem","status":"publish","type":"page","link":"https:\/\/semmelweis.hu\/szervezetfejlesztes\/adatvedelem\/","title":{"rendered":"Adatv\u00e9delem"},"content":{"rendered":"<p>A <em><strong>Strat\u00e9giai Szervezet Fejleszt\u00e9si F\u0151igazgat\u00f3s\u00e1g<\/strong><\/em> strat\u00e9giai adatelemz\u00e9si, titk\u00e1rs\u00e1gi, munka\u00fcgyi <em>tev\u00e9kenys\u00e9ge sor\u00e1n v\u00e9gezett adatkezel\u00e9sekkel <\/em><em>kapcsolatos r\u00e9szletes inform\u00e1ci\u00f3kat tartalmaz\u00f3 adatkezel\u00e9si t\u00e1j\u00e9koztat\u00f3 <strong><a href=\"https:\/\/semmelweis.hu\/szervezetfejlesztes\/files\/2025\/11\/98088-6_SSZFF_2025_Adatkezelo-Strat.-CSEKK.-KompKp_adatkezelessel-kapcs.inform.pdf\">ide kattintva<\/a> <\/strong>t\u00f6lthet\u0151 le.<\/em><\/p>\n<p>A\u00a0 <em><strong>Strat\u00e9giai Szervezet Fejleszt\u00e9si F\u0151igazgat\u00f3s\u00e1g<\/strong><\/em> adatkezel\u00e9si nyilv\u00e1ntart\u00e1sa <a href=\"https:\/\/semmelweis.hu\/szervezetfejlesztes\/files\/2025\/11\/SSZFF_98088-3_2025_Adatkezelesi_nyilvantartas.xlsx\"><em><strong>ide<\/strong>\u00a0<strong>kattintva<\/strong><\/em><\/a> t\u00f6lthet\u0151 le.<\/p>\n<p><em>A <strong>Csal\u00e1dbar\u00e1t Egyetem K\u00f6zpont<\/strong>\u00a0tev\u00e9kenys\u00e9ge sor\u00e1n v\u00e9gezett adatkezel\u00e9sekkel <\/em><em>kapcsolatos r\u00e9szletes inform\u00e1ci\u00f3kat tartalmaz\u00f3 adatkezel\u00e9si nyilv\u00e1ntart\u00e1sa <a href=\"https:\/\/semmelweis.hu\/szervezetfejlesztes\/files\/2025\/11\/SSZFF_CSEK_98088-2_2025_Adatkezelesi_nyilvantartas.xlsx\"><strong>ide\u00a0kattintva <\/strong><\/a>\u00e9rhet\u0151 el.<\/em><\/p>\n<p>A <em><strong>Kompetencia K\u00f6zpont<\/strong><\/em> <em>tev\u00e9kenys\u00e9ge sor\u00e1n v\u00e9gezett adatkezel\u00e9sekkel <\/em><em>kapcsolatos r\u00e9szletes inform\u00e1ci\u00f3kat tartalmaz\u00f3 adatkezel\u00e9si nyilv\u00e1ntart\u00e1sa <a href=\"https:\/\/semmelweis.hu\/szervezetfejlesztes\/files\/2025\/11\/SSZFF_KOMKP_98088_2025_Adatkezelesi_nyilvantartas.xlsx\"><strong>ide kattintva<\/strong><\/a> t\u00f6lthet\u0151 le.<\/em><\/p>\n","protected":false},"excerpt":{"rendered":"<p>A Strat\u00e9giai Szervezet Fejleszt\u00e9si F\u0151igazgat\u00f3s\u00e1g strat\u00e9giai adatelemz\u00e9si, titk\u00e1rs\u00e1gi, munka\u00fcgyi tev\u00e9kenys\u00e9ge sor\u00e1n v\u00e9gezett adatkezel\u00e9sekkel kapcsolatos r\u00e9szletes inform\u00e1ci\u00f3kat tartalmaz\u00f3 adatkezel\u00e9si t\u00e1j\u00e9koztat\u00f3 <a href=\"https:\/\/semmelweis.hu\/szervezetfejlesztes\/files\/2025\/11\/98088-6_SSZFF_2025_Adatkezelo-Strat.-CSEKK.-KompKp_adatkezelessel-kapcs.inform.pdf\">ide kattintva<\/a> t\u00f6lthet\u0151 le. A\u00a0 Strat\u00e9giai Szervezet Fejleszt\u00e9si F\u0151igazgat\u00f3s\u00e1g adatkezel\u00e9si nyilv\u00e1ntart\u00e1sa <a href=\"https:\/\/semmelweis.hu\/szervezetfejlesztes\/files\/2025\/11\/SSZFF_98088-3_2025_Adatkezelesi_nyilvantartas.xlsx\">ide\u00a0kattintva<\/a> t\u00f6lthet\u0151 le. A Csal\u00e1dbar\u00e1t Egyetem K\u00f6zpont\u00a0tev\u00e9kenys\u00e9ge sor\u00e1n v\u00e9gezett adatkezel\u00e9sekkel kapcsolatos r\u00e9szletes inform\u00e1ci\u00f3kat tartalmaz\u00f3 adatkezel\u00e9si nyilv\u00e1ntart\u00e1sa <a href=\"https:\/\/semmelweis.hu\/szervezetfejlesztes\/files\/2025\/11\/SSZFF_CSEK_98088-2_2025_Adatkezelesi_nyilvantartas.xlsx\">ide\u00a0kattintva <\/a> \u00e9rhet\u0151 el. A Kompetencia K\u00f6zpont tev\u00e9kenys\u00e9ge sor\u00e1n v\u00e9gezett adatkezel\u00e9sekkel kapcsolatos r\u00e9szletes inform\u00e1ci\u00f3kat &hellip;<\/p>\n","protected":false},"author":102431,"featured_media":0,"parent":0,"menu_order":0,"comment_status":"closed","ping_status":"closed","template":"","meta":{"_acf_changed":false,"footnotes":""},"categories":[],"tags":[],"class_list":["post-100054","page","type-page","status-publish","hentry"],"acf":[],"_links":{"self":[{"href":"https:\/\/semmelweis.hu\/szervezetfejlesztes\/wp-json\/wp\/v2\/pages\/100054","targetHints":{"allow":["GET"]}}],"collection":[{"href":"https:\/\/semmelweis.hu\/szervezetfejlesztes\/wp-json\/wp\/v2\/pages"}],"about":[{"href":"https:\/\/semmelweis.hu\/szervezetfejlesztes\/wp-json\/wp\/v2\/types\/page"}],"author":[{"embeddable":true,"href":"https:\/\/semmelweis.hu\/szervezetfejlesztes\/wp-json\/wp\/v2\/users\/102431"}],"replies":[{"embeddable":true,"href":"https:\/\/semmelweis.hu\/szervezetfejlesztes\/wp-json\/wp\/v2\/comments?post=100054"}],"version-history":[{"count":10,"href":"https:\/\/semmelweis.hu\/szervezetfejlesztes\/wp-json\/wp\/v2\/pages\/100054\/revisions"}],"predecessor-version":[{"id":100078,"href":"https:\/\/semmelweis.hu\/szervezetfejlesztes\/wp-json\/wp\/v2\/pages\/100054\/revisions\/100078"}],"wp:attachment":[{"href":"https:\/\/semmelweis.hu\/szervezetfejlesztes\/wp-json\/wp\/v2\/media?parent=100054"}],"wp:term":[{"taxonomy":"category","embeddable":true,"href":"https:\/\/semmelweis.hu\/szervezetfejlesztes\/wp-json\/wp\/v2\/categories?post=100054"},{"taxonomy":"post_tag","embeddable":true,"href":"https:\/\/semmelweis.hu\/szervezetfejlesztes\/wp-json\/wp\/v2\/tags?post=100054"}],"curies":[{"name":"wp","href":"https:\/\/api.w.org\/{rel}","templated":true}]}}