{"id":100026,"date":"2025-10-20T21:59:02","date_gmt":"2025-10-20T19:59:02","guid":{"rendered":"https:\/\/semmelweis.hu\/szervezetfejlesztes\/?page_id=100026"},"modified":"2026-04-18T16:37:06","modified_gmt":"2026-04-18T14:37:06","slug":"strategiai-workshop","status":"publish","type":"page","link":"https:\/\/semmelweis.hu\/szervezetfejlesztes\/kompetencia-kozpont\/strategiai-workshop\/","title":{"rendered":"Strat\u00e9giai workshop"},"content":{"rendered":"<div class=\"keretes w-100\" style=\"border: 0px solid !important;background-color: #e3d496 !important\">\n<h6 style=\"font-size: 18.6667px;text-align: center\"><strong><span style=\"color: #ff0000\">Figyelem!<\/span> A Kompetencia K\u00f6zpont szolg\u00e1ltat\u00e1sai \u00e9s tr\u00e9ningjei kiz\u00e1r\u00f3lag a Semmelweis Egyetem munkat\u00e1rsai sz\u00e1m\u00e1ra \u00e9rhet\u0151k el<\/strong> a szervezeti egys\u00e9gek vezet\u0151ivel t\u00f6rt\u00e9nt egyeztet\u00e9s alapj\u00e1n.<\/h6>\n<\/div>\n\n<div class=\"fontos_div\">\n<p>Ide\u00e1lis l\u00e9tsz\u00e1m: 6-16 f\u0151<\/p>\n<p>Aj\u00e1nlott id\u0151tartam: 2&#215;4 \u00f3ra<\/p>\n<\/div>\n<h5>Mi\u00e9rt \u00e9rdemes r\u00e9szt venni a tr\u00e9ningen?<\/h5>\n<p style=\"text-align: justify\">A strat\u00e9giai workshop c\u00e9lja, hogy k\u00f6z\u00f6sen meghat\u00e1rozzuk a szervezet vagy szervezeti egys\u00e9g k\u00fcldet\u00e9s\u00e9t (misszi\u00f3j\u00e1t), j\u00f6v\u0151k\u00e9p\u00e9t (v\u00edzi\u00f3j\u00e1t) \u00e9s strat\u00e9giai c\u00e9ljait, majd ezeket j\u00f3l k\u00f6vethet\u0151, kisebb egys\u00e9gekre bontsuk le. <br \/>\nA vil\u00e1gos k\u00fcldet\u00e9s \u00e9s v\u00edzi\u00f3 ir\u00e1nyt\u0171k\u00e9nt szolg\u00e1l a mindennapi m\u0171k\u00f6d\u00e9shez, seg\u00edti a koll\u00e9g\u00e1kat a k\u00f6z\u00f6s c\u00e9lok azonos\u00edt\u00e1s\u00e1ban, er\u0151s\u00edti az \u00f6sszetartoz\u00e1s \u00e9rz\u00e9s\u00e9t, \u00e9s egyszer\u0171s\u00edti a d\u00f6nt\u00e9shozatalt.<\/p>\n<div class=\"keretes w-100\">\n<h5>Mit tanulnak a r\u00e9sztvev\u0151k?<\/h5>\n<p><strong>A workshop fejleszti a munkat\u00e1rsak k\u00e9pess\u00e9geit, hogy:<\/strong><br \/>\n\u00a0 \u00a0&#8211; tiszt\u00e1n l\u00e1ss\u00e1k a k\u00edv\u00e1nt v\u00e1ltoz\u00e1sok f\u0151 ir\u00e1ny\u00e1t<br \/>\n\u00a0 \u00a0&#8211; elk\u00f6telez\u0151djenek a k\u00f6z\u00f6sen kit\u0171z\u00f6tt c\u00e9lok mellett<br \/>\n\u00a0 \u00a0&#8211; hat\u00e9konyabban m\u0171k\u00f6djenek egy\u00fctt a csoporton bel\u00fcl<br \/>\n\u00a0 \u00a0&#8211; vil\u00e1gos, k\u00f6z\u00f6sen elfogadott strat\u00e9giai keretekhez kapcsol\u00f3djanak<\/p>\n<\/div>\n<hr \/>\n<h5>V\u00e1rhat\u00f3 eredm\u00e9ny<\/h5>\n<ul>\n<li>egys\u00e9ges, j\u00f3l k\u00f6vethet\u0151 strat\u00e9giai ir\u00e1ny alakul ki<\/li>\n<li>javul a csapat egy\u00fcttm\u0171k\u00f6d\u00e9se \u00e9s kommunik\u00e1ci\u00f3ja<\/li>\n<li>n\u0151 az elk\u00f6telez\u0151d\u00e9s \u00e9s motiv\u00e1ci\u00f3 a szervezetben<\/li>\n<li>k\u00f6nnyebb \u00e9s \u00e1tl\u00e1that\u00f3bb d\u00f6nt\u00e9shozatal<\/li>\n<\/ul>\n<hr \/>\n<h1>Kapcsolatfelv\u00e9tel<\/h1>\n<p>Ha szeretn\u00e9 ig\u00e9nybe venni a Kompetencia K\u00f6zpont szolg\u00e1ltat\u00e1sait, k\u00e9rj\u00fck, vegye fel a kapcsolatot munkat\u00e1rsainkkal a MySemmelweis fel\u00fclet\u00e9n \u2013 <a href=\"https:\/\/mysemmelweis.hu\/auth\/login?redirect=%2Fissue-tracker%2F17%2Fcategories%2F53%2Ftickets\">az al\u00e1bbi linken<\/a>.<\/p>\n","protected":false},"excerpt":{"rendered":"<p>Ide\u00e1lis l\u00e9tsz\u00e1m: 6-16 f\u0151 Aj\u00e1nlott id\u0151tartam: 2&#215;4 \u00f3ra Mi\u00e9rt \u00e9rdemes r\u00e9szt venni a tr\u00e9ningen? A strat\u00e9giai workshop c\u00e9lja, hogy k\u00f6z\u00f6sen meghat\u00e1rozzuk a szervezet vagy szervezeti egys\u00e9g k\u00fcldet\u00e9s\u00e9t (misszi\u00f3j\u00e1t), j\u00f6v\u0151k\u00e9p\u00e9t (v\u00edzi\u00f3j\u00e1t) \u00e9s strat\u00e9giai c\u00e9ljait, majd ezeket j\u00f3l k\u00f6vethet\u0151, kisebb egys\u00e9gekre bontsuk le. A vil\u00e1gos k\u00fcldet\u00e9s \u00e9s v\u00edzi\u00f3 ir\u00e1nyt\u0171k\u00e9nt szolg\u00e1l a mindennapi m\u0171k\u00f6d\u00e9shez, seg\u00edti a koll\u00e9g\u00e1kat a &hellip;<\/p>\n","protected":false},"author":101405,"featured_media":100049,"parent":33,"menu_order":0,"comment_status":"closed","ping_status":"closed","template":"template-fullwidth.php","meta":{"_acf_changed":false,"footnotes":""},"categories":[23],"tags":[],"class_list":["post-100026","page","type-page","status-publish","has-post-thumbnail","hentry","category-trening"],"acf":[],"_links":{"self":[{"href":"https:\/\/semmelweis.hu\/szervezetfejlesztes\/wp-json\/wp\/v2\/pages\/100026","targetHints":{"allow":["GET"]}}],"collection":[{"href":"https:\/\/semmelweis.hu\/szervezetfejlesztes\/wp-json\/wp\/v2\/pages"}],"about":[{"href":"https:\/\/semmelweis.hu\/szervezetfejlesztes\/wp-json\/wp\/v2\/types\/page"}],"author":[{"embeddable":true,"href":"https:\/\/semmelweis.hu\/szervezetfejlesztes\/wp-json\/wp\/v2\/users\/101405"}],"replies":[{"embeddable":true,"href":"https:\/\/semmelweis.hu\/szervezetfejlesztes\/wp-json\/wp\/v2\/comments?post=100026"}],"version-history":[{"count":10,"href":"https:\/\/semmelweis.hu\/szervezetfejlesztes\/wp-json\/wp\/v2\/pages\/100026\/revisions"}],"predecessor-version":[{"id":100222,"href":"https:\/\/semmelweis.hu\/szervezetfejlesztes\/wp-json\/wp\/v2\/pages\/100026\/revisions\/100222"}],"up":[{"embeddable":true,"href":"https:\/\/semmelweis.hu\/szervezetfejlesztes\/wp-json\/wp\/v2\/pages\/33"}],"wp:featuredmedia":[{"embeddable":true,"href":"https:\/\/semmelweis.hu\/szervezetfejlesztes\/wp-json\/wp\/v2\/media\/100049"}],"wp:attachment":[{"href":"https:\/\/semmelweis.hu\/szervezetfejlesztes\/wp-json\/wp\/v2\/media?parent=100026"}],"wp:term":[{"taxonomy":"category","embeddable":true,"href":"https:\/\/semmelweis.hu\/szervezetfejlesztes\/wp-json\/wp\/v2\/categories?post=100026"},{"taxonomy":"post_tag","embeddable":true,"href":"https:\/\/semmelweis.hu\/szervezetfejlesztes\/wp-json\/wp\/v2\/tags?post=100026"}],"curies":[{"name":"wp","href":"https:\/\/api.w.org\/{rel}","templated":true}]}}