{"id":100020,"date":"2025-10-20T21:49:48","date_gmt":"2025-10-20T19:49:48","guid":{"rendered":"https:\/\/semmelweis.hu\/szervezetfejlesztes\/?page_id=100020"},"modified":"2026-04-18T16:11:50","modified_gmt":"2026-04-18T14:11:50","slug":"onboarding-workshop","status":"publish","type":"page","link":"https:\/\/semmelweis.hu\/szervezetfejlesztes\/kompetencia-kozpont\/onboarding-workshop\/","title":{"rendered":"Onboarding workshop"},"content":{"rendered":"<div class=\"keretes w-100\" style=\"border: 0px solid !important;background-color: #e3d496 !important\">\n<h6 style=\"font-size: 18.6667px;text-align: center\"><strong><span style=\"color: #ff0000\">Figyelem!<\/span> A Kompetencia K\u00f6zpont szolg\u00e1ltat\u00e1sai \u00e9s tr\u00e9ningjei kiz\u00e1r\u00f3lag a Semmelweis Egyetem munkat\u00e1rsai sz\u00e1m\u00e1ra \u00e9rhet\u0151k el<\/strong> a szervezeti egys\u00e9gek vezet\u0151ivel t\u00f6rt\u00e9nt egyeztet\u00e9s alapj\u00e1n.<\/h6>\n<\/div>\n\n<div class=\"fontos_div\">\n<p>Ide\u00e1lis l\u00e9tsz\u00e1m: 4-12 f\u0151<\/p>\n<p>Aj\u00e1nlott id\u0151tartam: 1&#215;3 \u00f3ra<\/p>\n<\/div>\n<h5>Mi\u00e9rt \u00e9rdemes r\u00e9szt venni a workshopon?<\/h5>\n<div class=\"w-100\" style=\"text-align: justify\">Az onboarding workshop c\u00e9lja, hogy az \u00faj munkat\u00e1rsak ne csup\u00e1n bel\u00e9pjenek a szervezetbe,hanem val\u00f3ban meg is \u00e9rkezzenek. <br \/>\nA program t\u00e1mogatja a z\u00f6kken\u0151mentes beilleszked\u00e9st, er\u0151s\u00edti az \u201e\u00fcdv a fed\u00e9lzeten\u201d \u00e9lm\u00e9nyt, \u00e9s seg\u00edt abban, hogy az \u00faj koll\u00e9g\u00e1k m\u00e1r a kezdetekt\u0151l \u00e9rt\u0151 m\u00f3don kapcsol\u00f3djanak a szervezeti kult\u00far\u00e1hoz, norm\u00e1khoz \u00e9s a r\u00e1juk v\u00e1r\u00f3 feladatokhoz.<br \/>\nA workshopon a r\u00e9gi \u00e9s \u00faj munkat\u00e1rsak k\u00f6z\u00f6sen vesznek r\u00e9szt, \u00edgy a tanul\u00e1s mellett a kapcsol\u00f3d\u00e1s \u00e9s a bizalom\u00e9p\u00edt\u00e9s is hangs\u00falyos szerepet kap.<\/div>\n<div>\u00a0<\/div>\n<div>\n<div class=\"keretes w-100\">\n<h5>Mit tanulnak a r\u00e9sztvev\u0151k?<\/h5>\n<p><strong>A workshop t\u00e1mogatja, hogy az \u00faj munkat\u00e1rsak:<br \/>\n<\/strong>\u00a0 &#8211; gyorsabban \u00e9s magabiztosabban illeszkedjenek be a csapatba<br \/>\n\u00a0 &#8211; er\u0151s emberi \u00e9s szakmai kapcsolatokat alak\u00edtsanak ki<br \/>\n\u00a0 &#8211; meg\u00e9rts\u00e9k \u00e9s alkalmazni tudj\u00e1k a szervezeti norm\u00e1kat \u00e9s m\u0171k\u00f6d\u00e9si saj\u00e1toss\u00e1gokat<br \/>\n\u00a0 &#8211; hiteles k\u00e9pet kapjanak a szervezeti kult\u00far\u00e1r\u00f3l<br \/>\n\u00a0 &#8211; akt\u00edv szerepl\u0151iv\u00e9 v\u00e1ljanak a k\u00f6z\u00f6ss\u00e9gnek m\u00e1r a bel\u00e9p\u00e9s korai szakasz\u00e1ban<\/p>\n<\/div>\n<\/div>\n<hr \/>\n<h5>V\u00e1rhat\u00f3 eredm\u00e9ny<\/h5>\n<ul>\n<li>gyorsabb beilleszked\u00e9s \u00e9s \u00f6n\u00e1ll\u00f3bb m\u0171k\u00f6d\u00e9s az \u00faj koll\u00e9g\u00e1k r\u00e9sz\u00e9r\u0151l<\/li>\n<li>er\u0151sebb bizalom \u00e9s egy\u00fcttm\u0171k\u00f6d\u00e9s a csapaton bel\u00fcl<\/li>\n<li>az \u00faj munkat\u00e1rsak motiv\u00e1ci\u00f3j\u00e1nak \u00e9s elk\u00f6telez\u0151d\u00e9s\u00e9nek n\u00f6veked\u00e9se<\/li>\n<li>pozit\u00edv \u00e9s egys\u00e9ges onboarding \u00e9lm\u00e9ny a szervezeten bel\u00fcl<\/li>\n<\/ul>\n<hr \/>\n<h1>Kapcsolatfelv\u00e9tel<\/h1>\n<p>Ha szeretn\u00e9 ig\u00e9nybe venni a Kompetencia K\u00f6zpont szolg\u00e1ltat\u00e1sait, k\u00e9rj\u00fck, vegye fel a kapcsolatot munkat\u00e1rsainkkal a MySemmelweis fel\u00fclet\u00e9n \u2013 <a href=\"https:\/\/mysemmelweis.hu\/auth\/login?redirect=%2Fissue-tracker%2F17%2Fcategories%2F53%2Ftickets\">az al\u00e1bbi linken<\/a>.<\/p>\n","protected":false},"excerpt":{"rendered":"<p>Ide\u00e1lis l\u00e9tsz\u00e1m: 4-12 f\u0151 Aj\u00e1nlott id\u0151tartam: 1&#215;3 \u00f3ra Mi\u00e9rt \u00e9rdemes r\u00e9szt venni a workshopon? Az onboarding workshop c\u00e9lja, hogy az \u00faj munkat\u00e1rsak ne csup\u00e1n bel\u00e9pjenek a szervezetbe,hanem val\u00f3ban meg is \u00e9rkezzenek. A program t\u00e1mogatja a z\u00f6kken\u0151mentes beilleszked\u00e9st, er\u0151s\u00edti az \u201e\u00fcdv a fed\u00e9lzeten\u201d \u00e9lm\u00e9nyt, \u00e9s seg\u00edt abban, hogy az \u00faj koll\u00e9g\u00e1k m\u00e1r a kezdetekt\u0151l \u00e9rt\u0151 m\u00f3don &hellip;<\/p>\n","protected":false},"author":101405,"featured_media":100048,"parent":33,"menu_order":0,"comment_status":"closed","ping_status":"closed","template":"template-fullwidth.php","meta":{"_acf_changed":false,"footnotes":""},"categories":[23],"tags":[],"class_list":["post-100020","page","type-page","status-publish","has-post-thumbnail","hentry","category-trening"],"acf":[],"_links":{"self":[{"href":"https:\/\/semmelweis.hu\/szervezetfejlesztes\/wp-json\/wp\/v2\/pages\/100020","targetHints":{"allow":["GET"]}}],"collection":[{"href":"https:\/\/semmelweis.hu\/szervezetfejlesztes\/wp-json\/wp\/v2\/pages"}],"about":[{"href":"https:\/\/semmelweis.hu\/szervezetfejlesztes\/wp-json\/wp\/v2\/types\/page"}],"author":[{"embeddable":true,"href":"https:\/\/semmelweis.hu\/szervezetfejlesztes\/wp-json\/wp\/v2\/users\/101405"}],"replies":[{"embeddable":true,"href":"https:\/\/semmelweis.hu\/szervezetfejlesztes\/wp-json\/wp\/v2\/comments?post=100020"}],"version-history":[{"count":10,"href":"https:\/\/semmelweis.hu\/szervezetfejlesztes\/wp-json\/wp\/v2\/pages\/100020\/revisions"}],"predecessor-version":[{"id":100221,"href":"https:\/\/semmelweis.hu\/szervezetfejlesztes\/wp-json\/wp\/v2\/pages\/100020\/revisions\/100221"}],"up":[{"embeddable":true,"href":"https:\/\/semmelweis.hu\/szervezetfejlesztes\/wp-json\/wp\/v2\/pages\/33"}],"wp:featuredmedia":[{"embeddable":true,"href":"https:\/\/semmelweis.hu\/szervezetfejlesztes\/wp-json\/wp\/v2\/media\/100048"}],"wp:attachment":[{"href":"https:\/\/semmelweis.hu\/szervezetfejlesztes\/wp-json\/wp\/v2\/media?parent=100020"}],"wp:term":[{"taxonomy":"category","embeddable":true,"href":"https:\/\/semmelweis.hu\/szervezetfejlesztes\/wp-json\/wp\/v2\/categories?post=100020"},{"taxonomy":"post_tag","embeddable":true,"href":"https:\/\/semmelweis.hu\/szervezetfejlesztes\/wp-json\/wp\/v2\/tags?post=100020"}],"curies":[{"name":"wp","href":"https:\/\/api.w.org\/{rel}","templated":true}]}}