{"id":90311,"date":"2020-06-18T10:50:19","date_gmt":"2020-06-18T08:50:19","guid":{"rendered":"https:\/\/semmelweis.hu\/szeniorakademia\/?page_id=90311"},"modified":"2020-06-18T10:50:19","modified_gmt":"2020-06-18T08:50:19","slug":"a-zoom-hasznalata","status":"publish","type":"page","link":"https:\/\/semmelweis.hu\/szeniorakademia\/a-zoom-hasznalata\/","title":{"rendered":"A Zoom haszn\u00e1lata"},"content":{"rendered":"<p><strong>A ZOOM MEGH\u00cdV\u00c1S ELFOGAD\u00c1SA<\/strong><\/p>\n<ol>\n<li>Az el\u0151ad\u00f3t\u00f3l a rendezv\u00e9nyt megel\u0151z\u0151en \u00e9rkezik egy email, melyben megtal\u00e1lhat\u00f3 a Zoom megbesz\u00e9l\u00e9s link-je, valamint a megbesz\u00e9l\u00e9s azonos\u00edt\u00f3sz\u00e1ma (ut\u00f3bbira csak speci\u00e1lis esetben, egyes oper\u00e1ci\u00f3s rendszereken vagy telefonos haszn\u00e1lat eset\u00e9n van sz\u00fcks\u00e9g).<\/li>\n<li>A linkre kattintva automatikusan elindul a csatlakoz\u00e1s, de az els\u0151 esetben egy seg\u00e9dprogram let\u00f6lt\u00e9s\u00e9re, majd telep\u00edt\u00e9s\u00e9re is sz\u00fcks\u00e9g lehet, mely rendk\u00edv\u00fcl egyszer\u0171en (a vide\u00f3ban l\u00e1that\u00f3 m\u00f3don) megoldhat\u00f3. \u00c9rdemes <a href=\"https:\/\/zoom.us\/download#client_4meeting\" target=\"_blank\" rel=\"noopener noreferrer\"><strong>let\u00f6lteni a Zoom szoftvert a sz\u00e1m\u00edt\u00f3g\u00e9p\u00fcnkre<\/strong><\/a>, mert k\u00f6nnyebben lehet haszn\u00e1lni, mint a b\u00f6ng\u00e9sz\u0151s v\u00e1ltozatot.<\/li>\n<li>Ezt k\u00f6vet\u0151en meg kell adni a jogosults\u00e1gokat a Zoom rendszer sz\u00e1m\u00e1ra (kamera, mikrofon) \u00e9s ezut\u00e1n m\u00e1ris csatlakozik az \u00e9rtekezlethez a megh\u00edvott szem\u00e9ly.<\/li>\n<\/ol>\n<p>Amennyiben \u00d6n megh\u00edv\u00e1st kapott egy Zoom-megbesz\u00e9l\u00e9sre, \u00fagy <strong>a mell\u00e9kelt vide\u00f3ban l\u00e1that\u00f3 m\u00f3don<\/strong> tud csatlakozni, \u00d6nnek semmilyen regisztr\u00e1ci\u00f3ra nincs sz\u00fcks\u00e9ge.<\/p>\n<div style=\"width: 753px;\" class=\"wp-video\"><!--[if lt IE 9]><script>document.createElement('video');<\/script><![endif]-->\n<video class=\"wp-video-shortcode\" id=\"video-90311-1\" width=\"753\" height=\"424\" preload=\"metadata\" controls=\"controls\"><source type=\"video\/mp4\" src=\"https:\/\/semmelweis.hu\/oktatasmodszertan\/files\/2020\/03\/CSATLAKOZ\u00c1S-ZOOM-tal\u00e1lkoz\u00f3hoz.mp4?_=1\" \/><a href=\"https:\/\/semmelweis.hu\/oktatasmodszertan\/files\/2020\/03\/CSATLAKOZ\u00c1S-ZOOM-tal\u00e1lkoz\u00f3hoz.mp4\">https:\/\/semmelweis.hu\/oktatasmodszertan\/files\/2020\/03\/CSATLAKOZ\u00c1S-ZOOM-tal\u00e1lkoz\u00f3hoz.mp4<\/a><\/video><\/div>\n<p>&nbsp;<\/p>\n","protected":false},"excerpt":{"rendered":"<p>A ZOOM MEGH\u00cdV\u00c1S ELFOGAD\u00c1SA Az el\u0151ad\u00f3t\u00f3l a rendezv\u00e9nyt megel\u0151z\u0151en \u00e9rkezik egy email, melyben megtal\u00e1lhat\u00f3 a Zoom megbesz\u00e9l\u00e9s link-je, valamint a megbesz\u00e9l\u00e9s azonos\u00edt\u00f3sz\u00e1ma (ut\u00f3bbira csak speci\u00e1lis esetben, egyes oper\u00e1ci\u00f3s rendszereken vagy telefonos haszn\u00e1lat eset\u00e9n van sz\u00fcks\u00e9g). A linkre kattintva automatikusan elindul a csatlakoz\u00e1s, de az els\u0151 esetben egy seg\u00e9dprogram let\u00f6lt\u00e9s\u00e9re, majd telep\u00edt\u00e9s\u00e9re is sz\u00fcks\u00e9g lehet, mely &hellip;<\/p>\n","protected":false},"author":12,"featured_media":0,"parent":0,"menu_order":8,"comment_status":"closed","ping_status":"closed","template":"","meta":{"_acf_changed":false,"footnotes":""},"categories":[],"tags":[],"class_list":["post-90311","page","type-page","status-publish","hentry"],"acf":[],"_links":{"self":[{"href":"https:\/\/semmelweis.hu\/szeniorakademia\/wp-json\/wp\/v2\/pages\/90311","targetHints":{"allow":["GET"]}}],"collection":[{"href":"https:\/\/semmelweis.hu\/szeniorakademia\/wp-json\/wp\/v2\/pages"}],"about":[{"href":"https:\/\/semmelweis.hu\/szeniorakademia\/wp-json\/wp\/v2\/types\/page"}],"author":[{"embeddable":true,"href":"https:\/\/semmelweis.hu\/szeniorakademia\/wp-json\/wp\/v2\/users\/12"}],"replies":[{"embeddable":true,"href":"https:\/\/semmelweis.hu\/szeniorakademia\/wp-json\/wp\/v2\/comments?post=90311"}],"version-history":[{"count":1,"href":"https:\/\/semmelweis.hu\/szeniorakademia\/wp-json\/wp\/v2\/pages\/90311\/revisions"}],"predecessor-version":[{"id":90312,"href":"https:\/\/semmelweis.hu\/szeniorakademia\/wp-json\/wp\/v2\/pages\/90311\/revisions\/90312"}],"wp:attachment":[{"href":"https:\/\/semmelweis.hu\/szeniorakademia\/wp-json\/wp\/v2\/media?parent=90311"}],"wp:term":[{"taxonomy":"category","embeddable":true,"href":"https:\/\/semmelweis.hu\/szeniorakademia\/wp-json\/wp\/v2\/categories?post=90311"},{"taxonomy":"post_tag","embeddable":true,"href":"https:\/\/semmelweis.hu\/szeniorakademia\/wp-json\/wp\/v2\/tags?post=90311"}],"curies":[{"name":"wp","href":"https:\/\/api.w.org\/{rel}","templated":true}]}}