{"id":90301,"date":"2019-12-19T17:42:04","date_gmt":"2019-12-19T16:42:04","guid":{"rendered":"http:\/\/semmelweis.hu\/szeniorakademia\/?page_id=90301"},"modified":"2026-02-13T13:38:01","modified_gmt":"2026-02-13T12:38:01","slug":"videok","status":"publish","type":"page","link":"https:\/\/semmelweis.hu\/szeniorakademia\/videok\/","title":{"rendered":"Vide\u00f3k"},"content":{"rendered":"<div id=\"myModal\" class=\"modal fade single-modal-csekk\" tabindex=\"-1\" role=\"dialog\" \r\n     aria-labelledby=\"myModalLabel\" aria-hidden=\"true\">\r\n    <div class=\"modal-dialog\">\r\n        <div class=\"modal-content\">\r\n            <div class=\"modal-body\">\r\n                <button type=\"button\" class=\"close\" data-dismiss=\"modal\" aria-label=\"Close\" aria-hidden=\"true\">&times;<\/button>\r\n                <div class=\"modal-video\">\r\n                    <div class=\"embed-responsive embed-responsive-16by9\">\r\n                        <iframe sandbox=\"allow-scripts allow-same-origin allow-presentation\" id=\"ytplayer\" class=\"embed-responsive-item\" frameborder=\"0\" allow=\"encrypted-media;autoplay\" allowfullscreen><\/iframe>\r\n                    <\/div>\r\n                <\/div>\r\n            <\/div>\r\n        <\/div>\r\n    <\/div>\r\n<\/div>\r\n\r\n<script>\r\n    jQuery(document).ready(function(){\r\n        jQuery('.modal-backdrop').click(function () {\r\n            jQuery('#myModal').modal('hide');\r\n        });\r\n        \/\/ONLY ALLOW ONE MODAL WITH THIS ID!\r\n        $('#myModal').each(function (i) {\r\n                $('[id=\"' + this.id + '\"]').slice(1).remove();\r\n        });\r\n    });\r\n    jQuery('#myModal').on('hidden.bs.modal', function (e) {\r\n        jQuery('#myModal iframe').removeAttr('src');            \r\n    });\r\n\r\n<\/script>\r\n\r\n<div class=\"yt-gallery px-normal mt-2 mb-2  \" style=\"background-color:  white;\">\r\n\r\n\r\n\r\n    <div class=\"section-row row mb-0 pt-3 pl-0 pr-0\">\r\n        <div class=\"col-12 col-md-auto section-title video-slider-title\" style=\"background-color:  #1C315A;\">\r\n            <h2 style=\"color:  white !important\"> Szenior Akad\u00e9mia <\/h2>\r\n        <\/div>\r\n    <div class=\"col section-divider px-0 mx-2 d-none d-lg-block\"><\/div>\r\n\r\n        <div class=\"col col-md-auto section-link text-uppercase mr-0 pl-0 pr-0 d-none d-lg-block\">\r\n        <h5 class=\"m-0 After-text-white\" style=\"color: #1C315A;\">\r\n<a href=\"https:\/\/www.youtube.com\/playlist?list=PLCehZAqE0dwmEjfetMhaOPiKracsYNJBG\" style=\"color: #1C315A !important;\">\r\n    Tov\u00e1bbi vide\u00f3k<\/a>\r\n<\/h5>\r\n        <\/div>\r\n    <\/div>\r\n\r\n    <div class=\"row mx-0 mt-2\">\r\n        <div class=\"card col-12 col-lg-8 pl-0 pr-1 pr-md-3 mb-2 mb-md-0\">\r\n                <div class=\"card-img\">\r\n                    <a class=\"videolink\" href=\"https:\/\/www.youtube.com\/watch?v=rZ5gSwJ0ng8\" data-src=\"https:\/\/www.youtube.com\/embed\/rZ5gSwJ0ng8?modestbranding=1&rel=0&controls=1&showinfo=0&html5=1&autoplay=1\">\r\n                        <img decoding=\"async\" class=\"img-fluid skip-lazy\" src=\"https:\/\/i.ytimg.com\/vi\/rZ5gSwJ0ng8\/maxresdefault.jpg\" \/>\r\n                    <\/a>\r\n            <div class=\"card-body\" style=\"display: none;\">\r\n                <h3 class=\"card-title mr-md-3 \">Dr. Kempler P\u00e9ter: Neurop\u00e1ti\u00e1k belgy\u00f3gy\u00e1szati betegs\u00e9gekben<\/h3>\r\n            <\/div>\r\n        <\/div>\r\n    <\/div>\r\n    <div class=\"col-12 col-lg-4 pl-0 pr-1 pr-md-3\">\r\n        <div class=\"row mx-0\">\r\n                <div class=\"card col-12 pb-2 pl-0 pr-0\">\r\n    <div class=\"card-img\">\r\n        <a class=\"videolink small-size\" href=\"https:\/\/www.youtube.com\/watch?v=KsK9kOWuGxY\" data-src=\"https:\/\/www.youtube.com\/embed\/KsK9kOWuGxY?modestbranding=1&rel=0&controls=1&showinfo=0&html5=1&autoplay=1\">\r\n            <img decoding=\"async\" class=\"img-fluid\" src=\"https:\/\/i.ytimg.com\/vi\/KsK9kOWuGxY\/maxresdefault.jpg\" \/>\r\n        <\/a>\r\n        <div class=\"card-body\" style=\"display: none;\">\r\n            <h5 class=\"card-title mr-md-3 \"><Dr. Viola \u00c1rp\u00e1d: A leggyakoribb id\u0151skori fejs\u00e9r\u00fcl\u00e9sek<\/h5>\r\n        <\/div>\r\n    <\/div>\r\n<\/div><div class=\"card col-12 pb-2 pl-0 pr-0\">\r\n    <div class=\"card-img\">\r\n        <a class=\"videolink small-size\" href=\"https:\/\/www.youtube.com\/watch?v=_kwAnOj3alM\" data-src=\"https:\/\/www.youtube.com\/embed\/_kwAnOj3alM?modestbranding=1&rel=0&controls=1&showinfo=0&html5=1&autoplay=1\">\r\n            <img decoding=\"async\" class=\"img-fluid\" src=\"https:\/\/i.ytimg.com\/vi\/_kwAnOj3alM\/maxresdefault.jpg\" \/>\r\n        <\/a>\r\n        <div class=\"card-body\" style=\"display: none;\">\r\n            <h5 class=\"card-title mr-md-3 \"><Dr. Albert Fruzsina: A csal\u00e1di kapcsolatok v\u00e1ltoz\u00e1sa Magyarorsz\u00e1gon<\/h5>\r\n        <\/div>\r\n    <\/div>\r\n<\/div>\r\n        <\/div>\r\n    <\/div>\r\n<\/div>\r\n    <div class=\"row mx-0 mt-0 mt-md-2 mb-4 mr-0\">\r\n                <div class=\"card col-12 col-lg-4 pb-2 pl-0 pr-1 pr-md-3\">\r\n<div class=\"card-img\">\r\n    <a class=\"videolink small-size\" href=\"https:\/\/www.youtube.com\/watch?v=uw44iO4unNE\" data-src=\"https:\/\/www.youtube.com\/embed\/uw44iO4unNE?modestbranding=1&rel=0&controls=1&showinfo=0&html5=1&autoplay=1\">\r\n        <img decoding=\"async\" class=\"img-fluid\" src=\"https:\/\/i.ytimg.com\/vi\/uw44iO4unNE\/maxresdefault.jpg\" \/>\r\n    <\/a>\r\n    <div class=\"card-body\" style=\"display: none;\">\r\n        <h5 class=\"card-title mr-md-3 \">Dr. G\u00e1l J\u00e1nos: Mit jelent a katasztr\u00f3famedicina? <\/h5>\r\n    <\/div>\r\n<\/div>\r\n<\/div><div class=\"card col-12 col-lg-4 pb-2 pl-0 pr-1 pr-md-3\">\r\n<div class=\"card-img\">\r\n    <a class=\"videolink small-size\" href=\"https:\/\/www.youtube.com\/watch?v=LJUZ5-vjslI\" data-src=\"https:\/\/www.youtube.com\/embed\/LJUZ5-vjslI?modestbranding=1&rel=0&controls=1&showinfo=0&html5=1&autoplay=1\">\r\n        <img decoding=\"async\" class=\"img-fluid\" src=\"https:\/\/i.ytimg.com\/vi\/LJUZ5-vjslI\/maxresdefault.jpg\" \/>\r\n    <\/a>\r\n    <div class=\"card-body\" style=\"display: none;\">\r\n        <h5 class=\"card-title mr-md-3 \">Dr. S\u00fcveges Ildik\u00f3: Az id\u0151skor leggyakoribb szem\u00e9szeti probl\u00e9m\u00e1i <\/h5>\r\n    <\/div>\r\n<\/div>\r\n<\/div><div class=\"card col-12 col-lg-4 pb-2 pl-0 pr-1 pr-md-3\">\r\n<div class=\"card-img\">\r\n    <a class=\"videolink small-size\" href=\"https:\/\/www.youtube.com\/watch?v=k96ATTX59RU\" data-src=\"https:\/\/www.youtube.com\/embed\/k96ATTX59RU?modestbranding=1&rel=0&controls=1&showinfo=0&html5=1&autoplay=1\">\r\n        <img decoding=\"async\" class=\"img-fluid\" src=\"https:\/\/i.ytimg.com\/vi\/k96ATTX59RU\/maxresdefault.jpg\" \/>\r\n    <\/a>\r\n    <div class=\"card-body\" style=\"display: none;\">\r\n        <h5 class=\"card-title mr-md-3 \">Dr. Bodoky Gy\u00f6rgy: A daganatos betegs\u00e9g kock\u00e1zat\u00e1nak cs\u00f6kkent\u00e9se <\/h5>\r\n    <\/div>\r\n<\/div>\r\n<\/div><div class=\"card col-12 col-lg-4 pb-2 pl-0 pr-1 pr-md-3\">\r\n<div class=\"card-img\">\r\n    <a class=\"videolink small-size\" href=\"https:\/\/www.youtube.com\/watch?v=LrQWiaPkFL0\" data-src=\"https:\/\/www.youtube.com\/embed\/LrQWiaPkFL0?modestbranding=1&rel=0&controls=1&showinfo=0&html5=1&autoplay=1\">\r\n        <img decoding=\"async\" class=\"img-fluid\" src=\"https:\/\/i.ytimg.com\/vi\/LrQWiaPkFL0\/maxresdefault.jpg\" \/>\r\n    <\/a>\r\n    <div class=\"card-body\" style=\"display: none;\">\r\n        <h5 class=\"card-title mr-md-3 \">Dr. Hermann P\u00e9ter: Teljes foghi\u00e1ny gy\u00f3gy\u00edt\u00e1sa implant\u00e1tumok seg\u00edts\u00e9g\u00e9vel <\/h5>\r\n    <\/div>\r\n<\/div>\r\n<\/div><div class=\"card col-12 col-lg-4 pb-2 pl-0 pr-1 pr-md-3\">\r\n<div class=\"card-img\">\r\n    <a class=\"videolink small-size\" href=\"https:\/\/www.youtube.com\/watch?v=_0CQg5C8sCQ\" data-src=\"https:\/\/www.youtube.com\/embed\/_0CQg5C8sCQ?modestbranding=1&rel=0&controls=1&showinfo=0&html5=1&autoplay=1\">\r\n        <img decoding=\"async\" class=\"img-fluid\" src=\"https:\/\/i.ytimg.com\/vi\/_0CQg5C8sCQ\/maxresdefault.jpg\" \/>\r\n    <\/a>\r\n    <div class=\"card-body\" style=\"display: none;\">\r\n        <h5 class=\"card-title mr-md-3 \">Dr. Kov\u00e1cs Attila: Jobb kamra \u2013 az elfeledett sz\u00edv\u00fcreg <\/h5>\r\n    <\/div>\r\n<\/div>\r\n<\/div><div class=\"card col-12 col-lg-4 pb-2 pl-0 pr-1 pr-md-3\">\r\n<div class=\"card-img\">\r\n    <a class=\"videolink small-size\" href=\"https:\/\/www.youtube.com\/watch?v=5S6d00ZusKA\" data-src=\"https:\/\/www.youtube.com\/embed\/5S6d00ZusKA?modestbranding=1&rel=0&controls=1&showinfo=0&html5=1&autoplay=1\">\r\n        <img decoding=\"async\" class=\"img-fluid\" src=\"https:\/\/i.ytimg.com\/vi\/5S6d00ZusKA\/maxresdefault.jpg\" \/>\r\n    <\/a>\r\n    <div class=\"card-body\" style=\"display: none;\">\r\n        <h5 class=\"card-title mr-md-3 \">Dr. Nagy Klaudia Vivien: \u0170rmedicina  \u2013 az emberi szervezet m\u0171k\u00f6d\u00e9se az \u0171rben <\/h5>\r\n    <\/div>\r\n<\/div>\r\n<\/div><div class=\"card col-12 col-lg-4 pb-2 pl-0 pr-1 pr-md-3\">\r\n<div class=\"card-img\">\r\n    <a class=\"videolink small-size\" href=\"https:\/\/www.youtube.com\/watch?v=2eqENzq7rZI\" data-src=\"https:\/\/www.youtube.com\/embed\/2eqENzq7rZI?modestbranding=1&rel=0&controls=1&showinfo=0&html5=1&autoplay=1\">\r\n        <img decoding=\"async\" class=\"img-fluid\" src=\"https:\/\/i.ytimg.com\/vi\/2eqENzq7rZI\/maxresdefault.jpg\" \/>\r\n    <\/a>\r\n    <div class=\"card-body\" style=\"display: none;\">\r\n        <h5 class=\"card-title mr-md-3 \">Dr. Szij\u00e1rt\u00f3 Attila: Robotseb\u00e9szet \u2013 a j\u00f6v\u0151 seb\u00e9szete <\/h5>\r\n    <\/div>\r\n<\/div>\r\n<\/div><div class=\"card col-12 col-lg-4 pb-2 pl-0 pr-1 pr-md-3\">\r\n<div class=\"card-img\">\r\n    <a class=\"videolink small-size\" href=\"https:\/\/www.youtube.com\/watch?v=GjXNWfcnADA\" data-src=\"https:\/\/www.youtube.com\/embed\/GjXNWfcnADA?modestbranding=1&rel=0&controls=1&showinfo=0&html5=1&autoplay=1\">\r\n        <img decoding=\"async\" class=\"img-fluid\" src=\"https:\/\/i.ytimg.com\/vi\/GjXNWfcnADA\/maxresdefault.jpg\" \/>\r\n    <\/a>\r\n    <div class=\"card-body\" style=\"display: none;\">\r\n        <h5 class=\"card-title mr-md-3 \">Dr. Fazekas G\u00e1bor: Rehabilit\u00e1ci\u00f3 stroke ut\u00e1n <\/h5>\r\n    <\/div>\r\n<\/div>\r\n<\/div><div class=\"card col-12 col-lg-4 pb-2 pl-0 pr-1 pr-md-3\">\r\n<div class=\"card-img\">\r\n    <a class=\"videolink small-size\" href=\"https:\/\/www.youtube.com\/watch?v=lXGw4lTn0c0\" data-src=\"https:\/\/www.youtube.com\/embed\/lXGw4lTn0c0?modestbranding=1&rel=0&controls=1&showinfo=0&html5=1&autoplay=1\">\r\n        <img decoding=\"async\" class=\"img-fluid\" src=\"https:\/\/i.ytimg.com\/vi\/lXGw4lTn0c0\/maxresdefault.jpg\" \/>\r\n    <\/a>\r\n    <div class=\"card-body\" style=\"display: none;\">\r\n        <h5 class=\"card-title mr-md-3 \">Dr. Fekete Andrea: Transzl\u00e1ci\u00f3s szeml\u00e9let a vesekutat\u00e1sban <\/h5>\r\n    <\/div>\r\n<\/div>\r\n<\/div><div class=\"card col-12 col-lg-4 pb-2 pl-0 pr-1 pr-md-3\">\r\n<div class=\"card-img\">\r\n    <a class=\"videolink small-size\" href=\"https:\/\/www.youtube.com\/watch?v=FDq0swNrKvw\" data-src=\"https:\/\/www.youtube.com\/embed\/FDq0swNrKvw?modestbranding=1&rel=0&controls=1&showinfo=0&html5=1&autoplay=1\">\r\n        <img decoding=\"async\" class=\"img-fluid\" src=\"https:\/\/i.ytimg.com\/vi\/FDq0swNrKvw\/maxresdefault.jpg\" \/>\r\n    <\/a>\r\n    <div class=\"card-body\" style=\"display: none;\">\r\n        <h5 class=\"card-title mr-md-3 \">Dr. Sz\u0151ke \u00c9va: G\u00e9ntranszform\u00e1lt gy\u00f3gyn\u00f6v\u00e9ny kult\u00far\u00e1k felhaszn\u00e1l\u00e1sa a modern gy\u00f3gy\u00e1szatban <\/h5>\r\n    <\/div>\r\n<\/div>\r\n<\/div><div class=\"card col-12 col-lg-4 pb-2 pl-0 pr-1 pr-md-3\">\r\n<div class=\"card-img\">\r\n    <a class=\"videolink small-size\" href=\"https:\/\/www.youtube.com\/watch?v=eJrDoLYjgd8\" data-src=\"https:\/\/www.youtube.com\/embed\/eJrDoLYjgd8?modestbranding=1&rel=0&controls=1&showinfo=0&html5=1&autoplay=1\">\r\n        <img decoding=\"async\" class=\"img-fluid\" src=\"https:\/\/i.ytimg.com\/vi\/eJrDoLYjgd8\/maxresdefault.jpg\" \/>\r\n    <\/a>\r\n    <div class=\"card-body\" style=\"display: none;\">\r\n        <h5 class=\"card-title mr-md-3 \">Dr. Moln\u00e1r Tiham\u00e9r: Dysbiosis \u00e9s stroke \u2014 a mikrobiom mint rizik\u00f3faktor \u00e9s ter\u00e1pi\u00e1s c\u00e9lpont <\/h5>\r\n    <\/div>\r\n<\/div>\r\n<\/div><div class=\"card col-12 col-lg-4 pb-2 pl-0 pr-1 pr-md-3\">\r\n<div class=\"card-img\">\r\n    <a class=\"videolink small-size\" href=\"https:\/\/www.youtube.com\/watch?v=Ob1YIsAVR_I\" data-src=\"https:\/\/www.youtube.com\/embed\/Ob1YIsAVR_I?modestbranding=1&rel=0&controls=1&showinfo=0&html5=1&autoplay=1\">\r\n        <img decoding=\"async\" class=\"img-fluid\" src=\"https:\/\/i.ytimg.com\/vi\/Ob1YIsAVR_I\/maxresdefault.jpg\" \/>\r\n    <\/a>\r\n    <div class=\"card-body\" style=\"display: none;\">\r\n        <h5 class=\"card-title mr-md-3 \">Dr. Zelk\u00f3 Rom\u00e1na: A gy\u00f3gyszerformavalaszt\u00e1s szerepe az id\u0151skori ter\u00e1pi\u00e1ban <\/h5>\r\n    <\/div>\r\n<\/div>\r\n<\/div>\r\n    <\/div>\r\n<div class=\"col col-md-auto section-link text-uppercase pl-0 pr-3 d-md-none flex-row-reverse d-flex\" style=\"margin: -14px 5px 10px 8px;\">\r\n\r\n\r\n\r\n        <h5 class=\"m-0 After-text-white\" style=\"color:#1C315A;\">\r\n<a href=\"https:\/\/www.youtube.com\/playlist?list=PLCehZAqE0dwmEjfetMhaOPiKracsYNJBG\">\r\n    Tov\u00e1bbi vide\u00f3k<\/a>\r\n<\/h5>\r\n    <div class=\"col section-divider px-0 mx-2\" style=\"margin-top: 7px;\"><\/div>\r\n    <\/div>\r\n<\/div>\r\n\r\n\r\n    <style>\r\n        .yt-gallery .section-link h5:after { color: unset !important; }\r\n        @media only screen and (max-width: 1023px) {\r\n            .yt-gallery{\r\n                border:unset;\r\n            }\r\n        }\r\n        .After-text-white > a{\r\n            color:white;\r\n        }\r\n        @media screen and (max-width: 767px){\r\n            .yt-gallery .section-link h5 {\r\n            font-size: 13px;\r\n            }\r\n        }\r\n\r\n\r\n    <\/style>\r\n\r\n\r\n    <script type=\"text\/javascript\">\r\n        \/\/Set image sizes\r\n        \/\/ jQuery(function($) {\r\n        \/\/     setImageHeight();\r\n        \/\/ });\r\n\r\n        \/\/ function setImageHeight() {\r\n        \/\/     jQuery(\".yt-gallery img\").each(function() {\r\n        \/\/         var w = parseInt(jQuery(this).css(\"width\"));\r\n        \/\/         jQuery(this).css(\"height\", w \/ 16 * 9);\r\n        \/\/     });\r\n        \/\/ }\r\n        \/\/ jQuery(window).resize(function() {\r\n        \/\/     setImageHeight();\r\n        \/\/ });\r\n    <\/script>\r\n    <style>\r\n        .yt-gallery .card-img {\r\n            aspect-ratio: 16 \/ 9;\r\n        }\r\n\r\n        @media screen and (max-width: 767px) {\r\n            .yt-gallery .card .card-body h3 {\r\n                font-size: 15px;\r\n                font-weight: normal;\r\n                line-height: 22px;\r\n                }\r\n\r\n        }\r\n    <\/style>\n<pre>\u00a0<\/pre>\n","protected":false},"excerpt":{"rendered":"<p>\u00a0<\/p>\n","protected":false},"author":12,"featured_media":0,"parent":0,"menu_order":3,"comment_status":"closed","ping_status":"closed","template":"template-fullwidth.php","meta":{"_acf_changed":false,"footnotes":""},"categories":[],"tags":[],"class_list":["post-90301","page","type-page","status-publish","hentry"],"acf":[],"_links":{"self":[{"href":"https:\/\/semmelweis.hu\/szeniorakademia\/wp-json\/wp\/v2\/pages\/90301","targetHints":{"allow":["GET"]}}],"collection":[{"href":"https:\/\/semmelweis.hu\/szeniorakademia\/wp-json\/wp\/v2\/pages"}],"about":[{"href":"https:\/\/semmelweis.hu\/szeniorakademia\/wp-json\/wp\/v2\/types\/page"}],"author":[{"embeddable":true,"href":"https:\/\/semmelweis.hu\/szeniorakademia\/wp-json\/wp\/v2\/users\/12"}],"replies":[{"embeddable":true,"href":"https:\/\/semmelweis.hu\/szeniorakademia\/wp-json\/wp\/v2\/comments?post=90301"}],"version-history":[{"count":11,"href":"https:\/\/semmelweis.hu\/szeniorakademia\/wp-json\/wp\/v2\/pages\/90301\/revisions"}],"predecessor-version":[{"id":90451,"href":"https:\/\/semmelweis.hu\/szeniorakademia\/wp-json\/wp\/v2\/pages\/90301\/revisions\/90451"}],"wp:attachment":[{"href":"https:\/\/semmelweis.hu\/szeniorakademia\/wp-json\/wp\/v2\/media?parent=90301"}],"wp:term":[{"taxonomy":"category","embeddable":true,"href":"https:\/\/semmelweis.hu\/szeniorakademia\/wp-json\/wp\/v2\/categories?post=90301"},{"taxonomy":"post_tag","embeddable":true,"href":"https:\/\/semmelweis.hu\/szeniorakademia\/wp-json\/wp\/v2\/tags?post=90301"}],"curies":[{"name":"wp","href":"https:\/\/api.w.org\/{rel}","templated":true}]}}