{"id":49,"date":"2015-11-25T16:07:55","date_gmt":"2015-11-25T15:07:55","guid":{"rendered":"http:\/\/semmelweis.hu\/neurologiaszakvizsga\/?page_id=49"},"modified":"2024-05-29T14:24:36","modified_gmt":"2024-05-29T12:24:36","slug":"elerhetosegek","status":"publish","type":"page","link":"https:\/\/semmelweis.hu\/szeniorakademia\/elerhetosegek\/","title":{"rendered":"El\u00e9rhet\u0151s\u00e9gek"},"content":{"rendered":"<p><strong>SEMMELWEIS EGYETEM &#8211; Szenior Akad\u00e9mia<\/strong><\/p>\n<p>A program f\u0151szervez\u0151je: Prof. Nagy Zolt\u00e1n<\/p>\n<p>K\u00e9rd\u00e9seivel forduljon munkat\u00e1rsainkhoz bizalommal:<\/p>\n<p><strong>T\u00f3thn\u00e9 Varga Melitta<br \/>\n<\/strong>seniorakademia@semmelweis.hu<br \/>\ntothne-varga.melitta@semmelweis.hu<\/p>\n<p>&nbsp;<\/p>\n","protected":false},"excerpt":{"rendered":"<p>SEMMELWEIS EGYETEM &#8211; Szenior Akad\u00e9mia<br \/>\nA program f\u0151szervez\u0151je: Prof. Nagy Zolt\u00e1n<br \/>\nK\u00e9rd\u00e9seivel forduljon munkat\u00e1rsainkhoz bizalommal:<br \/>\nT\u00f3thn\u00e9 Varga Melitta<br \/>\nseniorakademia@semmelweis.hu<br \/>\ntothne-varga.melitta@semmelweis.hu<br \/>\n&nbsp;<\/p>\n","protected":false},"author":101659,"featured_media":0,"parent":0,"menu_order":0,"comment_status":"closed","ping_status":"closed","template":"","meta":{"_acf_changed":false,"footnotes":""},"categories":[],"tags":[],"class_list":["post-49","page","type-page","status-publish","hentry"],"acf":[],"_links":{"self":[{"href":"https:\/\/semmelweis.hu\/szeniorakademia\/wp-json\/wp\/v2\/pages\/49","targetHints":{"allow":["GET"]}}],"collection":[{"href":"https:\/\/semmelweis.hu\/szeniorakademia\/wp-json\/wp\/v2\/pages"}],"about":[{"href":"https:\/\/semmelweis.hu\/szeniorakademia\/wp-json\/wp\/v2\/types\/page"}],"author":[{"embeddable":true,"href":"https:\/\/semmelweis.hu\/szeniorakademia\/wp-json\/wp\/v2\/users\/101659"}],"replies":[{"embeddable":true,"href":"https:\/\/semmelweis.hu\/szeniorakademia\/wp-json\/wp\/v2\/comments?post=49"}],"version-history":[{"count":10,"href":"https:\/\/semmelweis.hu\/szeniorakademia\/wp-json\/wp\/v2\/pages\/49\/revisions"}],"predecessor-version":[{"id":90420,"href":"https:\/\/semmelweis.hu\/szeniorakademia\/wp-json\/wp\/v2\/pages\/49\/revisions\/90420"}],"wp:attachment":[{"href":"https:\/\/semmelweis.hu\/szeniorakademia\/wp-json\/wp\/v2\/media?parent=49"}],"wp:term":[{"taxonomy":"category","embeddable":true,"href":"https:\/\/semmelweis.hu\/szeniorakademia\/wp-json\/wp\/v2\/categories?post=49"},{"taxonomy":"post_tag","embeddable":true,"href":"https:\/\/semmelweis.hu\/szeniorakademia\/wp-json\/wp\/v2\/tags?post=49"}],"curies":[{"name":"wp","href":"https:\/\/api.w.org\/{rel}","templated":true}]}}