{"id":810,"date":"2018-12-03T09:15:07","date_gmt":"2018-12-03T08:15:07","guid":{"rendered":"http:\/\/semmelweis.hu\/szemeszet\/?page_id=810"},"modified":"2023-05-03T14:44:11","modified_gmt":"2023-05-03T12:44:11","slug":"fekvobeteg-tajekoztato","status":"publish","type":"page","link":"https:\/\/semmelweis.hu\/szemeszet\/betegellatas\/fekvobeteg-tajekoztato\/","title":{"rendered":"Fekv\u0151beteg t\u00e1j\u00e9koztat\u00f3"},"content":{"rendered":"<p style=\"text-align: justify;\">Az al\u00e1bbiakban arr\u00f3l szeretn\u00e9nk t\u00e1j\u00e9koztatni, hogy milyen haszn\u00e1lati t\u00e1rgyakkal \u00e9rkezzen fekv\u0151beteg \u00e1llom\u00e1nyba v\u00e9tel\u00e9hez (tov\u00e1bbiakban: \u201ebentfekv\u00e9s\u201d), bele\u00e9rtve az egynapos seb\u00e9szeti ell\u00e1t\u00e1st is, valamint szeretn\u00e9nk megosztani \u00d6nnel n\u00e9h\u00e1ny tov\u00e1bbi fontos inform\u00e1ci\u00f3t.<\/p>\n<p>Fekv\u0151beteg h\u00e1zirend elolvashat\u00f3, let\u00f6lthet\u0151 a k\u00f6vetkez\u0151 aloldalon:\u00a0 <a href=\"https:\/\/semmelweis.hu\/szemeszet\/betegellatas\/hazirend\/\" target=\"_blank\" rel=\"noopener\"><strong>https:\/\/semmelweis.hu\/szemeszet\/betegellatas\/hazirend\/<\/strong><\/a><\/p>\n<h4><strong>Hozza mag\u00e1val:<\/strong><\/h4>\n<p style=\"text-align: justify;\"><strong>Orvosi \u00e9s adminisztrat\u00edv dolgok:<\/strong><\/p>\n<ul>\n<li style=\"text-align: justify;\">\u00c1lland\u00f3an szedett gy\u00f3gyszerei (amennyiben van reggeli gy\u00f3gyszere, azt a felv\u00e9tel napj\u00e1n is vegye be). C\u00e9lszer\u0171, hogy a szedett gy\u00f3gyszereir\u0151l egy list\u00e1t is k\u00e9sz\u00edtsen, rajta a gy\u00f3gyszerek nev\u00e9vel, azok d\u00f3zis\u00e1val, adagol\u00e1s\u00e1val. A list\u00e1t \u00c9S a gy\u00f3gyszereket is k\u00e9rj\u00fck, hozza el.<\/li>\n<li style=\"text-align: justify;\">Kor\u00e1bbi orvosi dokument\u00e1ci\u00f3i (ambul\u00e1ns lapok, z\u00e1r\u00f3jelent\u00e9sek, k\u00fcl\u00f6n\u00f6sen utols\u00f3 belgy\u00f3gy\u00e1szati, neurol\u00f3giai, kardiol\u00f3giai vagy t\u00fcd\u0151gy\u00f3gy\u00e1szati z\u00e1r\u00f3jelent\u00e9s \u00e9s kr\u00f3nikusan gondozott betegs\u00e9gekkel kapcsolatos (cukorbetegs\u00e9g, pajzsmirigybetegs\u00e9g, sz\u00edvbetegs\u00e9g, ritmuszavar, stroke\/agyv\u00e9rz\u00e9s, \u00e9rbetegs\u00e9g, epilepszia) ambul\u00e1ns leletek)<\/li>\n<li style=\"text-align: justify;\">Kezel\u0151orvosa \u00e1ltal k\u00e9rt leletei (\u00e1ltal\u00e1ban: labor, EKG, belgy\u00f3gy\u00e1szati m\u0171thet\u0151s\u00e9gi v\u00e9lem\u00e9ny)<\/li>\n<\/ul>\n<p style=\"text-align: justify;\"><strong>Szem\u00e9lyes holmik:<\/strong><\/p>\n<ul>\n<li style=\"text-align: justify;\">A tervezett bentfekv\u00e9s napjaira elegend\u0151 v\u00e1lt\u00e1s ruha<\/li>\n<li style=\"text-align: justify;\">Pizsama\/h\u00e1l\u00f3ing\/k\u00f6nt\u00f6s<\/li>\n<li style=\"text-align: justify;\">Tiszta papucs, amiben a m\u0171t\u0151be megy (utcai cip\u0151 erre a c\u00e9lra nem megfelel\u0151)<\/li>\n<li style=\"text-align: justify;\">Fogkefe, fogkr\u00e9m<\/li>\n<li style=\"text-align: justify;\">Ev\u0151eszk\u00f6z\u00f6k (k\u00e9s, kan\u00e1l, villa, kiskan\u00e1l), poh\u00e1r, b\u00f6gre<\/li>\n<li style=\"text-align: justify;\">Pipere csomag (tusf\u00fcrd\u0151, szappan, WC pap\u00edr, egy\u00e9b szem\u00e9lyes dolgok, amire sz\u00fcks\u00e9ge van)<\/li>\n<li style=\"text-align: justify;\">T\u00f6r\u00f6lk\u00f6z\u0151, k\u00e9zt\u00f6rl\u0151<\/li>\n<\/ul>\n<p style=\"text-align: justify;\"><strong>Kapcsolattart\u00e1s c\u00e9lj\u00e1b\u00f3l:<\/strong><\/p>\n<ul>\n<li style=\"text-align: justify;\">Hozz\u00e1tartoz\u00f3k el\u00e9rhet\u0151s\u00e9ge<\/li>\n<li style=\"text-align: justify;\">Telefon + t\u00f6lt\u0151<\/li>\n<\/ul>\n<p style=\"text-align: justify;\">Javasoljuk, hogy amikor elhagyja a szob\u00e1j\u00e1t, telefonj\u00e1t ill. egy\u00e9b \u00e9rt\u00e9keit z\u00e1rja el!<\/p>\n<p style=\"text-align: justify;\">Egynapos oszt\u00e1lyra mindenk\u00e9ppen, tart\u00f3s bennfekv\u00e9shez ig\u00e9ny szerint:<\/p>\n<ul>\n<li style=\"text-align: justify;\">Ennival\u00f3 (egynapos oszt\u00e1lyon nem tudunk eb\u00e9det biztos\u00edtani)<\/li>\n<li style=\"text-align: justify;\">Innival\u00f3<\/li>\n<\/ul>\n<p style=\"text-align: justify;\">Felh\u00edvjuk a figyelm\u00e9t arra, hogy amennyiben m\u0171t\u00e9tre \u00e9rkezik \u00e9s m\u0171t\u00e9tj\u00e9t altat\u00e1sban tervezik, a m\u0171t\u00e9tet megel\u0151z\u0151 \u00e9jf\u00e9lt\u0151l m\u00e1r nem ehet semmit, vizet, te\u00e1t reggel 6 \u00f3r\u00e1ig fogyaszthat. Ha m\u00e1sk\u00e9nt nem rendelte orvosa, reggeli gy\u00f3gyszereit a szok\u00e1sos id\u0151ben vegye be (kiv\u00e9ve: cukorbetegs\u00e9g miatt adott tablett\u00e1s gy\u00f3gyszer \u00e9s\/vagy r\u00f6vid hat\u00e1s\u00fa inzulin, furosemid \u00e9s k\u00e1lium)!<br \/>\nK\u00e9rj\u00fck, hogy a felv\u00e9tel el\u0151tt mosson hajat, mert a m\u0171t\u00e9t ut\u00e1n n\u00e9h\u00e1ny napig nem ker\u00fclhet v\u00edz a szembe.<\/p>\n<div class=\"keretes w-100\">\n<p><strong>Let\u00f6lthet\u0151 t\u00e1j\u00e9koztat\u00f3:\u00a0<a href=\"https:\/\/semmelweis.hu\/szemeszet\/files\/2018\/12\/Mit-hozzon-mag\u00e1val-felv\u00e9telkor.pdf\">Mit hozzon mag\u00e1val felv\u00e9telkor<\/a>\u00a0<\/strong><\/p>\n<\/div>\n<p>Ha k\u00e9rd\u00e9s\u00e9re nem tal\u00e1lt v\u00e1laszt a fenti le\u00edr\u00e1sban a bentfekv\u00e9ssel kapcsolatban, az al\u00e1bbi sz\u00e1mokon kereshetik az oszt\u00e1lyon dolgoz\u00f3 \u00e1pol\u00f3kat:<\/p>\n<p><strong>F\u00e9rfi fekv\u0151beteg oszt\u00e1ly:<\/strong> +36-1-210-0280 \/\u00a0 54610 vagy +36-1-459-1500 \/\u00a0 54610<br \/>\n<strong>N\u0151i fekv\u0151beteg oszt\u00e1ly:<\/strong> +36-1-210-0280 \/\u00a0 54524 vagy +36-1-459-1500 \/\u00a0 54524<br \/>\n<strong>Gyermek fekv\u0151beteg oszt\u00e1ly:<\/strong> +36-1-210-0280 \/\u00a0 54607 vagy +36-1-459-1500 \/\u00a0 54607<br \/>\n<strong>Egynapos szemseb\u00e9szeti oszt\u00e1ly:<\/strong> +36-1-210-0280 \/\u00a0 54616 vagy +36-1-459-1500 \/\u00a0 54616<\/p>\n","protected":false},"excerpt":{"rendered":"<p>Az al\u00e1bbiakban arr\u00f3l szeretn\u00e9nk t\u00e1j\u00e9koztatni, hogy milyen haszn\u00e1lati t\u00e1rgyakkal \u00e9rkezzen fekv\u0151beteg \u00e1llom\u00e1nyba v\u00e9tel\u00e9hez (tov\u00e1bbiakban: \u201ebentfekv\u00e9s\u201d), bele\u00e9rtve az egynapos seb\u00e9szeti ell\u00e1t\u00e1st is, valamint szeretn\u00e9nk megosztani \u00d6nnel n\u00e9h\u00e1ny tov\u00e1bbi fontos inform\u00e1ci\u00f3t. Fekv\u0151beteg h\u00e1zirend elolvashat\u00f3, let\u00f6lthet\u0151 a k\u00f6vetkez\u0151 aloldalon:\u00a0 <a href=\"https:\/\/semmelweis.hu\/szemeszet\/betegellatas\/hazirend\/\" target=\"_blank\" rel=\"noopener\">https:\/\/semmelweis.hu\/szemeszet\/betegellatas\/hazirend\/<\/a> Hozza mag\u00e1val: Orvosi \u00e9s adminisztrat\u00edv dolgok: \u00c1lland\u00f3an szedett gy\u00f3gyszerei (amennyiben van reggeli gy\u00f3gyszere, azt a felv\u00e9tel napj\u00e1n is vegye &hellip;<\/p>\n","protected":false},"author":178,"featured_media":0,"parent":1570,"menu_order":4,"comment_status":"closed","ping_status":"closed","template":"","meta":{"_acf_changed":false,"footnotes":""},"categories":[],"tags":[],"class_list":["post-810","page","type-page","status-publish","hentry"],"acf":[],"_links":{"self":[{"href":"https:\/\/semmelweis.hu\/szemeszet\/wp-json\/wp\/v2\/pages\/810","targetHints":{"allow":["GET"]}}],"collection":[{"href":"https:\/\/semmelweis.hu\/szemeszet\/wp-json\/wp\/v2\/pages"}],"about":[{"href":"https:\/\/semmelweis.hu\/szemeszet\/wp-json\/wp\/v2\/types\/page"}],"author":[{"embeddable":true,"href":"https:\/\/semmelweis.hu\/szemeszet\/wp-json\/wp\/v2\/users\/178"}],"replies":[{"embeddable":true,"href":"https:\/\/semmelweis.hu\/szemeszet\/wp-json\/wp\/v2\/comments?post=810"}],"version-history":[{"count":10,"href":"https:\/\/semmelweis.hu\/szemeszet\/wp-json\/wp\/v2\/pages\/810\/revisions"}],"predecessor-version":[{"id":1996,"href":"https:\/\/semmelweis.hu\/szemeszet\/wp-json\/wp\/v2\/pages\/810\/revisions\/1996"}],"up":[{"embeddable":true,"href":"https:\/\/semmelweis.hu\/szemeszet\/wp-json\/wp\/v2\/pages\/1570"}],"wp:attachment":[{"href":"https:\/\/semmelweis.hu\/szemeszet\/wp-json\/wp\/v2\/media?parent=810"}],"wp:term":[{"taxonomy":"category","embeddable":true,"href":"https:\/\/semmelweis.hu\/szemeszet\/wp-json\/wp\/v2\/categories?post=810"},{"taxonomy":"post_tag","embeddable":true,"href":"https:\/\/semmelweis.hu\/szemeszet\/wp-json\/wp\/v2\/tags?post=810"}],"curies":[{"name":"wp","href":"https:\/\/api.w.org\/{rel}","templated":true}]}}