{"id":8,"date":"2012-01-17T12:42:49","date_gmt":"2012-01-17T12:42:49","guid":{"rendered":"http:\/\/semmelweis-egyetem.hu\/szemeszet\/?page_id=8"},"modified":"2023-04-27T15:05:48","modified_gmt":"2023-04-27T13:05:48","slug":"a-klinika-tortenete","status":"publish","type":"page","link":"https:\/\/semmelweis.hu\/szemeszet\/altalanos-informaciok\/a-klinika-tortenete\/","title":{"rendered":"A klinika t\u00f6rt\u00e9nete"},"content":{"rendered":"<p style=\"text-align: justify;\"><strong>A Semmelweis Egyetemen \u00e1ltal\u00e1nos Orvostudom\u00e1nyi Kar\u00e1n 2005. janu\u00e1r elsej\u00e9vel l\u00e9trehozott Szem\u00e9szeti Klinika a magyar szem\u00e9szet k\u00e9t nagy m\u00falt\u00fa int\u00e9zm\u00e9ny\u00e9t egyes\u00edti: a T\u00f6m\u0151 utcai (volt I. sz.) Szem\u00e9szeti Klinik\u00e1t \u00e9s a M\u00e1ria utcai (volt II. Sz.) Szem\u00e9szeti Klinik\u00e1t. <\/strong><\/p>\n<div class=\"keretes w-100\">\n<p style=\"text-align: justify;\">Haz\u00e1nkban az els\u0151 Szem\u00e9szeti Klinik\u00e1t 1804-ben alap\u00edtott\u00e1k, amely 1908 \u00f3ta m\u0171k\u00f6dik jelenlegi M\u00e1ria utcai \u00e9p\u00fclet\u00e9ben; 1908-1936 k\u00f6z\u00f6tt I. sz. Szem\u00e9szeti Klinika, 1946-2004 k\u00f6z\u00f6tt II. sz. Szem\u00e9szeti Klinika volt az elnevez\u00e9se.<\/p>\n<\/div>\n<h5 style=\"text-align: justify;\">Kor\u00e1bbi igazgat\u00f3i:<\/h5>\n<p style=\"text-align: justify;\">St\u00e1hly Gy\u00f6rgy (tan\u00e1r orsz\u00e1gos szemorvosk\u00e9nt, 1802-ig), \u00c1goston Elek (klinika-alap\u00edt\u00f3 prof. 1804-1809), Stahly Ign\u00e1c (helyettes 1811-1814), Veleczky J\u00e1nos (helyettes 1814-1817), Eckstein Ferenc (helyettes 1814-1817), Fabini J\u00e1nos Th. (prof. 1817-1847), Lippay Guszt\u00e1v (1847-1874), Schulek Vilmos (1874-1905), Gr\u00f3sz Emil (1905-1936), Blaskovics L\u00e1szl\u00f3 (1936-1938), ifj. Imre J\u00f3zsef (1939-1945), N\u00f3nay Tibor (1946- 1970), N\u00e9meth B\u00e9la (1970-1984), Imre Gy\u00f6rgy (1984- 1996), Salacz Gy\u00f6rgy (1996-2004), Acs\u00e1dy Gy\u00f6rgy d\u00e9k\u00e1nhelyettes, mb. igazgat\u00f3 (2004-2005)<\/p>\n<div class=\"keretes w-100\">\n<p style=\"text-align: justify;\">A T\u00f6m\u0151 utcai klinik\u00e1t II. Szem\u00e9szeti Klinikak\u00e9nt 1908-ban alap\u00edtott\u00e1k; 1946-2004 k\u00f6z\u00f6tt elnevez\u00e9se I. Sz. Szem\u00e9szeti Klinika volt.<\/p>\n<\/div>\n<h5 style=\"text-align: justify;\">Kor\u00e1bbi igazgat\u00f3i:<\/h5>\n<p style=\"text-align: justify;\">Ho\u00f3r K\u00e1roly (1908-1927), Blaskovics L\u00e1szl\u00f3 (1928-1936), Horay Guszt\u00e1v (1946-1951), Radn\u00f3t Magda (1951-1981), Varga Margit (1982-1992), S\u00fcveges Ildik\u00f3 (1992-2004), N\u00e9meth J\u00e1nos mb. igazgat\u00f3 (2004-2005).<\/p>\n<p style=\"text-align: justify;\">A Szem\u00e9szeti Klinika \u00faj vezet\u0151i \u00e9s teljes dolgoz\u00f3i kara sz\u00e1m\u00e1ra fontos kih\u00edv\u00e1st jelent a kor\u00e1bban k\u00fcl\u00f6n\u00e1ll\u00f3 k\u00e9t klinika megindult integr\u00e1ci\u00f3j\u00e1nak sikerre vitele. Az integr\u00e1ci\u00f3 els\u0151sorban az oktat\u00e1s curriculum\u00e1nak egys\u00e9ges\u00edt\u00e9s\u00e9t, a kutat\u00e1sok szoros \u00f6sszefog\u00e1s\u00e1t \u00e9s a betegell\u00e1t\u00e1s er\u0151forr\u00e1sainak egyes\u00edt\u00e9s\u00e9t jelenti, amelyek \u00faj lehet\u0151s\u00e9geket nyitnak a tov\u00e1bbi fejl\u0151d\u00e9sre, fejleszt\u00e9sre, \u00e9s a klinik\u00e1t Eur\u00f3pa legnagyobb vezet\u0151 szem\u00e9szeti int\u00e9zetei k\u00f6z\u00e9 emelik. Az UEMS Szem\u00e9szeti Koll\u00e9gium\u00e1nak Bitotts\u00e1ga (EBO) 2007 m\u00e1jus\u00e1ban eur\u00f3pai k\u00e9pz\u0151helly\u00e9 akkredit\u00e1lta a Szem\u00e9szeti Klinik\u00e1t.<\/p>\n","protected":false},"excerpt":{"rendered":"<p>A Semmelweis Egyetemen \u00e1ltal\u00e1nos Orvostudom\u00e1nyi Kar\u00e1n 2005. janu\u00e1r elsej\u00e9vel l\u00e9trehozott Szem\u00e9szeti Klinika a magyar szem\u00e9szet k\u00e9t nagy m\u00falt\u00fa int\u00e9zm\u00e9ny\u00e9t egyes\u00edti: a T\u00f6m\u0151 utcai (volt I. sz.) Szem\u00e9szeti Klinik\u00e1t \u00e9s a M\u00e1ria utcai (volt II. Sz.) Szem\u00e9szeti Klinik\u00e1t. Haz\u00e1nkban az els\u0151 Szem\u00e9szeti Klinik\u00e1t 1804-ben alap\u00edtott\u00e1k, amely 1908 \u00f3ta m\u0171k\u00f6dik jelenlegi M\u00e1ria utcai \u00e9p\u00fclet\u00e9ben; 1908-1936 k\u00f6z\u00f6tt I. &hellip;<\/p>\n","protected":false},"author":178,"featured_media":0,"parent":7,"menu_order":1,"comment_status":"open","ping_status":"open","template":"","meta":{"_acf_changed":false,"footnotes":""},"categories":[],"tags":[],"class_list":["post-8","page","type-page","status-publish","hentry"],"acf":[],"_links":{"self":[{"href":"https:\/\/semmelweis.hu\/szemeszet\/wp-json\/wp\/v2\/pages\/8","targetHints":{"allow":["GET"]}}],"collection":[{"href":"https:\/\/semmelweis.hu\/szemeszet\/wp-json\/wp\/v2\/pages"}],"about":[{"href":"https:\/\/semmelweis.hu\/szemeszet\/wp-json\/wp\/v2\/types\/page"}],"author":[{"embeddable":true,"href":"https:\/\/semmelweis.hu\/szemeszet\/wp-json\/wp\/v2\/users\/178"}],"replies":[{"embeddable":true,"href":"https:\/\/semmelweis.hu\/szemeszet\/wp-json\/wp\/v2\/comments?post=8"}],"version-history":[{"count":5,"href":"https:\/\/semmelweis.hu\/szemeszet\/wp-json\/wp\/v2\/pages\/8\/revisions"}],"predecessor-version":[{"id":1932,"href":"https:\/\/semmelweis.hu\/szemeszet\/wp-json\/wp\/v2\/pages\/8\/revisions\/1932"}],"up":[{"embeddable":true,"href":"https:\/\/semmelweis.hu\/szemeszet\/wp-json\/wp\/v2\/pages\/7"}],"wp:attachment":[{"href":"https:\/\/semmelweis.hu\/szemeszet\/wp-json\/wp\/v2\/media?parent=8"}],"wp:term":[{"taxonomy":"category","embeddable":true,"href":"https:\/\/semmelweis.hu\/szemeszet\/wp-json\/wp\/v2\/categories?post=8"},{"taxonomy":"post_tag","embeddable":true,"href":"https:\/\/semmelweis.hu\/szemeszet\/wp-json\/wp\/v2\/tags?post=8"}],"curies":[{"name":"wp","href":"https:\/\/api.w.org\/{rel}","templated":true}]}}