{"id":784,"date":"2018-10-01T13:45:55","date_gmt":"2018-10-01T11:45:55","guid":{"rendered":"http:\/\/semmelweis.hu\/szemeszet\/?page_id=784"},"modified":"2026-03-24T13:40:22","modified_gmt":"2026-03-24T12:40:22","slug":"bildung","status":"publish","type":"page","link":"https:\/\/semmelweis.hu\/szemeszet\/de\/bildung\/","title":{"rendered":"Bildung"},"content":{"rendered":"<h3>Liebe Studierende, zuk\u00fcnftige \u00c4rztinnen und \u00c4rzte!<\/h3>\n<div class=\"w-100 keretes\">Beschreibungen, Lernmaterialien und andere notwendige Informationen zum Thema Bildung sind im Moodle-System f\u00fcr Berechtigte verf\u00fcgbar!<\/div>\n<h5>Diplomarbeitstitel in deutscher Sprache<\/h5>\n<ul>\n<li>\n<p>G\u00e9hl Zsuzsanna: <span style=\"font-size: 1rem\">Uveitis bei rheumatologischen Erkrankungen<\/span><\/p>\n<\/li>\n<li>\n<p><span style=\"font-size: 1rem\">G\u00e9hl Zsuzsanna: Uveitis im Kindesalter<\/span><\/p>\n<\/li>\n<li>\n<p><span style=\"font-size: 1rem\">K\u00f3thy P\u00e9ter: Konservative Therapie des Glaukoms<\/span><\/p>\n<\/li>\n<li>\n<p><span style=\"font-size: 1rem\">Maneschg Otto: Allgemeine und autoimmunologische Augenerkrankungen im Kindesalter<\/span><\/p>\n<\/li>\n<li>\n<p><span style=\"font-size: 1rem\">Maneschg Otto: P\u00e4diatrische Erkrankungen des Augenlides und Lidanhangsgebilde<\/span><\/p>\n<\/li>\n<li>\n<p><span style=\"font-size: 1rem\">Maneschg Otto: Strabismus und Amblyopie (Klinik, Diagnose und Therapie) im Kindesalter und bei Erwachsenen<\/span><\/p>\n<\/li>\n<li>\n<p><span style=\"font-size: 1rem\">Maneschg Otto: Tumorerkrankungen des Auges im Kindesalter<\/span><\/p>\n<\/li>\n<li>\n<p><span style=\"font-size: 1rem\">Prof. Szentm\u00e1ry N\u00f3ra: Akantham\u00f6benkeratitis<\/span><\/p>\n<\/li>\n<li>\n<p><span style=\"font-size: 1rem\">Prof. Szentm\u00e1ry N\u00f3ra: FOXC1 Mutation<\/span><\/p>\n<\/li>\n<li>\n<p><span style=\"font-size: 1rem\">Zobor Ditta: Psychophysische, elektrophysiologische und bildgebende Verfahren in der Diagnostik erblicher Netzhauterkrankungen<\/span><\/p>\n<\/li>\n<\/ul>\n<h5>\u00a0<\/h5>\n<h5>Wissenschaftliche Studierendenvereinigung (TDK)<\/h5>\n<p>&nbsp;<\/p>\n<table style=\"height: 340px;width: 100%\" width=\"100%\">\n<tbody>\n<tr style=\"height: 50px\">\n<td style=\"height: 50px\" width=\"256\">Aufsicht<\/td>\n<td style=\"height: 50px\" width=\"315\">Thema<\/td>\n<\/tr>\n<tr style=\"height: 95px\">\n<td style=\"height: 95px\" width=\"256\">Dr. Maneschg Otto<\/td>\n<td style=\"height: 95px\" width=\"315\">Anwendung der Software CycloCheck V.2.0 zur Messung der Netzhautrotation bei Augenerkrankungen mit abnormer Kopfhaltung<\/td>\n<\/tr>\n<tr style=\"height: 95px\">\n<td style=\"height: 95px\">Dr. Maneschg Otto, Barcsay-Veres Amarilla<\/td>\n<td style=\"height: 95px\"><span data-olk-copy-source=\"MessageBody\">Neue Strategien zur Kontrolle von Brechungsfehler und Langzeitergebnisse der Myopie Progression unter Anwendung defokussierender Brillengl\u00e4ser<\/span><\/td>\n<\/tr>\n<tr style=\"height: 50px\">\n<td style=\"height: 50px\" width=\"256\">Dr. Zobor Annam\u00e1ria Ditta<\/td>\n<td style=\"height: 50px\" width=\"315\">Funktionelle und bildgebende Diagnostik bei erblichen Netzhauterkrankungen<\/td>\n<\/tr>\n<tr style=\"height: 50px\">\n<td style=\"height: 50px\" width=\"256\">Dr. Zobor Annam\u00e1ria Ditta<\/td>\n<td style=\"height: 50px\" width=\"315\">Genotyp-Ph\u00e4notyp-Korrelationen bei erblichen Netzhauterkrankungen<\/td>\n<\/tr>\n<\/tbody>\n<\/table>\n","protected":false},"excerpt":{"rendered":"<p>Liebe Studierende, zuk\u00fcnftige \u00c4rztinnen und \u00c4rzte! Beschreibungen, Lernmaterialien und andere notwendige Informationen zum Thema Bildung sind im Moodle-System f\u00fcr Berechtigte verf\u00fcgbar! Diplomarbeitstitel in deutscher Sprache G\u00e9hl Zsuzsanna: Uveitis bei rheumatologischen Erkrankungen G\u00e9hl Zsuzsanna: Uveitis im Kindesalter K\u00f3thy P\u00e9ter: Konservative Therapie des Glaukoms Maneschg Otto: Allgemeine und autoimmunologische Augenerkrankungen im Kindesalter Maneschg Otto: P\u00e4diatrische Erkrankungen des &hellip;<\/p>\n","protected":false},"author":178,"featured_media":0,"parent":0,"menu_order":1,"comment_status":"closed","ping_status":"closed","template":"template-fullwidth.php","meta":{"_acf_changed":false,"footnotes":""},"categories":[],"tags":[],"class_list":["post-784","page","type-page","status-publish","hentry"],"acf":[],"_links":{"self":[{"href":"https:\/\/semmelweis.hu\/szemeszet\/wp-json\/wp\/v2\/pages\/784","targetHints":{"allow":["GET"]}}],"collection":[{"href":"https:\/\/semmelweis.hu\/szemeszet\/wp-json\/wp\/v2\/pages"}],"about":[{"href":"https:\/\/semmelweis.hu\/szemeszet\/wp-json\/wp\/v2\/types\/page"}],"author":[{"embeddable":true,"href":"https:\/\/semmelweis.hu\/szemeszet\/wp-json\/wp\/v2\/users\/178"}],"replies":[{"embeddable":true,"href":"https:\/\/semmelweis.hu\/szemeszet\/wp-json\/wp\/v2\/comments?post=784"}],"version-history":[{"count":10,"href":"https:\/\/semmelweis.hu\/szemeszet\/wp-json\/wp\/v2\/pages\/784\/revisions"}],"predecessor-version":[{"id":2324,"href":"https:\/\/semmelweis.hu\/szemeszet\/wp-json\/wp\/v2\/pages\/784\/revisions\/2324"}],"wp:attachment":[{"href":"https:\/\/semmelweis.hu\/szemeszet\/wp-json\/wp\/v2\/media?parent=784"}],"wp:term":[{"taxonomy":"category","embeddable":true,"href":"https:\/\/semmelweis.hu\/szemeszet\/wp-json\/wp\/v2\/categories?post=784"},{"taxonomy":"post_tag","embeddable":true,"href":"https:\/\/semmelweis.hu\/szemeszet\/wp-json\/wp\/v2\/tags?post=784"}],"curies":[{"name":"wp","href":"https:\/\/api.w.org\/{rel}","templated":true}]}}