{"id":766,"date":"2018-10-01T13:22:18","date_gmt":"2018-10-01T11:22:18","guid":{"rendered":"http:\/\/semmelweis.hu\/szemeszet\/?page_id=766"},"modified":"2026-01-08T08:06:18","modified_gmt":"2026-01-08T07:06:18","slug":"topics-for-thesis","status":"publish","type":"page","link":"https:\/\/semmelweis.hu\/szemeszet\/en\/education\/topics-for-thesis\/","title":{"rendered":"Topics for thesis"},"content":{"rendered":"<p>&nbsp;<\/p>\n<p><strong>Amarilla Barcsay-Veres:<\/strong><\/p>\n<ul>\n<li><span data-olk-copy-source=\"MailCompose\">Tear film and Meibomian gland changes in children and adolescents<\/span><\/li>\n<\/ul>\n<p><strong>Gy\u00f6rgy Barcsay:<\/strong><\/p>\n<ul>\n<li>Low vision rehabilitation<\/li>\n<\/ul>\n<p><strong>B\u00e9la Cs\u00e1k\u00e1ny:<\/strong><\/p>\n<ul>\n<li>Optical biometry, emmetropisation<\/li>\n<\/ul>\n<p><strong>M\u00f3nika Ecsedy:<\/strong><\/p>\n<ul>\n<li>Diabetic retinopathy: clinical aspects and genetic background<\/li>\n<li>New aspects\u00a0 in the diagnosis and treatment of retinal diseases<\/li>\n<\/ul>\n<p><strong>\u00c1gnes F\u00fcst:<\/strong><\/p>\n<ul>\n<li>Examination of ocular surface diseases with modern imaging methods<\/li>\n<li>Follow-up of keratoplasty patients<\/li>\n<\/ul>\n<p><strong>Zsuzsanna G\u00e9hl:<\/strong><\/p>\n<ul>\n<li>Optical coherence tomography imaging in uveitis<\/li>\n<\/ul>\n<p><strong>Krisztina Kn\u00e9zy:<\/strong><\/p>\n<ul>\n<li>Leber\u2019s hereditary optic neuropathy<\/li>\n<\/ul>\n<p><strong>P\u00e9ter K\u00f3thy:<\/strong><\/p>\n<ul>\n<li>Medical therapy of the glaucoma<\/li>\n<\/ul>\n<p><strong>Ill\u00e9s Kov\u00e1cs:<\/strong><\/p>\n<ul>\n<li>OCT angiography in retinal diseases<\/li>\n<li>Pathophysiology of ocular surface and tear film diseases<\/li>\n<\/ul>\n<p><strong>Erika Maka:<\/strong><\/p>\n<ul>\n<li>Retinoblastoma<\/li>\n<\/ul>\n<p><strong>Otto Maneschg:<\/strong><\/p>\n<ul>\n<li>Novel surgical approaches in strabismus surgery<\/li>\n<\/ul>\n<p><strong>Prof. Zolt\u00e1n Zsolt Nagy:<\/strong><\/p>\n<ul>\n<li>Evaluation of femtosecond laser assisted cataract surgery in cases of toric and multifocal IOL implantation<\/li>\n<li>Long-term effect of cross-linking therapy in progressive keratoconus<\/li>\n<\/ul>\n<p><strong>Andr\u00e1s Papp:<\/strong><\/p>\n<ul>\n<li>AntiVEGF treatment in retinal diseases \/ Intravitreal anti-VEGF injections in the treatment of retinal diseases<\/li>\n<\/ul>\n<p><strong>Zsuzsa R\u00e9cs\u00e1n:<\/strong><\/p>\n<ul>\n<li>\n<div role=\"presentation\" data-olk-copy-source=\"MailCompose\">Diabetic maculopathy<\/div>\n<\/li>\n<li>\n<div role=\"presentation\">Diagnosis and management of macular hole<\/div>\n<\/li>\n<li>Macular hole surgery<\/li>\n<li>Ophthalmic complications in diabetes mellitus<\/li>\n<li>Surgery for retinal detachment<\/li>\n<\/ul>\n<p><strong>Mikl\u00f3s Resch:<\/strong><\/p>\n<ul>\n<li>Imaging of vitreoretinal diseases<\/li>\n<\/ul>\n<p><strong>Antal Szab\u00f3:<\/strong><\/p>\n<ul>\n<li>Strategies in antiVEGF treatment of age related macular degeneration<\/li>\n<\/ul>\n<p><strong>Ir\u00e9n Szalai:<\/strong><\/p>\n<ul>\n<li>Reconstructive surgery of the lacrimal system<\/li>\n<\/ul>\n<p><strong>Prof. N\u00f3ra Szentm\u00e1ry:<\/strong><\/p>\n<ul>\n<li>Salzmann nodular degeneration of the cornea<\/li>\n<\/ul>\n<p><strong>Zsuzsanna Szepessy:<\/strong><\/p>\n<ul>\n<li>The modern therapy of non-infectious uveitis<\/li>\n<\/ul>\n<p><strong>Ditta Zobor:<\/strong><\/p>\n<p>Psychophysical, electrophysiological and imaging methods in the diagnostics of inherited retinal diseases<\/p>\n","protected":false},"excerpt":{"rendered":"<p>&nbsp; Amarilla Barcsay-Veres: Tear film and Meibomian gland changes in children and adolescents Gy\u00f6rgy Barcsay: Low vision rehabilitation B\u00e9la Cs\u00e1k\u00e1ny: Optical biometry, emmetropisation M\u00f3nika Ecsedy: Diabetic retinopathy: clinical aspects and genetic background New aspects\u00a0 in the diagnosis and treatment of retinal diseases \u00c1gnes F\u00fcst: Examination of ocular surface diseases with modern imaging methods Follow-up of &hellip;<\/p>\n","protected":false},"author":178,"featured_media":0,"parent":757,"menu_order":1,"comment_status":"closed","ping_status":"closed","template":"","meta":{"_acf_changed":false,"footnotes":""},"categories":[],"tags":[],"class_list":["post-766","page","type-page","status-publish","hentry"],"acf":[],"_links":{"self":[{"href":"https:\/\/semmelweis.hu\/szemeszet\/wp-json\/wp\/v2\/pages\/766","targetHints":{"allow":["GET"]}}],"collection":[{"href":"https:\/\/semmelweis.hu\/szemeszet\/wp-json\/wp\/v2\/pages"}],"about":[{"href":"https:\/\/semmelweis.hu\/szemeszet\/wp-json\/wp\/v2\/types\/page"}],"author":[{"embeddable":true,"href":"https:\/\/semmelweis.hu\/szemeszet\/wp-json\/wp\/v2\/users\/178"}],"replies":[{"embeddable":true,"href":"https:\/\/semmelweis.hu\/szemeszet\/wp-json\/wp\/v2\/comments?post=766"}],"version-history":[{"count":10,"href":"https:\/\/semmelweis.hu\/szemeszet\/wp-json\/wp\/v2\/pages\/766\/revisions"}],"predecessor-version":[{"id":2274,"href":"https:\/\/semmelweis.hu\/szemeszet\/wp-json\/wp\/v2\/pages\/766\/revisions\/2274"}],"up":[{"embeddable":true,"href":"https:\/\/semmelweis.hu\/szemeszet\/wp-json\/wp\/v2\/pages\/757"}],"wp:attachment":[{"href":"https:\/\/semmelweis.hu\/szemeszet\/wp-json\/wp\/v2\/media?parent=766"}],"wp:term":[{"taxonomy":"category","embeddable":true,"href":"https:\/\/semmelweis.hu\/szemeszet\/wp-json\/wp\/v2\/categories?post=766"},{"taxonomy":"post_tag","embeddable":true,"href":"https:\/\/semmelweis.hu\/szemeszet\/wp-json\/wp\/v2\/tags?post=766"}],"curies":[{"name":"wp","href":"https:\/\/api.w.org\/{rel}","templated":true}]}}