{"id":752,"date":"2018-10-01T13:03:16","date_gmt":"2018-10-01T11:03:16","guid":{"rendered":"http:\/\/semmelweis.hu\/szemeszet\/?page_id=752"},"modified":"2023-04-27T15:38:41","modified_gmt":"2023-04-27T13:38:41","slug":"general-information","status":"publish","type":"page","link":"https:\/\/semmelweis.hu\/szemeszet\/en\/about-us\/general-information\/","title":{"rendered":"General Information"},"content":{"rendered":"<div class=\"entry-content\">\n<h3>Address<\/h3>\n<p>H-1085 Budapest, M\u00e1ria u. 39.\u00a0<br \/>\n<strong>Main desk tel.:<\/strong>\u00a0+36-1-459-1500, ext. 54500\u00a0<br \/>\n<strong>Secretary tel:<\/strong>\u00a0+36-1-303-9435, ext. 54611\u00a0<strong>Tel:<\/strong>+36-1-267-4951, ext. 54534\u00a0<br \/>\n<strong>Fax:<\/strong>\u00a0+36-1-210-0309\u00a0<br \/>\n<strong>Email:<\/strong>\u00a0<a href=\"mailto:titkarsag.szem@med.semmelweis-univ.hu\">titkarsag.szem@med.semmelweis-univ.hu<\/a><\/p>\n<h3><b><\/b>Director<\/h3>\n<p>Prof. Dr. Zolt\u00e1n Zsolt Nagy, M.D., med habil, D.Sc.<\/p>\n<h3>Background<\/h3>\n<p>The Department of Ophthalmology on M\u00e1ria Street is the legal successor of the first Hungarian Department of Ophthalmology, which was founded in 1804. It has been operating in its present location since 1908 when two ophthalmology departments were established at Semmelweis University (formerly called Budapest Medical University and later Semmelweis Medical University). In 1972 the T\u00f6m\u0151 Street building was built, and at the time it was among the five largest eye clinics in Europe.\u00a0\u00a0 T\u00f6m\u0151 Street building functioned as 1st Department and M\u00e1ria Street building as 2nd Department of Ophthalmology until 2005, when they were integrated on the management level. After the full renovation and modernization of the M\u00e1ria Street building the departments were merged completely and moved in together in 2013.<\/p>\n<h3>Profile<\/h3>\n<p>The Department provides a wide coverage of services for most ophthalmic conditions. Services include:<\/p>\n<ul>\n<li>General ophthalmology<\/li>\n<li>Cornea and eye surface diseases service (conservative and surgical)<\/li>\n<li>Glaucoma service<\/li>\n<li>Cataract operations<\/li>\n<li>Vitreoretinal service (conservative and surgical retina)<\/li>\n<li>Uveitis service<\/li>\n<li>Ophthalmic oncology, plastic surgery and periorbital surgery service<\/li>\n<li>Pediatric ophthalmology, orthoptics and strabology<\/li>\n<li>Dacriology service<\/li>\n<li>Emergency operations for eye injuries<\/li>\n<\/ul>\n<h3>General informations<\/h3>\n<p>The most important data on the clinic&#8217;s medical work: an average of 210-225 thousand patients are examined in the ambulance every year. The number of patients admitted to the wards is 6-7 thousand and the number of ophthalmological operations performed averages 7-8 thousand per year. In the spirit of its predecessors, the clinic considers ophthalmology education to be a priority. The Hungarian general medical education is complemented by English and German language education, as well as Hungarian, German and English language dental education.The clinic is the national coordinating institute of ophthalmology and the headquarters of the Hungarian Ophthalmological Society.<\/p>\n<\/div>\n","protected":false},"excerpt":{"rendered":"<p>Address H-1085 Budapest, M\u00e1ria u. 39.\u00a0 Main desk tel.:\u00a0+36-1-459-1500, ext. 54500\u00a0 Secretary tel:\u00a0+36-1-303-9435, ext. 54611\u00a0Tel:+36-1-267-4951, ext. 54534\u00a0 Fax:\u00a0+36-1-210-0309\u00a0 Email:\u00a0 <a href=\"mailto:titkarsag.szem@med.semmelweis-univ.hu\">titkarsag.szem@med.semmelweis-univ.hu<\/a> Director Prof. Dr. Zolt\u00e1n Zsolt Nagy, M.D., med habil, D.Sc. Background The Department of Ophthalmology on M\u00e1ria Street is the legal successor of the first Hungarian Department of Ophthalmology, which was founded in 1804. It has &hellip;<\/p>\n","protected":false},"author":178,"featured_media":0,"parent":1765,"menu_order":0,"comment_status":"closed","ping_status":"closed","template":"","meta":{"_acf_changed":false,"footnotes":""},"categories":[],"tags":[],"class_list":["post-752","page","type-page","status-publish","hentry"],"acf":[],"_links":{"self":[{"href":"https:\/\/semmelweis.hu\/szemeszet\/wp-json\/wp\/v2\/pages\/752","targetHints":{"allow":["GET"]}}],"collection":[{"href":"https:\/\/semmelweis.hu\/szemeszet\/wp-json\/wp\/v2\/pages"}],"about":[{"href":"https:\/\/semmelweis.hu\/szemeszet\/wp-json\/wp\/v2\/types\/page"}],"author":[{"embeddable":true,"href":"https:\/\/semmelweis.hu\/szemeszet\/wp-json\/wp\/v2\/users\/178"}],"replies":[{"embeddable":true,"href":"https:\/\/semmelweis.hu\/szemeszet\/wp-json\/wp\/v2\/comments?post=752"}],"version-history":[{"count":8,"href":"https:\/\/semmelweis.hu\/szemeszet\/wp-json\/wp\/v2\/pages\/752\/revisions"}],"predecessor-version":[{"id":1922,"href":"https:\/\/semmelweis.hu\/szemeszet\/wp-json\/wp\/v2\/pages\/752\/revisions\/1922"}],"up":[{"embeddable":true,"href":"https:\/\/semmelweis.hu\/szemeszet\/wp-json\/wp\/v2\/pages\/1765"}],"wp:attachment":[{"href":"https:\/\/semmelweis.hu\/szemeszet\/wp-json\/wp\/v2\/media?parent=752"}],"wp:term":[{"taxonomy":"category","embeddable":true,"href":"https:\/\/semmelweis.hu\/szemeszet\/wp-json\/wp\/v2\/categories?post=752"},{"taxonomy":"post_tag","embeddable":true,"href":"https:\/\/semmelweis.hu\/szemeszet\/wp-json\/wp\/v2\/tags?post=752"}],"curies":[{"name":"wp","href":"https:\/\/api.w.org\/{rel}","templated":true}]}}