{"id":54,"date":"2012-02-07T07:29:18","date_gmt":"2012-02-07T07:29:18","guid":{"rendered":"http:\/\/semmelweis-egyetem.hu\/szemeszet\/?page_id=54"},"modified":"2026-01-08T08:50:25","modified_gmt":"2026-01-08T07:50:25","slug":"oktatas","status":"publish","type":"page","link":"https:\/\/semmelweis.hu\/szemeszet\/oktatas\/","title":{"rendered":"Oktat\u00e1s"},"content":{"rendered":"<div class=\"keretes w-100\">\n<p>Az oktat\u00e1sr\u00f3l sz\u00f3l\u00f3 le\u00edr\u00e1sok, tananyagok \u00e9s egy\u00e9b sz\u00fcks\u00e9ges inform\u00e1ci\u00f3k el\u00e9rhet\u0151k a <a href=\"https:\/\/itc.semmelweis.hu\/moodle\/login\/index.php\" target=\"_blank\" rel=\"noopener\">Moodle<\/a> rendszerben az arra jogosultak r\u00e9sz\u00e9re!<\/p>\n<\/div>\n<p>A klinika az\u00a0el\u0151d\u00f6k\u00a0szellem\u00e9ben kiemelked\u0151 feladat\u00e1nak tartja a szem\u00e9szet oktat\u00e1s\u00e1t. A magyar \u00e1ltal\u00e1nos orvoskari oktat\u00e1s kieg\u00e9sz\u00fcl angol \u00e9s n\u00e9met nyelv\u0171\u00a0oktat\u00e1ssal, valamint magyar, n\u00e9met, angol nyelv\u0171 fogorvoskari oktat\u00e1ssal. Tan\u00e9venk\u00e9nt \u00e1tlagosan k\u00f6zel 500 egyetemi hallgat\u00f3 tanul \u00e9s szigorlatozik a klinik\u00e1n. \u00c9vente 12-20 hallgat\u00f3 k\u00e9sz\u00edt magyar, angol vagy n\u00e9met\u00a0nyelv\u0171\u00a0diplomamunk\u00e1t, \u00e9s 9-11 v\u00e9gez <a href=\"https:\/\/semmelweis.hu\/szemeszet\/oktatas\/meghirdetett-tdk-temak\/\">TDK munk\u00e1t<\/a>.<\/p>\n<p>A klinika 1996 \u00f3ta rendelkezik doktori (PhD) programmal, amelynek c\u00edme \u201cA l\u00e1t\u00e1s fiziol\u00f3gi\u00e1ja \u00e9s patol\u00f3gi\u00e1ja\u201d. \u00c9vente 2-3 hallgat\u00f3 l\u00e9p be a programba. A rezidensk\u00e9pz\u00e9sbe bel\u00e9p\u0151k sz\u00e1ma \u00e9vente 2-5 f\u0151, \u00e9s ezen fel\u00fcl 3-7 jelentkez\u0151t k\u00e9pez a klinika egy\u00e9ves szakvizsga el\u0151tti felk\u00e9sz\u00edt\u00e9s keret\u00e9ben. A rezidensk\u00e9pz\u00e9s id\u0151tartama 5 \u00e9v, amely 160 elm\u00e9leti \u00f3ra mellett k\u00f6telez\u0151en el\u0151\u00edrt gyakorlati k\u00e9pz\u00e9st jelent a fiatal orvosoknak. Az oktat\u00f3munka r\u00e9sze a szakorvosok rendszeres szinten tart\u00f3 tov\u00e1bbk\u00e9pz\u00e9se, amelyet magyar \u00e9s k\u00fclf\u00f6ldi\u00a0vend\u00e9gel\u0151ad\u00f3kkal\u00a0\u00e9vente 12-15 kurzus szolg\u00e1l.<\/p>\n<ul>\n<li class=\"page_item page-item-11\"><a href=\"https:\/\/semmelweis.hu\/szemeszet\/oktatas\/meghirdetett-tdk-temak\/\">TDK t\u00e9m\u00e1k<\/a><\/li>\n<li class=\"page_item page-item-369\"><a href=\"https:\/\/semmelweis.hu\/szemeszet\/oktatas\/topics-for-thesis\/\">Szakdolgozat<\/a><\/li>\n<li class=\"page_item page-item-823\"><a href=\"https:\/\/semmelweis.hu\/szemeszet\/oktatas\/maria-utcai-fuzetek\/\">M\u00e1ria utcai f\u00fczetek<\/a><\/li>\n<li><a href=\"https:\/\/semmelweis.hu\/szemeszet\/files\/2026\/01\/Kovetelmenyrendszer-magyar-IV.-ev_2025.pdf\">K\u00f6vetelm\u00e9nyrendszer &#8211; magyar IV. \u00e9v_2025<\/a><\/li>\n<li><a href=\"https:\/\/semmelweis.hu\/szemeszet\/files\/2026\/01\/AOK-magyar-vizsgatetelek-2025-26.pdf\">AOK magyar vizsgat\u00e9telek 2025-26<\/a><\/li>\n<\/ul>\n","protected":false},"excerpt":{"rendered":"<p>Az oktat\u00e1sr\u00f3l sz\u00f3l\u00f3 le\u00edr\u00e1sok, tananyagok \u00e9s egy\u00e9b sz\u00fcks\u00e9ges inform\u00e1ci\u00f3k el\u00e9rhet\u0151k a <a href=\"https:\/\/itc.semmelweis.hu\/moodle\/login\/index.php\" target=\"_blank\" rel=\"noopener\">Moodle<\/a> rendszerben az arra jogosultak r\u00e9sz\u00e9re! A klinika az\u00a0el\u0151d\u00f6k\u00a0szellem\u00e9ben kiemelked\u0151 feladat\u00e1nak tartja a szem\u00e9szet oktat\u00e1s\u00e1t. A magyar \u00e1ltal\u00e1nos orvoskari oktat\u00e1s kieg\u00e9sz\u00fcl angol \u00e9s n\u00e9met nyelv\u0171\u00a0oktat\u00e1ssal, valamint magyar, n\u00e9met, angol nyelv\u0171 fogorvoskari oktat\u00e1ssal. Tan\u00e9venk\u00e9nt \u00e1tlagosan k\u00f6zel 500 egyetemi hallgat\u00f3 tanul \u00e9s szigorlatozik a klinik\u00e1n. \u00c9vente 12-20 &hellip;<\/p>\n","protected":false},"author":178,"featured_media":0,"parent":0,"menu_order":3,"comment_status":"closed","ping_status":"closed","template":"","meta":{"_acf_changed":false,"footnotes":""},"categories":[],"tags":[],"class_list":["post-54","page","type-page","status-publish","hentry"],"acf":[],"_links":{"self":[{"href":"https:\/\/semmelweis.hu\/szemeszet\/wp-json\/wp\/v2\/pages\/54","targetHints":{"allow":["GET"]}}],"collection":[{"href":"https:\/\/semmelweis.hu\/szemeszet\/wp-json\/wp\/v2\/pages"}],"about":[{"href":"https:\/\/semmelweis.hu\/szemeszet\/wp-json\/wp\/v2\/types\/page"}],"author":[{"embeddable":true,"href":"https:\/\/semmelweis.hu\/szemeszet\/wp-json\/wp\/v2\/users\/178"}],"replies":[{"embeddable":true,"href":"https:\/\/semmelweis.hu\/szemeszet\/wp-json\/wp\/v2\/comments?post=54"}],"version-history":[{"count":9,"href":"https:\/\/semmelweis.hu\/szemeszet\/wp-json\/wp\/v2\/pages\/54\/revisions"}],"predecessor-version":[{"id":2280,"href":"https:\/\/semmelweis.hu\/szemeszet\/wp-json\/wp\/v2\/pages\/54\/revisions\/2280"}],"wp:attachment":[{"href":"https:\/\/semmelweis.hu\/szemeszet\/wp-json\/wp\/v2\/media?parent=54"}],"wp:term":[{"taxonomy":"category","embeddable":true,"href":"https:\/\/semmelweis.hu\/szemeszet\/wp-json\/wp\/v2\/categories?post=54"},{"taxonomy":"post_tag","embeddable":true,"href":"https:\/\/semmelweis.hu\/szemeszet\/wp-json\/wp\/v2\/tags?post=54"}],"curies":[{"name":"wp","href":"https:\/\/api.w.org\/{rel}","templated":true}]}}