{"id":49,"date":"2012-02-02T11:49:14","date_gmt":"2012-02-02T11:49:14","guid":{"rendered":"http:\/\/semmelweis-egyetem.hu\/szemeszet\/?page_id=49"},"modified":"2026-03-17T18:55:15","modified_gmt":"2026-03-17T17:55:15","slug":"munkatarsaink","status":"publish","type":"page","link":"https:\/\/semmelweis.hu\/szemeszet\/altalanos-informaciok\/munkatarsaink\/","title":{"rendered":"Munkat\u00e1rsaink"},"content":{"rendered":"<div class=\"keretes w-100\">\n<h4><strong>Igazgat\u00f3<\/strong><\/h4>\n<p><strong>Dr. Nagy Zolt\u00e1n Zsolt<\/strong> <br \/>\negyetemi tan\u00e1r, \u00c1OK tant\u00e1rgyi felel\u0151s, PhD \u00e9s TDK felel\u0151s, Szem\u00e9szet Szakmai Gr\u00e9mium eln\u00f6ke, Gyermekszem\u00e9szet licenck\u00e9pz\u00e9s gr\u00e9mium eln\u00f6ke, Neuro-ophtalmol\u00f3gia licenck\u00e9pz\u00e9s gr\u00e9mium eln\u00f6ke<\/p>\n<h4><strong>\u00c1ltal\u00e1nos Igazgat\u00f3helyettes<\/strong><\/h4>\n<p><strong>Dr. R\u00e9cs\u00e1n Zsuzsanna<\/strong> <br \/>\negyetemi docens, FOK tant\u00e1rgyi felel\u0151s, TDK felel\u0151s, posztgradu\u00e1lis k\u00e9pz\u00e9sek\u00e9rt felel\u0151s<\/p>\n<\/div>\n<h4><strong>Professor Emerita<\/strong><\/h4>\n<ul>\n<li>Dr. S\u00fcveges Ildik\u00f3 ny. egyetemi tan\u00e1r<\/li>\n<\/ul>\n<h4><strong>Professor Emeritus<\/strong><\/h4>\n<ul>\n<li>Dr. N\u00e9meth J\u00e1nos ny. egyetemi tan\u00e1r<\/li>\n<\/ul>\n<h4><strong>Egyetemi tan\u00e1r<\/strong><\/h4>\n<ul>\n<li>Dr. Szentm\u00e1ry N\u00f3ra<\/li>\n<\/ul>\n<h4><strong>Egyetemi Docens<\/strong><\/h4>\n<table width=\"618\">\n<tbody>\n<tr>\n<td width=\"618\">\u00b7 Dr. Ecsedy M\u00f3nika tanulm\u00e1nyi felel\u0151s (angol FOK)<\/td>\n<\/tr>\n<tr>\n<td>\u00b7 Dr. Kov\u00e1cs Ill\u00e9s<\/td>\n<\/tr>\n<tr>\n<td>\u00b7 Dr. Papp Andr\u00e1s<\/td>\n<\/tr>\n<tr>\n<td>\u00b7 Dr. Resch Mikl\u00f3s<\/td>\n<\/tr>\n<tr>\n<td>\u00b7 Dr. Zobor Annam\u00e1ria Ditta<\/td>\n<\/tr>\n<\/tbody>\n<\/table>\n<h4>\u00a0<\/h4>\n<h4><strong>Adjunktus<\/strong><\/h4>\n<table width=\"618\">\n<tbody>\n<tr>\n<td width=\"618\">\u00b7 Dr. Barcsay Gy\u00f6rgy<\/td>\n<\/tr>\n<tr>\n<td>\u00b7 Dr. Barcsay-Veres Amarilla tanulm\u00e1nyi felel\u0151s (n\u00e9met \u00c1OK, n\u00e9met FOK)<\/td>\n<\/tr>\n<tr>\n<td>\u00b7 Dr. Fodor Eszter<\/td>\n<\/tr>\n<tr>\n<td>\u00b7 Dr. F\u00fcst \u00c1gnes\u00a0<\/td>\n<\/tr>\n<tr>\n<td>\u00b7 Dr. G\u00e9hl Zsuzsanna<\/td>\n<\/tr>\n<tr>\n<td>\u00b7 Dr. K\u00f3thy P\u00e9ter<\/td>\n<\/tr>\n<tr>\n<td>\u00b7 Dr. Kr\u00e1nitz Kinga<\/td>\n<\/tr>\n<tr>\n<td>\u00b7 Dr. Maneschg Otto<\/td>\n<\/tr>\n<tr>\n<td>\u00b7 Dr. S\u00e1ndor G\u00e1bor L\u00e1szl\u00f3 tanulm\u00e1nyi felel\u0151s (magyar \u00c1OK)<\/td>\n<\/tr>\n<tr>\n<td>\u00b7 Dr. Szab\u00f3 Antal<\/td>\n<\/tr>\n<tr>\n<td>\u00b7 Dr. Szab\u00f3 Vikt\u00f3ria<\/td>\n<\/tr>\n<tr>\n<td>\u00b7 Dr. Szamosi Anna<\/td>\n<\/tr>\n<tr>\n<td>\u00b7 Dr. Szigeti Andrea<\/td>\n<\/tr>\n<tr>\n<td>\u00b7 Dr. Tak\u00e1cs \u00c1gnes<\/td>\n<\/tr>\n<\/tbody>\n<\/table>\n<h4>\u00a0<\/h4>\n<h4><strong>Tan\u00e1rseg\u00e9d<\/strong><\/h4>\n<table width=\"618\">\n<tbody>\n<tr>\n<td width=\"618\">\u00b7 Dr. Antus Zsuzsanna<\/td>\n<\/tr>\n<tr>\n<td>\u00b7 Dr. \u00c9nzs\u00f6ly Anna<\/td>\n<\/tr>\n<tr>\n<td>\u00b7 Dr. Istv\u00e1n Lilla<\/td>\n<\/tr>\n<tr>\n<td>\u00b7 Dr. Juh\u00e1sz \u00c9va<\/td>\n<\/tr>\n<tr>\n<td>\u00b7 Dr. Korm\u00e1nyos Kitti<\/td>\n<\/tr>\n<tr>\n<td>\u00b7 Dr. Magyar M\u00e1rton<\/td>\n<\/tr>\n<tr>\n<td>\u00b7 Dr. Maka Erika<\/td>\n<\/tr>\n<tr>\n<td>\u00b7 Dr. Sisa-Vajda Szilvia<\/td>\n<\/tr>\n<tr>\n<td>\u00b7 Dr. Szab\u00f3 Dorottya tanulm\u00e1nyi felel\u0151s (angol \u00c1OK)<\/td>\n<\/tr>\n<tr>\n<td>\u00b7 Dr. Szalai Ir\u00e9n<\/td>\n<\/tr>\n<tr>\n<td>\u00b7 Dr. Visontai Zsuzsanna<\/td>\n<\/tr>\n<\/tbody>\n<\/table>\n<h4>\u00a0<\/h4>\n<h4><strong>Tudom\u00e1nyos munkat\u00e1rs<\/strong><\/h4>\n<table width=\"618\">\n<tbody>\n<tr>\n<td width=\"618\">\u00b7 Dr. Barboni Mirella<\/td>\n<\/tr>\n<\/tbody>\n<\/table>\n<h4>\u00a0<\/h4>\n<h4><strong>Klinikai f\u0151orvos<\/strong><\/h4>\n<table width=\"618\">\n<tbody>\n<tr>\n<td width=\"618\">\u00b7 Dr. Bausz M\u00e1ria<\/td>\n<\/tr>\n<tr>\n<td>\u00b7 Dr. Doh\u00e1n Judit<\/td>\n<\/tr>\n<tr>\n<td>\u00b7 Dr. Kn\u00e9zy Krisztina<\/td>\n<\/tr>\n<tr>\n<td>\u00b7 Dr. Kor\u00e1nyi Katalin<\/td>\n<\/tr>\n<tr>\n<td>\u00b7 Dr. Luk\u00e1ts Olga<\/td>\n<\/tr>\n<\/tbody>\n<\/table>\n<h4>\u00a0<\/h4>\n<h4><strong>Klinikai szakorvos<\/strong><\/h4>\n<table width=\"618\">\n<tbody>\n<tr>\n<td width=\"618\">\u00b7 Dr. Beny\u00f3 Fruzsina<\/td>\n<\/tr>\n<tr>\n<td>\u00b7 Dr. Borb\u00e1ndy \u00c1gnes<\/td>\n<\/tr>\n<tr>\n<td>\u00b7 Dr. Czak\u00f3 Cec\u00edlia<\/td>\n<\/tr>\n<tr>\n<td>\u00b7 Dr. Cs\u00e1k\u00e1ny B\u00e9la<\/td>\n<\/tr>\n<tr>\n<td>\u00b7 Dr. Dorm\u00e1n P\u00e9ter<\/td>\n<\/tr>\n<tr>\n<td>\u00b7 Dr. Geiszelhardt Bal\u00e1zs<\/td>\n<\/tr>\n<tr>\n<td>\u00b7 Dr. Gyenes Andrea<\/td>\n<\/tr>\n<tr>\n<td>\u00b7 Dr. Killik Petra<\/td>\n<\/tr>\n<tr>\n<td>\u00b7 Dr. Kov\u00e1cs Vince<\/td>\n<\/tr>\n<tr>\n<td>\u00b7 Dr. Mark\u00f3 Katalin<\/td>\n<\/tr>\n<tr>\n<td>\u00b7 Dr. Mohammadpour Behnam<\/td>\n<\/tr>\n<tr>\n<td>\u00b7 Dr. Sz\u00e9chey Rita<\/td>\n<\/tr>\n<tr>\n<td>\u00b7 Dr. Szil\u00e1gyi Zsuzsa<\/td>\n<\/tr>\n<tr>\n<td>\u00b7 Dr. T\u00f3th Georgina Zs\u00f3fia<\/td>\n<\/tr>\n<tr>\n<td>\u00b7 Dr. Ujv\u00e1ry L\u00e1szl\u00f3<\/td>\n<\/tr>\n<tr>\n<td>\u00b7 Dr. Varga Kata tanulm\u00e1nyi felel\u0151s (magyar FOK)<\/td>\n<\/tr>\n<tr>\n<td>\u00b7 Dr. V\u00e9gh Andr\u00e1s<\/td>\n<\/tr>\n<\/tbody>\n<\/table>\n<h4>\u00a0<\/h4>\n<h4><strong>\u00d6nk\u00e9ntes seg\u00edt\u0151<\/strong><\/h4>\n<table width=\"618\">\n<tbody>\n<tr>\n<td width=\"618\">\u00b7 Dr. \u00c1d\u00e1m M\u00f3nika Judit<\/td>\n<\/tr>\n<tr>\n<td>\u00b7 Dr. Csidey M\u00e1ria<\/td>\n<\/tr>\n<tr>\n<td>\u00b7 Dr. Fodor Magdolna<\/td>\n<\/tr>\n<tr>\n<td>\u00b7 Dr. G\u00f6r\u00f6g Katalin<\/td>\n<\/tr>\n<tr>\n<td>\u00b7 Dr. Imre L\u00e1szl\u00f3<\/td>\n<\/tr>\n<tr>\n<td>\u00b7 Dr. Kusnyerik \u00c1kos<\/td>\n<\/tr>\n<tr>\n<td>\u00b7 Dr. Marsovszky L\u00e1szl\u00f3<\/td>\n<\/tr>\n<tr>\n<td>\u00b7 Dr. N\u00e9meth Orsolya<\/td>\n<\/tr>\n<tr>\n<td>\u00b7 Dr. Rynkiewicz Judit<\/td>\n<\/tr>\n<tr>\n<td>\u00b7 Dr. Salomv\u00e1ry Bernadett<\/td>\n<\/tr>\n<tr>\n<td>\u00b7 Dr. Schneider Mikl\u00f3s<\/td>\n<\/tr>\n<tr>\n<td>\u00b7 Dr. Seres Andr\u00e1s<\/td>\n<\/tr>\n<tr>\n<td>\u00b7 Dr. S\u00e9nyi Katalin<\/td>\n<\/tr>\n<tr>\n<td>\u00b7 Dr. Skorny\u00e1k Zs\u00f3fia<\/td>\n<\/tr>\n<tr>\n<td>\u00b7 Dr. Somfai G\u00e1bor M\u00e1rk<\/td>\n<\/tr>\n<tr>\n<td>\u00b7 Dr. Tapaszt\u00f3 Be\u00e1ta<\/td>\n<\/tr>\n<tr>\n<td>\u00b7 Dr. Vars\u00e1nyi Bal\u00e1zs<\/td>\n<\/tr>\n<tr>\n<td>\u00b7 Dr. V\u00e1mos Rita<\/td>\n<\/tr>\n<\/tbody>\n<\/table>\n<h4>\u00a0<\/h4>\n<h4><strong>Rezidens<\/strong><\/h4>\n<table style=\"width: 45.0546%;height: 396px\" width=\"618\">\n<tbody>\n<tr style=\"height: 33px\">\n<td style=\"height: 33px\" width=\"618\">\u00b7 Dr. B\u00e1lint R\u00e9ka<\/td>\n<\/tr>\n<tr style=\"height: 33px\">\n<td style=\"height: 33px\">\u00b7 Dr. Clapp Emilia Avril<\/td>\n<\/tr>\n<tr style=\"height: 33px\">\n<td style=\"height: 33px\">\u00b7 Dr. \u00c9l\u0151 \u00c1gnes<\/td>\n<\/tr>\n<tr style=\"height: 33px\">\n<td style=\"height: 33px\">\u00b7 Dr. Kov\u00e1cs R\u00f3bert<\/td>\n<\/tr>\n<tr style=\"height: 33px\">\n<td style=\"height: 33px\">\u00b7 Dr. L\u00e1szik Vince Attila<\/td>\n<\/tr>\n<tr style=\"height: 33px\">\n<td style=\"height: 33px\">\u00b7 Dr. Sipos Emma<\/td>\n<\/tr>\n<tr style=\"height: 33px\">\n<td style=\"height: 33px\">\u00b7 Dr. Somfalvi Be\u00e1ta Krisztina<\/td>\n<\/tr>\n<tr style=\"height: 33px\">\n<td style=\"height: 33px\">\u00b7 Dr. Szalczer Szil\u00e1rd Lajos<\/td>\n<\/tr>\n<tr style=\"height: 33px\">\n<td style=\"height: 33px\">\u00b7 Dr. Tak\u00e1cs P\u00e9ter Istv\u00e1n<\/td>\n<\/tr>\n<tr style=\"height: 33px\">\n<td style=\"height: 33px\">\u00b7 Dr. Tapaszt\u00f3 Zs\u00f3fia Magdolna<\/td>\n<\/tr>\n<tr style=\"height: 33px\">\n<td style=\"height: 33px\">\u00b7 Dr. V\u00f6r\u00f6s Krist\u00f3f M\u00e1rton<\/td>\n<\/tr>\n<tr style=\"height: 33px\">\n<td style=\"height: 33px\">\u00b7 Dr. Wang Junren<\/td>\n<\/tr>\n<\/tbody>\n<\/table>\n<h4>\u00a0<\/h4>\n<h4><strong>PhD- \u00f6szt\u00f6nd\u00edjas hallgat\u00f3<\/strong><\/h4>\n<table width=\"618\">\n<tbody>\n<tr>\n<td width=\"618\">\u00b7 Dr. Gerend\u00e1s Lili<\/td>\n<\/tr>\n<\/tbody>\n<\/table>\n<h4>\u00a0<\/h4>\n<h4><strong>T\u00e1vol<\/strong><\/h4>\n<table style=\"width: 45.0546%;height: 396px\" width=\"618\">\n<tbody>\n<tr style=\"height: 33px\">\n<td style=\"height: 33px\">\u00b7 Dr. \u00c1goston Blanka rezidens<\/td>\n<\/tr>\n<tr style=\"height: 33px\">\n<td style=\"height: 33px\">\u00b7 Dr. Asb\u00f3th Barbara rezidens<\/td>\n<\/tr>\n<tr style=\"height: 33px\">\n<td style=\"height: 33px\">\u00b7 Dr. Barna L\u00edvia rezidens<\/td>\n<\/tr>\n<tr style=\"height: 33px\">\n<td style=\"height: 33px\">\u00b7 Dr. Besztercei Barbara klinikai szakorvos<\/td>\n<\/tr>\n<tr style=\"height: 33px\">\n<td style=\"height: 33px\">\u00b7 Dr. Csorba Anita tan\u00e1rseg\u00e9d<\/td>\n<\/tr>\n<tr style=\"height: 33px\">\n<td style=\"height: 33px\">\u00b7 Dr. Farkas Alexandra klinikai szakorvos<\/td>\n<\/tr>\n<tr style=\"height: 33px\">\n<td style=\"height: 33px\">\u00b7 Dr. Horv\u00e1th Hajnalka klinikai szakorvos<\/td>\n<\/tr>\n<tr style=\"height: 33px\">\n<td style=\"height: 33px\">\u00b7 Dr. K\u00e9ki-Kov\u00e1cs Klaudia rezidens<\/td>\n<\/tr>\n<tr style=\"height: 33px\">\n<td style=\"height: 33px\">\u00b7 Dr. Krisk\u00f3 Dorottya klinikai szakorvos<\/td>\n<\/tr>\n<tr style=\"height: 33px\">\n<td style=\"height: 33px\">\u00b7 Dr. N\u00e1ray Annam\u00e1ria rezidens<\/td>\n<\/tr>\n<\/tbody>\n<\/table>\n","protected":false},"excerpt":{"rendered":"<p>Igazgat\u00f3 Dr. Nagy Zolt\u00e1n Zsolt egyetemi tan\u00e1r, \u00c1OK tant\u00e1rgyi felel\u0151s, PhD \u00e9s TDK felel\u0151s, Szem\u00e9szet Szakmai Gr\u00e9mium eln\u00f6ke, Gyermekszem\u00e9szet licenck\u00e9pz\u00e9s gr\u00e9mium eln\u00f6ke, Neuro-ophtalmol\u00f3gia licenck\u00e9pz\u00e9s gr\u00e9mium eln\u00f6ke \u00c1ltal\u00e1nos Igazgat\u00f3helyettes Dr. R\u00e9cs\u00e1n Zsuzsanna egyetemi docens, FOK tant\u00e1rgyi felel\u0151s, TDK felel\u0151s, posztgradu\u00e1lis k\u00e9pz\u00e9sek\u00e9rt felel\u0151s Professor Emerita Dr. S\u00fcveges Ildik\u00f3 ny. egyetemi tan\u00e1r Professor Emeritus Dr. N\u00e9meth J\u00e1nos ny. &hellip;<\/p>\n","protected":false},"author":178,"featured_media":0,"parent":7,"menu_order":2,"comment_status":"closed","ping_status":"closed","template":"","meta":{"_acf_changed":false,"footnotes":""},"categories":[],"tags":[],"class_list":["post-49","page","type-page","status-publish","hentry"],"acf":[],"_links":{"self":[{"href":"https:\/\/semmelweis.hu\/szemeszet\/wp-json\/wp\/v2\/pages\/49","targetHints":{"allow":["GET"]}}],"collection":[{"href":"https:\/\/semmelweis.hu\/szemeszet\/wp-json\/wp\/v2\/pages"}],"about":[{"href":"https:\/\/semmelweis.hu\/szemeszet\/wp-json\/wp\/v2\/types\/page"}],"author":[{"embeddable":true,"href":"https:\/\/semmelweis.hu\/szemeszet\/wp-json\/wp\/v2\/users\/178"}],"replies":[{"embeddable":true,"href":"https:\/\/semmelweis.hu\/szemeszet\/wp-json\/wp\/v2\/comments?post=49"}],"version-history":[{"count":11,"href":"https:\/\/semmelweis.hu\/szemeszet\/wp-json\/wp\/v2\/pages\/49\/revisions"}],"predecessor-version":[{"id":2317,"href":"https:\/\/semmelweis.hu\/szemeszet\/wp-json\/wp\/v2\/pages\/49\/revisions\/2317"}],"up":[{"embeddable":true,"href":"https:\/\/semmelweis.hu\/szemeszet\/wp-json\/wp\/v2\/pages\/7"}],"wp:attachment":[{"href":"https:\/\/semmelweis.hu\/szemeszet\/wp-json\/wp\/v2\/media?parent=49"}],"wp:term":[{"taxonomy":"category","embeddable":true,"href":"https:\/\/semmelweis.hu\/szemeszet\/wp-json\/wp\/v2\/categories?post=49"},{"taxonomy":"post_tag","embeddable":true,"href":"https:\/\/semmelweis.hu\/szemeszet\/wp-json\/wp\/v2\/tags?post=49"}],"curies":[{"name":"wp","href":"https:\/\/api.w.org\/{rel}","templated":true}]}}