{"id":382,"date":"2015-06-30T11:32:09","date_gmt":"2015-06-30T09:32:09","guid":{"rendered":"http:\/\/semmelweis.hu\/szemeszet\/?page_id=382"},"modified":"2026-03-24T13:43:30","modified_gmt":"2026-03-24T12:43:30","slug":"topics-for-thesis","status":"publish","type":"page","link":"https:\/\/semmelweis.hu\/szemeszet\/oktatas\/topics-for-thesis\/","title":{"rendered":"Szakdolgozat"},"content":{"rendered":"<h4 style=\"text-align: center\"><strong>Szakdolgozat c\u00edmlista <br \/>\n<em>(konzulensek szerinti bet\u0171rendben)<\/em><\/strong><\/h4>\n<table style=\"width: 100%;height: 2210px\" width=\"709\">\n<tbody>\n<tr style=\"height: 24px\">\n<td style=\"height: 24px;width: 40.625%\" width=\"284\"><strong>Konzulens<\/strong><\/td>\n<td style=\"height: 24px;width: 59.2188%\" width=\"425\"><strong>T\u00e9ma<\/strong><\/td>\n<\/tr>\n<tr>\n<td style=\"width: 40.625%\"><span data-olk-copy-source=\"MessageBody\">Dr. Barcsay-Veres Amarilla<\/span><\/td>\n<td style=\"width: 59.2188%\"><span data-olk-copy-source=\"MessageBody\">Belgy\u00f3gy\u00e1szati betegs\u00e9gekhez t\u00e1rsul\u00f3 szemfelsz\u00edni betegs\u00e9gek<\/span><\/td>\n<\/tr>\n<tr>\n<td style=\"width: 40.625%\"><span data-olk-copy-source=\"MessageBody\">Dr. Barcsay-Veres Amarilla<\/span><\/td>\n<td style=\"width: 59.2188%\"><span data-olk-copy-source=\"MessageBody\">A gyermekszem\u00e9szeti ambulanci\u00e1n kezelt p\u00e1ciensek l\u00e1t\u00e1sroml\u00e1s\u00e1nak okai<\/span><\/td>\n<\/tr>\n<tr style=\"height: 48px\">\n<td style=\"height: 48px;width: 40.625%\" width=\"284\">Dr. Cs\u00e1k\u00e1ny B\u00e9la<\/td>\n<td style=\"height: 48px;width: 59.2188%\" width=\"425\">Korszer\u0171 m\u00e9r\u0151m\u00f3dszerek a szemgoly\u00f3 biometri\u00e1j\u00e1ban<\/td>\n<\/tr>\n<tr style=\"height: 24px\">\n<td style=\"height: 24px;width: 40.625%\" width=\"284\">Dr. Doh\u00e1n Judit<\/td>\n<td style=\"height: 24px;width: 59.2188%\" width=\"425\">Chorioretinitiszek differenci\u00e1l diagnosztik\u00e1ja<\/td>\n<\/tr>\n<tr style=\"height: 24px\">\n<td style=\"height: 24px;width: 40.625%\" width=\"284\">Dr. Doh\u00e1n Judit<\/td>\n<td style=\"height: 24px;width: 59.2188%\" width=\"425\">Herpes v\u00edrusok \u00e9s a szem<\/td>\n<\/tr>\n<tr style=\"height: 24px\">\n<td style=\"height: 24px;width: 40.625%\" width=\"284\">Dr. Doh\u00e1n Judit<\/td>\n<td style=\"height: 24px;width: 59.2188%\" width=\"425\">Immunszupressz\u00edv kezel\u00e9s uveitisben<\/td>\n<\/tr>\n<tr style=\"height: 24px\">\n<td style=\"height: 24px;width: 40.625%\" width=\"284\">Dr. Doh\u00e1n Judit<\/td>\n<td style=\"height: 24px;width: 59.2188%\" width=\"425\">Uveitisek gyermekkorban<\/td>\n<\/tr>\n<tr style=\"height: 24px\">\n<td style=\"height: 24px;width: 40.625%\" width=\"284\">Dr. Doh\u00e1n Judit<\/td>\n<td style=\"height: 24px;width: 59.2188%\" width=\"425\">Vaszkulitiszek szem\u00e9szeti vonatkoz\u00e1sai<\/td>\n<\/tr>\n<tr style=\"height: 48px\">\n<td style=\"height: 48px;width: 40.625%\" width=\"284\">Dr. Ecsedy M\u00f3nika<\/td>\n<td style=\"height: 48px;width: 59.2188%\" width=\"425\">Genetikai t\u00e9nyez\u0151k szerep\u00e9nek vizsg\u00e1lata diabeteszes retinopathia h\u00e1tter\u00e9ben<\/td>\n<\/tr>\n<tr style=\"height: 48px\">\n<td style=\"height: 48px;width: 40.625%\" width=\"284\">Dr. Ecsedy M\u00f3nika<\/td>\n<td style=\"height: 48px;width: 59.2188%\" width=\"425\">\u00daj diagnosztikus \u00e9s ter\u00e1pi\u00e1s lehet\u0151s\u00e9gek a centr\u00e1lis serosus retinopathia kezel\u00e9s\u00e9ben<\/td>\n<\/tr>\n<tr style=\"height: 63px\">\n<td style=\"width: 40.625%;height: 63px\">Dr. Ecsedy M\u00f3nika<\/td>\n<td style=\"width: 59.2188%;height: 63px\">\n<div id=\"GroupWiseSection_1712927992000_kissova.diana@med.semmelweis-univ.hu_DADC840113560000B4706F6461613831_\" class=\"GroupWiseMessageBody\">\n<div>\u00daj diagnosztikus \u00e9s ter\u00e1pi\u00e1s lehet\u0151s\u00e9gek id\u0151skori makuladegener\u00e1ci\u00f3 kezel\u00e9s\u00e9ben (biofeedback training)<\/div>\n<\/div>\n<\/td>\n<\/tr>\n<tr style=\"height: 72px\">\n<td style=\"height: 72px;width: 40.625%\" width=\"284\">Dr. Ecsedy M\u00f3nika<\/td>\n<td style=\"height: 72px;width: 59.2188%\" width=\"425\">\u00daj diagnosztikus lehet\u0151s\u00e9gek a szemfen\u00e9ki kering\u00e9szavarok \u00e9s a diab\u00e9teszes retinopathia vizsg\u00e1lat\u00e1ban<\/td>\n<\/tr>\n<tr style=\"height: 48px\">\n<td style=\"height: 48px;width: 40.625%\" width=\"284\">Dr. Fodor Eszter<\/td>\n<td style=\"height: 48px;width: 59.2188%\" width=\"425\">Immunfluorescens vizsg\u00e1latok kr\u00f3nikus, hegesed\u00e9ssel j\u00e1r\u00f3 k\u00f6t\u0151h\u00e1rtyagyullad\u00e1sban<\/td>\n<\/tr>\n<tr style=\"height: 48px\">\n<td style=\"height: 48px;width: 40.625%\" width=\"284\">Dr. F\u00fcst \u00c1gnes<\/td>\n<td style=\"height: 48px;width: 59.2188%\" width=\"425\">Szaruh\u00e1rtya-\u00e1t\u00fcltet\u00e9sen \u00e1tesett betegek nyomon k\u00f6vet\u00e9se<\/td>\n<\/tr>\n<tr style=\"height: 48px\">\n<td style=\"height: 48px;width: 40.625%\" width=\"284\">Dr. F\u00fcst \u00c1gnes<\/td>\n<td style=\"height: 48px;width: 59.2188%\" width=\"425\">Szemfelsz\u00edni betegs\u00e9gek vizsg\u00e1lata modern k\u00e9palkot\u00f3 elj\u00e1r\u00e1sokkal<\/td>\n<\/tr>\n<tr style=\"height: 24px\">\n<td style=\"height: 24px;width: 40.625%\" width=\"284\">Dr. G\u00e9hl Zsuzsanna<\/td>\n<td style=\"height: 24px;width: 59.2188%\" width=\"425\">Infekci\u00f3zus uveitisek<\/td>\n<\/tr>\n<tr style=\"height: 24px\">\n<td style=\"height: 24px;width: 40.625%\" width=\"284\">Dr. G\u00e9hl Zsuzsanna<\/td>\n<td style=\"width: 59.2188%;height: 24px\">\n<div data-ogsc=\"rgb(0, 0, 0)\">Reumatol\u00f3giai betegs\u00e9gekhez kapcsol\u00f3d\u00f3 uveitisek<\/div>\n<\/td>\n<\/tr>\n<tr style=\"height: 33px\">\n<td style=\"width: 40.625%;height: 33px\">Dr. G\u00e9hl Zsuzsanna<\/td>\n<td style=\"width: 59.2188%;height: 33px\">Uveitis epidemiol\u00f3giai vizsg\u00e1lata<\/td>\n<\/tr>\n<tr style=\"height: 48px\">\n<td style=\"height: 48px;width: 40.625%\" width=\"284\">Dr. Kn\u00e9zy Krisztina<\/td>\n<td style=\"height: 48px;width: 59.2188%\" width=\"425\"><span data-olk-copy-source=\"MessageBody\">Leber-f\u00e9le \u00f6r\u00f6kletes l\u00e1t\u00f3idegb\u00e1ntalom: hazai megfigyel\u00e9seink (amir\u0151l a sz\u00e1mok mes\u00e9lnek)<\/span><\/td>\n<\/tr>\n<tr style=\"height: 33px\">\n<td style=\"width: 40.625%;height: 33px\">Dr. Kn\u00e9zy Krisztina<\/td>\n<td style=\"width: 59.2188%;height: 33px\">Szem\u00e9szeti elektrofiziol\u00f3giai vizsg\u00e1latok szerepe a differenci\u00e1l diagnosztik\u00e1ban<\/td>\n<\/tr>\n<tr style=\"height: 48px\">\n<td style=\"height: 48px;width: 40.625%\" width=\"284\">Dr. Kn\u00e9zy Krisztina, Dr. Maneschg Otto<\/td>\n<td style=\"height: 48px;width: 59.2188%\" width=\"425\">Nervus abducens par\u00e9zis m\u0171t\u00e9ti kezel\u00e9si lehet\u0151s\u00e9ge, eredm\u00e9nyeinek vizsg\u00e1lata<\/td>\n<\/tr>\n<tr style=\"height: 48px\">\n<td style=\"height: 48px;width: 40.625%\" width=\"284\">Dr. Kn\u00e9zy Krisztina, Dr. S\u00e9nyi Katalin<\/td>\n<td style=\"height: 48px;width: 59.2188%\" width=\"425\">Az amblyopia okai \u00e9s kezel\u00e9se<\/td>\n<\/tr>\n<tr style=\"height: 24px\">\n<td style=\"height: 24px;width: 40.625%\" width=\"284\">Dr. K\u00f3thy P\u00e9ter<\/td>\n<td style=\"height: 24px;width: 59.2188%\" width=\"425\">A glaucoma gy\u00f3gyszeres kezel\u00e9se<\/td>\n<\/tr>\n<tr style=\"height: 48px\">\n<td style=\"height: 48px;width: 40.625%\" width=\"284\">Dr. Kov\u00e1cs Ill\u00e9s<\/td>\n<td style=\"height: 48px;width: 59.2188%\" width=\"425\">A sz\u00e1raz szem \u00e9s a szemfelsz\u00edni betegs\u00e9gek pathofiziol\u00f3gi\u00e1ja<\/td>\n<\/tr>\n<tr style=\"height: 24px\">\n<td style=\"height: 24px;width: 40.625%\" width=\"284\">Dr. Kov\u00e1cs Ill\u00e9s<\/td>\n<td style=\"height: 24px;width: 59.2188%\" width=\"425\">OCT angiogr\u00e1fia a retina betegs\u00e9geiben<\/td>\n<\/tr>\n<tr style=\"height: 24px\">\n<td style=\"height: 24px;width: 40.625%\" width=\"284\">Dr. Luk\u00e1ts Olga<\/td>\n<td style=\"height: 24px;width: 59.2188%\" width=\"425\">A szemh\u00e9j hib\u00e1s \u00e1ll\u00e1sai<\/td>\n<\/tr>\n<tr style=\"height: 33px\">\n<td style=\"width: 40.625%;height: 33px\">Dr. Luk\u00e1ts Olga<\/td>\n<td style=\"width: 59.2188%;height: 33px\"><span data-olk-copy-source=\"MessageBody\">Als\u00f3 szemh\u00e9j hib\u00e1s \u00e1ll\u00e1sainak korrekci\u00f3s lehet\u0151s\u00e9gei<\/span><\/td>\n<\/tr>\n<tr style=\"height: 24px\">\n<td style=\"height: 24px;width: 40.625%\" width=\"284\">Dr. Luk\u00e1ts Olga<\/td>\n<td style=\"height: 24px;width: 59.2188%\" width=\"425\">A szemh\u00e9jtumorok differenci\u00e1l diagnosztik\u00e1ja<\/td>\n<\/tr>\n<tr style=\"height: 33px\">\n<td style=\"width: 40.625%;height: 33px\">Dr. Luk\u00e1ts Olga<\/td>\n<td style=\"width: 59.2188%;height: 33px\">Periorbit\u00e1lis daganatok m\u0171t\u00e9ti kezel\u00e9se<\/td>\n<\/tr>\n<tr style=\"height: 33px\">\n<td style=\"width: 40.625%;height: 33px\">Dr. Maka Erika<\/td>\n<td style=\"width: 59.2188%;height: 33px\"><span data-olk-copy-source=\"MessageBody\">Retinoblastoma<\/span><\/td>\n<\/tr>\n<tr style=\"height: 48px\">\n<td style=\"height: 48px;width: 40.625%\" width=\"284\">Dr. Maneschg Otto<\/td>\n<td style=\"height: 48px;width: 59.2188%\" width=\"425\">A szemh\u00e9j ptosis\u00e1nak klinikai jellemz\u0151i \u00e9s kezel\u00e9se gyermekkorban<\/td>\n<\/tr>\n<tr style=\"height: 33px\">\n<td style=\"width: 40.625%;height: 33px\">Dr. Maneschg Otto<\/td>\n<td style=\"width: 59.2188%;height: 33px\"><span data-olk-copy-source=\"MessageBody\">Nystagmus gyermekkorban &#8211; \u00e1ltal\u00e1nos \u00e1ttekint\u00e9s \u00e9s j\u00f6v\u0151beli kil\u00e1t\u00e1sok<\/span><\/td>\n<\/tr>\n<tr style=\"height: 48px\">\n<td style=\"height: 48px;width: 40.625%\" width=\"284\">Dr. Nagy Zolt\u00e1n Zsolt e. t., Dr. Szab\u00f3 Vikt\u00f3ria<\/td>\n<td style=\"height: 48px;width: 59.2188%\" width=\"425\">\u00d6r\u00f6kl\u0151d\u0151 szem\u00e9szeti betegs\u00e9gek<\/td>\n<\/tr>\n<tr style=\"height: 48px\">\n<td style=\"height: 48px;width: 40.625%\" width=\"284\">Dr. Nagy Zolt\u00e1n Zsolt egyetemi tan\u00e1r<\/td>\n<td style=\"height: 48px;width: 59.2188%\" width=\"425\">A keratoconus korai diagnosztik\u00e1ja<\/td>\n<\/tr>\n<tr style=\"height: 72px\">\n<td style=\"height: 72px;width: 40.625%\" width=\"284\">Dr. Nagy Zolt\u00e1n Zsolt egyetemi tan\u00e1r<\/td>\n<td style=\"height: 72px;width: 59.2188%\" width=\"425\">A posztoperat\u00edv l\u00e1t\u00f3\u00e9less\u00e9g \u00e9s betegel\u00e9gedetts\u00e9g \u00f6sszehasonl\u00edt\u00e1sa trifok\u00e1lis m\u0171lencs\u00e9k be\u00fcltet\u00e9s\u00e9t k\u00f6vet\u0151en<\/td>\n<\/tr>\n<tr style=\"height: 48px\">\n<td style=\"height: 48px;width: 40.625%\" width=\"284\">Dr. Nagy Zolt\u00e1n Zsolt egyetemi tan\u00e1r<\/td>\n<td style=\"height: 48px;width: 59.2188%\" width=\"425\">A szemlencse m\u0171t\u00e9tek k\u00fcl\u00f6nleges t\u00edpusai<\/td>\n<\/tr>\n<tr style=\"height: 48px\">\n<td style=\"height: 48px;width: 40.625%\" width=\"284\">Dr. Nagy Zolt\u00e1n Zsolt egyetemi tan\u00e1r<\/td>\n<td style=\"height: 48px;width: 59.2188%\" width=\"425\">Aberrometria \u00e9s topogr\u00e1fia (k\u00fcl\u00f6nleges) szem\u00e9szeti k\u00f3rk\u00e9pekben<\/td>\n<\/tr>\n<tr style=\"height: 48px\">\n<td style=\"height: 48px;width: 40.625%\" width=\"284\">Dr. Nagy Zolt\u00e1n Zsolt egyetemi tan\u00e1r<\/td>\n<td style=\"height: 48px;width: 59.2188%\" width=\"425\">Az ametropi\u00e1k seb\u00e9szi \u00e9s refrakt\u00edv seb\u00e9szeti kezel\u00e9s\u00e9nek lehet\u0151s\u00e9gei<\/td>\n<\/tr>\n<tr style=\"height: 48px\">\n<td style=\"height: 48px;width: 40.625%\" width=\"284\">Dr. Nagy Zolt\u00e1n Zsolt egyetemi tan\u00e1r<\/td>\n<td style=\"height: 48px;width: 59.2188%\" width=\"425\">El\u00fcls\u0151 szegmentum optikai koherencia tomogr\u00e1fi\u00e1s (OCT) vizsg\u00e1lata<\/td>\n<\/tr>\n<tr style=\"height: 48px\">\n<td style=\"height: 48px;width: 40.625%\" width=\"284\">Dr. Nagy Zolt\u00e1n Zsolt egyetemi tan\u00e1r<\/td>\n<td style=\"height: 48px;width: 59.2188%\" width=\"425\">Keratoconus progresszi\u00f3j\u00e1nak prevenci\u00f3ja<\/td>\n<\/tr>\n<tr style=\"height: 24px\">\n<td style=\"height: 24px;width: 40.625%\" width=\"284\">Dr. Papp Andr\u00e1s<\/td>\n<td style=\"height: 24px;width: 59.2188%\" width=\"425\">Diabeteses retinopathia aktu\u00e1lis k\u00e9rd\u00e9sei<\/td>\n<\/tr>\n<tr style=\"height: 53px\">\n<td style=\"width: 40.625%;height: 53px\">Dr. Papp Andr\u00e1s<\/td>\n<td style=\"width: 59.2188%;height: 53px\">\n<p>Az id\u0151skori macula degeneratio kezel\u00e9s\u00e9nek mai gyakorlata<\/p>\n<\/td>\n<\/tr>\n<tr style=\"height: 24px\">\n<td style=\"height: 24px;width: 40.625%\" width=\"284\">Dr. R\u00e9cs\u00e1n Zsuzsanna<\/td>\n<td style=\"height: 24px;width: 59.2188%\" width=\"425\">A diabetes szem\u00e9szeti sz\u00f6v\u0151dm\u00e9nyei<\/td>\n<\/tr>\n<tr style=\"height: 24px\">\n<td style=\"height: 24px;width: 40.625%\" width=\"284\">Dr. R\u00e9cs\u00e1n Zsuzsanna<\/td>\n<td style=\"height: 24px;width: 59.2188%\" width=\"425\">A makulalyuk klinikuma<\/td>\n<\/tr>\n<tr style=\"height: 24px\">\n<td style=\"height: 24px;width: 40.625%\" width=\"284\">Dr. R\u00e9cs\u00e1n Zsuzsanna<\/td>\n<td style=\"height: 24px;width: 59.2188%\" width=\"425\">Maculalyuk seb\u00e9szet<\/td>\n<\/tr>\n<tr style=\"height: 48px\">\n<td style=\"height: 48px;width: 40.625%\" width=\"284\">Dr. R\u00e9cs\u00e1n Zsuzsanna<\/td>\n<td style=\"height: 48px;width: 59.2188%\" width=\"425\">OCTA a subretinalis neovascularisatio diagnosztik\u00e1j\u00e1ban<\/td>\n<\/tr>\n<tr style=\"height: 24px\">\n<td style=\"height: 24px;width: 40.625%\" width=\"284\">Dr. R\u00e9cs\u00e1n Zsuzsanna<\/td>\n<td style=\"height: 24px;width: 59.2188%\" width=\"425\">Retina lev\u00e1l\u00e1s<\/td>\n<\/tr>\n<tr style=\"height: 24px\">\n<td style=\"height: 24px;width: 40.625%\" width=\"284\">Dr. Resch Mikl\u00f3s<\/td>\n<td style=\"height: 24px;width: 59.2188%\" width=\"425\">A retinabetegs\u00e9gek k\u00e9palkot\u00f3 diagnosztik\u00e1ja<\/td>\n<\/tr>\n<tr style=\"height: 24px\">\n<td style=\"height: 24px;width: 40.625%\" width=\"284\">Dr. Szab\u00f3 Antal<\/td>\n<td style=\"height: 24px;width: 59.2188%\" width=\"425\">A macula lutea betegs\u00e9geinek aktu\u00e1lis k\u00e9rd\u00e9sei<\/td>\n<\/tr>\n<tr style=\"height: 24px\">\n<td style=\"height: 24px;width: 40.625%\" width=\"284\">Dr. Szab\u00f3 Antal<\/td>\n<td style=\"height: 24px;width: 59.2188%\" width=\"425\">A maculalyuk \u00e9s gy\u00f3gy\u00edt\u00e1sa<\/td>\n<\/tr>\n<tr style=\"height: 33px\">\n<td style=\"width: 40.625%;height: 33px\">Dr. Szab\u00f3 Vikt\u00f3ria<\/td>\n<td style=\"width: 59.2188%;height: 33px\"><span data-olk-copy-source=\"MailCompose\">A klinikai genetika szem\u00e9szeti aspektusai<\/span><\/td>\n<\/tr>\n<tr style=\"height: 24px\">\n<td style=\"height: 24px;width: 40.625%\" width=\"284\">Dr. Szamosi Anna<\/td>\n<td style=\"height: 24px;width: 59.2188%\" width=\"425\">A ferde fejtart\u00e1s szem\u00e9szeti okai<\/td>\n<\/tr>\n<tr style=\"height: 48px\">\n<td style=\"height: 48px;width: 40.625%\" width=\"284\">Dr. Szamosi Anna<\/td>\n<td style=\"height: 48px;width: 59.2188%\" width=\"425\">Visszat\u00e9r\u0151 szemh\u00e9jgyullad\u00e1sok lehets\u00e9ges okai gyerekkorban<\/td>\n<\/tr>\n<tr style=\"height: 48px\">\n<td style=\"height: 48px;width: 40.625%\" width=\"284\">Dr. Szentm\u00e1ry N\u00f3ra<\/td>\n<td style=\"height: 48px;width: 59.2188%\" width=\"425\">A posterior polymorph szaruh\u00e1rtya dystrophia diagnosztik\u00e1ja \u00e9s kezel\u00e9se<\/td>\n<\/tr>\n<tr style=\"height: 48px\">\n<td style=\"height: 48px;width: 40.625%\" width=\"284\">Dr. Szentm\u00e1ry N\u00f3ra<\/td>\n<td style=\"height: 48px;width: 59.2188%\" width=\"425\">Salzmann nodularis degeneratio diagnosztik\u00e1ja \u00e9s kezel\u00e9se<\/td>\n<\/tr>\n<tr style=\"height: 63px\">\n<td style=\"width: 40.625%;height: 63px\">Dr. Zobor Ditta<\/td>\n<td style=\"width: 59.2188%;height: 63px\">Pszichofizikai, elektrofiziol\u00f3giai \u00e9s k\u00e9palkot\u00f3 m\u00f3dszerek az \u00f6r\u00f6kletes retinabetegs\u00e9gek diagnosztik\u00e1j\u00e1ban<\/td>\n<\/tr>\n<tr>\n<td style=\"width: 40.625%\">Dr. Zobor Ditta<\/td>\n<td style=\"width: 59.2188%\"><span data-olk-copy-source=\"MailCompose\">Retinitis pigmentosa klinikai megjelen\u00e9se a PDE6A \u00e9s PDE6B genetikai vari\u00e1nsokhoz kapcsolo\u00f3d\u00f3an<\/span><\/td>\n<\/tr>\n<\/tbody>\n<\/table>\n","protected":false},"excerpt":{"rendered":"<p>Szakdolgozat c\u00edmlista (konzulensek szerinti bet\u0171rendben) Konzulens T\u00e9ma Dr. Barcsay-Veres Amarilla Belgy\u00f3gy\u00e1szati betegs\u00e9gekhez t\u00e1rsul\u00f3 szemfelsz\u00edni betegs\u00e9gek Dr. Barcsay-Veres Amarilla A gyermekszem\u00e9szeti ambulanci\u00e1n kezelt p\u00e1ciensek l\u00e1t\u00e1sroml\u00e1s\u00e1nak okai Dr. Cs\u00e1k\u00e1ny B\u00e9la Korszer\u0171 m\u00e9r\u0151m\u00f3dszerek a szemgoly\u00f3 biometri\u00e1j\u00e1ban Dr. Doh\u00e1n Judit Chorioretinitiszek differenci\u00e1l diagnosztik\u00e1ja Dr. Doh\u00e1n Judit Herpes v\u00edrusok \u00e9s a szem Dr. Doh\u00e1n Judit Immunszupressz\u00edv kezel\u00e9s uveitisben Dr. Doh\u00e1n &hellip;<\/p>\n","protected":false},"author":178,"featured_media":0,"parent":54,"menu_order":6,"comment_status":"closed","ping_status":"closed","template":"","meta":{"_acf_changed":false,"footnotes":""},"categories":[],"tags":[],"class_list":["post-382","page","type-page","status-publish","hentry"],"acf":[],"_links":{"self":[{"href":"https:\/\/semmelweis.hu\/szemeszet\/wp-json\/wp\/v2\/pages\/382","targetHints":{"allow":["GET"]}}],"collection":[{"href":"https:\/\/semmelweis.hu\/szemeszet\/wp-json\/wp\/v2\/pages"}],"about":[{"href":"https:\/\/semmelweis.hu\/szemeszet\/wp-json\/wp\/v2\/types\/page"}],"author":[{"embeddable":true,"href":"https:\/\/semmelweis.hu\/szemeszet\/wp-json\/wp\/v2\/users\/178"}],"replies":[{"embeddable":true,"href":"https:\/\/semmelweis.hu\/szemeszet\/wp-json\/wp\/v2\/comments?post=382"}],"version-history":[{"count":10,"href":"https:\/\/semmelweis.hu\/szemeszet\/wp-json\/wp\/v2\/pages\/382\/revisions"}],"predecessor-version":[{"id":2325,"href":"https:\/\/semmelweis.hu\/szemeszet\/wp-json\/wp\/v2\/pages\/382\/revisions\/2325"}],"up":[{"embeddable":true,"href":"https:\/\/semmelweis.hu\/szemeszet\/wp-json\/wp\/v2\/pages\/54"}],"wp:attachment":[{"href":"https:\/\/semmelweis.hu\/szemeszet\/wp-json\/wp\/v2\/media?parent=382"}],"wp:term":[{"taxonomy":"category","embeddable":true,"href":"https:\/\/semmelweis.hu\/szemeszet\/wp-json\/wp\/v2\/categories?post=382"},{"taxonomy":"post_tag","embeddable":true,"href":"https:\/\/semmelweis.hu\/szemeszet\/wp-json\/wp\/v2\/tags?post=382"}],"curies":[{"name":"wp","href":"https:\/\/api.w.org\/{rel}","templated":true}]}}