{"id":360,"date":"2014-09-18T15:37:14","date_gmt":"2014-09-18T13:37:14","guid":{"rendered":"http:\/\/semmelweis.hu\/szemeszet\/?page_id=360"},"modified":"2023-03-07T11:23:10","modified_gmt":"2023-03-07T10:23:10","slug":"schulek-vilmos-szemeszeti-konyvtar","status":"publish","type":"page","link":"https:\/\/semmelweis.hu\/szemeszet\/altalanos-informaciok\/schulek-vilmos-szemeszeti-konyvtar\/","title":{"rendered":"Schulek Vilmos Szem\u00e9szeti K\u00f6nyvt\u00e1r"},"content":{"rendered":"<p>\n<a href=\"https:\/\/semmelweis.hu\/szemeszet\/files\/2014\/09\/library.jpg\"><img loading=\"lazy\" decoding=\"async\" class=\"size-medium wp-image-361 alignright\" src=\"https:\/\/semmelweis.hu\/szemeszet\/files\/2014\/09\/library-300x199.jpg\" alt=\"library\" width=\"300\" height=\"199\" srcset=\"https:\/\/semmelweis.hu\/szemeszet\/files\/2014\/09\/library-300x199.jpg 300w, https:\/\/semmelweis.hu\/szemeszet\/files\/2014\/09\/library-1024x681.jpg 1024w, https:\/\/semmelweis.hu\/szemeszet\/files\/2014\/09\/library-450x300.jpg 450w, https:\/\/semmelweis.hu\/szemeszet\/files\/2014\/09\/library.jpg 1386w\" sizes=\"auto, (max-width: 300px) 100vw, 300px\" \/><\/a><\/p>\n<p><strong>Szolg\u00e1ltat\u00e1sok:<\/strong><\/p>\n<p>A k\u00f6nyvt\u00e1r k\u00f6lcs\u00f6nz\u00e9si szolg\u00e1ltat\u00e1s\u00e1t csak a klinika munkat\u00e1rsai vehetik ig\u00e9nybe, valamint szakdolgozatukhoz, kutat\u00f3munk\u00e1jukhoz a hallgat\u00f3k is k\u00f6lcs\u00f6n\u00f6zhetnek referenciaszem\u00e9ly felel\u0151ss\u00e9gv\u00e1llal\u00e1s\u00e1val, illetve a k\u00f6nyvt\u00e1r k\u00f6nyvt\u00e1rk\u00f6zi k\u00e9r\u00e9seket is teljes\u00edt.<\/p>\n<p>A k\u00f6nyvt\u00e1rban lehet\u0151s\u00e9g van f\u00e9nym\u00e1sol\u00e1sra, szkennel\u00e9sre a hat\u00e1lyos szerz\u0151i jogi szab\u00e1lyoz\u00e1s figyelembev\u00e9tel\u00e9vel, PhD dolgozatokba, szakdolgozatokba \u00e9s rektori p\u00e1lyamunk\u00e1kba csak betekint\u00e9st biztos\u00edtunk, azokr\u00f3l semmilyen form\u00e1ban nem k\u00e9sz\u00edthet\u0151 m\u00e1solat.<\/p>\n<p>A k\u00f6nyvt\u00e1rban a felhaszn\u00e1l\u00f3k rendelkez\u00e9s\u00e9re \u00e1ll egy internet el\u00e9rhet\u0151s\u00e9ggel ell\u00e1tott sz\u00e1m\u00edt\u00f3g\u00e9p, melynek seg\u00edts\u00e9g\u00e9vel haszn\u00e1lhat\u00f3ak az adatb\u00e1zisok, illetve \u00f6n\u00e1ll\u00f3 kutat\u00f3munka v\u00e9gz\u00e9s\u00e9re is alkalmas.<\/p>\n<p>A k\u00f6nyvt\u00e1r ezenk\u00edv\u00fcl reprezentat\u00edv helysz\u00ednt biztos\u00edt a klinikai rendezv\u00e9nyeknek, megbesz\u00e9l\u00e9seknek, el\u0151ad\u00e1soknak.<\/p>\n<p><strong>Gy\u0171jtem\u00e9ny:<\/strong><\/p>\n<p>A k\u00f6nyvt\u00e1r gy\u0171jtem\u00e9ny\u00e9nek integr\u00e1lt k\u00f6nyvt\u00e1ri rendszerben t\u00f6rt\u00e9n\u0151 felt\u00e1r\u00e1sa 2013 tavasz\u00e1n indult meg. A k\u00f6nyvt\u00e1r \u00e1llom\u00e1nya t\u00f6bb mint 9000 k\u00f6tet szem\u00e9szeti t\u00e1rgy\u00fa k\u00f6nyvb\u0151l \u00e9s 4000 t\u00e9telt meghalad\u00f3 bek\u00f6t\u00f6tt foly\u00f3iratb\u00f3l \u00e1ll, melyek mellett a kurrens foly\u00f3iratok is megtal\u00e1lhat\u00f3ak. 2014-ben a k\u00f6nyvt\u00e1r 11 idegen nyelv\u0171 \u00e9s 2 magyar nyelv\u0171 foly\u00f3iratra fizet el\u0151, melyekb\u0151l t\u00f6bb c\u00edm el\u00e9rhet\u0151 online, elektronikus form\u00e1tumban is.<\/p>\n<p>Az \u00e1llom\u00e1ny r\u00e9sz\u00e9t k\u00e9pezik tov\u00e1bb\u00e1 a XVII-XIX. sz\u00e1zadb\u00f3l sz\u00e1rmaz\u00f3 k\u00f6nyvritkas\u00e1gok is.<\/p>\n<p>A k\u00f6nyvt\u00e1r ezenk\u00edv\u00fcl gy\u0171jti a hallgat\u00f3i szakdolgozatokat, PhD dolgozatokat \u00e9s rektori p\u00e1lyamunk\u00e1kat is.<\/p>\n<p>A k\u00f6nyvt\u00e1r \u00e1llom\u00e1ny\u00e1ban a K\u00f6zponti K\u00f6nyvt\u00e1r katal\u00f3gus\u00e1n kereszt\u00fcl lehet keresni, mely a <a href=\"http:\/\/hunteka.lib.semmelweis.hu\/\">http:\/\/hunteka.lib.semmelweis.hu\/<\/a> c\u00edmen \u00e9rhet\u0151 el.<\/p>\n<p><strong>A k\u00f6nyvt\u00e1rr\u00f3l:<\/strong><\/p>\n<p>Schulek Vilmos 1888-ban p\u00e9nzalapot hozott l\u00e9tre azzal a c\u00e9llal, hogy t\u00e1mogassa a Szem\u00e9szeti K\u00f6nyvt\u00e1r m\u0171k\u00f6d\u00e9s\u00e9t, \u00edgy erre az id\u0151pontra tehet\u0151 a k\u00f6nyvt\u00e1r megalap\u00edt\u00e1sa. Viszont a k\u00f6nyvt\u00e1r hivatalos nev\u00e9t csak k\u00e9s\u0151bb nyerte el. Gr\u00f3sz Emil professzors\u00e1g\u00e1nak idej\u00e9re tehet\u0151 a k\u00f6nyvt\u00e1r Schulekr\u0151l val\u00f3 elnevez\u00e9se, viszont ez hivatalosan csak 2013-ban t\u00f6rt\u00e9nt meg. A k\u00f6nyvt\u00e1r mag\u00e1ban foglalja az I. sz\u00e1m\u00fa T\u00f6m\u0151 utcai Szem\u00e9szeti Klinika \u00e9s a II. sz\u00e1m\u00fa M\u00e1ria utcai Szem\u00e9szeti Klinika k\u00f6nyvt\u00e1r\u00e1nak \u00e1llom\u00e1ny\u00e1t, mely k\u00e9t int\u00e9zm\u00e9ny 2013-ig p\u00e1rhuzamosan m\u0171k\u00f6d\u00f6tt.<\/p>\n<p>A k\u00f6nyvt\u00e1r k\u00e9t helyis\u00e9gb\u0151l \u00e1ll, b\u00fatorai m\u0171eml\u00e9ki jelleg\u0171ek, melyek a M\u00e1ria utcai Klinika 1908-as eredeti b\u00fatorzat\u00e1b\u00f3l sz\u00e1rmaznak \u00e9s term\u00e9szetesen gondos fel\u00faj\u00edt\u00e1son estek \u00e1t. A kisebb helyis\u00e9g egyfajta Schulek-eml\u00e9kszoba, melyben Schulek Vilmoshoz k\u00f6t\u0151d\u0151 d\u00edszoklevelek tekinthet\u0151ek meg.<\/p>\n\r\n        [slb_exclude]\r\n        <div class=\"row galeria-wrapper mx-0 h-auto\">\r\n            <div class=\"col-9 pl-0 pr-2\">\r\n            <span class=\"gallery-item frame\">\r\n\t\t\t\t<div class=\"galeria-left-img\"><a href=\"https:\/\/semmelweis.hu\/szemeszet\/files\/2023\/03\/2013_konyvtar_8793-vizjellel-scaled.jpg\"><img src=https:\/\/semmelweis.hu\/szemeszet\/files\/2023\/03\/2013_konyvtar_8793-vizjellel-scaled.jpg  \r\n                            alt=\"\" \r\n                            class=\"attachment-sote-gallery-big size-sote-gallery-big\" \r\n                            srcset=\"https:\/\/semmelweis.hu\/szemeszet\/files\/2023\/03\/2013_konyvtar_8793-vizjellel-300x200.jpg 300w, https:\/\/semmelweis.hu\/szemeszet\/files\/2023\/03\/2013_konyvtar_8793-vizjellel-1024x683.jpg 1024w, https:\/\/semmelweis.hu\/szemeszet\/files\/2023\/03\/2013_konyvtar_8793-vizjellel-768x512.jpg 768w, https:\/\/semmelweis.hu\/szemeszet\/files\/2023\/03\/2013_konyvtar_8793-vizjellel-450x300.jpg 450w, https:\/\/semmelweis.hu\/szemeszet\/files\/2023\/03\/2013_konyvtar_8793-vizjellel-1536x1024.jpg 1536w, https:\/\/semmelweis.hu\/szemeszet\/files\/2023\/03\/2013_konyvtar_8793-vizjellel-2048x1365.jpg 2048w\" ><\/a><\/div>\r\n            <\/span>\r\n\r\n            <\/div>\r\n\r\n\t\t\t<div class=\"col-3 pl-0 pr-0\">\r\n\t\t\t\t<div class=\"galeria-right-img d-flex justify-content-between flex-column h-100 w-100 px-0 mx-0 \">\r\n                <div class=\"galeria-box\">\r\n\t\t\t\t\t<h3 class=\"galeria-title\">Gal\u00e9ria<\/h3>\r\n\t\t\t\t\t<div class=\"galeria-subtitle\">\r\n\r\n\t\t\t\t\t\t<div class=\"galeria-page-counter\"><span>3<\/span>k\u00e9p<\/div>\r\n                    <\/div> <\/div>\r\n                    <span class=\"gallery-item frame d-none d-md-flex\">\r\n\t\t\t\t\t<div class=\"galeria-small-img mt-0\"><a href=\"https:\/\/semmelweis.hu\/szemeszet\/files\/2023\/03\/2013_konyvtar_8815-vizjellel-scaled.jpg\"><img src=https:\/\/semmelweis.hu\/szemeszet\/files\/2023\/03\/2013_konyvtar_8815-vizjellel-scaled.jpg \r\n                                alt=\"\"  \r\n                                class=\"attachment-sote-gallery-small size-sote-gallery-small\" \r\n                                srcset=\"https:\/\/semmelweis.hu\/szemeszet\/files\/2023\/03\/2013_konyvtar_8815-vizjellel-300x200.jpg 300w, https:\/\/semmelweis.hu\/szemeszet\/files\/2023\/03\/2013_konyvtar_8815-vizjellel-1024x683.jpg 1024w, https:\/\/semmelweis.hu\/szemeszet\/files\/2023\/03\/2013_konyvtar_8815-vizjellel-768x512.jpg 768w, https:\/\/semmelweis.hu\/szemeszet\/files\/2023\/03\/2013_konyvtar_8815-vizjellel-450x300.jpg 450w, https:\/\/semmelweis.hu\/szemeszet\/files\/2023\/03\/2013_konyvtar_8815-vizjellel-1536x1024.jpg 1536w, https:\/\/semmelweis.hu\/szemeszet\/files\/2023\/03\/2013_konyvtar_8815-vizjellel-2048x1365.jpg 2048w\" ><\/a><\/div>\r\n                    <\/span>\r\n                    <span class=\"gallery-item frame d-none d-md-flex\">\r\n\t\t\t\t\t<div class=\"galeria-small-img mt-0\"><a href=\"https:\/\/semmelweis.hu\/szemeszet\/files\/2023\/03\/2013_konyvtar_8817-vijellel-scaled.jpg\"><img src=https:\/\/semmelweis.hu\/szemeszet\/files\/2023\/03\/2013_konyvtar_8817-vijellel-scaled.jpg \r\n                                alt=\"\" \r\n                                class=\"attachment-sote-gallery-small size-sote-gallery-small\" \r\n                                srcset=\"https:\/\/semmelweis.hu\/szemeszet\/files\/2023\/03\/2013_konyvtar_8817-vijellel-300x200.jpg 300w, https:\/\/semmelweis.hu\/szemeszet\/files\/2023\/03\/2013_konyvtar_8817-vijellel-1024x683.jpg 1024w, https:\/\/semmelweis.hu\/szemeszet\/files\/2023\/03\/2013_konyvtar_8817-vijellel-768x512.jpg 768w, https:\/\/semmelweis.hu\/szemeszet\/files\/2023\/03\/2013_konyvtar_8817-vijellel-450x300.jpg 450w, https:\/\/semmelweis.hu\/szemeszet\/files\/2023\/03\/2013_konyvtar_8817-vijellel-1536x1024.jpg 1536w, https:\/\/semmelweis.hu\/szemeszet\/files\/2023\/03\/2013_konyvtar_8817-vijellel-2048x1365.jpg 2048w\" ><\/a><\/div>\r\n                    <\/span>\r\n\r\n                <\/div>\r\n\r\n            <\/div>\r\n\r\n            \r\n            <\/div>\r\n\r\n            [\/slb_exclude]\r\n\t\n","protected":false},"excerpt":{"rendered":"<p><a href=\"https:\/\/semmelweis.hu\/szemeszet\/files\/2014\/09\/library.jpg\"><\/a> Szolg\u00e1ltat\u00e1sok: A k\u00f6nyvt\u00e1r k\u00f6lcs\u00f6nz\u00e9si szolg\u00e1ltat\u00e1s\u00e1t csak a klinika munkat\u00e1rsai vehetik ig\u00e9nybe, valamint szakdolgozatukhoz, kutat\u00f3munk\u00e1jukhoz a hallgat\u00f3k is k\u00f6lcs\u00f6n\u00f6zhetnek referenciaszem\u00e9ly felel\u0151ss\u00e9gv\u00e1llal\u00e1s\u00e1val, illetve a k\u00f6nyvt\u00e1r k\u00f6nyvt\u00e1rk\u00f6zi k\u00e9r\u00e9seket is teljes\u00edt. A k\u00f6nyvt\u00e1rban lehet\u0151s\u00e9g van f\u00e9nym\u00e1sol\u00e1sra, szkennel\u00e9sre a hat\u00e1lyos szerz\u0151i jogi szab\u00e1lyoz\u00e1s figyelembev\u00e9tel\u00e9vel, PhD dolgozatokba, szakdolgozatokba \u00e9s rektori p\u00e1lyamunk\u00e1kba csak betekint\u00e9st biztos\u00edtunk, azokr\u00f3l semmilyen form\u00e1ban nem k\u00e9sz\u00edthet\u0151 m\u00e1solat. A &hellip;<\/p>\n","protected":false},"author":178,"featured_media":0,"parent":7,"menu_order":4,"comment_status":"open","ping_status":"open","template":"","meta":{"_acf_changed":false,"footnotes":""},"categories":[],"tags":[],"class_list":["post-360","page","type-page","status-publish","hentry"],"acf":[],"_links":{"self":[{"href":"https:\/\/semmelweis.hu\/szemeszet\/wp-json\/wp\/v2\/pages\/360","targetHints":{"allow":["GET"]}}],"collection":[{"href":"https:\/\/semmelweis.hu\/szemeszet\/wp-json\/wp\/v2\/pages"}],"about":[{"href":"https:\/\/semmelweis.hu\/szemeszet\/wp-json\/wp\/v2\/types\/page"}],"author":[{"embeddable":true,"href":"https:\/\/semmelweis.hu\/szemeszet\/wp-json\/wp\/v2\/users\/178"}],"replies":[{"embeddable":true,"href":"https:\/\/semmelweis.hu\/szemeszet\/wp-json\/wp\/v2\/comments?post=360"}],"version-history":[{"count":8,"href":"https:\/\/semmelweis.hu\/szemeszet\/wp-json\/wp\/v2\/pages\/360\/revisions"}],"predecessor-version":[{"id":1710,"href":"https:\/\/semmelweis.hu\/szemeszet\/wp-json\/wp\/v2\/pages\/360\/revisions\/1710"}],"up":[{"embeddable":true,"href":"https:\/\/semmelweis.hu\/szemeszet\/wp-json\/wp\/v2\/pages\/7"}],"wp:attachment":[{"href":"https:\/\/semmelweis.hu\/szemeszet\/wp-json\/wp\/v2\/media?parent=360"}],"wp:term":[{"taxonomy":"category","embeddable":true,"href":"https:\/\/semmelweis.hu\/szemeszet\/wp-json\/wp\/v2\/categories?post=360"},{"taxonomy":"post_tag","embeddable":true,"href":"https:\/\/semmelweis.hu\/szemeszet\/wp-json\/wp\/v2\/tags?post=360"}],"curies":[{"name":"wp","href":"https:\/\/api.w.org\/{rel}","templated":true}]}}