{"id":323,"date":"2014-03-03T08:40:08","date_gmt":"2014-03-03T08:40:08","guid":{"rendered":"http:\/\/semmelweis.hu\/szemeszet\/?page_id=323"},"modified":"2015-05-06T14:27:10","modified_gmt":"2015-05-06T12:27:10","slug":"szemfeneki-erelzarodasok","status":"publish","type":"page","link":"https:\/\/semmelweis.hu\/szemeszet\/a-szem-betegsegei\/szemfeneki-erelzarodasok\/","title":{"rendered":"Szemfen\u00e9ki \u00e9relz\u00e1r\u00f3d\u00e1sok"},"content":{"rendered":"<p>A szemfen\u00e9k erei ver\u0151ereket (art\u00e9ri\u00e1kat) \u00e9s visszereket (v\u00e9n\u00e1kat) jelentenek, amelyek szerepe a l\u00e1t\u00f3h\u00e1rtya (retina) megfelel\u0151 v\u00e9rell\u00e1t\u00e1s\u00e1nak biztos\u00edt\u00e1sa. A l\u00e1t\u00f3h\u00e1rtya csak akkor k\u00e9pes a r\u00e1vet\u00fcl\u0151 k\u00e9pet feldolgozni \u00e9s tov\u00e1bb\u00edtani az agy fel\u00e9, ha a v\u00e9r elegend\u0151 oxig\u00e9nt \u00e9s t\u00e1panyagot biztos\u00edt sz\u00e1mra. Amennyiben a v\u00e9rnyom\u00e1s hirtelen leesik, p\u00e9ld\u00e1ul \u00e1jul\u00e1s el\u0151tt, akkor \u201eels\u00f6t\u00e9t\u00fcl a vil\u00e1g\u201d, azaz a l\u00e1t\u00e1s \u00e1tmenetileg kikapcsol, majd a v\u00e9rnyom\u00e1s rendez\u0151d\u00e9se ut\u00e1n visszat\u00e9r. Ha a szemfen\u00e9k ereiben elz\u00e1r\u00f3d\u00e1s t\u00f6rt\u00e9nik, akkor azonban tart\u00f3sabban k\u00e1rosodik az idegh\u00e1rtya, \u00edgy a l\u00e1t\u00e1s. Megk\u00fcl\u00f6nb\u00f6ztet\u00fcnk art\u00e9ri\u00e1s \u00e9s v\u00e9n\u00e1s \u00e9relz\u00e1r\u00f3d\u00e1st.<\/p>\n<p>A s\u00falyosabb, de ritk\u00e1bb eset az art\u00e9ria elz\u00e1r\u00f3d\u00e1sa, amikor vagy mag\u00e1ban az \u00e9rben k\u00e9pz\u0151dik v\u00e9rr\u00f6g, vagy az \u00e9rrendszer m\u00e1s r\u00e9sz\u00e9b\u0151l, vagy ak\u00e1r a sz\u00edvbillenty\u0171r\u0151l sz\u00e1rmaz\u00f3 v\u00e9rr\u00f6g z\u00e1rja el a v\u00e9rkering\u00e9s \u00fatj\u00e1t, \u00edgy a l\u00e1t\u00f3h\u00e1rtya oxig\u00e9nell\u00e1t\u00e1sa hirtelen megsz\u0171nik. A beteg sz\u00e1m\u00e1ra ez azonnali, f\u00e1jdalmatlan, de ak\u00e1r teljes l\u00e1t\u00e1sveszt\u00e9st eredm\u00e9nyez, \u00e1ltal\u00e1ban az egyik szemen. Enyh\u00e9bb esetekben , ha csak egy \u00e9r \u00e1g z\u00e1r\u00f3dik el, l\u00e1t\u00f3t\u00e9r kies\u00e9s jelentkezik. A betegs\u00e9g teh\u00e1t a l\u00e1t\u00f3h\u00e1rtya maradand\u00f3 k\u00e1rosod\u00e1s\u00e1hoz vezet, \u00e9s s\u00fcrg\u0151s beavatkoz\u00e1st ig\u00e9nyel.<\/p>\n<p>A l\u00e1t\u00f3h\u00e1rtya v\u00e9n\u00e1j\u00e1nak elz\u00e1r\u00f3d\u00e1sa eset\u00e9ben a v\u00e9r nem tud elfolyni, a retin\u00e1ban a v\u00e9n\u00e1k kid\u00fcllednek a t\u00f6bblet v\u00e9rmennyis\u00e9gt\u0151l. Az elfoly\u00e1s el\u00e9gtelens\u00e9ge az erek duzzanat\u00e1t, oxig\u00e9nhi\u00e1nyos \u00e1llapot kialakul\u00e1s\u00e1t eredm\u00e9nyezi. A l\u00e1t\u00e1s \u00e1ltal\u00e1ban fokozatosan, napok vagy ak\u00e1r hetek alatt romlik meg, \u00e9s nem vezet olyan nagyfok\u00fa l\u00e1t\u00e1sroml\u00e1shoz, mint az art\u00e9ria elz\u00e1r\u00f3d\u00e1sa. A l\u00e1t\u00e1sroml\u00e1s oka az idegh\u00e1rty\u00e1ban kialakult v\u00e9rz\u00e9sek \u00e9s vizeny\u0151 megjelen\u00e9se.<\/p>\n<p>Mindk\u00e9t betegs\u00e9g meg\u00e1llap\u00edt\u00e1s\u00e1hoz szem\u00e9szeti vizsg\u00e1lat sz\u00fcks\u00e9ges, amely a l\u00e1t\u00f3\u00e9less\u00e9g meghat\u00e1roz\u00e1s\u00e1n k\u00edv\u00fcl a szemfen\u00e9k vizsg\u00e1lat\u00e1b\u00f3l \u00e1ll, melyet szembog\u00e1r t\u00e1g\u00edt\u00e1s mellett v\u00e9geznek el. Sz\u00fcks\u00e9g eset\u00e9n a szemfen\u00e9ki vizsg\u00e1latot \u00e9rfest\u00e9ssel is ki kell eg\u00e9sz\u00edteni, amely pontos\u00edtja az elz\u00e1r\u00f3d\u00e1s hely\u00e9t.<\/p>\n<p>B\u00e1rmilyen \u00e9relz\u00e1r\u00f3d\u00e1sr\u00f3l is legyen sz\u00f3, s\u00fcrg\u0151s ell\u00e1t\u00e1sra van sz\u00fcks\u00e9g, amely nem csak szem\u00e9szeti kezel\u00e9st jelent, hiszen ezen k\u00f3rk\u00e9pek legt\u00f6bbsz\u00f6r a szervezet \u00e1ltal\u00e1nos \u00e9rrendszeri \u00e1llapot\u00e1t is t\u00fckr\u00f6zik, teh\u00e1t az \u00e1ltal\u00e1nos \u00e9relmeszesed\u00e9si kock\u00e1zati t\u00e9nyez\u0151k, mint a magas v\u00e9rnyom\u00e1s, magas koleszterinszint, doh\u00e1nyz\u00e1s, elh\u00edz\u00e1s, k\u00f3ros v\u00e9ralvad\u00e1s, cukorbetegs\u00e9g kezel\u00e9se is elengedhetetlen.<\/p>\n<p>Az art\u00e9ri\u00e1s elz\u00e1r\u00f3d\u00e1sok eset\u00e9n a szem\u00e9szeti kezel\u00e9s c\u00e9lja a szemnyom\u00e1s hirtelen cs\u00f6kkent\u00e9se a csarnokv\u00edz r\u00e9szleges lebocs\u00e1t\u00e1s\u00e1val, szem massz\u00e1zzsal \u00e9s \u00e9rt\u00e1g\u00edt\u00f3 kezel\u00e9s ad\u00e1sa.<\/p>\n<p>A v\u00e9n\u00e1s elz\u00e1r\u00f3d\u00e1s eset\u00e9n a k\u00f6vetkezm\u00e9nyes idegh\u00e1rtya vizeny\u0151 szem\u00e9szeti kezel\u00e9se a fontos. A vizeny\u0151 kezel\u00e9s\u00e9re a szemgoly\u00f3 belsej\u00e9be, az \u00fcvegtestbe adott injekci\u00f3 ad\u00e1sa szolg\u00e1lhat.<br \/>\nEmellett a k\u00e9s\u0151bbiekben sz\u00fcks\u00e9g lehet kieg\u00e9sz\u00edt\u0151 szemfen\u00e9ki l\u00e9zerkezel\u00e9sre is.<\/p>\n<p>Az art\u00e9ri\u00e1k elz\u00e1r\u00f3d\u00e1sa \u00e1ltal\u00e1ban minden kezel\u00e9s ellen\u00e9re tart\u00f3s l\u00e1t\u00e1scs\u00f6kken\u00e9shez vezet, m\u00edg a v\u00e9n\u00e1s elz\u00e1r\u00f3d\u00e1sn\u00e1l az esetek 50%-ban a l\u00e1t\u00e1s t\u00f6bb h\u00f3nap eltelt\u00e9vel is javulhat.<\/p>\n","protected":false},"excerpt":{"rendered":"<p>A szemfen\u00e9k erei ver\u0151ereket (art\u00e9ri\u00e1kat) \u00e9s visszereket (v\u00e9n\u00e1kat) jelentenek, amelyek szerepe a l\u00e1t\u00f3h\u00e1rtya (retina) megfelel\u0151 v\u00e9rell\u00e1t\u00e1s\u00e1nak biztos\u00edt\u00e1sa. A l\u00e1t\u00f3h\u00e1rtya csak akkor k\u00e9pes a r\u00e1vet\u00fcl\u0151 k\u00e9pet feldolgozni \u00e9s tov\u00e1bb\u00edtani az agy fel\u00e9, ha a v\u00e9r elegend\u0151 oxig\u00e9nt \u00e9s t\u00e1panyagot biztos\u00edt sz\u00e1mra. Amennyiben a v\u00e9rnyom\u00e1s hirtelen leesik, p\u00e9ld\u00e1ul \u00e1jul\u00e1s el\u0151tt, akkor \u201eels\u00f6t\u00e9t\u00fcl a vil\u00e1g\u201d, azaz a l\u00e1t\u00e1s &hellip;<\/p>\n","protected":false},"author":178,"featured_media":0,"parent":276,"menu_order":13,"comment_status":"open","ping_status":"open","template":"","meta":{"_acf_changed":false,"footnotes":""},"categories":[],"tags":[],"class_list":["post-323","page","type-page","status-publish","hentry"],"acf":[],"_links":{"self":[{"href":"https:\/\/semmelweis.hu\/szemeszet\/wp-json\/wp\/v2\/pages\/323","targetHints":{"allow":["GET"]}}],"collection":[{"href":"https:\/\/semmelweis.hu\/szemeszet\/wp-json\/wp\/v2\/pages"}],"about":[{"href":"https:\/\/semmelweis.hu\/szemeszet\/wp-json\/wp\/v2\/types\/page"}],"author":[{"embeddable":true,"href":"https:\/\/semmelweis.hu\/szemeszet\/wp-json\/wp\/v2\/users\/178"}],"replies":[{"embeddable":true,"href":"https:\/\/semmelweis.hu\/szemeszet\/wp-json\/wp\/v2\/comments?post=323"}],"version-history":[{"count":2,"href":"https:\/\/semmelweis.hu\/szemeszet\/wp-json\/wp\/v2\/pages\/323\/revisions"}],"predecessor-version":[{"id":379,"href":"https:\/\/semmelweis.hu\/szemeszet\/wp-json\/wp\/v2\/pages\/323\/revisions\/379"}],"up":[{"embeddable":true,"href":"https:\/\/semmelweis.hu\/szemeszet\/wp-json\/wp\/v2\/pages\/276"}],"wp:attachment":[{"href":"https:\/\/semmelweis.hu\/szemeszet\/wp-json\/wp\/v2\/media?parent=323"}],"wp:term":[{"taxonomy":"category","embeddable":true,"href":"https:\/\/semmelweis.hu\/szemeszet\/wp-json\/wp\/v2\/categories?post=323"},{"taxonomy":"post_tag","embeddable":true,"href":"https:\/\/semmelweis.hu\/szemeszet\/wp-json\/wp\/v2\/tags?post=323"}],"curies":[{"name":"wp","href":"https:\/\/api.w.org\/{rel}","templated":true}]}}