{"id":305,"date":"2014-03-03T08:28:38","date_gmt":"2014-03-03T08:28:38","guid":{"rendered":"http:\/\/semmelweis.hu\/szemeszet\/?page_id=305"},"modified":"2014-03-03T08:28:38","modified_gmt":"2014-03-03T08:28:38","slug":"szaraz-szem-konnytermelesi-problemak","status":"publish","type":"page","link":"https:\/\/semmelweis.hu\/szemeszet\/a-szem-betegsegei\/szaraz-szem-konnytermelesi-problemak\/","title":{"rendered":"Sz\u00e1raz szem &#8211; k\u00f6nnytermel\u00e9si probl\u00e9m\u00e1k"},"content":{"rendered":"<p>A szemgoly\u00f3 el\u00fcls\u0151 felsz\u00edn\u00e9t egy folyad\u00e9k r\u00e9teg, az u.n. k\u00f6nnyfilm, bor\u00edtja, melynek legfontosabb feladata a szemgoly\u00f3 felsz\u00edn\u00e9nek v\u00e9delme \u00e9s nedvesen tart\u00e1sa. A k\u00f6nny v\u00e9d a fert\u0151z\u00e9sek ellen, mivel antibakteri\u00e1lis hat\u00e1s\u00fa anyagokat is tartalmaz. Az egyenletes \u00e9s megfelel\u0151en stabil k\u00f6nnyfilm a j\u00f3 l\u00e1t\u00e1shoz is sz\u00fcks\u00e9ges. A k\u00f6nnytermel\u00e9s cs\u00f6kken\u00e9se, vagy a k\u00f6nny \u00f6sszet\u00e9tel\u00e9nek megv\u00e1ltoz\u00e1sa a k\u00f6nnyfilm instabill\u00e1 v\u00e1l\u00e1s\u00e1t, egyes esetekben annak teljes hi\u00e1ny\u00e1t okozza. Ilyenkor a szem kisz\u00e1rad \u00e9s k\u00f6t\u0151h\u00e1rtya-, valamint szaruh\u00e1rtya-gyullad\u00e1s alakulhat ki. A \u201esz\u00e1raz szem\u201d id\u0151s korban gyakoribb. Vitaminhi\u00e1ny, autoimmun betegs\u00e9gek, n\u00e9h\u00e1ny gy\u00f3gyszer, a sz\u00e1raz leveg\u0151 \u00e9s a cigarettaf\u00fcst is szerepet j\u00e1tszik a kialakul\u00e1s\u00e1ban. A \u201esz\u00e1raz szem\u201d enyh\u00e9bb form\u00e1i igen gyakoriak. A t\u00fcnetek (a szem bepirosod\u00e1sa, \u00e9g\u0151 \u00e9rz\u00e9s, idegentest \u00e9rz\u00e9s \u201emintha lenne a szememben valami\u201d, f\u00e9ny\u00e9rz\u00e9kenys\u00e9g) m\u00e1s eredet\u0171 (allergi\u00e1s, bakteri\u00e1lis \u00e9s vir\u00e1lis) k\u00f6t\u0151h\u00e1rtya-gyullad\u00e1sokkal k\u00f6nnyen \u00f6sszet\u00e9veszthet\u0151k. Gyakran el\u0151fordul, hogy t\u00e9vesen antibiotikum tartalm\u00fa, vagy gyullad\u00e1scs\u00f6kkent\u0151 szemcseppekkel \u00e9s ken\u0151cs\u00f6kkel hosszabb ideje sikertelen\u00fcl kezelt betegekr\u0151l szemorvos der\u00edti ki, hogy val\u00f3j\u00e1ban szemsz\u00e1rad\u00e1sban szenvednek. V\u00e1ltoz\u00f3 kor (menopausa) ut\u00e1n a n\u0151kn\u00e9l gyakran m\u00e1s ny\u00e1lkah\u00e1rty\u00e1t (sz\u00e1j, orr, h\u00fcvely) is \u00e9rinti a sz\u00e1razs\u00e1g.<br \/>\nA \u201esz\u00e1raz szem\u201d kezel\u00e9s\u00e9ben a c\u00e9l az elv\u00e9konyodott, esetenk\u00e9nt teljesen hi\u00e1nyz\u00f3, k\u00f6nnyfilm helyre\u00e1ll\u00edt\u00e1sa. Ezzel a beteg l\u00e1t\u00e1sa javul, a kialakult h\u00e1ms\u00e9r\u00fcl\u00e9sek meggy\u00f3gyulnak, a s\u00falyos komplik\u00e1ci\u00f3k (nem gy\u00f3gyul\u00f3 h\u00e1mhi\u00e1ny, szaruh\u00e1rtya fek\u00e9ly) megel\u0151zhet\u0151ek, \u00e9s a kellemetlen szubjekt\u00edv t\u00fcnetek megsz\u0171nnek, vagy jelent\u0151sen m\u00e9rs\u00e9kl\u0151dnek. A leggyakoribb kezel\u00e9s a k\u00f6nny p\u00f3tl\u00e1sa k\u00fcl\u00f6nb\u00f6z\u0151, patik\u00e1kban recept n\u00e9lk\u00fcl kaphat\u00f3, m\u0171k\u00f6nnyekkel. A szemcseppekben l\u00e9v\u0151 tart\u00f3s\u00edt\u00f3szerek szemfelsz\u00ednre gyakorolt k\u00e1ros hat\u00e1s\u00e1nak kiv\u00e9d\u00e9s\u00e9re egyre nagyobb sz\u00e1mban ker\u00fclnek forgalomba konzerv\u00e1l\u00f3 szert nem tartalmaz\u00f3 m\u0171k\u00f6nnyek. Enyhe szemsz\u00e1rad\u00e1s eset\u00e9n a k\u00f6nnyp\u00f3tl\u00e1s az egyetlen sz\u00fcks\u00e9ges kezel\u00e9si forma. Sok folyad\u00e9k fogyaszt\u00e1sa, a leveg\u0151 p\u00e1r\u00e1s\u00edt\u00e1sa \u00e9s napszem\u00fcveg visel\u00e9se is cs\u00f6kkentheti a t\u00fcneteket. K\u00f6zepesen s\u00falyos \u00e9s s\u00falyos sz\u00e1raz szemek esetekben, ha a beteg panaszai a m\u0171k\u00f6nny folyamatos haszn\u00e1lata mellett is fennmaradnak, akkor mindenk\u00e9ppen szem\u00e9sz szakorvoshoz kell fordulni.<\/p>\n","protected":false},"excerpt":{"rendered":"<p>A szemgoly\u00f3 el\u00fcls\u0151 felsz\u00edn\u00e9t egy folyad\u00e9k r\u00e9teg, az u.n. k\u00f6nnyfilm, bor\u00edtja, melynek legfontosabb feladata a szemgoly\u00f3 felsz\u00edn\u00e9nek v\u00e9delme \u00e9s nedvesen tart\u00e1sa. A k\u00f6nny v\u00e9d a fert\u0151z\u00e9sek ellen, mivel antibakteri\u00e1lis hat\u00e1s\u00fa anyagokat is tartalmaz. Az egyenletes \u00e9s megfelel\u0151en stabil k\u00f6nnyfilm a j\u00f3 l\u00e1t\u00e1shoz is sz\u00fcks\u00e9ges. A k\u00f6nnytermel\u00e9s cs\u00f6kken\u00e9se, vagy a k\u00f6nny \u00f6sszet\u00e9tel\u00e9nek megv\u00e1ltoz\u00e1sa a k\u00f6nnyfilm instabill\u00e1 &hellip;<\/p>\n","protected":false},"author":178,"featured_media":0,"parent":276,"menu_order":11,"comment_status":"open","ping_status":"open","template":"","meta":{"_acf_changed":false,"footnotes":""},"categories":[],"tags":[],"class_list":["post-305","page","type-page","status-publish","hentry"],"acf":[],"_links":{"self":[{"href":"https:\/\/semmelweis.hu\/szemeszet\/wp-json\/wp\/v2\/pages\/305","targetHints":{"allow":["GET"]}}],"collection":[{"href":"https:\/\/semmelweis.hu\/szemeszet\/wp-json\/wp\/v2\/pages"}],"about":[{"href":"https:\/\/semmelweis.hu\/szemeszet\/wp-json\/wp\/v2\/types\/page"}],"author":[{"embeddable":true,"href":"https:\/\/semmelweis.hu\/szemeszet\/wp-json\/wp\/v2\/users\/178"}],"replies":[{"embeddable":true,"href":"https:\/\/semmelweis.hu\/szemeszet\/wp-json\/wp\/v2\/comments?post=305"}],"version-history":[{"count":1,"href":"https:\/\/semmelweis.hu\/szemeszet\/wp-json\/wp\/v2\/pages\/305\/revisions"}],"predecessor-version":[{"id":306,"href":"https:\/\/semmelweis.hu\/szemeszet\/wp-json\/wp\/v2\/pages\/305\/revisions\/306"}],"up":[{"embeddable":true,"href":"https:\/\/semmelweis.hu\/szemeszet\/wp-json\/wp\/v2\/pages\/276"}],"wp:attachment":[{"href":"https:\/\/semmelweis.hu\/szemeszet\/wp-json\/wp\/v2\/media?parent=305"}],"wp:term":[{"taxonomy":"category","embeddable":true,"href":"https:\/\/semmelweis.hu\/szemeszet\/wp-json\/wp\/v2\/categories?post=305"},{"taxonomy":"post_tag","embeddable":true,"href":"https:\/\/semmelweis.hu\/szemeszet\/wp-json\/wp\/v2\/tags?post=305"}],"curies":[{"name":"wp","href":"https:\/\/api.w.org\/{rel}","templated":true}]}}