{"id":303,"date":"2014-03-03T08:27:43","date_gmt":"2014-03-03T08:27:43","guid":{"rendered":"http:\/\/semmelweis.hu\/szemeszet\/?page_id=303"},"modified":"2014-03-03T08:27:43","modified_gmt":"2014-03-03T08:27:43","slug":"a-koros-rovidlatas-talajan-kialakult-sulyos-latasromlas","status":"publish","type":"page","link":"https:\/\/semmelweis.hu\/szemeszet\/a-szem-betegsegei\/a-koros-rovidlatas-talajan-kialakult-sulyos-latasromlas\/","title":{"rendered":"A k\u00f3ros r\u00f6vidl\u00e1t\u00e1s talaj\u00e1n kialakult s\u00falyos l\u00e1t\u00e1sroml\u00e1s"},"content":{"rendered":"<p>A k\u00f3ros r\u00f6vidl\u00e1t\u00e1s (patol\u00f3gi\u00e1s myopia) talaj\u00e1n kialakult s\u00falyos l\u00e1t\u00e1sroml\u00e1s az esetek d\u00f6nt\u0151 t\u00f6bbs\u00e9g\u00e9ben a fiatalabb koroszt\u00e1lyt \u00e9rint\u0151 szem\u00e9szeti betegs\u00e9g.<\/p>\n<p>A 6 dioptri\u00e1n\u00e1l kisebb fok\u00fa r\u00f6vidl\u00e1t\u00e1s gyakori optikai elt\u00e9r\u00e9s. Ha a r\u00f6vidl\u00e1t\u00e1s foka meghaladja a 6 dioptri\u00e1t, akkor nagyfok\u00fa r\u00f6vidl\u00e1t\u00e1sr\u00f3l besz\u00e9l\u00fcnk. Egyes T\u00e1vol-Keleti orsz\u00e1gokban ennek elfordul\u00e1sa j\u00f3val nagyobb. Ilyen esetekben a szem tengelyhossza nagyobb a norm\u00e1l szemekhez k\u00e9pest.<\/p>\n<p>Min\u00e9l nagyobb a r\u00f6vidl\u00e1t\u00e1s foka, ez a tengelyhossz megny\u00fal\u00e1s ann\u00e1l kifejezettebb. Az esetek t\u00f6bbs\u00e9g\u00e9ben a r\u00f6vidl\u00e1t\u00e1s foka stabiliz\u00e1l\u00f3dik (ekkor az optikai hiba m\u00e9g szem\u00fcveggel j\u00f3l korrig\u00e1lhat\u00f3), de egyes helyzetekben a tengelyhossz n\u00f6veked\u00e9se nem \u00e1ll meg a fiatal feln\u0151ttkorban, hanem tov\u00e1bb fokoz\u00f3dik. Ezt a helyzetet progressz\u00edv myopi\u00e1nak nevezz\u00fck (egyre nagyobb dioptri\u00e1j\u00fa szem\u00fcveg sz\u00fcks\u00e9ges). A tengelyhossz n\u00f6veked\u00e9s\u00e9vel nemcsak a myopia foka n\u0151, hanem a szemfen\u00e9ken el\u0151fordul\u00f3 k\u00f3ros folyamatok megjelen\u00e9si es\u00e9lye is fokoz\u00f3dik. Ilyenkor a szem\u00fcveg m\u00e1r nem seg\u00edt.<br \/>\nA szemfen\u00e9ki k\u00f3ros folyamatok megjelen\u00e9s\u00e9nek oka er\u0151sen leegyszer\u0171s\u00edtve a szem h\u00e1ts\u00f3 p\u00f3lus\u00e1nak fesz\u00fcl\u00e9se \u00e9s a sz\u00f6vetek elv\u00e9konyod\u00e1sa. A sz\u00f6vetek elv\u00e9konyod\u00e1sa k\u00f6vetkezt\u00e9ben a szem h\u00e1ts\u00f3 p\u00f3lus\u00e1n kiboltosul\u00e1s keletkezhet, mely mag\u00e1ba foglalja az itt elhelyezked\u0151 s\u00e1rgafoltot, mint az \u00e9lesl\u00e1t\u00e1s k\u00f6zponti hely\u00e9t is. Ez a kiboltosul\u00e1s nem mindig alakul ki, de a fesz\u00fcl\u00e9s miatti kering\u00e9szavar mindig fenn\u00e1ll, ami a sz\u00f6vetek sorvad\u00e1s\u00e1hoz vezet. Ha a sorvad\u00e1s el\u00e9ri az \u00e9lesl\u00e1t\u00e1s hely\u00e9t, akkor annak kiterjed\u00e9s\u00e9t\u0151l f\u00fcgg\u0151en a l\u00e1t\u00e1s\u00e9less\u00e9g m\u00e1r \u00e9rdemben romlik.<br \/>\nHa a nagyfok\u00fa fesz\u00fcl\u00e9s nyom\u00e1n nagyobb, az idegh\u00e1rtya minden r\u00e9teg\u00e9t \u00e9rint\u0151 szakad\u00e1sok keletkeznek, az a retina lev\u00e1l\u00e1s\u00e1val \u00e9s m\u0171t\u00e9ti beavatkoz\u00e1s n\u00e9lk\u00fcl maradand\u00f3 jelent\u0151s l\u00e1t\u00e1sroml\u00e1ssal, gyakorta az \u00e9rintett szem teljes vaks\u00e1g\u00e1val j\u00e1r.<br \/>\nEgyes esetekben az idegh\u00e1rtya egyes r\u00e9tegeiben nemcsak nagy, hanem mikro-szakad\u00e1sok is l\u00e9trej\u00f6hetnek. Ilyenkor alakulhat ki a k\u00f3ros r\u00f6vidl\u00e1t\u00e1s egyik rettegett sz\u00f6v\u0151dm\u00e9nye, a s\u00e1rgafolt ter\u00fclet\u00e9ben keletkez\u0151 \u00e9r\u00fajdonk\u00e9pz\u0151d\u00e9s (a nagyfok\u00fa r\u00f6vidl\u00e1t\u00f3k ~5%-a). Ebben az esetben a s\u00e1rgafolt ter\u00fclet\u00e9be \u00faj, oda nem val\u00f3 erek n\u0151nek, melyek kezel\u00e9s n\u00e9lk\u00fcl \u00e1ltal\u00e1ban gyorsan \u00e9s visszavonhatatlanul er\u0151teljesen rontj\u00e1k az \u00e9lesl\u00e1t\u00e1st. Az ilyen esetek kezdeti f\u00e1zisaiban a sz\u00ednek \u00e9rz\u00e9kel\u00e9se cs\u00f6kken, a l\u00e1tott k\u00e9p er\u0151sen torzulhat, a k\u00e9p egyes r\u00e9szletei kieshetnek. El\u0151rehaladott esetekben az \u00e9lesl\u00e1t\u00e1s ter\u00fclete hegesedik, a beteg nem ismer fel arcokat, nem tud olvasni, nem tud TV-t n\u00e9zni. Bizonytalann\u00e1 v\u00e1lik a mindennapi k\u00f6zleked\u00e9s.<br \/>\nAz id\u0151ben elkezdett kezel\u00e9ssel a folyamat az esetek jelent\u0151s r\u00e9sz\u00e9ben meg\u00e1ll\u00edthat\u00f3, az \u00faj &#8211; egyel\u0151re kutat\u00e1si f\u00e1zisban lev\u0151 gy\u00f3gyszerrel &#8211; a korai f\u00e1zisban elkezdett kezel\u00e9sek eset\u00e9n ak\u00e1r a j\u00f3 l\u00e1t\u00e1s is visszaadhat\u00f3.<br \/>\nMindezek miatt az \u00f6nvizsg\u00e1lat, a panaszok jelentkez\u00e9se eset\u00e9n miel\u0151bbi szakorvosi vizsg\u00e1lat illetve a rendszeres f\u00e1jdalommentes sz\u0171r\u0151vizsg\u00e1lat fontoss\u00e1ga minden betegs\u00e9g, \u00edgy a r\u00f6vidl\u00e1t\u00e1s eset\u00e9n is kiemelked\u0151 fontoss\u00e1g\u00fa.<\/p>\n","protected":false},"excerpt":{"rendered":"<p>A k\u00f3ros r\u00f6vidl\u00e1t\u00e1s (patol\u00f3gi\u00e1s myopia) talaj\u00e1n kialakult s\u00falyos l\u00e1t\u00e1sroml\u00e1s az esetek d\u00f6nt\u0151 t\u00f6bbs\u00e9g\u00e9ben a fiatalabb koroszt\u00e1lyt \u00e9rint\u0151 szem\u00e9szeti betegs\u00e9g. A 6 dioptri\u00e1n\u00e1l kisebb fok\u00fa r\u00f6vidl\u00e1t\u00e1s gyakori optikai elt\u00e9r\u00e9s. Ha a r\u00f6vidl\u00e1t\u00e1s foka meghaladja a 6 dioptri\u00e1t, akkor nagyfok\u00fa r\u00f6vidl\u00e1t\u00e1sr\u00f3l besz\u00e9l\u00fcnk. Egyes T\u00e1vol-Keleti orsz\u00e1gokban ennek elfordul\u00e1sa j\u00f3val nagyobb. Ilyen esetekben a szem tengelyhossza nagyobb a norm\u00e1l &hellip;<\/p>\n","protected":false},"author":178,"featured_media":0,"parent":276,"menu_order":10,"comment_status":"open","ping_status":"open","template":"","meta":{"_acf_changed":false,"footnotes":""},"categories":[],"tags":[],"class_list":["post-303","page","type-page","status-publish","hentry"],"acf":[],"_links":{"self":[{"href":"https:\/\/semmelweis.hu\/szemeszet\/wp-json\/wp\/v2\/pages\/303","targetHints":{"allow":["GET"]}}],"collection":[{"href":"https:\/\/semmelweis.hu\/szemeszet\/wp-json\/wp\/v2\/pages"}],"about":[{"href":"https:\/\/semmelweis.hu\/szemeszet\/wp-json\/wp\/v2\/types\/page"}],"author":[{"embeddable":true,"href":"https:\/\/semmelweis.hu\/szemeszet\/wp-json\/wp\/v2\/users\/178"}],"replies":[{"embeddable":true,"href":"https:\/\/semmelweis.hu\/szemeszet\/wp-json\/wp\/v2\/comments?post=303"}],"version-history":[{"count":1,"href":"https:\/\/semmelweis.hu\/szemeszet\/wp-json\/wp\/v2\/pages\/303\/revisions"}],"predecessor-version":[{"id":304,"href":"https:\/\/semmelweis.hu\/szemeszet\/wp-json\/wp\/v2\/pages\/303\/revisions\/304"}],"up":[{"embeddable":true,"href":"https:\/\/semmelweis.hu\/szemeszet\/wp-json\/wp\/v2\/pages\/276"}],"wp:attachment":[{"href":"https:\/\/semmelweis.hu\/szemeszet\/wp-json\/wp\/v2\/media?parent=303"}],"wp:term":[{"taxonomy":"category","embeddable":true,"href":"https:\/\/semmelweis.hu\/szemeszet\/wp-json\/wp\/v2\/categories?post=303"},{"taxonomy":"post_tag","embeddable":true,"href":"https:\/\/semmelweis.hu\/szemeszet\/wp-json\/wp\/v2\/tags?post=303"}],"curies":[{"name":"wp","href":"https:\/\/api.w.org\/{rel}","templated":true}]}}