{"id":301,"date":"2014-03-03T08:26:08","date_gmt":"2014-03-03T08:26:08","guid":{"rendered":"http:\/\/semmelweis.hu\/szemeszet\/?page_id=301"},"modified":"2014-03-03T08:26:08","modified_gmt":"2014-03-03T08:26:08","slug":"az-oregszemuseg","status":"publish","type":"page","link":"https:\/\/semmelweis.hu\/szemeszet\/a-szem-betegsegei\/az-oregszemuseg\/","title":{"rendered":"Az \u00f6regszem\u0171s\u00e9g"},"content":{"rendered":"<p>Az \u00f6regszem\u0171s\u00e9g (latin neve presbyopia) az emberi szem alkalmazkod\u00f3 k\u00e9pess\u00e9g\u00e9nek korral j\u00e1r\u00f3, term\u00e9szetes megv\u00e1ltoz\u00e1sa. Alapja, hogy a szemlencse az \u00e9letkor n\u00f6veked\u00e9s\u00e9vel lassan, fokozatosan elveszti rugalmass\u00e1g\u00e1t, \u00edgy k\u00f6zeli f\u00f3kusz\u00e1l\u00f3 k\u00e9pess\u00e9ge folyamatosan cs\u00f6kken. A t\u00fcnetek, a kor\u00e1bban szem\u00fcveg n\u00e9lk\u00fcl, vagy az egy\u00e9bk\u00e9nt haszn\u00e1lt szem\u00fcveg\u00fckkel, k\u00f6zelre j\u00f3l l\u00e1t\u00f3 p\u00e1cienseken 40-45 \u00e9ves kor k\u00f6r\u00fcl kezd\u0151dnek, egy\u00e9nenk\u00e9nt elt\u00e9r\u0151 id\u0151ben. Eleinte ink\u00e1bb a d\u00e9lut\u00e1ni, esti \u00f3r\u00e1kban, majd k\u00e9s\u0151bb az eg\u00e9sz nap sor\u00e1n megfigyelhet\u0151 a k\u00f6zeli t\u00e1rgyak f\u00f3kusz\u00e1l\u00e1si probl\u00e9m\u00e1ja illetve az apr\u00f3bb bet\u0171k olvas\u00e1si neh\u00e9zs\u00e9ge, melyek a mindennapi munkav\u00e9gz\u00e9st is nehez\u00edtik. A kisebb bet\u0171k olvas\u00e1sa az olvas\u00e1si t\u00e1vols\u00e1g megn\u00f6vel\u00e9s\u00e9vel egy ideig megoldhat\u00f3, azonban az alkalmazkod\u00e1s folyamatos cs\u00f6kken\u00e9se sor\u00e1n el\u00e9r egy pontot, ahol m\u00e1r a p\u00e1ciens karja \u201er\u00f6vidnek bizonyul\u201d a kisebb bet\u0171k olvas\u00e1s\u00e1hoz. Hosszan tart\u00f3 k\u00f6zeli munkav\u00e9gz\u00e9s eset\u00e9n ak\u00e1r fejf\u00e1j\u00e1s is jelentkezhet. Fontos tudni, hogy a k\u00f6zeli l\u00e1t\u00e1s fokozatos gyeng\u00fcl\u00e9se a t\u00e1voli l\u00e1t\u00e1st (pl. aut\u00f3vezet\u00e9s) nem \u00e9rinti. A fenti t\u00fcnetek jelentkez\u00e9sekor minden esetben szem\u00e9sz szakorvosi vizsg\u00e1lat javasolt.<br \/>\n\u00c9lete sor\u00e1n mindenki szembes\u00fcl ezzel a szemprobl\u00e9m\u00e1val, melyet megel\u0151zni nem lehet, a kezel\u00e9se pedig szerte\u00e1gaz\u00f3. Az alkalmazkod\u00f3k\u00e9pess\u00e9g jelent\u0151s cs\u00f6kken\u00e9se j\u00f3l korrig\u00e1lhat\u00f3 olvas\u00f3szem\u00fcveggel. R\u00f6vidl\u00e1t\u00f3 egy\u00e9nek a t\u00e1voli szem\u00fcveg lev\u00e9tel\u00e9vel \u00e9rnek el hasonl\u00f3 eredm\u00e9nyt. Ismertek k\u00e9t- illetve h\u00e1rom f\u00f3kusz\u00fa valamint u.n. multifok\u00e1lis, azaz t\u00f6bb f\u00f3kusz\u00fa, vagy folyamatos \u00e1tmenet\u0171 u.n. progressz\u00edv szem\u00fcveglencs\u00e9k is, melyekkel az esetleges t\u00e1voli f\u00e9nyt\u00f6r\u00e9si hiba \u00e9s az \u00e9letkor el\u0151rehaladt\u00e1val fell\u00e9p\u0151 presbyopia egyszerre jav\u00edthat\u00f3. Kontaktlencse visel\u00e9se mag\u00e1ban, vagy olvas\u00f3 szem\u00fcveggel kombin\u00e1lva szint\u00e9n v\u00e1laszhat\u00f3 lehet\u0151s\u00e9g. Ezen megold\u00e1sok nem v\u00e9glegesek, az \u00e9letkorral egy\u00fctt a k\u00f6zeli korrekci\u00f3 m\u00e9rt\u00e9ke folyamatosan v\u00e1ltozik, id\u0151vel \u00fajabb \u00e9s \u00fajabb szem\u00fcvegekre illetve kontaktlencs\u00e9kre van sz\u00fcks\u00e9g.<br \/>\nJelenleg, abban az esetben, ha a szem\u00fcveges, vagy a kontaktlencs\u00e9s korrekci\u00f3 a p\u00e1ciens sz\u00e1m\u00e1ra, valamilyen ok miatt, nem elfogadhat\u00f3, t\u00f6bbf\u00e9le l\u00e9zeres, vagy m\u0171t\u00e9ti megold\u00e1s is sz\u00f3ba j\u00f6het az \u00f6regszem\u0171s\u00e9g (presbyopia) jav\u00edt\u00e1s\u00e1ra. Ezen beavatkoz\u00e1sok eredm\u00e9nye azonban \u00e1ltal\u00e1ban nem t\u00f6k\u00e9letes, \u00e9s a hat\u00e1s csak \u00e1tmeneti. Hib\u00e1tlan v\u00e9geredm\u00e9nyt ad\u00f3, kompromisszumok n\u00e9lk\u00fcli, m\u0171t\u00e9ti megold\u00e1s jelenleg m\u00e9g nem \u00e1ll rendelkez\u00e9s\u00fcnkre.<\/p>\n","protected":false},"excerpt":{"rendered":"<p>Az \u00f6regszem\u0171s\u00e9g (latin neve presbyopia) az emberi szem alkalmazkod\u00f3 k\u00e9pess\u00e9g\u00e9nek korral j\u00e1r\u00f3, term\u00e9szetes megv\u00e1ltoz\u00e1sa. Alapja, hogy a szemlencse az \u00e9letkor n\u00f6veked\u00e9s\u00e9vel lassan, fokozatosan elveszti rugalmass\u00e1g\u00e1t, \u00edgy k\u00f6zeli f\u00f3kusz\u00e1l\u00f3 k\u00e9pess\u00e9ge folyamatosan cs\u00f6kken. A t\u00fcnetek, a kor\u00e1bban szem\u00fcveg n\u00e9lk\u00fcl, vagy az egy\u00e9bk\u00e9nt haszn\u00e1lt szem\u00fcveg\u00fckkel, k\u00f6zelre j\u00f3l l\u00e1t\u00f3 p\u00e1cienseken 40-45 \u00e9ves kor k\u00f6r\u00fcl kezd\u0151dnek, egy\u00e9nenk\u00e9nt elt\u00e9r\u0151 id\u0151ben. Eleinte &hellip;<\/p>\n","protected":false},"author":178,"featured_media":0,"parent":276,"menu_order":9,"comment_status":"open","ping_status":"open","template":"","meta":{"_acf_changed":false,"footnotes":""},"categories":[],"tags":[],"class_list":["post-301","page","type-page","status-publish","hentry"],"acf":[],"_links":{"self":[{"href":"https:\/\/semmelweis.hu\/szemeszet\/wp-json\/wp\/v2\/pages\/301","targetHints":{"allow":["GET"]}}],"collection":[{"href":"https:\/\/semmelweis.hu\/szemeszet\/wp-json\/wp\/v2\/pages"}],"about":[{"href":"https:\/\/semmelweis.hu\/szemeszet\/wp-json\/wp\/v2\/types\/page"}],"author":[{"embeddable":true,"href":"https:\/\/semmelweis.hu\/szemeszet\/wp-json\/wp\/v2\/users\/178"}],"replies":[{"embeddable":true,"href":"https:\/\/semmelweis.hu\/szemeszet\/wp-json\/wp\/v2\/comments?post=301"}],"version-history":[{"count":1,"href":"https:\/\/semmelweis.hu\/szemeszet\/wp-json\/wp\/v2\/pages\/301\/revisions"}],"predecessor-version":[{"id":302,"href":"https:\/\/semmelweis.hu\/szemeszet\/wp-json\/wp\/v2\/pages\/301\/revisions\/302"}],"up":[{"embeddable":true,"href":"https:\/\/semmelweis.hu\/szemeszet\/wp-json\/wp\/v2\/pages\/276"}],"wp:attachment":[{"href":"https:\/\/semmelweis.hu\/szemeszet\/wp-json\/wp\/v2\/media?parent=301"}],"wp:term":[{"taxonomy":"category","embeddable":true,"href":"https:\/\/semmelweis.hu\/szemeszet\/wp-json\/wp\/v2\/categories?post=301"},{"taxonomy":"post_tag","embeddable":true,"href":"https:\/\/semmelweis.hu\/szemeszet\/wp-json\/wp\/v2\/tags?post=301"}],"curies":[{"name":"wp","href":"https:\/\/api.w.org\/{rel}","templated":true}]}}